{"id":39420,"date":"2026-03-08T12:03:52","date_gmt":"2026-03-08T12:03:52","guid":{"rendered":"https:\/\/comprasyconsejos.store\/product\/brother-hl-1212w-compact-monochrome-laser-printer-with-wifi\/"},"modified":"2026-03-08T12:04:10","modified_gmt":"2026-03-08T12:04:10","slug":"brother-hl-1212w-compact-monochrome-laser-printer-with-wifi","status":"publish","type":"product","link":"https:\/\/comprasyconsejos.store\/en\/product\/brother-hl-1212w-compact-monochrome-laser-printer-with-wifi\/","title":{"rendered":"Brother HL-1212W &#8211; Compact Monochrome Laser Printer with WiFi"},"content":{"rendered":"<p>Price: <span style=\"color:#b12704\"><del>\u20ac125.00<\/del> - \u20ac155.97<\/span><br \/><i><small>(as of Mar 08, 2026 12:03:52 UTC &#8211; <span class=\"wp_automatic_amazon_disclaimer\" title=\"Product prices and availability are accurate as of the date\/time indicated and are subject to change. Any price and availability information displayed on [relevant Amazon Site(s), as applicable] at the time of purchase will apply to the purchase of this product.\">Details<\/span>)<\/small><\/i><\/p>\n<p><a href=\"https:\/\/amazon.es\/dp\/B00NUBGFGO?tag=man008-21\"><img decoding=\"async\" src=\"https:\/\/valvepress.s3.amazonaws.com\/imgs\/buy_now.png\"><\/a><br \/>\n<\/p>\n<p>                                             From the manufacturer   <\/p>\n<p>                                                  <img decoding=\"async\" alt=\"d\" src=\"https:\/\/images-na.ssl-images-amazon.com\/images\/G\/01\/x-locale\/common\/grey-pixel.gif\" class=\"a-lazy-loaded\" data-src=\"https:\/\/m.media-amazon.com\/images\/S\/aplus-media\/sota\/84b9480e-65ff-4b89-bdfd-14bc7c93fadb.__CR0,0,970,300_PT0_SX970_V1___.jfif\"><img decoding=\"async\" alt=\"d\" src=\"https:\/\/m.media-amazon.com\/images\/S\/aplus-media\/sota\/84b9480e-65ff-4b89-bdfd-14bc7c93fadb.__CR0,0,970,300_PT0_SX970_V1___.jfif\">  <\/p>\n<h3> Brother HL-1212W  Impresora l\u00e1ser monocromo con WiFi  <\/h3>\n<p> Impresora peque\u00f1a con una velocidad de 20 ppm e impresi\u00f3n desde  dispositivos m\u00f3viles con la app Brother iPrint&amp;Scan y la conexi\u00f3n  inal\u00e1mbrica. <\/p>\n<p>                                                      <img decoding=\"async\" alt=\"d\" src=\"https:\/\/images-na.ssl-images-amazon.com\/images\/G\/01\/x-locale\/common\/grey-pixel.gif\" class=\"a-spacing-mini a-lazy-loaded\" data-src=\"https:\/\/m.media-amazon.com\/images\/S\/aplus-media\/sota\/bad9798a-b13f-45d7-9e29-f18dc8981c86.__CR0,0,300,300_PT0_SX300_V1___.jfif\"><img decoding=\"async\" alt=\"d\" src=\"https:\/\/m.media-amazon.com\/images\/S\/aplus-media\/sota\/bad9798a-b13f-45d7-9e29-f18dc8981c86.__CR0,0,300,300_PT0_SX300_V1___.jfif\">  <\/p>\n<h3 class=\"a-spacing-mini\"> Tama\u00f1o reducido <\/h3>\n<p class=\"a-spacing-base\"> Impresora sencilla con un tama\u00f1o compacto, para que no tengas que  preocuparte por el espacio y puedas colocarla en cualquier estanter\u00eda o  escritorio de tu casa. Sacar provecho imprimiendo desde dispositivos  m\u00f3viles con la aplicaci\u00f3n Brother iPrint&amp;Scan. <\/p>\n<p>                                           F\u00e1cil de usar                                      <\/p>\n<p class=\"a-spacing-base\"> Velocidad de 20 p\u00e1ginas por minuto y con una capacidad de papel de hasta  150 hojas. Adem\u00e1s, incorpora un innovador sistema anti-atascos para que  puedas imprimir sin interrupciones. <\/p>\n<p>                                           Consumibles                                      <\/p>\n<p class=\"a-spacing-base\"> La sustituci\u00f3n de los consumibles es muy sencilla ya que el cartucho de  t\u00f3ner y el tambor son independientes para que solo tengas que sustituir  el agotado. Incluye t\u00f3ner para 1.000 p\u00e1ginas. <\/p>\n<p>                                                         Caracter\u00edsticas principales                                        Velocidad de impresi\u00f3n hasta 20 ppm       WiFi y conexi\u00f3n m\u00f3vil (iPrint&amp;Scan)        Bandeja de papel de 150 hojas       Incluye t\u00f3ner con capacidad para 1.000 p\u00e1ginas        Compatible con Windows, Mac y Linux        4,6 kgs\/ 340x238x189 mm        <\/p>\n<p> Is discontinued by manufacturer                                            \u200f                                            :                                            \u200e                                            No   <br \/> Language                                            \u200f                                            :                                            \u200e                                            English, English   <br \/> Product Dimensions                                            \u200f                                            :                                            \u200e                                            9.37 x 13.39 x 7.44 cm; 4.58 kg   <br \/> Manufacturer                                            \u200f                                            :                                            \u200e                                            Brother   <br \/> ASIN                                            \u200f                                            :                                            \u200e                                            B00NUBGFGO   <br \/> Item model number                                            \u200f                                            :                                            \u200e                                            HL-1212W   <br \/> Country of origin                                            \u200f                                            :                                            \u200e                                            Germany   <br \/>  Customer reviews:                                                                                            4.3               4.3 out of 5 stars                                  (1,200)                                              var dpAcrHasRegisteredArcLinkClickAction;                    P.when(&#8216;A&#8217;, &#8216;ready&#8217;).execute(function(A) {                        if (dpAcrHasRegisteredArcLinkClickAction !== true) {                            dpAcrHasRegisteredArcLinkClickAction = true;                            A.declarative(                                &#8216;acrLink-click-metrics&#8217;, &#8216;click&#8217;,                                { \u00aballowLinkDefault\u00bb: true },                                function (event) {                                    if (window.ue) {                                        ue.count(\u00abacrLinkClickCount\u00bb, (ue.count(\u00abacrLinkClickCount\u00bb) || 0) + 1);                                    }                                }                            );                        }                    });                                             P.when(&#8216;A&#8217;, &#8216;cf&#8217;).execute(function(A) {                A.declarative(&#8216;acrStarsLink-click-metrics&#8217;, &#8216;click&#8217;, { \u00aballowLinkDefault\u00bb : true },  function(event){                    if(window.ue) {                        ue.count(\u00abacrStarsLinkWithPopoverClickCount\u00bb, (ue.count(\u00abacrStarsLinkWithPopoverClickCount\u00bb) || 0) + 1);                    }                });            });                          <\/p>\n<p>Print speed up to 20 ppm<br \/>WiFi and mobile connection (iPrint&#038;Scan)<br \/>150 Sheet Paper Tray<br \/>Includes toner capacity for 1,000 pages<br \/>Compatible with Windows 8, Windows 7, Windows Vista, Windows XP, Windows , Windows erver 2012, 2012 &#038; 2012R2, Windows Server 2008 &#038; 2008R2, Windows Server 2003 &#038; 2003R2) ,Macintosh (OS X 10.7.5, 10.8.x, 10.9.1 x) and Linux (CUPS, LPD\/LPRng)<br \/>Weight: 4.6 kg<br \/>Dimensions: 340 x 238 x 189 mm<br \/>No scanner<\/p>\n\n","protected":false},"excerpt":{"rendered":"<p> From the manufacturer Brother HL-1212W Impresora l\u00e1ser monocromo con WiFi Impresora peque\u00f1a con una velocidad<\/p>","protected":false},"featured_media":39421,"comment_status":"open","ping_status":"closed","template":"","meta":[],"product_brand":[],"product_cat":[58],"product_tag":[1973,1967,1956,1975,1968,1004,1972,1971,11764,1978,1964,1974,1977,1970,1962,543,1969],"class_list":{"0":"post-39420","1":"product","2":"type-product","3":"status-publish","4":"has-post-thumbnail","6":"product_cat-laser-printers","7":"product_tag-best-laser-printer","8":"product_tag-black-and-white-laser-printer","9":"product_tag-brother","10":"product_tag-business-laser-printer","11":"product_tag-color-laser-printer","12":"product_tag-compact","13":"product_tag-duplex-laser-printer","14":"product_tag-fast-laser-printer","15":"product_tag-hl1212w","16":"product_tag-laser","17":"product_tag-laser-printer","18":"product_tag-laser-printer-price","19":"product_tag-monochrome","20":"product_tag-office-laser-printer","21":"product_tag-printer","22":"product_tag-wifi","23":"product_tag-wireless-laser-printer","25":"first","26":"instock","27":"shipping-taxable","28":"product-type-external"},"_links":{"self":[{"href":"https:\/\/comprasyconsejos.store\/en\/wp-json\/wp\/v2\/product\/39420","targetHints":{"allow":["GET"]}}],"collection":[{"href":"https:\/\/comprasyconsejos.store\/en\/wp-json\/wp\/v2\/product"}],"about":[{"href":"https:\/\/comprasyconsejos.store\/en\/wp-json\/wp\/v2\/types\/product"}],"replies":[{"embeddable":true,"href":"https:\/\/comprasyconsejos.store\/en\/wp-json\/wp\/v2\/comments?post=39420"}],"version-history":[{"count":0,"href":"https:\/\/comprasyconsejos.store\/en\/wp-json\/wp\/v2\/product\/39420\/revisions"}],"wp:featuredmedia":[{"embeddable":true,"href":"https:\/\/comprasyconsejos.store\/en\/wp-json\/wp\/v2\/media\/39421"}],"wp:attachment":[{"href":"https:\/\/comprasyconsejos.store\/en\/wp-json\/wp\/v2\/media?parent=39420"}],"wp:term":[{"taxonomy":"product_brand","embeddable":true,"href":"https:\/\/comprasyconsejos.store\/en\/wp-json\/wp\/v2\/product_brand?post=39420"},{"taxonomy":"product_cat","embeddable":true,"href":"https:\/\/comprasyconsejos.store\/en\/wp-json\/wp\/v2\/product_cat?post=39420"},{"taxonomy":"product_tag","embeddable":true,"href":"https:\/\/comprasyconsejos.store\/en\/wp-json\/wp\/v2\/product_tag?post=39420"}],"curies":[{"name":"wp","href":"https:\/\/api.w.org\/{rel}","templated":true}]}}