{"id":39426,"date":"2026-03-08T12:11:23","date_gmt":"2026-03-08T12:11:23","guid":{"rendered":"https:\/\/comprasyconsejos.store\/product\/impresora-de-fotos-portatil-canon-selphy-qx20-para-imprimir-por-conexion-wi-fi-desde-tu-dispositivo-sublimacion-de-tinta-2-tamanos-de-impresiones-con-dorso-autoadhesivo-y-carga-usb-c-rojo\/"},"modified":"2026-03-08T12:11:29","modified_gmt":"2026-03-08T12:11:29","slug":"impresora-de-fotos-portatil-canon-selphy-qx20-para-imprimir-por-conexion-wi-fi-desde-tu-dispositivo-sublimacion-de-tinta-2-tamanos-de-impresiones-con-dorso-autoadhesivo-y-carga-usb-c-rojo","status":"publish","type":"product","link":"https:\/\/comprasyconsejos.store\/en\/product\/impresora-de-fotos-portatil-canon-selphy-qx20-para-imprimir-por-conexion-wi-fi-desde-tu-dispositivo-sublimacion-de-tinta-2-tamanos-de-impresiones-con-dorso-autoadhesivo-y-carga-usb-c-rojo\/","title":{"rendered":"Impresora de fotos port\u00e1til Canon SELPHY QX20, para imprimir por conexi\u00f3n Wi-Fi desde tu dispositivo. Sublimaci\u00f3n de tinta, 2 tama\u00f1os de impresiones con dorso autoadhesivo y carga USB-C &#8211; Rojo"},"content":{"rendered":"<p>Price: <span style=\"color:#b12704\"><del>\u20ac129.00<\/del> - \u20ac119.99<\/span><br \/><i><small>(as of Mar 08, 2026 12:11:23 UTC &#8211; <span class=\"wp_automatic_amazon_disclaimer\" title=\"Product prices and availability are accurate as of the date\/time indicated and are subject to change. Any price and availability information displayed on [relevant Amazon Site(s), as applicable] at the time of purchase will apply to the purchase of this product.\">Details<\/span>)<\/small><\/i><\/p>\n<p><a href=\"https:\/\/amazon.es\/dp\/B0DJ99C6XB?tag=man008-21\"><img decoding=\"async\" src=\"https:\/\/valvepress.s3.amazonaws.com\/imgs\/buy_now.png\"><\/a><br \/>\n<\/p>\n<p>                                             From the manufacturer   <\/p>\n<p>                                                                                                       <img decoding=\"async\" alt=\"Selphy QX20\" src=\"https:\/\/images-na.ssl-images-amazon.com\/images\/G\/01\/x-locale\/common\/grey-pixel.gif\" class=\"a-lazy-loaded\" data-src=\"https:\/\/m.media-amazon.com\/images\/S\/aplus-media-library-service-media\/739a0876-eff3-4bce-9e0e-6d4eea072eca.__CR0,0,3000,1230_PT0_SX1464_V1___.jpg\"><img decoding=\"async\" alt=\"Selphy QX20\" src=\"https:\/\/m.media-amazon.com\/images\/S\/aplus-media-library-service-media\/739a0876-eff3-4bce-9e0e-6d4eea072eca.__CR0,0,3000,1230_PT0_SX1464_V1___.jpg\">                                               <\/p>\n<p>                                                                                                       <img decoding=\"async\" alt=\"Selphy QX20\" src=\"https:\/\/images-na.ssl-images-amazon.com\/images\/G\/01\/x-locale\/common\/grey-pixel.gif\" class=\"a-lazy-loaded\" data-src=\"https:\/\/m.media-amazon.com\/images\/S\/aplus-media-library-service-media\/6eb66ba5-f3a0-4f34-b2d6-fc68aec7e722.__CR0,0,3000,1230_PT0_SX1464_V1___.jpg\"><img decoding=\"async\" alt=\"Selphy QX20\" src=\"https:\/\/m.media-amazon.com\/images\/S\/aplus-media-library-service-media\/6eb66ba5-f3a0-4f34-b2d6-fc68aec7e722.__CR0,0,3000,1230_PT0_SX1464_V1___.jpg\">                                               <\/p>\n<p>                                                                                                       <img decoding=\"async\" alt=\"Selphy QX20\" src=\"https:\/\/images-na.ssl-images-amazon.com\/images\/G\/01\/x-locale\/common\/grey-pixel.gif\" class=\"a-lazy-loaded\" data-src=\"https:\/\/m.media-amazon.com\/images\/S\/aplus-media-library-service-media\/e91cc215-3b94-4277-b727-b3243bdca7e1.__CR0,0,3000,1230_PT0_SX1464_V1___.jpg\"><img decoding=\"async\" alt=\"Selphy QX20\" src=\"https:\/\/m.media-amazon.com\/images\/S\/aplus-media-library-service-media\/e91cc215-3b94-4277-b727-b3243bdca7e1.__CR0,0,3000,1230_PT0_SX1464_V1___.jpg\">                                               <\/p>\n<p>                                                                                  <img decoding=\"async\" alt=\"Selphy QX20\" src=\"https:\/\/m.media-amazon.com\/images\/S\/aplus-media-library-service-media\/0cd4a3db-7e5a-44f0-8576-1430975af177.__CR0,0,3000,1230_PT0_SX1464_V1___.jpg\">       <\/p>\n<p>                                                                                  <img decoding=\"async\" alt=\"Selphy QX20\" src=\"https:\/\/m.media-amazon.com\/images\/S\/aplus-media-library-service-media\/77d7ff76-0424-4588-a7b3-b4a035a72ced.__CR0,0,3000,1230_PT0_SX1464_V1___.jpg\">       <\/p>\n<p>                                                                                  <img decoding=\"async\" alt=\"Selphy QX20\" src=\"https:\/\/m.media-amazon.com\/images\/S\/aplus-media-library-service-media\/e7b8bca3-f0db-44d0-9118-99c93457d213.__CR0,0,3000,1230_PT0_SX1464_V1___.jpg\">       <\/p>\n<p>                                                                                  <img decoding=\"async\" alt=\"Selphy QX20\" src=\"https:\/\/m.media-amazon.com\/images\/S\/aplus-media-library-service-media\/c29c3f10-da19-430d-860f-8f69c97cfd23.__CR0,0,3000,1230_PT0_SX1464_V1___.jpg\">       <\/p>\n<p>                                                                                                       <img decoding=\"async\" alt=\"Selphy QX20\" src=\"https:\/\/images-na.ssl-images-amazon.com\/images\/G\/01\/x-locale\/common\/grey-pixel.gif\" class=\"a-lazy-loaded\" data-src=\"https:\/\/m.media-amazon.com\/images\/S\/aplus-media-library-service-media\/1b412519-9fd4-4cea-96c6-78b952468b9e.__CR0,0,3000,1230_PT0_SX1464_V1___.jpg\"><img decoding=\"async\" alt=\"Selphy QX20\" src=\"https:\/\/m.media-amazon.com\/images\/S\/aplus-media-library-service-media\/1b412519-9fd4-4cea-96c6-78b952468b9e.__CR0,0,3000,1230_PT0_SX1464_V1___.jpg\">                                               <\/p>\n<p>                                                                <img decoding=\"async\" alt=\"\" src=\"https:\/\/images-na.ssl-images-amazon.com\/images\/G\/01\/x-locale\/common\/grey-pixel.gif\" class=\"a-lazy-loaded\" data-src=\"https:\/\/m.media-amazon.com\/images\/S\/aplus-media-library-service-media\/743390e6-d8f2-4d40-94d7-9dfd960edbab.__CR0,0,3000,1230_PT0_SX1464_V1___.jpg\"><img decoding=\"async\" alt=\"\" src=\"https:\/\/m.media-amazon.com\/images\/S\/aplus-media-library-service-media\/743390e6-d8f2-4d40-94d7-9dfd960edbab.__CR0,0,3000,1230_PT0_SX1464_V1___.jpg\">        <\/p>\n<h3 class=\"a-text-center aplus-h1 a-text-bold\"> Comparison Chart <\/h3>\n<p>                         Add To Basket  <\/p>\n<p>                         Add To Basket  <\/p>\n<p>                         Add To Basket  <\/p>\n<p>                         Add To Basket  <\/p>\n<p>                         Add To Basket  <\/p>\n<p>                                     Customer Reviews  <\/p>\n<p>                    4.6 out of 5 stars  772  <\/p>\n<p>                    3.9 out of 5 stars  279  <\/p>\n<p>                    4.3 out of 5 stars  945  <\/p>\n<p>                    4.2 out of 5 stars  293  <\/p>\n<p>                    4.4 out of 5 stars  3,858  <\/p>\n<p>                                     Price  <\/p>\n<p>                                                        \u20ac102.00\u20ac102.00     <\/p>\n<p>                                                        \u20ac171.63\u20ac171.63     <\/p>\n<p>                                                        \u20ac205.31\u20ac205.31     <\/p>\n<p>                                                        \u20ac119.99\u20ac119.99     <\/p>\n<p>                                                        \u20ac135.76\u20ac135.76     <\/p>\n<p>                                     Tecnolog\u00eda de impresi\u00f3n  <\/p>\n<p>                                                ZINK    <\/p>\n<p>                                                ZINK    <\/p>\n<p>                                                Sublimaci\u00f3n de tinta    <\/p>\n<p>                                                Sublimaci\u00f3n de tinta    <\/p>\n<p>                                                Sublimaci\u00f3n de tinta    <\/p>\n<p>                                     Resoluci\u00f3n de impresi\u00f3n  <\/p>\n<p>                                                314 x 500 ppp    <\/p>\n<p>                                                314 x 600 ppp    <\/p>\n<p>                                                287 x 287 ppp    <\/p>\n<p>                                                287 x 287 ppp    <\/p>\n<p>                                                300 x 300 ppp    <\/p>\n<p>                                     Velocidad de impresi\u00f3n  <\/p>\n<p>                                                Aprox. 50 s    <\/p>\n<p>                                                Aprox. 50 s    <\/p>\n<p>                                                Aprox. 43 s    <\/p>\n<p>                                                Aprox. 40 s    <\/p>\n<p>                                                Tama\u00f1o tarjeta postal: 41 s    <\/p>\n<p>                                     Pantalla  <\/p>\n<p>                                                LED multicolor    <\/p>\n<p>                                                LED de carga\/LED de estado    <\/p>\n<p>                                                LED de carga\/LED de estado    <\/p>\n<p>                                                LED de carga\/LED de estado    <\/p>\n<p>                                                Pantalla LCD IPS de 8,9 cm    <\/p>\n<p>                                     Tinta\/papel  <\/p>\n<p>                                                Papel fotogr\u00e1fico ZINK 2&#8243; x 3&#8243;    <\/p>\n<p>                                                Papel fotogr\u00e1fico ZINK 2&#8243; x 3&#8243;    <\/p>\n<p>                                                XS-20L    <\/p>\n<p>                                                XS-20L\/XC-20L\/XC-60L    <\/p>\n<p>                                                RP-108\/KC-36\/KC-18    <\/p>\n<p>                                     Conectividad  <\/p>\n<p>                                                Bluetooth 5.0    <\/p>\n<p>                                                Bluetooth 4.0    <\/p>\n<p>                                                Wi-Fi por aplicaci\u00f3n    <\/p>\n<p>                                                Wi-Fi por aplicaci\u00f3n    <\/p>\n<p>                                                Wi-Fi\/SD\/USB    <\/p>\n<p>                                     Dimensiones  <\/p>\n<p>                                                Aprox. 120 x 84 x 21,5 mm    <\/p>\n<p>                                                Aprox. 121 x 80,3 x 21,3 mm    <\/p>\n<p>                                                Aprox. 102,2 x 143,3 x 31 mm    <\/p>\n<p>                                                145,8 x 32,9 x 102,2 mm    <\/p>\n<p>                                                Aprox. 182,2 x 133 x 63,3 mm    <\/p>\n<p>                                     Peso  <\/p>\n<p>                                                177 g    <\/p>\n<p>                                                188 g    <\/p>\n<p>                                                445 g     <\/p>\n<p>                                                445 g     <\/p>\n<p>                                                850 g    <\/p>\n<p>                                     Colores disponibles   <\/p>\n<p>                                                Azul\/blanco\/rosa    <\/p>\n<p>                                                Turquesa\/blanco\/oro rosa    <\/p>\n<p>                                                Negro\/blanco\/verde menta\/rosa    <\/p>\n<p>                                                Terracota\/blanco\/gris    <\/p>\n<p>                                                Negro\/blanco\/rosa    <\/p>\n<p> Batteries                                            \u200f                                            :                                            \u200e                                            1 Lithium Ion batteries required.   <br \/> Is discontinued by manufacturer                                            \u200f                                            :                                            \u200e                                            No   <br \/> Language                                            \u200f                                            :                                            \u200e                                            English   <br \/> Product Dimensions                                            \u200f                                            :                                            \u200e                                            15.7 x 12 x 8.4 cm; 455 g   <br \/> Manufacturer                                            \u200f                                            :                                            \u200e                                            Canon   <br \/> ASIN                                            \u200f                                            :                                            \u200e                                            B0DJ99C6XB   <br \/> Item model number                                            \u200f                                            :                                            \u200e                                            QX20-RD   <br \/> Country of origin                                            \u200f                                            :                                            \u200e                                            China   <br \/> Guaranteed software updates until                                            \u200f                                            :                                            \u200e                                            unknown   <br \/>  Customer reviews:                                                                                            4.2               4.2 out of 5 stars                                  (293)                                              var dpAcrHasRegisteredArcLinkClickAction;                    P.when(&#8216;A&#8217;, &#8216;ready&#8217;).execute(function(A) {                        if (dpAcrHasRegisteredArcLinkClickAction !== true) {                            dpAcrHasRegisteredArcLinkClickAction = true;                            A.declarative(                                &#8216;acrLink-click-metrics&#8217;, &#8216;click&#8217;,                                { \u00aballowLinkDefault\u00bb: true },                                function (event) {                                    if (window.ue) {                                        ue.count(\u00abacrLinkClickCount\u00bb, (ue.count(\u00abacrLinkClickCount\u00bb) || 0) + 1);                                    }                                }                            );                        }                    });                                             P.when(&#8216;A&#8217;, &#8216;cf&#8217;).execute(function(A) {                A.declarative(&#8216;acrStarsLink-click-metrics&#8217;, &#8216;click&#8217;, { \u00aballowLinkDefault\u00bb : true },  function(event){                    if(window.ue) {                        ue.count(\u00abacrStarsLinkWithPopoverClickCount\u00bb, (ue.count(\u00abacrStarsLinkWithPopoverClickCount\u00bb) || 0) + 1);                    }                });            });                          <\/p>\n<p>Dye-sublimation delivers images with vivid and bright colors.<br \/>Print in 2 sizes: square images with XS-20L paper and card-sized images with XC-20L\/XC-60L paper<br \/>deal for craft projects, as you can peel off the backing paper and stick your prints, as well as write on the edge<br \/>Easily connect your smartphone to the SELPHY QX20 mobile printer using a Wi-Fi connection<br \/>Conveniently charge the SELPHY QX20 mobile photo printer with a USB-C charging cable<\/p>\n\n","protected":false},"excerpt":{"rendered":"<p> From the manufacturer Comparison Chart Add To Basket Add To Basket Add To Basket Add<\/p>","protected":false},"featured_media":39427,"comment_status":"open","ping_status":"closed","template":"","meta":[],"product_brand":[],"product_cat":[57],"product_tag":[11772,2140,2184,5223,2134,2126,3994,9845,11767,7511,11771,4819,2129,11770,5519,11766,1953,2145,2142,2143,3954,2132,5791,4217,11765,9878,9695,11768,11769,9048,188,543,2136],"class_list":{"0":"post-39426","1":"product","2":"type-product","3":"status-publish","4":"has-post-thumbnail","6":"product_cat-inkjet-printers","7":"product_tag-autoadhesivo","8":"product_tag-best-inkjet-printer","9":"product_tag-canon","10":"product_tag-carga","11":"product_tag-cheap-inkjet-printer","12":"product_tag-color-inkjet-printer","13":"product_tag-con","14":"product_tag-conexion","15":"product_tag-desde","16":"product_tag-dispositivo","17":"product_tag-dorso","18":"product_tag-fotos","19":"product_tag-home-inkjet-printer","20":"product_tag-impresiones","21":"product_tag-impresora","22":"product_tag-imprimir","23":"product_tag-ink-tank-printer","24":"product_tag-inkjet-printer","25":"product_tag-inkjet-printer-price","26":"product_tag-office-inkjet-printer","27":"product_tag-para","28":"product_tag-photo-inkjet-printer","29":"product_tag-por","30":"product_tag-portatil","31":"product_tag-qx20","32":"product_tag-rojo","33":"product_tag-selphy","34":"product_tag-sublimacion","35":"product_tag-tamanos","36":"product_tag-tinta","37":"product_tag-usbc","38":"product_tag-wifi","39":"product_tag-wireless-inkjet-printer","41":"first","42":"instock","43":"sale","44":"shipping-taxable","45":"product-type-external"},"_links":{"self":[{"href":"https:\/\/comprasyconsejos.store\/en\/wp-json\/wp\/v2\/product\/39426","targetHints":{"allow":["GET"]}}],"collection":[{"href":"https:\/\/comprasyconsejos.store\/en\/wp-json\/wp\/v2\/product"}],"about":[{"href":"https:\/\/comprasyconsejos.store\/en\/wp-json\/wp\/v2\/types\/product"}],"replies":[{"embeddable":true,"href":"https:\/\/comprasyconsejos.store\/en\/wp-json\/wp\/v2\/comments?post=39426"}],"version-history":[{"count":0,"href":"https:\/\/comprasyconsejos.store\/en\/wp-json\/wp\/v2\/product\/39426\/revisions"}],"wp:featuredmedia":[{"embeddable":true,"href":"https:\/\/comprasyconsejos.store\/en\/wp-json\/wp\/v2\/media\/39427"}],"wp:attachment":[{"href":"https:\/\/comprasyconsejos.store\/en\/wp-json\/wp\/v2\/media?parent=39426"}],"wp:term":[{"taxonomy":"product_brand","embeddable":true,"href":"https:\/\/comprasyconsejos.store\/en\/wp-json\/wp\/v2\/product_brand?post=39426"},{"taxonomy":"product_cat","embeddable":true,"href":"https:\/\/comprasyconsejos.store\/en\/wp-json\/wp\/v2\/product_cat?post=39426"},{"taxonomy":"product_tag","embeddable":true,"href":"https:\/\/comprasyconsejos.store\/en\/wp-json\/wp\/v2\/product_tag?post=39426"}],"curies":[{"name":"wp","href":"https:\/\/api.w.org\/{rel}","templated":true}]}}