{"id":39435,"date":"2026-03-08T12:19:32","date_gmt":"2026-03-08T12:19:32","guid":{"rendered":"https:\/\/comprasyconsejos.store\/product\/brother-mfcl2960dw-impresora-multifuncion-laser-monocromo-con-red-cableada-y-wifi-doble-cara-automatica-en-todas-las-funciones-y-adf-de-50-hojas\/"},"modified":"2026-03-08T12:19:34","modified_gmt":"2026-03-08T12:19:34","slug":"brother-mfcl2960dw-impresora-multifuncion-laser-monocromo-con-red-cableada-y-wifi-doble-cara-automatica-en-todas-las-funciones-y-adf-de-50-hojas","status":"publish","type":"product","link":"https:\/\/comprasyconsejos.store\/en\/product\/brother-mfcl2960dw-impresora-multifuncion-laser-monocromo-con-red-cableada-y-wifi-doble-cara-automatica-en-todas-las-funciones-y-adf-de-50-hojas\/","title":{"rendered":"Brother MFCL2960DW. Impresora multifunci\u00f3n l\u00e1ser monocromo, con red cableada y WiFi, doble cara autom\u00e1tica en todas las funciones y ADF de 50 hojas"},"content":{"rendered":"<p>Price: <span style=\"color:#b12704\">\u20ac346.20<\/span><br \/><i><small>(as of Mar 08, 2026 12:19:32 UTC &#8211; <span class=\"wp_automatic_amazon_disclaimer\" title=\"Product prices and availability are accurate as of the date\/time indicated and are subject to change. Any price and availability information displayed on [relevant Amazon Site(s), as applicable] at the time of purchase will apply to the purchase of this product.\">Details<\/span>)<\/small><\/i><\/p>\n<p><a href=\"https:\/\/amazon.es\/dp\/B0D818BSFQ?tag=man008-21\"><img decoding=\"async\" src=\"https:\/\/valvepress.s3.amazonaws.com\/imgs\/buy_now.png\"><\/a><br \/>\n<\/p>\n<p>                                             From the brand   <\/p>\n<p>                                              <img decoding=\"async\" alt=\"Soluciones ofrecidas por Brother en el mercado de la impresi\u00f3n\" src=\"https:\/\/images-na.ssl-images-amazon.com\/images\/G\/01\/x-locale\/common\/grey-pixel.gif\" class=\"a-lazy-loaded\" data-src=\"https:\/\/m.media-amazon.com\/images\/S\/aplus-media-library-service-media\/8c3e9233-2530-41f5-b4aa-24e486e1d3a0.__CR0,0,1464,625_PT0_SX1464_V1___.jpg\"><img decoding=\"async\" alt=\"Soluciones ofrecidas por Brother en el mercado de la impresi\u00f3n\" src=\"https:\/\/m.media-amazon.com\/images\/S\/aplus-media-library-service-media\/8c3e9233-2530-41f5-b4aa-24e486e1d3a0.__CR0,0,1464,625_PT0_SX1464_V1___.jpg\">  <\/p>\n<p>                                                         \u00bfPor qu\u00e9 estamos orgullosos de lo que hacemos?                                       <\/p>\n<p> El Grupo Brother ha estado \u00abAt your side\u00bb durante m\u00e1s de 110 a\u00f1os. Nuestro objetivo es establecer un contacto real con los clientes en todo el mundo <\/p>\n<p>                                                         \u00bfCu\u00e1l es el compromiso con el medio ambiente?                                       <\/p>\n<p> La sostenibilidad tiene sus ra\u00edces en el Vison Ambiental de Brother. <\/p>\n<p> Estamos comprometidos a fabricar productos cada vez m\u00e1s sostenibles, protegiendo nuestro planeta y apoyando a nuestros colaboradores <\/p>\n<p>                                                         \u00bfQu\u00e9 ofrece Brother?                                       <\/p>\n<p> Impresoras, multifunci\u00f3n, esc\u00e1neres y etiquetadoras: la elecci\u00f3n ideal para cada necesidad, desde las m\u00e1s profesionales en el lugar de trabajo hasta las necesidades diarias en el hogar <\/p>\n<p>                                              <img decoding=\"async\" alt=\"\" src=\"https:\/\/images-na.ssl-images-amazon.com\/images\/G\/01\/x-locale\/common\/grey-pixel.gif\" class=\"a-lazy-loaded\" data-src=\"https:\/\/m.media-amazon.com\/images\/S\/aplus-media-library-service-media\/146224ee-04cd-4654-983d-ef50b895359d.__CR0,136,1184,545_PT0_SX315_V1___.jpg\"><img decoding=\"async\" alt=\"\" src=\"https:\/\/m.media-amazon.com\/images\/S\/aplus-media-library-service-media\/146224ee-04cd-4654-983d-ef50b895359d.__CR0,136,1184,545_PT0_SX315_V1___.jpg\">  <\/p>\n<p> \u00abAt your side\u00bb est\u00e1 en el centro de lo que hacemos. Desarrollamos productos, servicios y soluciones que satisfacen sus necesidades en el hogar y en el trabajo. <\/p>\n<p> Utilizamos las \u00faltimas e innovadoras tecnolog\u00edas para garantizar a todos nuestros clientes productos y soluciones de alta calidad. <\/p>\n<p> Desde el dise\u00f1o hasta el uso, en cada etapa del ciclo de vida del producto, el impacto ambiental se minimiza sin comprometer la calidad del producto. <\/p>\n<p> Batteries                                            \u200f                                            :                                            \u200e                                            AA batteries required.   <br \/> Is discontinued by manufacturer                                            \u200f                                            :                                            \u200e                                            No   <br \/> Language                                            \u200f                                            :                                            \u200e                                            Spanish   <br \/> Product Dimensions                                            \u200f                                            :                                            \u200e                                            42.1 x 41 x 31.9 cm; 12.4 kg   <br \/> Manufacturer                                            \u200f                                            :                                            \u200e                                            Brother   <br \/> ASIN                                            \u200f                                            :                                            \u200e                                            B0D818BSFQ   <br \/> Item model number                                            \u200f                                            :                                            \u200e                                            MFC-L2960DW   <br \/> Country of origin                                            \u200f                                            :                                            \u200e                                            Spain   <br \/> Guaranteed software updates until                                            \u200f                                            :                                            \u200e                                            unknown   <br \/>  Customer reviews:                                                                                            4.5               4.5 out of 5 stars                                  (204)                                              var dpAcrHasRegisteredArcLinkClickAction;                    P.when(&#8216;A&#8217;, &#8216;ready&#8217;).execute(function(A) {                        if (dpAcrHasRegisteredArcLinkClickAction !== true) {                            dpAcrHasRegisteredArcLinkClickAction = true;                            A.declarative(                                &#8216;acrLink-click-metrics&#8217;, &#8216;click&#8217;,                                { \u00aballowLinkDefault\u00bb: true },                                function (event) {                                    if (window.ue) {                                        ue.count(\u00abacrLinkClickCount\u00bb, (ue.count(\u00abacrLinkClickCount\u00bb) || 0) + 1);                                    }                                }                            );                        }                    });                                             P.when(&#8216;A&#8217;, &#8216;cf&#8217;).execute(function(A) {                A.declarative(&#8216;acrStarsLink-click-metrics&#8217;, &#8216;click&#8217;, { \u00aballowLinkDefault\u00bb : true },  function(event){                    if(window.ue) {                        ue.count(\u00abacrStarsLinkWithPopoverClickCount\u00bb, (ue.count(\u00abacrStarsLinkWithPopoverClickCount\u00bb) || 0) + 1);                    }                });            });                          <\/p>\n<p>Flat Heating Element (PHE) technology optimizes thermal efficiency within the device, minimizing the energy needed before printing<br \/>This technology offers a 27.8% reduction in typical power consumption (TEC), leading to shorter warm-up time, allowing first page printing (from standby mode) to print in half the time<br \/>Optimal for placing under counters, in small offices or offices, each component has been optimized to reduce the overall size of the device, facilitating installation in small spaces; quality without compromising performance<br \/>The MFCL2960DW is built to last, with minimal maintenance; expertly designed to be robust and durable to support the busiest jobs; and with high-performance toners, you can print longer, without stopping<br \/>Managed Print Services (MPS) helps you get the most out of every device, which is why the MFC L2960DW is designed with print services in mind<\/p>\n\n","protected":false},"excerpt":{"rendered":"<p> From the brand \u00bfPor qu\u00e9 estamos orgullosos de lo que hacemos? El Grupo Brother ha<\/p>","protected":false},"featured_media":39436,"comment_status":"open","ping_status":"closed","template":"","meta":[],"product_brand":[],"product_cat":[59],"product_tag":[5078,1946,5523,1954,1956,11774,5524,3994,4111,11777,4551,1951,5519,1953,11776,1978,11773,5521,5520,1948,1950,1955,1949,3398,11775,543,1952,1947],"class_list":{"0":"post-39435","1":"product","2":"type-product","3":"status-publish","4":"has-post-thumbnail","6":"product_cat-printers-all-in-one","7":"product_tag-adf","8":"product_tag-all-in-one-printer","9":"product_tag-automatica","10":"product_tag-best-all-in-one-printer","11":"product_tag-brother","12":"product_tag-cableada","13":"product_tag-cara","14":"product_tag-con","15":"product_tag-doble","16":"product_tag-funciones","17":"product_tag-hojas","18":"product_tag-home-printer","19":"product_tag-impresora","20":"product_tag-ink-tank-printer","21":"product_tag-las","22":"product_tag-laser","23":"product_tag-mfcl2960dw","24":"product_tag-monocromo","25":"product_tag-multifuncion","26":"product_tag-multifunction-printer","27":"product_tag-office-printer","28":"product_tag-printer-price","29":"product_tag-printer-scanner-copier","30":"product_tag-red","31":"product_tag-todas","32":"product_tag-wifi","33":"product_tag-wifi-printer","34":"product_tag-wireless-printer","36":"first","37":"instock","38":"shipping-taxable","39":"product-type-external"},"_links":{"self":[{"href":"https:\/\/comprasyconsejos.store\/en\/wp-json\/wp\/v2\/product\/39435","targetHints":{"allow":["GET"]}}],"collection":[{"href":"https:\/\/comprasyconsejos.store\/en\/wp-json\/wp\/v2\/product"}],"about":[{"href":"https:\/\/comprasyconsejos.store\/en\/wp-json\/wp\/v2\/types\/product"}],"replies":[{"embeddable":true,"href":"https:\/\/comprasyconsejos.store\/en\/wp-json\/wp\/v2\/comments?post=39435"}],"version-history":[{"count":0,"href":"https:\/\/comprasyconsejos.store\/en\/wp-json\/wp\/v2\/product\/39435\/revisions"}],"wp:featuredmedia":[{"embeddable":true,"href":"https:\/\/comprasyconsejos.store\/en\/wp-json\/wp\/v2\/media\/39436"}],"wp:attachment":[{"href":"https:\/\/comprasyconsejos.store\/en\/wp-json\/wp\/v2\/media?parent=39435"}],"wp:term":[{"taxonomy":"product_brand","embeddable":true,"href":"https:\/\/comprasyconsejos.store\/en\/wp-json\/wp\/v2\/product_brand?post=39435"},{"taxonomy":"product_cat","embeddable":true,"href":"https:\/\/comprasyconsejos.store\/en\/wp-json\/wp\/v2\/product_cat?post=39435"},{"taxonomy":"product_tag","embeddable":true,"href":"https:\/\/comprasyconsejos.store\/en\/wp-json\/wp\/v2\/product_tag?post=39435"}],"curies":[{"name":"wp","href":"https:\/\/api.w.org\/{rel}","templated":true}]}}