{"id":39468,"date":"2026-03-08T12:55:45","date_gmt":"2026-03-08T12:55:45","guid":{"rendered":"https:\/\/comprasyconsejos.store\/product\/philips-27b1u3900-monitor-27-uhd-wled-60hz-ips-4-ms-gtg-adaptive-sync-tuv-eye-comfort-speakers-height-adjustable-3840x2160-2x-hdmi-2-0-1x-dp-1-4-usb-c-black\/"},"modified":"2026-03-08T12:55:49","modified_gmt":"2026-03-08T12:55:49","slug":"philips-27b1u3900-monitor-27-uhd-wled-60hz-ips-4-ms-gtg-adaptive-sync-tuv-eye-comfort-speakers-height-adjustable-3840x2160-2x-hdmi-2-0-1x-dp-1-4-usb-c-black","status":"publish","type":"product","link":"https:\/\/comprasyconsejos.store\/en\/product\/philips-27b1u3900-monitor-27-uhd-wled-60hz-ips-4-ms-gtg-adaptive-sync-tuv-eye-comfort-speakers-height-adjustable-3840x2160-2x-hdmi-2-0-1x-dp-1-4-usb-c-black\/","title":{"rendered":"Philips 27B1U3900 Monitor 27&#8243; UHD, WLED, 60Hz, IPS, 4 ms GtG, Adaptive Sync., TUV Eye Comfort, Speakers, Height Adjustable (3840&#215;2160, 2X HDMI 2.0, 1x DP 1.4, USB-C) Black"},"content":{"rendered":"<p>Price: <span style=\"color:#b12704\"><del>\u20ac346.28<\/del> - \u20ac310.69<\/span><br \/><i><small>(as of Mar 08, 2026 12:55:45 UTC &#8211; <span class=\"wp_automatic_amazon_disclaimer\" title=\"Product prices and availability are accurate as of the date\/time indicated and are subject to change. Any price and availability information displayed on [relevant Amazon Site(s), as applicable] at the time of purchase will apply to the purchase of this product.\">Details<\/span>)<\/small><\/i><\/p>\n<p><a href=\"https:\/\/amazon.es\/dp\/B0DJD57V74?tag=man008-21\"><img decoding=\"async\" src=\"https:\/\/valvepress.s3.amazonaws.com\/imgs\/buy_now.png\"><\/a><br \/>\n<\/p>\n<p>                                             From the brand   <\/p>\n<p>                                              <img decoding=\"async\" alt=\"aplus content image\" src=\"https:\/\/images-na.ssl-images-amazon.com\/images\/G\/01\/x-locale\/common\/grey-pixel.gif\" class=\"a-lazy-loaded\" data-src=\"https:\/\/m.media-amazon.com\/images\/S\/aplus-media-library-service-media\/f8c95a3f-774f-4d59-8383-8c7f3514e6cf.__CR12,0,1476,630_PT0_SX1464_V1___.jpg\"><img decoding=\"async\" alt=\"aplus content image\" src=\"https:\/\/m.media-amazon.com\/images\/S\/aplus-media-library-service-media\/f8c95a3f-774f-4d59-8383-8c7f3514e6cf.__CR12,0,1476,630_PT0_SX1464_V1___.jpg\">  <\/p>\n<p>                                              <img decoding=\"async\" alt=\"aplus content image\" src=\"https:\/\/images-na.ssl-images-amazon.com\/images\/G\/01\/x-locale\/common\/grey-pixel.gif\" class=\"a-lazy-loaded\" data-src=\"https:\/\/m.media-amazon.com\/images\/S\/aplus-media-library-service-media\/1df33e20-5a0e-4d5a-936f-9cfcd1fee762.__CR0,0,362,453_PT0_SX362_V1___.jpg\"><img decoding=\"async\" alt=\"aplus content image\" src=\"https:\/\/m.media-amazon.com\/images\/S\/aplus-media-library-service-media\/1df33e20-5a0e-4d5a-936f-9cfcd1fee762.__CR0,0,362,453_PT0_SX362_V1___.jpg\">  <\/p>\n<h3> USO Profesional <\/h3>\n<p class=\"apm-brand-story-stores-link\">\n<h3> USE DOMESTICO <\/h3>\n<p class=\"apm-brand-story-stores-link\">\n<p>                                              <img decoding=\"async\" alt=\"El texto dice \u00abAcerca de nosotros\u00bb seguido de \u00abLos monitores Philips est\u00e1n dise\u00f1ados para hacer que la vida cotidiana sea m\u00e1s f\u00e1cil y m\u00e1s inteligente y m\u00e1s inspiradora\u00bb. Ya sea que est\u00e1 trabajando, creando, estudiando.\" src=\"https:\/\/images-na.ssl-images-amazon.com\/images\/G\/01\/x-locale\/common\/grey-pixel.gif\" class=\"a-lazy-loaded\" data-src=\"https:\/\/m.media-amazon.com\/images\/S\/aplus-media-library-service-media\/59805462-1f57-4b24-89c2-d7df1894e5ef.__CR0,0,362,453_PT0_SX362_V1___.jpg\"><img decoding=\"async\" alt=\"El texto dice \u00abAcerca de nosotros\u00bb seguido de \u00abLos monitores Philips est\u00e1n dise\u00f1ados para hacer que la vida cotidiana sea m\u00e1s f\u00e1cil y m\u00e1s inteligente y m\u00e1s inspiradora\u00bb. Ya sea que est\u00e1 trabajando, creando, estudiando.\" src=\"https:\/\/m.media-amazon.com\/images\/S\/aplus-media-library-service-media\/59805462-1f57-4b24-89c2-d7df1894e5ef.__CR0,0,362,453_PT0_SX362_V1___.jpg\">  <\/p>\n<p> Product Dimensions                                            \u200f                                            :                                            \u200e                                            20.5 x 61.3 x 53.7 cm; 9 kg   <br \/> Manufacturer                                            \u200f                                            :                                            \u200e                                            Philips   <br \/> ASIN                                            \u200f                                            :                                            \u200e                                            B0DJD57V74   <br \/> Item model number                                            \u200f                                            :                                            \u200e                                            27B1U3900\/00   <br \/> Guaranteed software updates until                                            \u200f                                            :                                            \u200e                                            unknown   <br \/>  Customer reviews:                                                                                            3.8               3.8 out of 5 stars                                  (10)                                              var dpAcrHasRegisteredArcLinkClickAction;                    P.when(&#8216;A&#8217;, &#8216;ready&#8217;).execute(function(A) {                        if (dpAcrHasRegisteredArcLinkClickAction !== true) {                            dpAcrHasRegisteredArcLinkClickAction = true;                            A.declarative(                                &#8216;acrLink-click-metrics&#8217;, &#8216;click&#8217;,                                { \u00aballowLinkDefault\u00bb: true },                                function (event) {                                    if (window.ue) {                                        ue.count(\u00abacrLinkClickCount\u00bb, (ue.count(\u00abacrLinkClickCount\u00bb) || 0) + 1);                                    }                                }                            );                        }                    });                                             P.when(&#8216;A&#8217;, &#8216;cf&#8217;).execute(function(A) {                A.declarative(&#8216;acrStarsLink-click-metrics&#8217;, &#8216;click&#8217;, { \u00aballowLinkDefault\u00bb : true },  function(event){                    if(window.ue) {                        ue.count(\u00abacrStarsLinkWithPopoverClickCount\u00bb, (ue.count(\u00abacrStarsLinkWithPopoverClickCount\u00bb) || 0) + 1);                    }                });            });                          <\/p>\n<p>Built-in stereo speakers for multimedia<br \/>MultiView 4K for 4 systems on one screen<br \/>SmartErgoBase allows human-friendly ergonomic adjustments<br \/>DisplayPort connection for maximum image quality<br \/>HDMI ensures universal digital connectivity<\/p>\n\n","protected":false},"excerpt":{"rendered":"<p> From the brand USO Profesional USE DOMESTICO Product Dimensions \u200f : \u200e 20.5 x 61.3<\/p>","protected":false},"featured_media":39469,"comment_status":"open","ping_status":"closed","template":"","meta":[],"product_brand":[],"product_cat":[53],"product_tag":[11779,1804,3145,1801,1802,1805,1803,1799,1807,1812,247,876,1806,307,3627,1796,6067,544,1569,703,844,7195,1808,1039,200,8813,684,1800,188,7101],"class_list":{"0":"post-39468","1":"product","2":"type-product","3":"status-publish","4":"has-post-thumbnail","6":"product_cat-4k-monitors","7":"product_tag-27b1u3900","8":"product_tag-32-inch-4k-monitor","9":"product_tag-3840x2160","10":"product_tag-3840x2160-monitor","11":"product_tag-4k-gaming-monitor","12":"product_tag-4k-hdr-monitor","13":"product_tag-4k-ips-monitor","14":"product_tag-4k-monitor","15":"product_tag-4k-monitor-price","16":"product_tag-60hz","17":"product_tag-adaptive","18":"product_tag-adjustable","19":"product_tag-best-4k-monitor","20":"product_tag-black","21":"product_tag-comfort","22":"product_tag-eye","23":"product_tag-gtg","24":"product_tag-hdmi","25":"product_tag-height","26":"product_tag-ips","27":"product_tag-monitor","28":"product_tag-philips","29":"product_tag-professional-4k-monitor","30":"product_tag-speakers","31":"product_tag-sync","32":"product_tag-tuv","33":"product_tag-uhd","34":"product_tag-uhd-monitor","35":"product_tag-usbc","36":"product_tag-wled","38":"first","39":"instock","40":"sale","41":"shipping-taxable","42":"product-type-external"},"_links":{"self":[{"href":"https:\/\/comprasyconsejos.store\/en\/wp-json\/wp\/v2\/product\/39468","targetHints":{"allow":["GET"]}}],"collection":[{"href":"https:\/\/comprasyconsejos.store\/en\/wp-json\/wp\/v2\/product"}],"about":[{"href":"https:\/\/comprasyconsejos.store\/en\/wp-json\/wp\/v2\/types\/product"}],"replies":[{"embeddable":true,"href":"https:\/\/comprasyconsejos.store\/en\/wp-json\/wp\/v2\/comments?post=39468"}],"version-history":[{"count":0,"href":"https:\/\/comprasyconsejos.store\/en\/wp-json\/wp\/v2\/product\/39468\/revisions"}],"wp:featuredmedia":[{"embeddable":true,"href":"https:\/\/comprasyconsejos.store\/en\/wp-json\/wp\/v2\/media\/39469"}],"wp:attachment":[{"href":"https:\/\/comprasyconsejos.store\/en\/wp-json\/wp\/v2\/media?parent=39468"}],"wp:term":[{"taxonomy":"product_brand","embeddable":true,"href":"https:\/\/comprasyconsejos.store\/en\/wp-json\/wp\/v2\/product_brand?post=39468"},{"taxonomy":"product_cat","embeddable":true,"href":"https:\/\/comprasyconsejos.store\/en\/wp-json\/wp\/v2\/product_cat?post=39468"},{"taxonomy":"product_tag","embeddable":true,"href":"https:\/\/comprasyconsejos.store\/en\/wp-json\/wp\/v2\/product_tag?post=39468"}],"curies":[{"name":"wp","href":"https:\/\/api.w.org\/{rel}","templated":true}]}}