{"id":39474,"date":"2026-03-08T13:01:56","date_gmt":"2026-03-08T13:01:56","guid":{"rendered":"https:\/\/comprasyconsejos.store\/product\/msi-g255f-24-5-gaming-monitor-fhd-1920x1080-180-hz-1ms-adaptive-sync-display-port-1-2a-hdmi-2-0b-black\/"},"modified":"2026-03-08T13:01:58","modified_gmt":"2026-03-08T13:01:58","slug":"msi-g255f-24-5-gaming-monitor-fhd-1920x1080-180-hz-1ms-adaptive-sync-display-port-1-2a-hdmi-2-0b-black","status":"publish","type":"product","link":"https:\/\/comprasyconsejos.store\/en\/product\/msi-g255f-24-5-gaming-monitor-fhd-1920x1080-180-hz-1ms-adaptive-sync-display-port-1-2a-hdmi-2-0b-black\/","title":{"rendered":"MSI G255F &#8211; 24.5&#8243; Gaming Monitor, FHD (1920&#215;1080), 180 Hz \/ 1ms, Adaptive-Sync, Display Port 1.2a, HDMI 2.0b, Black"},"content":{"rendered":"<p>Price: <span style=\"color:#b12704\">\u20ac94.00<\/span><br \/><i><small>(as of Mar 08, 2026 13:01:56 UTC &#8211; <span class=\"wp_automatic_amazon_disclaimer\" title=\"Product prices and availability are accurate as of the date\/time indicated and are subject to change. Any price and availability information displayed on [relevant Amazon Site(s), as applicable] at the time of purchase will apply to the purchase of this product.\">Details<\/span>)<\/small><\/i><\/p>\n<p><a href=\"https:\/\/amazon.es\/dp\/B0CPM45WF7?tag=man008-21\"><img decoding=\"async\" src=\"https:\/\/valvepress.s3.amazonaws.com\/imgs\/buy_now.png\"><\/a><br \/>\n<\/p>\n<p>                                             From the manufacturer   <\/p>\n<p>                                                  <img decoding=\"async\" alt=\"All About Gaming\" src=\"https:\/\/images-na.ssl-images-amazon.com\/images\/G\/01\/x-locale\/common\/grey-pixel.gif\" class=\"a-lazy-loaded\" data-src=\"https:\/\/m.media-amazon.com\/images\/S\/aplus-media\/vc\/8de13244-d942-46c1-a48f-325613d28d12.__CR0,0,1940,600_PT0_SX970_V1___.jpg\"><img decoding=\"async\" alt=\"All About Gaming\" src=\"https:\/\/m.media-amazon.com\/images\/S\/aplus-media\/vc\/8de13244-d942-46c1-a48f-325613d28d12.__CR0,0,1940,600_PT0_SX970_V1___.jpg\">  <\/p>\n<p>                                                      <img decoding=\"async\" alt=\"G255F\" src=\"https:\/\/images-na.ssl-images-amazon.com\/images\/G\/01\/x-locale\/common\/grey-pixel.gif\" class=\"a-spacing-mini a-lazy-loaded\" data-src=\"https:\/\/m.media-amazon.com\/images\/S\/aplus-media\/vc\/fac108c9-8422-4e63-8f0c-94780e183fa2.__CR0,0,600,800_PT0_SX300_V1___.jpg\"><img decoding=\"async\" alt=\"G255F\" src=\"https:\/\/m.media-amazon.com\/images\/S\/aplus-media\/vc\/fac108c9-8422-4e63-8f0c-94780e183fa2.__CR0,0,600,800_PT0_SX300_V1___.jpg\">  <\/p>\n<p>                                                              <img decoding=\"async\" alt=\"MSI: For Gamers &amp;amp; Creators\" src=\"https:\/\/images-na.ssl-images-amazon.com\/images\/G\/01\/x-locale\/common\/grey-pixel.gif\" class=\"a-spacing-mini a-lazy-loaded\" data-src=\"https:\/\/m.media-amazon.com\/images\/S\/aplus-media\/vc\/114fa35d-9063-4a70-a19b-1a84ab6eba49.__CR0,0,350,175_PT0_SX350_V1___.png\"><img decoding=\"async\" alt=\"MSI: For Gamers &amp;amp; Creators\" src=\"https:\/\/m.media-amazon.com\/images\/S\/aplus-media\/vc\/114fa35d-9063-4a70-a19b-1a84ab6eba49.__CR0,0,350,175_PT0_SX350_V1___.png\">                                          MSI: For Gamers &amp; Creators                                 <\/p>\n<p class=\"a-spacing-small a-size-small a-color-secondary\"> MSI is one of the most trusted names in gaming and esports with countless hours and significant resources invested into premier esports leagues and tier-1 gaming teams. By supporting and working with the best of the best, MSI is able to integrate competitive gaming knowledge and aspirations with technological innovation to create new products that shatter today&#8217;s performance limits. <\/p>\n<h3 class=\"a-spacing-mini\"> G255F <\/h3>\n<p>                                          All About Gaming                                     <\/p>\n<p class=\"a-spacing-base\"> Equipado con una pantalla IPS r\u00e1pida Full-HD (1920 x 1080) de 24,5&#8243; con una tasa de refresco de 180 Hz y un tiempo de respuesta de 1 ms (GtG), el G255F proporciona una ventaja competitiva sobre la mayor\u00eda de los oponentes.  El G255F incorpora la tecnolog\u00eda Adaptive-Sync, que ajusta la frecuencia de actualizaci\u00f3n de la pantalla y la GPU para ofrecer un juego ultrasuave, tecnolog\u00edas MSI Esports Gaming (por ejemplo, sintonizador negro inteligente Night Vision) y un soporte inclinable ajustable. <\/p>\n<p>                                                          24.5&#8243; FHD (1920 x 1080) Rapid IPS       Alta tasa de refresco de 180 Hz y tiempo de respuesta de 1 ms (GtG) para juegos competitivos de alta velocidad       16,7 millones de colores con amplia gama (sRGB 99%, DCI-P3 78%) y contraste din\u00e1mico       Visi\u00f3n nocturna y sincronizaci\u00f3n de perfiles HDMI CEC       Reducci\u00f3n de la luz azul y tecnolog\u00eda antiparpadeo       Soporte ajustable en inclinaci\u00f3n       DisplayPort 1.2a y puertos de pantalla HDMI 2.0b      <\/p>\n<p class=\"apm-text-center\">\n                                                      <img decoding=\"async\" alt=\"Incre\u00edble calidad r\u00e1pida del panel IPS\" src=\"https:\/\/images-na.ssl-images-amazon.com\/images\/G\/01\/x-locale\/common\/grey-pixel.gif\" class=\"a-lazy-loaded\" data-src=\"https:\/\/m.media-amazon.com\/images\/S\/aplus-media\/vc\/5a7e5824-228f-45fa-b187-f6c343304cd4.__CR0,0,2000,2000_PT0_SX220_V1___.jpg\"><img decoding=\"async\" alt=\"Incre\u00edble calidad r\u00e1pida del panel IPS\" src=\"https:\/\/m.media-amazon.com\/images\/S\/aplus-media\/vc\/5a7e5824-228f-45fa-b187-f6c343304cd4.__CR0,0,2000,2000_PT0_SX220_V1___.jpg\">  <\/p>\n<p>                                                    Incre\u00edble calidad r\u00e1pida del panel IPS                                     <\/p>\n<p class=\"a-size-small\">\n<p>Incorpora un panel Rapid IPS de 24,5&#8243; FHD (1920 x 1080 p\u00edxeles) con \u00e1ngulos de visi\u00f3n amplios de 178\u00b0 con un cambio de color m\u00ednimo cuando se mira desde diferentes \u00e1ngulos.<\/p>\n<p>Los paneles Rapid IPS ofrecen im\u00e1genes n\u00edtidas con color y brillo optimizados en tiempo real para garantizar que cada escena se presenta de la mejor forma posible.<\/p>\n<p class=\"apm-text-center\">\n                                                      <img decoding=\"async\" alt=\"Tasa de refresco de 180 Hz, tiempo de respuesta GtG de 1 ms\" src=\"https:\/\/images-na.ssl-images-amazon.com\/images\/G\/01\/x-locale\/common\/grey-pixel.gif\" class=\"a-lazy-loaded\" data-src=\"https:\/\/m.media-amazon.com\/images\/S\/aplus-media\/vc\/e594bd6d-5f94-46d4-9206-09d0468d144b.__CR0,0,2000,2000_PT0_SX220_V1___.jpg\"><img decoding=\"async\" alt=\"Tasa de refresco de 180 Hz, tiempo de respuesta GtG de 1 ms\" src=\"https:\/\/m.media-amazon.com\/images\/S\/aplus-media\/vc\/e594bd6d-5f94-46d4-9206-09d0468d144b.__CR0,0,2000,2000_PT0_SX220_V1___.jpg\">  <\/p>\n<p>                                                    Tasa de refresco de 180 Hz, tiempo de respuesta GtG de 1 ms                                     <\/p>\n<p class=\"a-size-small\">\n<p>Disfruta de una mayor fluidez de movimiento y seguimiento con una tasa de refresco de 180 Hz y aprovecha todo el potencial del hardware de memoria y GPU de primera calidad.<\/p>\n<p>El bajo tiempo de respuesta de 1 ms (GtG) reduce dr\u00e1sticamente el desenfoque del monitor y es esencial para los juegos de ritmo r\u00e1pido.<\/p>\n<p class=\"apm-text-center\">\n                                                      <img decoding=\"async\" alt=\"Amplia gama de color\" src=\"https:\/\/images-na.ssl-images-amazon.com\/images\/G\/01\/x-locale\/common\/grey-pixel.gif\" class=\"a-lazy-loaded\" data-src=\"https:\/\/m.media-amazon.com\/images\/S\/aplus-media\/vc\/c9f57a4f-fd85-46a0-8bde-5f7f9337103e.__CR0,0,2000,2000_PT0_SX220_V1___.jpg\"><img decoding=\"async\" alt=\"Amplia gama de color\" src=\"https:\/\/m.media-amazon.com\/images\/S\/aplus-media\/vc\/c9f57a4f-fd85-46a0-8bde-5f7f9337103e.__CR0,0,2000,2000_PT0_SX220_V1___.jpg\">  <\/p>\n<p>                                                    Amplia gama de color                                     <\/p>\n<p class=\"a-size-small\">\n<p>Los monitores MSI ofrecen una cobertura de gama m\u00e1s amplia en comparaci\u00f3n con los monitores gen\u00e9ricos. Los colores y los detalles parecen m\u00e1s realistas, lo que mejora la inmersi\u00f3n en el juego.<\/p>\n<p>Colores de pantalla: 16,7 millones<\/p>\n<p>sRGB \/ DCI-P3*: 99% \/ 78%<\/p>\n<p>Relaci\u00f3n de contraste: 1000:1<\/p>\n<p>Relaci\u00f3n de contraste din\u00e1mico: 100000000:1<\/p>\n<p>*sRGB y DCI-P3 siguen la norma CIE1976<\/p>\n<p class=\"apm-text-center\">\n                                                      <img decoding=\"async\" alt=\"Reducci\u00f3n de la luz azul\" src=\"https:\/\/images-na.ssl-images-amazon.com\/images\/G\/01\/x-locale\/common\/grey-pixel.gif\" class=\"a-lazy-loaded\" data-src=\"https:\/\/m.media-amazon.com\/images\/S\/aplus-media\/vc\/5509eba4-2bcf-4173-8afe-049edf482be6.__CR0,0,2000,2000_PT0_SX220_V1___.jpg\"><img decoding=\"async\" alt=\"Reducci\u00f3n de la luz azul\" src=\"https:\/\/m.media-amazon.com\/images\/S\/aplus-media\/vc\/5509eba4-2bcf-4173-8afe-049edf482be6.__CR0,0,2000,2000_PT0_SX220_V1___.jpg\">  <\/p>\n<p>                                                    Reducci\u00f3n de la luz azul                                     <\/p>\n<p class=\"a-size-small\">\n<p>Reducci\u00f3n de la luz azul* emplea una tecnolog\u00eda de filtro basada en software para proteger contra la fatiga ocular innecesaria, a la vez que conserva una paleta de colores vivos con detalles sin concesiones.<\/p>\n<p>*T\u00dcV Rheinland Low Blue Light (Software Solution) Certificado n\u00ba Q 50611237, 2023-12-07<\/p>\n<p class=\"apm-text-center\">\n                                                      <img decoding=\"async\" alt=\"Night Vision y HDMI CEC\" src=\"https:\/\/images-na.ssl-images-amazon.com\/images\/G\/01\/x-locale\/common\/grey-pixel.gif\" class=\"a-lazy-loaded\" data-src=\"https:\/\/m.media-amazon.com\/images\/S\/aplus-media\/vc\/34bd80a9-0990-4ae2-89c2-ae3a6154cc93.__CR0,0,2000,2000_PT0_SX220_V1___.jpg\"><img decoding=\"async\" alt=\"Night Vision y HDMI CEC\" src=\"https:\/\/m.media-amazon.com\/images\/S\/aplus-media\/vc\/34bd80a9-0990-4ae2-89c2-ae3a6154cc93.__CR0,0,2000,2000_PT0_SX220_V1___.jpg\">  <\/p>\n<p>                                                    Night Vision y HDMI CEC                                     <\/p>\n<p class=\"a-size-small\">\n<p>MSI Night Vision, un sintonizador de color negro inteligente, puede realzar detalles cruciales y proporcionar un destello de luz durante las horas m\u00e1s oscuras.<\/p>\n<p>HDMI CEC Profile Sync admite varios dispositivos (PC, Mac, consola, m\u00f3vil o port\u00e1til) y puede detectar autom\u00e1ticamente la configuraci\u00f3n del dispositivo.<\/p>\n<p class=\"apm-text-center\">\n                                                      <img decoding=\"async\" alt=\"Anti-Flicker\" src=\"https:\/\/images-na.ssl-images-amazon.com\/images\/G\/01\/x-locale\/common\/grey-pixel.gif\" class=\"a-lazy-loaded\" data-src=\"https:\/\/m.media-amazon.com\/images\/S\/aplus-media\/vc\/e03f47b5-f636-4916-8ff3-4f9d34b924ef.__CR0,0,2000,2000_PT0_SX220_V1___.jpg\"><img decoding=\"async\" alt=\"Anti-Flicker\" src=\"https:\/\/m.media-amazon.com\/images\/S\/aplus-media\/vc\/e03f47b5-f636-4916-8ff3-4f9d34b924ef.__CR0,0,2000,2000_PT0_SX220_V1___.jpg\">  <\/p>\n<p>                                                    Anti-Flicker                                     <\/p>\n<p class=\"a-size-small\">\n<p>La tecnolog\u00eda antiparpadeo* proporciona una experiencia de visualizaci\u00f3n superior al reducir la cantidad de parpadeo, a diferencia de los monitores gen\u00e9ricos que suelen mostrar con una frecuencia de parpadeo de unas 200 veces** por segundo.<\/p>\n<p>*T\u00dcV Rheinland Flicker Free Certificate No. Q50611237, 2023-12-07 **Aunque es imperceptible a simple vista, puede causar fatiga con el tiempo.<\/p>\n<p class=\"apm-text-center\">\n                                                      <img decoding=\"async\" alt=\"Soporte ajustable\" src=\"https:\/\/images-na.ssl-images-amazon.com\/images\/G\/01\/x-locale\/common\/grey-pixel.gif\" class=\"a-lazy-loaded\" data-src=\"https:\/\/m.media-amazon.com\/images\/S\/aplus-media\/vc\/c7a34a2a-6165-498d-afb6-743244af01d9.__CR0,0,2000,2000_PT0_SX220_V1___.jpg\"><img decoding=\"async\" alt=\"Soporte ajustable\" src=\"https:\/\/m.media-amazon.com\/images\/S\/aplus-media\/vc\/c7a34a2a-6165-498d-afb6-743244af01d9.__CR0,0,2000,2000_PT0_SX220_V1___.jpg\">  <\/p>\n<p>                                                    Soporte ajustable                                     <\/p>\n<p class=\"a-size-small\">\n<p>El soporte del monitor permite ajustar la inclinaci\u00f3n (-5\u00b0\\~20\u00b0) para mejorar la comodidad de visualizaci\u00f3n.<\/p>\n<p>El G255F admite un soporte VESA est\u00e1ndar de 100 mm*.<\/p>\n<p>*Disfruta de un escritorio m\u00e1s limpio y una gesti\u00f3n de cables superior con el brazo VESA MT81 de MSI (no incluido).<\/p>\n<p class=\"apm-text-center\">\n                                                      <img decoding=\"async\" alt=\"Complete Connectivity\" src=\"https:\/\/images-na.ssl-images-amazon.com\/images\/G\/01\/x-locale\/common\/grey-pixel.gif\" class=\"a-lazy-loaded\" data-src=\"https:\/\/m.media-amazon.com\/images\/S\/aplus-media\/vc\/6f79ce74-c8d4-4575-8fb9-c1a12c630555.__CR0,0,2000,2000_PT0_SX220_V1___.jpg\"><img decoding=\"async\" alt=\"Complete Connectivity\" src=\"https:\/\/m.media-amazon.com\/images\/S\/aplus-media\/vc\/6f79ce74-c8d4-4575-8fb9-c1a12c630555.__CR0,0,2000,2000_PT0_SX220_V1___.jpg\">  <\/p>\n<p>                                                    Complete Connectivity                                     <\/p>\n<p class=\"a-size-small\">\n<p>Las opciones de interfaz para PC, Mac, consolas y port\u00e1tiles incluyen:<\/p>\n<p>DisplayPort 1.2a: 1920 x 1080 (180 Hz m\u00e1x.)<\/p>\n<p>2 x HDMI 2.0b: 1920 x 1080 (180 Hz m\u00e1x.)<\/p>\n<p> Product Dimensions                                            \u200f                                            :                                            \u200e                                            22 x 55 x 41 cm; 3.24 kg   <br \/> Manufacturer                                            \u200f                                            :                                            \u200e                                            MSI   <br \/> ASIN                                            \u200f                                            :                                            \u200e                                            B0CPM45WF7   <br \/> Item model number                                            \u200f                                            :                                            \u200e                                            G255F   <br \/> Country of origin                                            \u200f                                            :                                            \u200e                                            China   <br \/> Guaranteed software updates until                                            \u200f                                            :                                            \u200e                                            unknown   <br \/>  Customer reviews:                                                                                            4.6               4.6 out of 5 stars                                  (381)                                              var dpAcrHasRegisteredArcLinkClickAction;                    P.when(&#8216;A&#8217;, &#8216;ready&#8217;).execute(function(A) {                        if (dpAcrHasRegisteredArcLinkClickAction !== true) {                            dpAcrHasRegisteredArcLinkClickAction = true;                            A.declarative(                                &#8216;acrLink-click-metrics&#8217;, &#8216;click&#8217;,                                { \u00aballowLinkDefault\u00bb: true },                                function (event) {                                    if (window.ue) {                                        ue.count(\u00abacrLinkClickCount\u00bb, (ue.count(\u00abacrLinkClickCount\u00bb) || 0) + 1);                                    }                                }                            );                        }                    });                                             P.when(&#8216;A&#8217;, &#8216;cf&#8217;).execute(function(A) {                A.declarative(&#8216;acrStarsLink-click-metrics&#8217;, &#8216;click&#8217;, { \u00aballowLinkDefault\u00bb : true },  function(event){                    if(window.ue) {                        ue.count(\u00abacrStarsLinkWithPopoverClickCount\u00bb, (ue.count(\u00abacrStarsLinkWithPopoverClickCount\u00bb) || 0) + 1);                    }                });            });                          <\/p>\n<p>Fast IPS; Ensure the intensity and purity of colors when game<br \/>High 180Hz refresh rate Enjoy smooth gaming with a super-fast 180Hz refresh rate, giving you the edge in fast gaming<br \/>Fast Response Time 1ms Eliminate choppy images with a 1ms response time<br \/>Frameless design Thanks to its narrow bezel you can enjoy greater immersion<br \/>Wide range of colors The colors and details of the games will look more realistic and refined, to push the immersion in the game to the limit<\/p>\n\n","protected":false},"excerpt":{"rendered":"<p> From the manufacturer MSI: For Gamers &amp; Creators MSI is one of the most trusted<\/p>","protected":false},"featured_media":39475,"comment_status":"open","ping_status":"closed","template":"","meta":[],"product_brand":[],"product_cat":[52,54],"product_tag":[3953,1817,1822,704,1918,7018,1819,1821,1816,1824,3623,1823,307,1825,561,639,11780,617,544,1820,844,1262,153,1818],"class_list":{"0":"post-39474","1":"product","2":"type-product","3":"status-publish","4":"has-post-thumbnail","6":"product_cat-2k-monitors","7":"product_cat-curved-monitors","8":"product_tag-1-2a","9":"product_tag-1440p-monitor","10":"product_tag-144hz-2k-monitor","11":"product_tag-1920x1080","12":"product_tag-1ms","13":"product_tag-2-0b","14":"product_tag-27-inch-2k-monitor","15":"product_tag-2k-gaming-monitor","16":"product_tag-2k-monitor","17":"product_tag-2k-monitor-price","18":"product_tag-adaptivesync","19":"product_tag-best-2k-monitor","20":"product_tag-black","21":"product_tag-curved-2k-monitor","22":"product_tag-display","23":"product_tag-fhd","24":"product_tag-g255f","25":"product_tag-gaming","26":"product_tag-hdmi","27":"product_tag-ips-2k-monitor","28":"product_tag-monitor","29":"product_tag-msi","30":"product_tag-port","31":"product_tag-qhd-monitor","33":"first","34":"instock","35":"shipping-taxable","36":"product-type-external"},"_links":{"self":[{"href":"https:\/\/comprasyconsejos.store\/en\/wp-json\/wp\/v2\/product\/39474","targetHints":{"allow":["GET"]}}],"collection":[{"href":"https:\/\/comprasyconsejos.store\/en\/wp-json\/wp\/v2\/product"}],"about":[{"href":"https:\/\/comprasyconsejos.store\/en\/wp-json\/wp\/v2\/types\/product"}],"replies":[{"embeddable":true,"href":"https:\/\/comprasyconsejos.store\/en\/wp-json\/wp\/v2\/comments?post=39474"}],"version-history":[{"count":0,"href":"https:\/\/comprasyconsejos.store\/en\/wp-json\/wp\/v2\/product\/39474\/revisions"}],"wp:featuredmedia":[{"embeddable":true,"href":"https:\/\/comprasyconsejos.store\/en\/wp-json\/wp\/v2\/media\/39475"}],"wp:attachment":[{"href":"https:\/\/comprasyconsejos.store\/en\/wp-json\/wp\/v2\/media?parent=39474"}],"wp:term":[{"taxonomy":"product_brand","embeddable":true,"href":"https:\/\/comprasyconsejos.store\/en\/wp-json\/wp\/v2\/product_brand?post=39474"},{"taxonomy":"product_cat","embeddable":true,"href":"https:\/\/comprasyconsejos.store\/en\/wp-json\/wp\/v2\/product_cat?post=39474"},{"taxonomy":"product_tag","embeddable":true,"href":"https:\/\/comprasyconsejos.store\/en\/wp-json\/wp\/v2\/product_tag?post=39474"}],"curies":[{"name":"wp","href":"https:\/\/api.w.org\/{rel}","templated":true}]}}