{"id":39536,"date":"2026-03-08T17:45:45","date_gmt":"2026-03-08T17:45:45","guid":{"rendered":"https:\/\/comprasyconsejos.store\/product\/cudy-ac1200-mbps-dual-band-4g-lte-mesh-router-4g-lte-cat4-4-ports-100mbps-4-high-gain-antennas-5dbi-ddns-pptp-l2tp-open-vpn-sim-plug-and-play-lt500\/"},"modified":"2026-03-08T17:45:48","modified_gmt":"2026-03-08T17:45:48","slug":"cudy-ac1200-mbps-dual-band-4g-lte-mesh-router-4g-lte-cat4-4-ports-100mbps-4-high-gain-antennas-5dbi-ddns-pptp-l2tp-open-vpn-sim-plug-and-play-lt500","status":"publish","type":"product","link":"https:\/\/comprasyconsejos.store\/en\/product\/cudy-ac1200-mbps-dual-band-4g-lte-mesh-router-4g-lte-cat4-4-ports-100mbps-4-high-gain-antennas-5dbi-ddns-pptp-l2tp-open-vpn-sim-plug-and-play-lt500\/","title":{"rendered":"Cudy AC1200 Mbps Dual Band 4G LTE Mesh Router, 4G LTE cat4, 4 Ports 100Mbps, 4 High Gain Antennas 5dBi, DDNS, PPTP\/L2TP Open VPN, SIM Plug and Play LT500"},"content":{"rendered":"<p>Price: <span style=\"color:#b12704\"><del>\u20ac49.90<\/del> - \u20ac43.78<\/span><br \/><i><small>(as of Mar 08, 2026 17:45:46 UTC &#8211; <span class=\"wp_automatic_amazon_disclaimer\" title=\"Product prices and availability are accurate as of the date\/time indicated and are subject to change. Any price and availability information displayed on [relevant Amazon Site(s), as applicable] at the time of purchase will apply to the purchase of this product.\">Details<\/span>)<\/small><\/i><\/p>\n<p><a href=\"https:\/\/amazon.es\/dp\/B089JW8H4N?tag=man008-21\"><img decoding=\"async\" src=\"https:\/\/valvepress.s3.amazonaws.com\/imgs\/buy_now.png\"><\/a><br \/>\n<\/p>\n<p>                                             From the brand   <\/p>\n<p>                                              <img decoding=\"async\" alt=\"1\" src=\"https:\/\/images-na.ssl-images-amazon.com\/images\/G\/01\/x-locale\/common\/grey-pixel.gif\" class=\"a-lazy-loaded\" data-src=\"https:\/\/m.media-amazon.com\/images\/S\/aplus-media-library-service-media\/520a7b0b-1102-40fb-b55c-0bcbe95be90b.__CR0,0,1464,625_PT0_SX1464_V1___.jpg\"><img decoding=\"async\" alt=\"1\" src=\"https:\/\/m.media-amazon.com\/images\/S\/aplus-media-library-service-media\/520a7b0b-1102-40fb-b55c-0bcbe95be90b.__CR0,0,1464,625_PT0_SX1464_V1___.jpg\">  <\/p>\n<p>                                              <img decoding=\"async\" alt=\"\" src=\"https:\/\/images-na.ssl-images-amazon.com\/images\/G\/01\/x-locale\/common\/grey-pixel.gif\" class=\"a-lazy-loaded\" data-src=\"https:\/\/m.media-amazon.com\/images\/S\/aplus-media-library-service-media\/4cb9ed8a-8d8e-4854-9bcb-82bf51fed1fd.__CR0,0,315,145_PT0_SX315_V1___.jpg\"><img decoding=\"async\" alt=\"\" src=\"https:\/\/m.media-amazon.com\/images\/S\/aplus-media-library-service-media\/4cb9ed8a-8d8e-4854-9bcb-82bf51fed1fd.__CR0,0,315,145_PT0_SX315_V1___.jpg\">  <\/p>\n<p> Cree cada d\u00eda algo \u00fanico <\/p>\n<p> Cudy suministra routers Wi-Fi, routers 4G\/5G, gateways, switches, dispositivos PoE y equipos de fibra a m\u00e1s de 80 pa\u00edses de todo el mundo. <\/p>\n<p> Cudy se compromete a ofrecer tecnolog\u00eda de comunicaci\u00f3n de alto rendimiento y f\u00e1cil uso que mejore la vida cotidiana con prop\u00f3sito y facilidad. <\/p>\n<h3> Routers Wi-Fi 7 <\/h3>\n<h3> Routers 4G\/5G <\/h3>\n<h3> AP\/4G exterior <\/h3>\n<h3> Puertos de 2,5 Gbps <\/h3>\n<p>                                              <img decoding=\"async\" alt=\"Maqueta de interfaz de la aplicaci\u00f3n Cudy que muestra varias pantallas de tel\u00e9fonos inteligentes con dise\u00f1os de men\u00fa y texto en espa\u00f1ol sobre configuraci\u00f3n y administraci\u00f3n\" src=\"https:\/\/images-na.ssl-images-amazon.com\/images\/G\/01\/x-locale\/common\/grey-pixel.gif\" class=\"a-lazy-loaded\" data-src=\"https:\/\/m.media-amazon.com\/images\/S\/aplus-media-library-service-media\/5a6d0a6d-7da6-421b-96b1-b836689b6f12.__CR0,0,362,453_PT0_SX362_V1___.jpg\"><img decoding=\"async\" alt=\"Maqueta de interfaz de la aplicaci\u00f3n Cudy que muestra varias pantallas de tel\u00e9fonos inteligentes con dise\u00f1os de men\u00fa y texto en espa\u00f1ol sobre configuraci\u00f3n y administraci\u00f3n\" src=\"https:\/\/m.media-amazon.com\/images\/S\/aplus-media-library-service-media\/5a6d0a6d-7da6-421b-96b1-b836689b6f12.__CR0,0,362,453_PT0_SX362_V1___.jpg\">  <\/p>\n<p>                                              <img decoding=\"async\" alt=\"Diagrama 3D del sistema WiFi Cudy Mesh que muestra la cobertura de la red inal\u00e1mbrica en toda la casa, con texto en espa\u00f1ol que explica la compatibilidad del dispositivo\" src=\"https:\/\/images-na.ssl-images-amazon.com\/images\/G\/01\/x-locale\/common\/grey-pixel.gif\" class=\"a-lazy-loaded\" data-src=\"https:\/\/m.media-amazon.com\/images\/S\/aplus-media-library-service-media\/e7136e15-6fb5-4a34-9f71-66df8a644185.__CR0,0,362,453_PT0_SX362_V1___.jpg\"><img decoding=\"async\" alt=\"Diagrama 3D del sistema WiFi Cudy Mesh que muestra la cobertura de la red inal\u00e1mbrica en toda la casa, con texto en espa\u00f1ol que explica la compatibilidad del dispositivo\" src=\"https:\/\/m.media-amazon.com\/images\/S\/aplus-media-library-service-media\/e7136e15-6fb5-4a34-9f71-66df8a644185.__CR0,0,362,453_PT0_SX362_V1___.jpg\">  <\/p>\n<p>                                              <img decoding=\"async\" alt=\", incluidos WireGuard y OpenVPN. Iconos para varios protocolos de VPN: IKEv2, L2TP, PPTP. Escriba el texto \u00abVPN segura\" src=\"https:\/\/images-na.ssl-images-amazon.com\/images\/G\/01\/x-locale\/common\/grey-pixel.gif\" class=\"a-lazy-loaded\" data-src=\"https:\/\/m.media-amazon.com\/images\/S\/aplus-media-library-service-media\/6638f843-beac-416e-b2dc-2aa0b705fe6a.__CR0,0,362,453_PT0_SX362_V1___.jpg\"><img decoding=\"async\" alt=\", incluidos WireGuard y OpenVPN. Iconos para varios protocolos de VPN: IKEv2, L2TP, PPTP. Escriba el texto \u00abVPN segura\" src=\"https:\/\/m.media-amazon.com\/images\/S\/aplus-media-library-service-media\/6638f843-beac-416e-b2dc-2aa0b705fe6a.__CR0,0,362,453_PT0_SX362_V1___.jpg\">  <\/p>\n<p>                                                         \u00bfEs f\u00e1cil configurar un router Cudy?                                       <\/p>\n<p> Los productos Cudy son f\u00e1ciles de configurar. Los v\u00eddeos oficiales de Cudy te gu\u00edan paso a paso durante la configuraci\u00f3n, y la mayor\u00eda de los dispositivos dom\u00e9sticos de Cudy son compatibles con la app de Cudy <\/p>\n<p>                                                         \u00bfPor qu\u00e9 necesito una conexi\u00f3n Wi-Fi m\u00e1s r\u00e1pida que mi banda ancha?                                       <\/p>\n<p> La velocidad Wi-Fi no s\u00f3lo afecta a la velocidad de transmisi\u00f3n de los datos, sino tambi\u00e9n a su alcance. Un router de mayor velocidad permite una mayor degradaci\u00f3n antes de la desconexi\u00f3n a medida que te alejas del router. <\/p>\n<p> Is discontinued by manufacturer                                            \u200f                                            :                                            \u200e                                            No   <br \/> Product Dimensions                                            \u200f                                            :                                            \u200e                                            24.99 x 13.92 x 3.61 cm; 308 g   <br \/> Manufacturer                                            \u200f                                            :                                            \u200e                                            Shenzhen Cudy Technology Co., Ltd.   <br \/> ASIN                                            \u200f                                            :                                            \u200e                                            B089JW8H4N   <br \/> Item model number                                            \u200f                                            :                                            \u200e                                            LT500   <br \/> Country of origin                                            \u200f                                            :                                            \u200e                                            China   <br \/> Guaranteed software updates until                                            \u200f                                            :                                            \u200e                                            unknown   <br \/>  Customer reviews:                                                                                            4.2               4.2 out of 5 stars                                  (2,924)                                              var dpAcrHasRegisteredArcLinkClickAction;                    P.when(&#8216;A&#8217;, &#8216;ready&#8217;).execute(function(A) {                        if (dpAcrHasRegisteredArcLinkClickAction !== true) {                            dpAcrHasRegisteredArcLinkClickAction = true;                            A.declarative(                                &#8216;acrLink-click-metrics&#8217;, &#8216;click&#8217;,                                { \u00aballowLinkDefault\u00bb: true },                                function (event) {                                    if (window.ue) {                                        ue.count(\u00abacrLinkClickCount\u00bb, (ue.count(\u00abacrLinkClickCount\u00bb) || 0) + 1);                                    }                                }                            );                        }                    });                                             P.when(&#8216;A&#8217;, &#8216;cf&#8217;).execute(function(A) {                A.declarative(&#8216;acrStarsLink-click-metrics&#8217;, &#8216;click&#8217;, { \u00aballowLinkDefault\u00bb : true },  function(event){                    if(window.ue) {                        ue.count(\u00abacrStarsLinkWithPopoverClickCount\u00bb, (ue.count(\u00abacrStarsLinkWithPopoverClickCount\u00bb) || 0) + 1);                    }                });            });                          <\/p>\n<p>Ultra-fast 4G LTE Cat4 SIM Router. LT500 uses state-of-the-art 4G LTE technology to reach speeds of up to 150Mbps. Supports FDD and TDD frequency bands, compatible with most European and Middle Eastern operators. Just insert a SIM card and connect all your Wi-Fi devices to the Internet, very convenient for holiday cottages and remote cameras.<br \/>AC1200 dual-band Wi-Fi provides a better experience. Unlike other 2.4GHz single-band N300 routers, the LT500 provides a better user experience by providing both 2.4GHz and 5GHz Wi-Fi bands. Simple tasks such as web browsing can be handled by the 2.4MHz to 300Mbps band, while bandwidth-intensive tasks such as online gaming or 4k HD video streaming can be processed by the band from 5GHz to 867Mbps.<br \/>High gain antennas for better performance. 4 x 5dBi high-gain antennas increase the sensitivity of the router, improve the signal quality of 4G LTE and Wi-Fi, which is conducive to establishing a Wi-Fi connection at a longer distance.<br \/>Pre-installed PPTP \/ L2TP VPN and DDNS. With the built-in PPTP\/L2TP VPN client, this 4G router can easily establish a connection with the PPTP \/ L2TP server to transport all your data and traffic online, securing it with its encryption at the same time. Support 20 more DDNS providers, convenient to manage your remote cameras.<br \/>Easy installation and use. Simply insert the SIM card into the router and type the PIN into the web setup page to start exploiting a stable and fast wireless connection. It provides an easy-to-use graphical management interface, easy to monitor and manage the network.<\/p>\n\n","protected":false},"excerpt":{"rendered":"<p> From the brand Cree cada d\u00eda algo \u00fanico Cudy suministra routers Wi-Fi, routers 4G\/5G, gateways,<\/p>","protected":false},"featured_media":39537,"comment_status":"open","ping_status":"closed","template":"","meta":[],"product_brand":[],"product_cat":[71],"product_tag":[8640,3708,2080,2435,2093,2217,2084,8797,5502,5504,298,2078,2216,2079,197,2081,2083,5505,1043,4511,2449,2082,592,1139,324,382,11789,2088,2085,2827,2306,2076,2077],"class_list":{"0":"post-39536","1":"product","2":"type-product","3":"status-publish","4":"has-post-thumbnail","6":"product_cat-wifi-routers","7":"product_tag-100mbps","8":"product_tag-5dbi","9":"product_tag-5ghz-router","10":"product_tag-ac1200","11":"product_tag-antennas","12":"product_tag-band","13":"product_tag-best-wifi-router","14":"product_tag-cat4","15":"product_tag-cudy","16":"product_tag-ddns","17":"product_tag-dual","18":"product_tag-dual-band-router","19":"product_tag-gain","20":"product_tag-gaming-wifi-router","21":"product_tag-high","22":"product_tag-high-speed-router","23":"product_tag-home-wifi-router","24":"product_tag-lt500","25":"product_tag-lte","26":"product_tag-mbps","27":"product_tag-mesh","28":"product_tag-mesh-wifi-router","29":"product_tag-open","30":"product_tag-play","31":"product_tag-plug","32":"product_tag-ports","33":"product_tag-pptpl2tp","34":"product_tag-router","35":"product_tag-router-price","36":"product_tag-sim","37":"product_tag-vpn","38":"product_tag-wifi-router","39":"product_tag-wireless-router","41":"first","42":"instock","43":"sale","44":"shipping-taxable","45":"product-type-external"},"_links":{"self":[{"href":"https:\/\/comprasyconsejos.store\/en\/wp-json\/wp\/v2\/product\/39536","targetHints":{"allow":["GET"]}}],"collection":[{"href":"https:\/\/comprasyconsejos.store\/en\/wp-json\/wp\/v2\/product"}],"about":[{"href":"https:\/\/comprasyconsejos.store\/en\/wp-json\/wp\/v2\/types\/product"}],"replies":[{"embeddable":true,"href":"https:\/\/comprasyconsejos.store\/en\/wp-json\/wp\/v2\/comments?post=39536"}],"version-history":[{"count":0,"href":"https:\/\/comprasyconsejos.store\/en\/wp-json\/wp\/v2\/product\/39536\/revisions"}],"wp:featuredmedia":[{"embeddable":true,"href":"https:\/\/comprasyconsejos.store\/en\/wp-json\/wp\/v2\/media\/39537"}],"wp:attachment":[{"href":"https:\/\/comprasyconsejos.store\/en\/wp-json\/wp\/v2\/media?parent=39536"}],"wp:term":[{"taxonomy":"product_brand","embeddable":true,"href":"https:\/\/comprasyconsejos.store\/en\/wp-json\/wp\/v2\/product_brand?post=39536"},{"taxonomy":"product_cat","embeddable":true,"href":"https:\/\/comprasyconsejos.store\/en\/wp-json\/wp\/v2\/product_cat?post=39536"},{"taxonomy":"product_tag","embeddable":true,"href":"https:\/\/comprasyconsejos.store\/en\/wp-json\/wp\/v2\/product_tag?post=39536"}],"curies":[{"name":"wp","href":"https:\/\/api.w.org\/{rel}","templated":true}]}}