{"id":39548,"date":"2026-03-08T17:57:19","date_gmt":"2026-03-08T17:57:19","guid":{"rendered":"https:\/\/comprasyconsejos.store\/product\/jungle-leopard-transwarp-ventilador-argb-de-140-mm-espejo-infinito-de-5-v-argb-pwm-ventilador-de-caja-de-140-mm-apto-para-ventiladores-de-refrigeracion-de-pc\/"},"modified":"2026-03-08T17:57:20","modified_gmt":"2026-03-08T17:57:20","slug":"jungle-leopard-transwarp-ventilador-argb-de-140-mm-espejo-infinito-de-5-v-argb-pwm-ventilador-de-caja-de-140-mm-apto-para-ventiladores-de-refrigeracion-de-pc","status":"publish","type":"product","link":"https:\/\/comprasyconsejos.store\/en\/product\/jungle-leopard-transwarp-ventilador-argb-de-140-mm-espejo-infinito-de-5-v-argb-pwm-ventilador-de-caja-de-140-mm-apto-para-ventiladores-de-refrigeracion-de-pc\/","title":{"rendered":"Jungle Leopard Transwarp &#8211; Ventilador ARGB de 140 mm, espejo infinito de 5 V ARGB PWM, ventilador de caja de 140 mm, apto para ventiladores de refrigeraci\u00f3n de PC"},"content":{"rendered":"<p>Price: <span style=\"color:#b12704\">\u20ac30.06<\/span><br \/><i><small>(as of Mar 08, 2026 17:57:19 UTC &#8211; <span class=\"wp_automatic_amazon_disclaimer\" title=\"Product prices and availability are accurate as of the date\/time indicated and are subject to change. Any price and availability information displayed on [relevant Amazon Site(s), as applicable] at the time of purchase will apply to the purchase of this product.\">Details<\/span>)<\/small><\/i><\/p>\n<p><a href=\"https:\/\/amazon.es\/dp\/B0G5GHDRRH?tag=man008-21\"><img decoding=\"async\" src=\"https:\/\/valvepress.s3.amazonaws.com\/imgs\/buy_now.png\"><\/a><br \/>\n<br \/>\n    <span>Jungle Leopard Ventilador Transwarp RGB de 140 mm, dise\u00f1o de efecto espejo infinito de doble cara + dise\u00f1o de panel cepillado de aluminio puro de doble cara. Efecto ligero gracias a la textura perfecta que combina.<\/span>    <br \/> Product Dimensions                                            \u200f                                            :                                            \u200e                                            13.97 x 2.49 x 13.97 cm; 140 g   <br \/> Date First Available                                            \u200f                                            :                                            \u200e                                            28 Dec. 2025   <br \/> Manufacturer                                            \u200f                                            :                                            \u200e                                            Jungle Leopard   <br \/> ASIN                                            \u200f                                            :                                            \u200e                                            B0G5GHDRRH   <br \/> Item model number                                            \u200f                                            :                                            \u200e                                            Transwarp 140   <\/p>\n<p>Jungle Leopard Ventilador Transwarp RGB de 140 mm, dise\u00f1o de efecto espejo infinito de doble cara + dise\u00f1o de panel cepillado de aluminio puro de doble cara. Efecto ligero gracias a la textura perfecta que combina.<br \/>El nuevo ventilador de PC RGB Jungle Leopard Transwarp de 140 mm est\u00e1 dise\u00f1ado con un patr\u00f3n de CD central y tiras de luz de anillo ARGB en el anillo exterior del n\u00facleo, lo que mejora a\u00fan m\u00e1s la calidad del efecto de iluminaci\u00f3n del ventilador.<br \/>Ventilador de refrigeraci\u00f3n de alto rendimiento, control autom\u00e1tico de velocidad de la placa base a trav\u00e9s de la interfaz de cable de ventilador PWM de 4 pines, que puede determinar la velocidad de acuerdo con la temperatura de la placa base, con una velocidad m\u00e1xima de 600 ~ 1800 rpm<br \/>La forma y el \u00e1ngulo de las aspas del ventilador est\u00e1n dise\u00f1ados en base a la bi\u00f3nica. Las aspas grandes del ventilador generan una fuerte presi\u00f3n del viento y un gran volumen de aire para proporcionar un rendimiento eficiente de disipaci\u00f3n de calor. Cada ventilador puede proporcionar hasta 65.8 CFM<br \/>Efecto de luz del espejo infinito envolvente: basado en la forma de colecci\u00f3n del espejo infinito, presenta un sentido visual 3D bajo la luz de la tira de luz ARGB frontal.<\/p>\n\n","protected":false},"excerpt":{"rendered":"<p> Jungle Leopard Ventilador Transwarp RGB de 140 mm, dise\u00f1o de efecto espejo infinito de doble<\/p>","protected":false},"featured_media":39549,"comment_status":"open","ping_status":"closed","template":"","meta":[],"product_brand":[],"product_cat":[65],"product_tag":[2003,2005,11796,1568,2013,4205,1998,2015,2009,11794,2011,11795,11791,11792,3954,2000,2023,2007,5790,2001,11793,4204,11535],"class_list":{"0":"post-39548","1":"product","2":"type-product","3":"status-publish","4":"has-post-thumbnail","6":"product_cat-case-fan","7":"product_tag-120mm-case-fan","8":"product_tag-140mm-case-fan","9":"product_tag-apto","10":"product_tag-argb","11":"product_tag-best-case-fan","12":"product_tag-caja","13":"product_tag-case-fan","14":"product_tag-computer-cooling-fan","15":"product_tag-cooling-fan-for-pc","16":"product_tag-espejo","17":"product_tag-high-airflow-case-fan","18":"product_tag-infinito","19":"product_tag-jungle","20":"product_tag-leopard","21":"product_tag-para","22":"product_tag-pc-case-fan","23":"product_tag-pwm","24":"product_tag-quiet-case-fan","25":"product_tag-refrigeracion","26":"product_tag-rgb-case-fan","27":"product_tag-transwarp","28":"product_tag-ventilador","29":"product_tag-ventiladores","31":"first","32":"instock","33":"shipping-taxable","34":"product-type-external"},"_links":{"self":[{"href":"https:\/\/comprasyconsejos.store\/en\/wp-json\/wp\/v2\/product\/39548","targetHints":{"allow":["GET"]}}],"collection":[{"href":"https:\/\/comprasyconsejos.store\/en\/wp-json\/wp\/v2\/product"}],"about":[{"href":"https:\/\/comprasyconsejos.store\/en\/wp-json\/wp\/v2\/types\/product"}],"replies":[{"embeddable":true,"href":"https:\/\/comprasyconsejos.store\/en\/wp-json\/wp\/v2\/comments?post=39548"}],"version-history":[{"count":0,"href":"https:\/\/comprasyconsejos.store\/en\/wp-json\/wp\/v2\/product\/39548\/revisions"}],"wp:featuredmedia":[{"embeddable":true,"href":"https:\/\/comprasyconsejos.store\/en\/wp-json\/wp\/v2\/media\/39549"}],"wp:attachment":[{"href":"https:\/\/comprasyconsejos.store\/en\/wp-json\/wp\/v2\/media?parent=39548"}],"wp:term":[{"taxonomy":"product_brand","embeddable":true,"href":"https:\/\/comprasyconsejos.store\/en\/wp-json\/wp\/v2\/product_brand?post=39548"},{"taxonomy":"product_cat","embeddable":true,"href":"https:\/\/comprasyconsejos.store\/en\/wp-json\/wp\/v2\/product_cat?post=39548"},{"taxonomy":"product_tag","embeddable":true,"href":"https:\/\/comprasyconsejos.store\/en\/wp-json\/wp\/v2\/product_tag?post=39548"}],"curies":[{"name":"wp","href":"https:\/\/api.w.org\/{rel}","templated":true}]}}