{"id":39552,"date":"2026-03-08T18:00:11","date_gmt":"2026-03-08T18:00:11","guid":{"rendered":"https:\/\/comprasyconsejos.store\/product\/thermalright-assassinx120-se-argb-cpu-air-cooler-ax120-se-argb-4-heat-pipes-tl-c12c-s-pwm-quiet-fan-cpu-cooler-with-s-fdb-bearing-for-amd-am4-am5-intel-lga-1700-1150-1151-1200\/"},"modified":"2026-03-08T18:00:17","modified_gmt":"2026-03-08T18:00:17","slug":"thermalright-assassinx120-se-argb-cpu-air-cooler-ax120-se-argb-4-heat-pipes-tl-c12c-s-pwm-quiet-fan-cpu-cooler-with-s-fdb-bearing-for-amd-am4-am5-intel-lga-1700-1150-1151-1200","status":"publish","type":"product","link":"https:\/\/comprasyconsejos.store\/en\/product\/thermalright-assassinx120-se-argb-cpu-air-cooler-ax120-se-argb-4-heat-pipes-tl-c12c-s-pwm-quiet-fan-cpu-cooler-with-s-fdb-bearing-for-amd-am4-am5-intel-lga-1700-1150-1151-1200\/","title":{"rendered":"Thermalright AssassinX120 SE ARGB CPU Air Cooler, AX120 SE ARGB, 4 Heat Pipes, TL-C12C-S PWM Quiet Fan CPU Cooler with S-FDB Bearing, for AMD AM4 AM5\/Intel LGA 1700\/1150\/1151\/1200"},"content":{"rendered":"<p>Price: <span style=\"color:#b12704\">\u20ac23.90<\/span><br \/><i><small>(as of Mar 08, 2026 18:00:11 UTC &#8211; <span class=\"wp_automatic_amazon_disclaimer\" title=\"Product prices and availability are accurate as of the date\/time indicated and are subject to change. Any price and availability information displayed on [relevant Amazon Site(s), as applicable] at the time of purchase will apply to the purchase of this product.\">Details<\/span>)<\/small><\/i><\/p>\n<p><a href=\"https:\/\/amazon.es\/dp\/B09NSTKSHW?tag=man008-21\"><img decoding=\"async\" src=\"https:\/\/valvepress.s3.amazonaws.com\/imgs\/buy_now.png\"><\/a><br \/>\n<\/p>\n<p>                                             Product Description   <\/p>\n<p>                                                  <img decoding=\"async\" alt=\"AX120 SE ARGB-f\" src=\"https:\/\/images-na.ssl-images-amazon.com\/images\/G\/01\/x-locale\/common\/grey-pixel.gif\" class=\"a-lazy-loaded\" data-src=\"https:\/\/m.media-amazon.com\/images\/S\/aplus-media-library-service-media\/87ffad89-5338-4bae-ab16-2f1d8e98b6ab.__CR0,0,970,300_PT0_SX970_V1___.jpg\"><img decoding=\"async\" alt=\"AX120 SE ARGB-f\" src=\"https:\/\/m.media-amazon.com\/images\/S\/aplus-media-library-service-media\/87ffad89-5338-4bae-ab16-2f1d8e98b6ab.__CR0,0,970,300_PT0_SX970_V1___.jpg\">  <\/p>\n<p>                                                                             <img decoding=\"async\" alt=\"AX120 SE ARGB-f\" src=\"https:\/\/images-na.ssl-images-amazon.com\/images\/G\/01\/x-locale\/common\/grey-pixel.gif\" class=\"a-spacing-base a-lazy-loaded\" data-src=\"https:\/\/m.media-amazon.com\/images\/S\/aplus-media-library-service-media\/f2f33ecf-db25-46bc-a1e8-eb071df527dc.__CR0,0,970,600_PT0_SX970_V1___.jpg\"><img decoding=\"async\" alt=\"AX120 SE ARGB-f\" src=\"https:\/\/m.media-amazon.com\/images\/S\/aplus-media-library-service-media\/f2f33ecf-db25-46bc-a1e8-eb071df527dc.__CR0,0,970,600_PT0_SX970_V1___.jpg\">                                                                    <\/p>\n<p class=\"apm-text-center\">\n                                                      <img decoding=\"async\" alt=\"AX120 SE ARGB-f\" src=\"https:\/\/images-na.ssl-images-amazon.com\/images\/G\/01\/x-locale\/common\/grey-pixel.gif\" class=\"a-spacing-mini a-lazy-loaded\" data-src=\"https:\/\/m.media-amazon.com\/images\/S\/aplus-media-library-service-media\/c4b75858-ea5e-42b2-a6b0-6830c8527145.__CR0,0,300,300_PT0_SX300_V1___.jpg\"><img decoding=\"async\" alt=\"AX120 SE ARGB-f\" src=\"https:\/\/m.media-amazon.com\/images\/S\/aplus-media-library-service-media\/c4b75858-ea5e-42b2-a6b0-6830c8527145.__CR0,0,300,300_PT0_SX300_V1___.jpg\">  <\/p>\n<p>                                                    EXPERIENCIA DE USUARIO DE EXCELENCIA                                       <\/p>\n<p> La pasta t\u00e9rmica premium THERMALRIGHT TF-4 tambi\u00e9n se incluye con el enfriador de CPU para obtener el mejor rendimiento listo para usar. El sistema de montaje Thermalright SS2 redise\u00f1ado ofrece un proceso de instalaci\u00f3n f\u00e1cil y una presi\u00f3n de montaje \u00f3ptima. <\/p>\n<p class=\"apm-text-center\">\n                                                      <img decoding=\"async\" alt=\"AX120 SE ARGB-f\" src=\"https:\/\/images-na.ssl-images-amazon.com\/images\/G\/01\/x-locale\/common\/grey-pixel.gif\" class=\"a-spacing-mini a-lazy-loaded\" data-src=\"https:\/\/m.media-amazon.com\/images\/S\/aplus-media-library-service-media\/7038cdcf-014b-4354-9ef3-15d0628f7293.__CR0,0,300,300_PT0_SX300_V1___.jpg\"><img decoding=\"async\" alt=\"AX120 SE ARGB-f\" src=\"https:\/\/m.media-amazon.com\/images\/S\/aplus-media-library-service-media\/7038cdcf-014b-4354-9ef3-15d0628f7293.__CR0,0,300,300_PT0_SX300_V1___.jpg\">  <\/p>\n<p>                                                    TUBOS DE CALOR DE TECNOLOG\u00cdA AGHP (ANTI-GRAVITY HEAT PIPE)                                       <\/p>\n<p> Los tubos de calor comunes dependen en gran medida de la gravedad para lograr un rendimiento \u00f3ptimo. <\/p>\n<p> Disipador t\u00e9rmico equipado con THERMALRIGHT Dise\u00f1o especial AGHP Heat Pipes no se ve afectado por la direcci\u00f3n de montaje. Esto garantiza una experiencia m\u00e1s fresca del usuario en diferentes dise\u00f1os de cajas de computadora. <\/p>\n<p class=\"apm-text-center\">\n                                                      <img decoding=\"async\" alt=\"AX120 SE ARGB-f\" src=\"https:\/\/images-na.ssl-images-amazon.com\/images\/G\/01\/x-locale\/common\/grey-pixel.gif\" class=\"a-spacing-mini a-lazy-loaded\" data-src=\"https:\/\/m.media-amazon.com\/images\/S\/aplus-media-library-service-media\/b1f6ce63-2794-4c89-a5e1-59b4885392d2.__CR0,0,300,300_PT0_SX300_V1___.jpg\"><img decoding=\"async\" alt=\"AX120 SE ARGB-f\" src=\"https:\/\/m.media-amazon.com\/images\/S\/aplus-media-library-service-media\/b1f6ce63-2794-4c89-a5e1-59b4885392d2.__CR0,0,300,300_PT0_SX300_V1___.jpg\">  <\/p>\n<p>                                                    RENDIMIENTO EQUILIBRADO VENTILADOR TL-C12C-S                                       <\/p>\n<p> Basado en el dise\u00f1o del ventilador TL-C12, la serie de ventiladores TL-C12C-S logra un equilibrio \u00f3ptimo entre el rendimiento y la salida de ruido, por lo tanto, son ventiladores completos para escenarios de uso de disipadores t\u00e9rmicos o radiadores. El motor est\u00e1 equipado con un rodamiento S-FDB para un funcionamiento suave y una larga vida \u00fatil. <\/p>\n<p>                                                  <img decoding=\"async\" alt=\"AX120 SE ARGB-f\" src=\"https:\/\/images-na.ssl-images-amazon.com\/images\/G\/01\/x-locale\/common\/grey-pixel.gif\" class=\"a-lazy-loaded\" data-src=\"https:\/\/m.media-amazon.com\/images\/S\/aplus-media-library-service-media\/23847463-2c47-490f-9132-dff78b889c94.__CR0,0,970,300_PT0_SX970_V1___.jpg\"><img decoding=\"async\" alt=\"AX120 SE ARGB-f\" src=\"https:\/\/m.media-amazon.com\/images\/S\/aplus-media-library-service-media\/23847463-2c47-490f-9132-dff78b889c94.__CR0,0,970,300_PT0_SX970_V1___.jpg\">  <\/p>\n<p>                                                         <img decoding=\"async\" alt=\"el logo del futuro\" src=\"https:\/\/images-na.ssl-images-amazon.com\/images\/G\/01\/x-locale\/common\/grey-pixel.gif\" class=\"a-lazy-loaded\" data-src=\"https:\/\/m.media-amazon.com\/images\/S\/aplus-media-library-service-media\/59a28fa5-a545-4602-a60c-b44550c98483.__CR0,0,600,180_PT0_SX600_V1___.jpg\"><img decoding=\"async\" alt=\"el logo del futuro\" src=\"https:\/\/m.media-amazon.com\/images\/S\/aplus-media-library-service-media\/59a28fa5-a545-4602-a60c-b44550c98483.__CR0,0,600,180_PT0_SX600_V1___.jpg\">      <\/p>\n<p>                         Add To Basket  <\/p>\n<p>                         Add To Basket  <\/p>\n<p>                         Add To Basket  <\/p>\n<p>                             Customer Reviews  <\/p>\n<p>                    4.1 out of 5 stars  79  <\/p>\n<p>                    4.6 out of 5 stars  72  <\/p>\n<p>                    4.7 out of 5 stars  38  <\/p>\n<p>                    4.7 out of 5 stars  2,873  <\/p>\n<p>                    4.4 out of 5 stars  193  <\/p>\n<p>                    4.8 out of 5 stars  18  <\/p>\n<p>                             Price  <\/p>\n<p>                                    \u20ac25.39\u20ac25.39<br \/>\n                                            \u2014 no data<\/p>\n<p>                                            \u2014 no data<br \/>\n                                                       \u20ac45.90\u20ac45.90                  \u20ac10.59\u20ac10.59<br \/>\n                                            \u2014 no data<\/p>\n<p>                                4\u00d76mm heatpipes               5\u00d76mm heatpipes               6\u00d76mm heatpipes               6\u00d76mm heatpipes                 no data<br \/>\n                                                            4\u00d78mm heatpipes        <\/p>\n<p>                                \u00abIntel: LGA1150,LGA1151,LGA1155,LGA1156,LGA1200;  AMD: AM4\u00bb               \u00abIntel: LGA1150,LGA1151,LGA1155,LGA1156,LGA1200,LGA2011,LGA2066, LGA1700;  AMD: AM4 AM5\u00bb               \u00abIntel: LGA1150,LGA1151,LGA1155,LGA1156,LGA1200,LGA2011,LGA2066, LGA1700;  AMD: AM4 AM5\u00bb               \u00abIntel: LGA1150,LGA1151,LGA1155,LGA1156,LGA1200,LGA1700; AMD: AM4 AM5\u00bb                 no data<br \/>\n                                                            \u00abIntel: LGA1150,LGA1151,LGA1155,LGA1156,LGA1200,LGA2011,LGA2066, LGA1700;  AMD: AM4 AM5\u00bb        <\/p>\n<p>                                2700\u00b110%RPM               2500\u00b110%RPM               2150\u00b110%RPM               1550\u00b110%RPM                 no data<br \/>\n                                                            1500\u00b110%RPM        <\/p>\n<p>                                53MM\/2.09in               125MM\/4.92in               157MM\/6.18in               155MM\/6.1in                 no data<br \/>\n                                                            160MM\/6.3in        <\/p>\n<p>                                Versi\u00f3n sin luz               Versi\u00f3n sin luz               Versi\u00f3n sin luz               Versi\u00f3n para ARGB                 no data<br \/>\n                                                            Versi\u00f3n sin luz        <\/p>\n<p> Product Dimensions                                            \u200f                                            :                                            \u200e                                            12 x 7.1 x 14.8 cm; 648.64 g   <br \/> Manufacturer                                            \u200f                                            :                                            \u200e                                            Thermalright   <br \/> ASIN                                            \u200f                                            :                                            \u200e                                            B09NSTKSHW   <br \/> Item model number                                            \u200f                                            :                                            \u200e                                            AX120 SE ARGB-f   <br \/> Country of origin                                            \u200f                                            :                                            \u200e                                            China   <br \/> Guaranteed software updates until                                            \u200f                                            :                                            \u200e                                            unknown   <br \/>  Customer reviews:                                                                                            4.7               4.7 out of 5 stars                                  (2,172)                                              var dpAcrHasRegisteredArcLinkClickAction;                    P.when(&#8216;A&#8217;, &#8216;ready&#8217;).execute(function(A) {                        if (dpAcrHasRegisteredArcLinkClickAction !== true) {                            dpAcrHasRegisteredArcLinkClickAction = true;                            A.declarative(                                &#8216;acrLink-click-metrics&#8217;, &#8216;click&#8217;,                                { \u00aballowLinkDefault\u00bb: true },                                function (event) {                                    if (window.ue) {                                        ue.count(\u00abacrLinkClickCount\u00bb, (ue.count(\u00abacrLinkClickCount\u00bb) || 0) + 1);                                    }                                }                            );                        }                    });                                             P.when(&#8216;A&#8217;, &#8216;cf&#8217;).execute(function(A) {                A.declarative(&#8216;acrStarsLink-click-metrics&#8217;, &#8216;click&#8217;, { \u00aballowLinkDefault\u00bb : true },  function(event){                    if(window.ue) {                        ue.count(\u00abacrStarsLinkWithPopoverClickCount\u00bb, (ue.count(\u00abacrStarsLinkWithPopoverClickCount\u00bb) || 0) + 1);                    }                });            });                          <\/p>\n<p>\u3010Brand Overview\u3011Thermalright is a brand from Taiwan with more than 20 years of development. It has some popularity in domestic and foreign markets and has a fundamental influence on the player market. We have focused on research and development of computer accessories. CPU cooler and case fan are the main products.<br \/>\u3010Product Specification\u3011Thermalright AX120 SE ARGB; CPU Cooler Dimensions: 120(L) x71(W) x148(H) mm (4.92&#215;2.8x 5.83 inches); Product Weight: 0.63 kg (1.39 lb); Heat sink material: Aluminium, the CPU cooler is equipped with metal fasteners. Intel and AMD platform for achieve better installation<br \/>\u3010PWM Fans\u3011MODEL: TL-C12C-S; Colorful and beautiful ARGB light effects; Standard size PWM fan: 120x120x25mm (4.72&#215;4.72&#215;0.98 inch); Fan speed(RPM):1550rpm \u00b1 10%; Power port: 4 pins; Voltage: 12V; Airflow: 66.17CFM (MAX); Noise level\u226425.6dB(A), the fan combines efficient cooling with low noise, giving you an environment with efficient cooling and true silence<br \/>\u3010AGHP Technique\u30114\u00d76mm heat pipes apply AGHP technique. Solve the reverse gravity effect caused by vertical\/horizontal orientation, the TDP of CPU cooler is 125-225W. Up to 20000 hours industrial life, S-FDB bearings ensure long service life of air cooler radiators. The height is 148mm, suitable for medium-sized computer cases<br \/>\u3010Compatibility\u3011The CPU cooler socket supports: Intel: 115X \/ 1200\/1700 \/ 17XX AMD: AM4; For different CPU socket platforms, the corresponding mounting plate or fixing parts are provided<\/p>\n\n","protected":false},"excerpt":{"rendered":"<p> Product Description EXPERIENCIA DE USUARIO DE EXCELENCIA La pasta t\u00e9rmica premium THERMALRIGHT TF-4 tambi\u00e9n se<\/p>","protected":false},"featured_media":39553,"comment_status":"open","ping_status":"closed","template":"","meta":[],"product_brand":[],"product_cat":[66],"product_tag":[216,1662,3843,530,2008,1568,11797,3469,2026,2010,1668,598,2002,2014,1997,2016,910,1123,2006,1456,2022,1999,2023,769,2012,2004,2025,2017,2293],"class_list":{"0":"post-39552","1":"product","2":"type-product","3":"status-publish","4":"has-post-thumbnail","6":"product_cat-cpu-fan","7":"product_tag-air","8":"product_tag-am4","9":"product_tag-am5intel","10":"product_tag-amd","11":"product_tag-amd-cpu-cooler","12":"product_tag-argb","13":"product_tag-assassinx120","14":"product_tag-ax120","15":"product_tag-bearing","16":"product_tag-best-cpu-fan","17":"product_tag-cooler","18":"product_tag-cpu","19":"product_tag-cpu-air-cooler","20":"product_tag-cpu-cooling-fan","21":"product_tag-cpu-fan","22":"product_tag-cpu-fan-price","23":"product_tag-fan","24":"product_tag-heat","25":"product_tag-intel-cpu-fan","26":"product_tag-lga","27":"product_tag-pipes","28":"product_tag-processor-fan","29":"product_tag-pwm","30":"product_tag-quiet","31":"product_tag-quiet-cpu-cooler","32":"product_tag-rgb-cpu-cooler","33":"product_tag-sfdb","34":"product_tag-thermalright","35":"product_tag-tlc12cs","37":"first","38":"instock","39":"shipping-taxable","40":"product-type-external"},"_links":{"self":[{"href":"https:\/\/comprasyconsejos.store\/en\/wp-json\/wp\/v2\/product\/39552","targetHints":{"allow":["GET"]}}],"collection":[{"href":"https:\/\/comprasyconsejos.store\/en\/wp-json\/wp\/v2\/product"}],"about":[{"href":"https:\/\/comprasyconsejos.store\/en\/wp-json\/wp\/v2\/types\/product"}],"replies":[{"embeddable":true,"href":"https:\/\/comprasyconsejos.store\/en\/wp-json\/wp\/v2\/comments?post=39552"}],"version-history":[{"count":0,"href":"https:\/\/comprasyconsejos.store\/en\/wp-json\/wp\/v2\/product\/39552\/revisions"}],"wp:featuredmedia":[{"embeddable":true,"href":"https:\/\/comprasyconsejos.store\/en\/wp-json\/wp\/v2\/media\/39553"}],"wp:attachment":[{"href":"https:\/\/comprasyconsejos.store\/en\/wp-json\/wp\/v2\/media?parent=39552"}],"wp:term":[{"taxonomy":"product_brand","embeddable":true,"href":"https:\/\/comprasyconsejos.store\/en\/wp-json\/wp\/v2\/product_brand?post=39552"},{"taxonomy":"product_cat","embeddable":true,"href":"https:\/\/comprasyconsejos.store\/en\/wp-json\/wp\/v2\/product_cat?post=39552"},{"taxonomy":"product_tag","embeddable":true,"href":"https:\/\/comprasyconsejos.store\/en\/wp-json\/wp\/v2\/product_tag?post=39552"}],"curies":[{"name":"wp","href":"https:\/\/api.w.org\/{rel}","templated":true}]}}