{"id":39560,"date":"2026-03-08T18:04:37","date_gmt":"2026-03-08T18:04:37","guid":{"rendered":"https:\/\/comprasyconsejos.store\/product\/2-pack-eyoyo-mini-bluetooth-barcode-scanner-for-libraries-2d-wireless-handheld-scanner-compatible-with-mobile-phones-androids-tablets-and-laptops\/"},"modified":"2026-03-08T18:04:39","modified_gmt":"2026-03-08T18:04:39","slug":"2-pack-eyoyo-mini-bluetooth-barcode-scanner-for-libraries-2d-wireless-handheld-scanner-compatible-with-mobile-phones-androids-tablets-and-laptops","status":"publish","type":"product","link":"https:\/\/comprasyconsejos.store\/en\/product\/2-pack-eyoyo-mini-bluetooth-barcode-scanner-for-libraries-2d-wireless-handheld-scanner-compatible-with-mobile-phones-androids-tablets-and-laptops\/","title":{"rendered":"2-Pack Eyoyo Mini Bluetooth Barcode Scanner for Libraries 2D Wireless Handheld Scanner, Compatible with Mobile Phones, Androids, Tablets and Laptops."},"content":{"rendered":"<p>Price: <span style=\"color:#b12704\">\u20ac99.99<\/span><br \/><i><small>(as of Mar 08, 2026 18:04:37 UTC &#8211; <span class=\"wp_automatic_amazon_disclaimer\" title=\"Product prices and availability are accurate as of the date\/time indicated and are subject to change. Any price and availability information displayed on [relevant Amazon Site(s), as applicable] at the time of purchase will apply to the purchase of this product.\">Details<\/span>)<\/small><\/i><\/p>\n<p><a href=\"https:\/\/amazon.es\/dp\/B0FGCRG2MC?tag=man008-21\"><img decoding=\"async\" src=\"https:\/\/valvepress.s3.amazonaws.com\/imgs\/buy_now.png\"><\/a><br \/>\n<\/p>\n<p>                                             From the brand   <\/p>\n<p>                                              <img decoding=\"async\" alt=\"Interfaz de esc\u00e1ner de c\u00f3digo de barras digital con icono de rayo l\u00e1ser rojo. El texto dice \u00abEvovo\u00bb y \u00abJust Scan\u00bb con el lema \u00abNo Barcodes Can Stop\" src=\"https:\/\/images-na.ssl-images-amazon.com\/images\/G\/01\/x-locale\/common\/grey-pixel.gif\" class=\"a-lazy-loaded\" data-src=\"https:\/\/m.media-amazon.com\/images\/S\/aplus-media-library-service-media\/2f294a96-6e15-4301-8a70-c50ed540d57c.__CR0,0,1464,625_PT0_SX1464_V1___.jpg\"><img decoding=\"async\" alt=\"Interfaz de esc\u00e1ner de c\u00f3digo de barras digital con icono de rayo l\u00e1ser rojo. El texto dice \u00abEvovo\u00bb y \u00abJust Scan\u00bb con el lema \u00abNo Barcodes Can Stop\" src=\"https:\/\/m.media-amazon.com\/images\/S\/aplus-media-library-service-media\/2f294a96-6e15-4301-8a70-c50ed540d57c.__CR0,0,1464,625_PT0_SX1464_V1___.jpg\">  <\/p>\n<p>                                                         \u00bfQu\u00e9 hace que nuestros productos sean \u00fanicos?                                       <\/p>\n<p> Eyoyo se basa en la innovaci\u00f3n y valora las opiniones de todos sus clientes para mantener su posici\u00f3n de liderazgo en el mercado de la tecnolog\u00eda de escaneo de c\u00f3digos de barras. <\/p>\n<p>                                                         \u00bfPor qu\u00e9 nos encanta lo que hacemos?                                       <\/p>\n<p> La misi\u00f3n del esc\u00e1ner de c\u00f3digos de barras Eyoyo es fabricar esc\u00e1neres asequibles, duraderos, r\u00e1pidos y f\u00e1ciles de usar, que permitan a todos los trabajadores de su empresa aumentar la productividad. <\/p>\n<p>                                                         \u00bfQu\u00e9 problema estamos resolviendo?                                       <\/p>\n<p> Inventario r\u00e1pido y preciso, cajas m\u00e1s r\u00e1pidas, informaci\u00f3n precisa e instant\u00e1nea sobre los productos. <\/p>\n<h3> Esc\u00e1ner Eyoyo de Barras <\/h3>\n<h3> Esc\u00e1ner Eyoyo de Barras <\/h3>\n<h3> Esc\u00e1ner Eyoyo de Barras <\/h3>\n<h3> Esc\u00e1ner Eyoyo de Barras <\/h3>\n<h3> Esc\u00e1ner Eyoyo de Barras <\/h3>\n<h3> Esc\u00e1ner Eyoyo de Barras <\/h3>\n<p> Batteries                                            \u200f                                            :                                            \u200e                                            1 Nonstandard Battery batteries required. (included)   <br \/> Product Dimensions                                            \u200f                                            :                                            \u200e                                            16.2 x 3.4 x 9.3 cm; 260 g   <br \/> Manufacturer                                            \u200f                                            :                                            \u200e                                            Eyoyo   <br \/> ASIN                                            \u200f                                            :                                            \u200e                                            B0FGCRG2MC   <br \/> Country\/Region of Origin                                            \u200f                                            :                                            \u200e                                            China   <br \/> Guaranteed software updates until                                            \u200f                                            :                                            \u200e                                            unknown   <br \/>  Customer reviews:                                                                                            4.4               4.4 out of 5 stars                                  (178)                                              var dpAcrHasRegisteredArcLinkClickAction;                    P.when(&#8216;A&#8217;, &#8216;ready&#8217;).execute(function(A) {                        if (dpAcrHasRegisteredArcLinkClickAction !== true) {                            dpAcrHasRegisteredArcLinkClickAction = true;                            A.declarative(                                &#8216;acrLink-click-metrics&#8217;, &#8216;click&#8217;,                                { \u00aballowLinkDefault\u00bb: true },                                function (event) {                                    if (window.ue) {                                        ue.count(\u00abacrLinkClickCount\u00bb, (ue.count(\u00abacrLinkClickCount\u00bb) || 0) + 1);                                    }                                }                            );                        }                    });                                             P.when(&#8216;A&#8217;, &#8216;cf&#8217;).execute(function(A) {                A.declarative(&#8216;acrStarsLink-click-metrics&#8217;, &#8216;click&#8217;, { \u00aballowLinkDefault\u00bb : true },  function(event){                    if(window.ue) {                        ue.count(\u00abacrStarsLinkWithPopoverClickCount\u00bb, (ue.count(\u00abacrStarsLinkWithPopoverClickCount\u00bb) || 0) + 1);                    }                });            });                          <\/p>\n<p>2-Pack Mini Pocket Barcode Scanner: Ultra Mini Size: 3.5*1.18*0.78 inch, Ultra Light: 1.5 oz. Portable and pocket-sized makes the perfect wireless barcode scanner for on-the-go and long-term exploration. Suitable for inventory, warehouse, supermarket, express delivery, bookstores, libraries, sales stores and more<br \/>3 Ways of Wireless Connection and High Compatibility: You can switch 2.4Ghz wireless, Bluetooth wireless, USB wired connections according to your needs, which is more convenient.Eyoyo wireless barcode reader offers up to 80-100m\/260-330ft barrier-free transmission distance in wireless mode. Connects easily with your laptop, PC, POS, mobile phone, tablet, phone<br \/>Advanced 2D Scanning Technology: The 2D barcode image scanner is equipped with advanced CMOS sensor, higher decoding accuracy, which can easily capture 1D\/2D barcodes (QR\/ PDF417\/ MicroPDF417\/ DataMatrix\/ Aztec\/ Maxicode, etc) from paper and electronic screen, effectively compensating for the problem that the laser scanner 1D D cannot identify codes 2D and display. Also with super decoding ability support scan damaged, distortion, colorful, reflective, reverse barcode, etc special barcodes<br \/>\u3010Long-Lasting Rechargeable Battery &#038; Energy Saving Design\u3011Our upgraded wireless bluetooth barcode scanner is equipped with a 450mAh high-capacity rechargeable battery, can work continuously for 8 hours after 4 hours full charge, 180 days super long standby time. In order to save power, the scanner will automatically shut down after 5 minutes of inactivity by default. Users can set or cancel the shutdown time<br \/>Two Data Transfer Modes: Instant Transfer Mode\/Storage Mode. in offline storage mode. The barcode reader can automatically store the barcode data on the device. Bulk upload data to the device when needed. Barcode data can be stored up to 150,000 barcodes<\/p>\n\n","protected":false},"excerpt":{"rendered":"<p> From the brand \u00bfQu\u00e9 hace que nuestros productos sean \u00fanicos? Eyoyo se basa en la<\/p>","protected":false},"featured_media":39561,"comment_status":"open","ping_status":"closed","template":"","meta":[],"product_brand":[],"product_cat":[60],"product_tag":[206,11799,3126,1990,726,201,1982,7095,1989,1983,2490,1986,534,11798,215,1275,1987,392,1984,1985,840,1991,917,1988,226],"class_list":{"0":"post-39560","1":"product","2":"type-product","3":"status-publish","4":"has-post-thumbnail","6":"product_cat-scanners","7":"product_tag-2pack","8":"product_tag-androids","9":"product_tag-barcode","10":"product_tag-best-scanner","11":"product_tag-bluetooth","12":"product_tag-compatible","13":"product_tag-document-scanner","14":"product_tag-eyoyo","15":"product_tag-fast-document-scanner","16":"product_tag-flatbed-scanner","17":"product_tag-handheld","18":"product_tag-high-resolution-scanner","19":"product_tag-laptops","20":"product_tag-libraries","21":"product_tag-mini","22":"product_tag-mobile","23":"product_tag-office-scanner","24":"product_tag-phones","25":"product_tag-photo-scanner","26":"product_tag-portable-scanner","27":"product_tag-scanner","28":"product_tag-scanner-price","29":"product_tag-tablets","30":"product_tag-usb-scanner","31":"product_tag-wireless","33":"first","34":"instock","35":"shipping-taxable","36":"product-type-external"},"_links":{"self":[{"href":"https:\/\/comprasyconsejos.store\/en\/wp-json\/wp\/v2\/product\/39560","targetHints":{"allow":["GET"]}}],"collection":[{"href":"https:\/\/comprasyconsejos.store\/en\/wp-json\/wp\/v2\/product"}],"about":[{"href":"https:\/\/comprasyconsejos.store\/en\/wp-json\/wp\/v2\/types\/product"}],"replies":[{"embeddable":true,"href":"https:\/\/comprasyconsejos.store\/en\/wp-json\/wp\/v2\/comments?post=39560"}],"version-history":[{"count":0,"href":"https:\/\/comprasyconsejos.store\/en\/wp-json\/wp\/v2\/product\/39560\/revisions"}],"wp:featuredmedia":[{"embeddable":true,"href":"https:\/\/comprasyconsejos.store\/en\/wp-json\/wp\/v2\/media\/39561"}],"wp:attachment":[{"href":"https:\/\/comprasyconsejos.store\/en\/wp-json\/wp\/v2\/media?parent=39560"}],"wp:term":[{"taxonomy":"product_brand","embeddable":true,"href":"https:\/\/comprasyconsejos.store\/en\/wp-json\/wp\/v2\/product_brand?post=39560"},{"taxonomy":"product_cat","embeddable":true,"href":"https:\/\/comprasyconsejos.store\/en\/wp-json\/wp\/v2\/product_cat?post=39560"},{"taxonomy":"product_tag","embeddable":true,"href":"https:\/\/comprasyconsejos.store\/en\/wp-json\/wp\/v2\/product_tag?post=39560"}],"curies":[{"name":"wp","href":"https:\/\/api.w.org\/{rel}","templated":true}]}}