{"id":39573,"date":"2026-03-08T18:11:25","date_gmt":"2026-03-08T18:11:25","guid":{"rendered":"https:\/\/comprasyconsejos.store\/product\/canon-maxify-gx3050-megatank-professional-office-printer-with-refillable-ink-reservoir-lcd-display-3-year-warranty-high-speed-printing-includes-ink-bottles\/"},"modified":"2026-03-08T18:11:31","modified_gmt":"2026-03-08T18:11:31","slug":"canon-maxify-gx3050-megatank-professional-office-printer-with-refillable-ink-reservoir-lcd-display-3-year-warranty-high-speed-printing-includes-ink-bottles","status":"publish","type":"product","link":"https:\/\/comprasyconsejos.store\/en\/product\/canon-maxify-gx3050-megatank-professional-office-printer-with-refillable-ink-reservoir-lcd-display-3-year-warranty-high-speed-printing-includes-ink-bottles\/","title":{"rendered":"Canon Maxify GX3050 Megatank Professional Office Printer with Refillable Ink Reservoir, LCD Display, 3 Year Warranty, High Speed Printing, Includes Ink Bottles"},"content":{"rendered":"<p>Price: <span style=\"color:#b12704\"><del>\u20ac449.00<\/del> - \u20ac306.33<\/span><br \/><i><small>(as of Mar 08, 2026 18:11:25 UTC &#8211; <span class=\"wp_automatic_amazon_disclaimer\" title=\"Product prices and availability are accurate as of the date\/time indicated and are subject to change. Any price and availability information displayed on [relevant Amazon Site(s), as applicable] at the time of purchase will apply to the purchase of this product.\">Details<\/span>)<\/small><\/i><\/p>\n<p><a href=\"https:\/\/amazon.es\/dp\/B0BN95QF2G?tag=man008-21\"><img decoding=\"async\" src=\"https:\/\/valvepress.s3.amazonaws.com\/imgs\/buy_now.png\"><\/a><br \/>\n<\/p>\n<p>                                             From the manufacturer   <\/p>\n<p>                                                                             <img decoding=\"async\" alt=\"CANON\" src=\"https:\/\/images-na.ssl-images-amazon.com\/images\/G\/01\/x-locale\/common\/grey-pixel.gif\" class=\"a-spacing-base a-lazy-loaded\" data-src=\"https:\/\/m.media-amazon.com\/images\/S\/aplus-media\/sota\/f6f57999-e50c-45c4-a04c-2128e32be6fe.__CR0,0,970,600_PT0_SX970_V1___.jpg\"><img decoding=\"async\" alt=\"CANON\" src=\"https:\/\/m.media-amazon.com\/images\/S\/aplus-media\/sota\/f6f57999-e50c-45c4-a04c-2128e32be6fe.__CR0,0,970,600_PT0_SX970_V1___.jpg\">                                                                     <\/p>\n<p class=\"a-spacing-base\"> Fundada en 1937, Canon es una empresa de tecnolog\u00eda dedicada a ayudar a las personas a reinventar y ampliar los l\u00edmites de lo que es posible a trav\u00e9s de la imagen. <\/p>\n<p class=\"a-spacing-base\"> La innovaci\u00f3n continua de Canon los ha mantenido a la vanguardia de la excelencia en im\u00e1genes a lo largo de sus 80 a\u00f1os de historia, lo que les ha permitido desarrollar tecnolog\u00eda l\u00edder en la industria para satisfacer las demandas futuras de fot\u00f3grafos, camar\u00f3grafos, trabajadores de oficina, impresores profesionales, expertos en im\u00e1genes m\u00e9dicas y mucho m\u00e1s. <\/p>\n<p class=\"a-spacing-base\"> Utilizan sus tecnolog\u00edas de imagen para ir m\u00e1s all\u00e1 de su gama completa de productos existentes y cultivar nuevas \u00e1reas comerciales donde su tecnolog\u00eda de imagen puede ampliar los l\u00edmites de lo que es posible. Esta filosof\u00eda se aplica a \u00e1reas como el desarrollo de sat\u00e9lites, los avances en medicina y las crecientes posibilidades de impresi\u00f3n, equipos industriales y c\u00e1maras de video en red, su contribuci\u00f3n a la creaci\u00f3n de ciudades inteligentes. Las principales tecnolog\u00edas \u00f3pticas y de im\u00e1genes de Canon tambi\u00e9n contribuyen a los avances en astronom\u00eda. <\/p>\n<p>                                                                             <img decoding=\"async\" alt=\"CANON\" src=\"https:\/\/images-na.ssl-images-amazon.com\/images\/G\/01\/x-locale\/common\/grey-pixel.gif\" class=\"a-spacing-base a-lazy-loaded\" data-src=\"https:\/\/m.media-amazon.com\/images\/S\/aplus-media\/sota\/f82edcb8-fd84-4862-89f5-3b1ed09d2387.__CR0,0,970,600_PT0_SX970_V1___.jpg\"><img decoding=\"async\" alt=\"CANON\" src=\"https:\/\/m.media-amazon.com\/images\/S\/aplus-media\/sota\/f82edcb8-fd84-4862-89f5-3b1ed09d2387.__CR0,0,970,600_PT0_SX970_V1___.jpg\">                                                                       <\/p>\n<p>                                                                             <img decoding=\"async\" alt=\"CANON\" src=\"https:\/\/images-na.ssl-images-amazon.com\/images\/G\/01\/x-locale\/common\/grey-pixel.gif\" class=\"a-spacing-base a-lazy-loaded\" data-src=\"https:\/\/m.media-amazon.com\/images\/S\/aplus-media\/sota\/1038a5f1-b6b8-46e8-a4fd-ea58f8355a31.__CR0,0,970,600_PT0_SX970_V1___.jpg\"><img decoding=\"async\" alt=\"CANON\" src=\"https:\/\/m.media-amazon.com\/images\/S\/aplus-media\/sota\/1038a5f1-b6b8-46e8-a4fd-ea58f8355a31.__CR0,0,970,600_PT0_SX970_V1___.jpg\">                                                                    <\/p>\n<p> Is discontinued by manufacturer                                            \u200f                                            :                                            \u200e                                            No   <br \/> Language                                            \u200f                                            :                                            \u200e                                            English   <br \/> Product Dimensions                                            \u200f                                            :                                            \u200e                                            50 x 50 x 28 cm; 8.3 kg   <br \/> Manufacturer                                            \u200f                                            :                                            \u200e                                            CANON &#8211; BJ FAX &#038; MFP   <br \/> ASIN                                            \u200f                                            :                                            \u200e                                            B0BN95QF2G   <br \/> Item model number                                            \u200f                                            :                                            \u200e                                            GX3050   <br \/> Guaranteed software updates until                                            \u200f                                            :                                            \u200e                                            unknown   <br \/>  Customer reviews:                                                                                            4.3               4.3 out of 5 stars                                  (597)                                              var dpAcrHasRegisteredArcLinkClickAction;                    P.when(&#8216;A&#8217;, &#8216;ready&#8217;).execute(function(A) {                        if (dpAcrHasRegisteredArcLinkClickAction !== true) {                            dpAcrHasRegisteredArcLinkClickAction = true;                            A.declarative(                                &#8216;acrLink-click-metrics&#8217;, &#8216;click&#8217;,                                { \u00aballowLinkDefault\u00bb: true },                                function (event) {                                    if (window.ue) {                                        ue.count(\u00abacrLinkClickCount\u00bb, (ue.count(\u00abacrLinkClickCount\u00bb) || 0) + 1);                                    }                                }                            );                        }                    });                                             P.when(&#8216;A&#8217;, &#8216;cf&#8217;).execute(function(A) {                A.declarative(&#8216;acrStarsLink-click-metrics&#8217;, &#8216;click&#8217;, { \u00aballowLinkDefault\u00bb : true },  function(event){                    if(window.ue) {                        ue.count(\u00abacrStarsLinkWithPopoverClickCount\u00bb, (ue.count(\u00abacrStarsLinkWithPopoverClickCount\u00bb) || 0) + 1);                    }                });            });                          <\/p>\n<p>Save significantly: with refillable ink tanks that reduce total cost of ownership and cost per page. Increase print performance with Economy Mode and print up to 1.5x more pages with the same amount of ink.<br \/>Excellent quality prints: Enjoy fast, professional prints that are resistant to water, friction and markers, with excellent readability and in high volumes.<br \/>COMPACT WITH LARGE CAPACITY &#8211; Save time with the LCD screen and a paper capacity of 350 sheets.<br \/>Maximize efficiency: Take care of the environment with inkjet printing and high-performance bottles. The user-replaceable maintenance cartridge minimizes downtime.<br \/>\u3010Connected Printer\u3011Support AirPrint(iOS) and Mopria (Android), besides scanning you can control the printer functions and print and scan directly.<\/p>\n\n","protected":false},"excerpt":{"rendered":"<p> From the manufacturer Fundada en 1937, Canon es una empresa de tecnolog\u00eda dedicada a ayudar<\/p>","protected":false},"featured_media":39574,"comment_status":"open","ping_status":"closed","template":"","meta":[],"product_brand":[],"product_cat":[57],"product_tag":[2140,4197,2184,2134,2126,561,11801,197,2129,1196,1980,1953,2145,2142,1186,5860,3137,585,2143,2132,1962,2276,814,2321,5077,198,725,2136,1128],"class_list":{"0":"post-39573","1":"product","2":"type-product","3":"status-publish","4":"has-post-thumbnail","6":"product_cat-inkjet-printers","7":"product_tag-best-inkjet-printer","8":"product_tag-bottles","9":"product_tag-canon","10":"product_tag-cheap-inkjet-printer","11":"product_tag-color-inkjet-printer","12":"product_tag-display","13":"product_tag-gx3050","14":"product_tag-high","15":"product_tag-home-inkjet-printer","16":"product_tag-includes","17":"product_tag-ink","18":"product_tag-ink-tank-printer","19":"product_tag-inkjet-printer","20":"product_tag-inkjet-printer-price","21":"product_tag-lcd","22":"product_tag-maxify","23":"product_tag-megatank","24":"product_tag-office","25":"product_tag-office-inkjet-printer","26":"product_tag-photo-inkjet-printer","27":"product_tag-printer","28":"product_tag-printing","29":"product_tag-professional","30":"product_tag-refillable","31":"product_tag-reservoir","32":"product_tag-speed","33":"product_tag-warranty","34":"product_tag-wireless-inkjet-printer","35":"product_tag-year","37":"first","38":"instock","39":"sale","40":"shipping-taxable","41":"product-type-external"},"_links":{"self":[{"href":"https:\/\/comprasyconsejos.store\/en\/wp-json\/wp\/v2\/product\/39573","targetHints":{"allow":["GET"]}}],"collection":[{"href":"https:\/\/comprasyconsejos.store\/en\/wp-json\/wp\/v2\/product"}],"about":[{"href":"https:\/\/comprasyconsejos.store\/en\/wp-json\/wp\/v2\/types\/product"}],"replies":[{"embeddable":true,"href":"https:\/\/comprasyconsejos.store\/en\/wp-json\/wp\/v2\/comments?post=39573"}],"version-history":[{"count":0,"href":"https:\/\/comprasyconsejos.store\/en\/wp-json\/wp\/v2\/product\/39573\/revisions"}],"wp:featuredmedia":[{"embeddable":true,"href":"https:\/\/comprasyconsejos.store\/en\/wp-json\/wp\/v2\/media\/39574"}],"wp:attachment":[{"href":"https:\/\/comprasyconsejos.store\/en\/wp-json\/wp\/v2\/media?parent=39573"}],"wp:term":[{"taxonomy":"product_brand","embeddable":true,"href":"https:\/\/comprasyconsejos.store\/en\/wp-json\/wp\/v2\/product_brand?post=39573"},{"taxonomy":"product_cat","embeddable":true,"href":"https:\/\/comprasyconsejos.store\/en\/wp-json\/wp\/v2\/product_cat?post=39573"},{"taxonomy":"product_tag","embeddable":true,"href":"https:\/\/comprasyconsejos.store\/en\/wp-json\/wp\/v2\/product_tag?post=39573"}],"curies":[{"name":"wp","href":"https:\/\/api.w.org\/{rel}","templated":true}]}}