{"id":39666,"date":"2026-03-08T20:49:53","date_gmt":"2026-03-08T20:49:53","guid":{"rendered":"https:\/\/comprasyconsejos.store\/product\/cudy-ax1500-wifi-6-dual-band-mesh-wi-fi-system-replaces-routers-and-extenders-covers-up-to-100%e3%8e%a1-3-gigabit-ports-per-unit-supports-ethernet-backhaul-m1500-1-pack\/"},"modified":"2026-03-08T20:49:55","modified_gmt":"2026-03-08T20:49:55","slug":"cudy-ax1500-wifi-6-dual-band-mesh-wi-fi-system-replaces-routers-and-extenders-covers-up-to-100%e3%8e%a1-3-gigabit-ports-per-unit-supports-ethernet-backhaul-m1500-1-pack","status":"publish","type":"product","link":"https:\/\/comprasyconsejos.store\/en\/product\/cudy-ax1500-wifi-6-dual-band-mesh-wi-fi-system-replaces-routers-and-extenders-covers-up-to-100%e3%8e%a1-3-gigabit-ports-per-unit-supports-ethernet-backhaul-m1500-1-pack\/","title":{"rendered":"Cudy AX1500 WiFi 6 Dual-Band Mesh Wi-Fi System, Replaces Routers and Extenders, Covers up to 100\u33a1, 3 Gigabit Ports per Unit, Supports Ethernet Backhaul, M1500 1-Pack"},"content":{"rendered":"<p>Price: <span style=\"color:#b12704\">\u20ac39.90<\/span><br \/><i><small>(as of Mar 08, 2026 20:49:53 UTC &#8211; <span class=\"wp_automatic_amazon_disclaimer\" title=\"Product prices and availability are accurate as of the date\/time indicated and are subject to change. Any price and availability information displayed on [relevant Amazon Site(s), as applicable] at the time of purchase will apply to the purchase of this product.\">Details<\/span>)<\/small><\/i><\/p>\n<p><a href=\"https:\/\/amazon.es\/dp\/B0FC2F4WVS?tag=man008-21\"><img decoding=\"async\" src=\"https:\/\/valvepress.s3.amazonaws.com\/imgs\/buy_now.png\"><\/a><br \/>\n<\/p>\n<p>                                             Product Description   <\/p>\n<p>                                                                                                       <img decoding=\"async\" alt=\"Dispositivos de red WiFi en malla cil\u00edndricos blancos de Cudy, modelo AX1500, que se muestran sobre una superficie de madera para brindar cobertura en toda\" src=\"https:\/\/images-na.ssl-images-amazon.com\/images\/G\/01\/x-locale\/common\/grey-pixel.gif\" class=\"a-lazy-loaded\" data-src=\"https:\/\/m.media-amazon.com\/images\/S\/aplus-media-library-service-media\/523d7b34-6b0c-42af-8763-acb178808c2c.__CR0,0,1464,600_PT0_SX1464_V1___.jpg\"><img decoding=\"async\" alt=\"Dispositivos de red WiFi en malla cil\u00edndricos blancos de Cudy, modelo AX1500, que se muestran sobre una superficie de madera para brindar cobertura en toda\" src=\"https:\/\/m.media-amazon.com\/images\/S\/aplus-media-library-service-media\/523d7b34-6b0c-42af-8763-acb178808c2c.__CR0,0,1464,600_PT0_SX1464_V1___.jpg\">                                               <\/p>\n<p>                                                                                                       <img decoding=\"async\" alt=\"1\" src=\"https:\/\/images-na.ssl-images-amazon.com\/images\/G\/01\/x-locale\/common\/grey-pixel.gif\" class=\"a-lazy-loaded\" data-src=\"https:\/\/m.media-amazon.com\/images\/S\/aplus-media-library-service-media\/9438392e-7041-41a8-ae3b-4eb67526f5c8.__CR0,0,1464,600_PT0_SX1464_V1___.jpg\"><img decoding=\"async\" alt=\"1\" src=\"https:\/\/m.media-amazon.com\/images\/S\/aplus-media-library-service-media\/9438392e-7041-41a8-ae3b-4eb67526f5c8.__CR0,0,1464,600_PT0_SX1464_V1___.jpg\">                                               <\/p>\n<p>                                                                                                       <img decoding=\"async\" alt=\"Diagrama arquitect\u00f3nico del plano de planta que muestra la cobertura de la se\u00f1al WiFi en varias habitaciones, con los indicadores de intensidad de la se\u00f1al y las zonas de cobertura marcadas en azul claro.\" src=\"https:\/\/images-na.ssl-images-amazon.com\/images\/G\/01\/x-locale\/common\/grey-pixel.gif\" class=\"a-lazy-loaded\" data-src=\"https:\/\/m.media-amazon.com\/images\/S\/aplus-media-library-service-media\/715d26a6-ea2f-496c-b77f-1007c5f44ad3.__CR0,0,1464,600_PT0_SX1464_V1___.jpg\"><img decoding=\"async\" alt=\"Diagrama arquitect\u00f3nico del plano de planta que muestra la cobertura de la se\u00f1al WiFi en varias habitaciones, con los indicadores de intensidad de la se\u00f1al y las zonas de cobertura marcadas en azul claro.\" src=\"https:\/\/m.media-amazon.com\/images\/S\/aplus-media-library-service-media\/715d26a6-ea2f-496c-b77f-1007c5f44ad3.__CR0,0,1464,600_PT0_SX1464_V1___.jpg\">                                               <\/p>\n<p>                                                                                     <img decoding=\"async\" alt=\"Modelo 3D del dise\u00f1o interior de una casa de un solo piso, que muestra las habitaciones y los muebles en un esquema de color azul claro\" src=\"https:\/\/m.media-amazon.com\/images\/S\/aplus-media-library-service-media\/f3c0561f-0b08-45b4-ab0c-2817f9389492.__CR0,0,1464,600_PT0_SX1464_V1___.jpg\">                                                    Siempre conectado a la mejor se\u00f1al                                         <\/p>\n<p class=\"aplus-p3\"> La itinerancia continua de Cudy cambia autom\u00e1ticamente el dispositivo a la se\u00f1al Wi-Fi m\u00e1s potente en milisegundos, lo que garantiza una transmisi\u00f3n sin b\u00fafer, llamadas fluidas y juegos sin retrasos. <\/p>\n<p>                                                                                     <img decoding=\"async\" alt=\"1\" src=\"https:\/\/m.media-amazon.com\/images\/S\/aplus-media-library-service-media\/6607755e-471b-47ae-8e5c-cabd167d6cf0.__CR0,0,1464,600_PT0_SX1464_V1___.jpg\">                                                    La potencia por cable se une a rendimiento en casa                                         <\/p>\n<p class=\"aplus-p3\"> Disfrute de juegos de baja latencia, streaming 4K fluido y transferencias de datos fiables. M1500 ofrece el rendimiento por cable constante que merecen sus dispositivos m\u00e1s exigentes. <\/p>\n<p>                                                                                  <img decoding=\"async\" alt=\"que usa cascos y controladores de realidad virtual en una sala de reuniones con una gran pantalla de pared que muestra contenido de juegos. La superposici\u00f3n de texto dice \u00abConectar 60 dispositivos\u00bb\" src=\"https:\/\/m.media-amazon.com\/images\/S\/aplus-media-library-service-media\/2db32921-a060-40e6-b69c-5e8cdc6e101e.__CR0,0,1464,600_PT0_SX1464_V1___.jpg\">       <\/p>\n<p>                                                                                                       <img decoding=\"async\" alt=\"El texto dice \u00abCliente VPN para acceso remoto seguro\u00bb. Diagrama t\u00e9cnico que muestra las opciones de los protocolos de seguridad WireGuard, PPTP VPN y L2TP con iconos.\" src=\"https:\/\/images-na.ssl-images-amazon.com\/images\/G\/01\/x-locale\/common\/grey-pixel.gif\" class=\"a-lazy-loaded\" data-src=\"https:\/\/m.media-amazon.com\/images\/S\/aplus-media-library-service-media\/26f8b1c7-eae4-4b2b-97ed-e79f780a4b99.__CR0,0,1464,600_PT0_SX1464_V1___.jpg\"><img decoding=\"async\" alt=\"El texto dice \u00abCliente VPN para acceso remoto seguro\u00bb. Diagrama t\u00e9cnico que muestra las opciones de los protocolos de seguridad WireGuard, PPTP VPN y L2TP con iconos.\" src=\"https:\/\/m.media-amazon.com\/images\/S\/aplus-media-library-service-media\/26f8b1c7-eae4-4b2b-97ed-e79f780a4b99.__CR0,0,1464,600_PT0_SX1464_V1___.jpg\">                                               <\/p>\n<p>                                                                                                       <img decoding=\"async\" alt=\"Captura de pantalla de la interfaz de una aplicaci\u00f3n m\u00f3vil que muestra cuatro iconos de navegaci\u00f3n en la parte inferior: administraci\u00f3n de URL, monitor, administraci\u00f3n de clientes y perfiles.\" src=\"https:\/\/images-na.ssl-images-amazon.com\/images\/G\/01\/x-locale\/common\/grey-pixel.gif\" class=\"a-lazy-loaded\" data-src=\"https:\/\/m.media-amazon.com\/images\/S\/aplus-media-library-service-media\/080cb8a7-527a-4f93-812e-aefb60fd3f48.__CR0,0,1464,600_PT0_SX1464_V1___.jpg\"><img decoding=\"async\" alt=\"Captura de pantalla de la interfaz de una aplicaci\u00f3n m\u00f3vil que muestra cuatro iconos de navegaci\u00f3n en la parte inferior: administraci\u00f3n de URL, monitor, administraci\u00f3n de clientes y perfiles.\" src=\"https:\/\/m.media-amazon.com\/images\/S\/aplus-media-library-service-media\/080cb8a7-527a-4f93-812e-aefb60fd3f48.__CR0,0,1464,600_PT0_SX1464_V1___.jpg\">                                                 Control parental                                                                           <\/p>\n<p class=\"aplus-p2 aplus-module-2-description\"> Establezca horarios de Wi-Fi y bloquee sitios web inapropiados para proteger a sus seres queridos. Puedes crear perfiles personalizados para gestionar f\u00e1cilmente varios dispositivos. <\/p>\n<p>                                                                                                       <img decoding=\"async\" alt=\"Diagrama t\u00e9cnico que muestra las zonas de cobertura de viviendas con indicadores circulares y texto en espa\u00f1ol sobre la cobertura escalable.\" src=\"https:\/\/images-na.ssl-images-amazon.com\/images\/G\/01\/x-locale\/common\/grey-pixel.gif\" class=\"a-lazy-loaded\" data-src=\"https:\/\/m.media-amazon.com\/images\/S\/aplus-media-library-service-media\/752d25f2-4096-44ef-b258-e7e70ba172ad.__CR0,0,1464,600_PT0_SX1464_V1___.jpg\"><img decoding=\"async\" alt=\"Diagrama t\u00e9cnico que muestra las zonas de cobertura de viviendas con indicadores circulares y texto en espa\u00f1ol sobre la cobertura escalable.\" src=\"https:\/\/m.media-amazon.com\/images\/S\/aplus-media-library-service-media\/752d25f2-4096-44ef-b258-e7e70ba172ad.__CR0,0,1464,600_PT0_SX1464_V1___.jpg\">                                               <\/p>\n<p> Product Dimensions                                            \u200f                                            :                                            \u200e                                            5 x 5 x 11 cm; 299 g   <br \/> Manufacturer                                            \u200f                                            :                                            \u200e                                            Shenzhen Cudy Technology Co., Ltd.   <br \/> ASIN                                            \u200f                                            :                                            \u200e                                            B0FC2F4WVS   <br \/> Item model number                                            \u200f                                            :                                            \u200e                                            M1500 1-Pack   <br \/> Country\/Region of Origin                                            \u200f                                            :                                            \u200e                                            China   <br \/> Guaranteed software updates until                                            \u200f                                            :                                            \u200e                                            unknown   <br \/>  Customer reviews:                                                                                            4.0               4.0 out of 5 stars                                  (78)                                              var dpAcrHasRegisteredArcLinkClickAction;                    P.when(&#8216;A&#8217;, &#8216;ready&#8217;).execute(function(A) {                        if (dpAcrHasRegisteredArcLinkClickAction !== true) {                            dpAcrHasRegisteredArcLinkClickAction = true;                            A.declarative(                                &#8216;acrLink-click-metrics&#8217;, &#8216;click&#8217;,                                { \u00aballowLinkDefault\u00bb: true },                                function (event) {                                    if (window.ue) {                                        ue.count(\u00abacrLinkClickCount\u00bb, (ue.count(\u00abacrLinkClickCount\u00bb) || 0) + 1);                                    }                                }                            );                        }                    });                                             P.when(&#8216;A&#8217;, &#8216;cf&#8217;).execute(function(A) {                A.declarative(&#8216;acrStarsLink-click-metrics&#8217;, &#8216;click&#8217;, { \u00aballowLinkDefault\u00bb : true },  function(event){                    if(window.ue) {                        ue.count(\u00abacrStarsLinkWithPopoverClickCount\u00bb, (ue.count(\u00abacrStarsLinkWithPopoverClickCount\u00bb) || 0) + 1);                    }                });            });                          <\/p>\n<p>Wi-Fi 6 Mesh for Faster Connection: AX1500 Dual-Band Whole Home Wi-Fi 6 Mesh System to eliminate Wi-Fi dead zone, and 1,201Mbps on 5GHz and 300Mbps on 2.4GHz.<br \/>All Gigabit Ports &#8211; Each M1500 has 3 Gigabit Ethernet ports and supports wired\/wireless backhaul for better speeds. It can work as a Wi-Fi router.<br \/>Cudy Mesh Support: Cudy Mesh seamlessly unifies your network under a single name. With built-in advanced technology, optimize your WiFi experience through advanced algorithms and self-learning capabilities.<br \/>Designed for more devices. Designed to connect 50+ devices, everyone can enjoy a more efficient network that charges faster without reducing performance.<br \/>Cudy APP Control &#038; Multi-VPN Support:PPTP\/L2TP\/Wireguard make data transmission safer and faster. You can also easily set up a mesh in the app Cudy.<\/p>\n\n","protected":false},"excerpt":{"rendered":"<p> Product Description Siempre conectado a la mejor se\u00f1al La itinerancia continua de Cudy cambia autom\u00e1ticamente<\/p>","protected":false},"featured_media":39667,"comment_status":"open","ping_status":"closed","template":"","meta":[],"product_brand":[],"product_cat":[71],"product_tag":[472,2080,2087,6661,2084,4075,5502,2078,1693,2303,11296,2079,1092,2081,2083,11819,2449,2082,382,6893,2085,2875,1085,1578,3457,543,2076,2077],"class_list":{"0":"post-39666","1":"product","2":"type-product","3":"status-publish","4":"has-post-thumbnail","6":"product_cat-wifi-routers","7":"product_tag-1pack","8":"product_tag-5ghz-router","9":"product_tag-ax1500","10":"product_tag-backhaul","11":"product_tag-best-wifi-router","12":"product_tag-covers","13":"product_tag-cudy","14":"product_tag-dual-band-router","15":"product_tag-dualband","16":"product_tag-ethernet","17":"product_tag-extenders","18":"product_tag-gaming-wifi-router","19":"product_tag-gigabit","20":"product_tag-high-speed-router","21":"product_tag-home-wifi-router","22":"product_tag-m1500","23":"product_tag-mesh","24":"product_tag-mesh-wifi-router","25":"product_tag-ports","26":"product_tag-replaces","27":"product_tag-router-price","28":"product_tag-routers","29":"product_tag-supports","30":"product_tag-system","31":"product_tag-unit","32":"product_tag-wifi","33":"product_tag-wifi-router","34":"product_tag-wireless-router","36":"first","37":"instock","38":"shipping-taxable","39":"product-type-external"},"_links":{"self":[{"href":"https:\/\/comprasyconsejos.store\/en\/wp-json\/wp\/v2\/product\/39666","targetHints":{"allow":["GET"]}}],"collection":[{"href":"https:\/\/comprasyconsejos.store\/en\/wp-json\/wp\/v2\/product"}],"about":[{"href":"https:\/\/comprasyconsejos.store\/en\/wp-json\/wp\/v2\/types\/product"}],"replies":[{"embeddable":true,"href":"https:\/\/comprasyconsejos.store\/en\/wp-json\/wp\/v2\/comments?post=39666"}],"version-history":[{"count":0,"href":"https:\/\/comprasyconsejos.store\/en\/wp-json\/wp\/v2\/product\/39666\/revisions"}],"wp:featuredmedia":[{"embeddable":true,"href":"https:\/\/comprasyconsejos.store\/en\/wp-json\/wp\/v2\/media\/39667"}],"wp:attachment":[{"href":"https:\/\/comprasyconsejos.store\/en\/wp-json\/wp\/v2\/media?parent=39666"}],"wp:term":[{"taxonomy":"product_brand","embeddable":true,"href":"https:\/\/comprasyconsejos.store\/en\/wp-json\/wp\/v2\/product_brand?post=39666"},{"taxonomy":"product_cat","embeddable":true,"href":"https:\/\/comprasyconsejos.store\/en\/wp-json\/wp\/v2\/product_cat?post=39666"},{"taxonomy":"product_tag","embeddable":true,"href":"https:\/\/comprasyconsejos.store\/en\/wp-json\/wp\/v2\/product_tag?post=39666"}],"curies":[{"name":"wp","href":"https:\/\/api.w.org\/{rel}","templated":true}]}}