{"id":39671,"date":"2026-03-08T20:51:23","date_gmt":"2026-03-08T20:51:23","guid":{"rendered":"https:\/\/comprasyconsejos.store\/product\/cablepelado-cee7-power-cable-schuko-plug-to-terminals-section-0-75-mm%c2%b2-h05vv-f-suitable-for-plugs-strips-power-supplies-lamp-holder-black-1-50-metres\/"},"modified":"2026-03-08T20:51:24","modified_gmt":"2026-03-08T20:51:24","slug":"cablepelado-cee7-power-cable-schuko-plug-to-terminals-section-0-75-mm%c2%b2-h05vv-f-suitable-for-plugs-strips-power-supplies-lamp-holder-black-1-50-metres","status":"publish","type":"product","link":"https:\/\/comprasyconsejos.store\/en\/product\/cablepelado-cee7-power-cable-schuko-plug-to-terminals-section-0-75-mm%c2%b2-h05vv-f-suitable-for-plugs-strips-power-supplies-lamp-holder-black-1-50-metres\/","title":{"rendered":"CABLEPELADO CEE7 Power Cable | Schuko Plug to Terminals | Section 0.75 mm\u00b2 | H05VV-F | Suitable for Plugs, Strips, Power Supplies, Lamp Holder | Black | 1.50 Metres"},"content":{"rendered":"<p>Price: <span style=\"color:#b12704\">\u20ac8.20<\/span><br \/><i><small>(as of Mar 08, 2026 20:51:24 UTC &#8211; <span class=\"wp_automatic_amazon_disclaimer\" title=\"Product prices and availability are accurate as of the date\/time indicated and are subject to change. Any price and availability information displayed on [relevant Amazon Site(s), as applicable] at the time of purchase will apply to the purchase of this product.\">Details<\/span>)<\/small><\/i><\/p>\n<p><a href=\"https:\/\/amazon.es\/dp\/B07Z6C377L?tag=man008-21\"><img decoding=\"async\" src=\"https:\/\/valvepress.s3.amazonaws.com\/imgs\/buy_now.png\"><\/a><br \/>\n<\/p>\n<p>                                             Product Description   <\/p>\n<p>                                                         <img decoding=\"async\" alt=\"cable pelado\" src=\"https:\/\/images-na.ssl-images-amazon.com\/images\/G\/01\/x-locale\/common\/grey-pixel.gif\" class=\"a-lazy-loaded\" data-src=\"https:\/\/m.media-amazon.com\/images\/S\/aplus-media-library-service-media\/c958383d-bc77-4e4f-a6d3-e8086be5c5c5.__CR0,0,600,180_PT0_SX600_V1___.jpeg\"><img decoding=\"async\" alt=\"cable pelado\" src=\"https:\/\/m.media-amazon.com\/images\/S\/aplus-media-library-service-media\/c958383d-bc77-4e4f-a6d3-e8086be5c5c5.__CR0,0,600,180_PT0_SX600_V1___.jpeg\">      <\/p>\n<p>                                                                             <img decoding=\"async\" alt=\"Cable alimentaci\u00f3n CEE7\" src=\"https:\/\/images-na.ssl-images-amazon.com\/images\/G\/01\/x-locale\/common\/grey-pixel.gif\" class=\"a-spacing-base a-lazy-loaded\" data-src=\"https:\/\/m.media-amazon.com\/images\/S\/aplus-media-library-service-media\/d2a3bd4f-bb90-455f-962a-2f3444f896e9.__CR0,0,970,600_PT0_SX970_V1___.png\"><img decoding=\"async\" alt=\"Cable alimentaci\u00f3n CEE7\" src=\"https:\/\/m.media-amazon.com\/images\/S\/aplus-media-library-service-media\/d2a3bd4f-bb90-455f-962a-2f3444f896e9.__CR0,0,970,600_PT0_SX970_V1___.png\">                                         <\/p>\n<h3 class=\"a-spacing-mini\"> Cable alimentaci\u00f3n CEE7 | Enchufe Schuko a bornes <\/h3>\n<p class=\"a-spacing-base\"> Cable alimentaci\u00f3n CEE7 | Enchufe Schuko a bornes es ideal para la sustituci\u00f3n de cables en dispositivos que necesiten un cable de doble cableado. Los bornes est\u00e1n se conectan de manera muy sencilla, cuenta con un conector est\u00e1ndar bipolar para poder conectar a cualquier tipo de corriente de una vivienda. Sus materiales de fabricaci\u00f3n son de alta calidad lo que le proporciona una protecci\u00f3n contra voltaje incorrecto, cortocircuitos y sobrecalentamientos internos. <\/p>\n<h3 class=\"a-size-extra-large aplus-13-heading-text a-text-bold\"> Especificaciones  <\/h3>\n<p class=\"description\">\n<p>Medidas: 1,5\/3\/5 m. Disponible en varios tama\u00f1os.Material: Cubierta LSZH.Color: Negro.Conectores:Conector 1:  CEE 7 tipo FConector 2: 3 bornes (azul, marr\u00f3n y amarillo\/verde)Peso: 300gVoltaje: 250 VSecci\u00f3n: 3 x 1 mm2           <\/p>\n<h3 class=\"a-size-extra-large aplus-13-heading-text a-text-bold\"> Preguntas frecuentes <\/h3>\n<p class=\"description\"> \u00bfQu\u00e9 tipo de dispositivos son compatibles? <\/p>\n<p class=\"description\"> Cable alimentaci\u00f3n CEE7 | Enchufe Schuko a bornes tiene compatibilidad con los aparatos que necesiten de doble cableado (fase y neutro). <\/p>\n<p> Is discontinued by manufacturer                                            \u200f                                            :                                            \u200e                                            No   <br \/> Product Dimensions                                            \u200f                                            :                                            \u200e                                            2 x 25 x 10 cm; 160 g   <br \/> Manufacturer                                            \u200f                                            :                                            \u200e                                            CABLEPELADO   <br \/> ASIN                                            \u200f                                            :                                            \u200e                                            B07Z6C377L   <br \/> Item model number                                            \u200f                                            :                                            \u200e                                            93976   <br \/> Country\/Region of Origin                                            \u200f                                            :                                            \u200e                                            Spain   <br \/> Guaranteed software updates until                                            \u200f                                            :                                            \u200e                                            unknown   <br \/>  Customer reviews:                                                                                            4.6               4.6 out of 5 stars                                  (172)                                              var dpAcrHasRegisteredArcLinkClickAction;                    P.when(&#8216;A&#8217;, &#8216;ready&#8217;).execute(function(A) {                        if (dpAcrHasRegisteredArcLinkClickAction !== true) {                            dpAcrHasRegisteredArcLinkClickAction = true;                            A.declarative(                                &#8216;acrLink-click-metrics&#8217;, &#8216;click&#8217;,                                { \u00aballowLinkDefault\u00bb: true },                                function (event) {                                    if (window.ue) {                                        ue.count(\u00abacrLinkClickCount\u00bb, (ue.count(\u00abacrLinkClickCount\u00bb) || 0) + 1);                                    }                                }                            );                        }                    });                                             P.when(&#8216;A&#8217;, &#8216;cf&#8217;).execute(function(A) {                A.declarative(&#8216;acrStarsLink-click-metrics&#8217;, &#8216;click&#8217;, { \u00aballowLinkDefault\u00bb : true },  function(event){                    if(window.ue) {                        ue.count(\u00abacrStarsLinkWithPopoverClickCount\u00bb, (ue.count(\u00abacrStarsLinkWithPopoverClickCount\u00bb) || 0) + 1);                    }                });            });                          <\/p>\n<p>[MATERIAL] is made of durable and high-quality materials. With protection features against incorrect voltage, short circuit, internal overheating<br \/>[CONDUCTOR] This cable is made of 100% copper, with a voltage\/current rate: 250V 16A and a cable section of 0.75mm2<br \/>[USE] for repairing or replacing cables in appliances that require dual wiring (phase and neutral). Terminals ready to be easily connected to the appliance and bipolar connector to plug into the electrical outlet of the house.<\/p>\n\n","protected":false},"excerpt":{"rendered":"<p> Product Description Cable alimentaci\u00f3n CEE7 | Enchufe Schuko a bornes Cable alimentaci\u00f3n CEE7 | Enchufe<\/p>","protected":false},"featured_media":39672,"comment_status":"open","ping_status":"closed","template":"","meta":[],"product_brand":[],"product_cat":[69],"product_tag":[307,182,9932,11820,2047,2044,11823,2052,2037,1566,7999,11825,11822,2054,2046,324,11824,143,2049,4656,3251,6692,2786,2785,11821,2050,2042,2040],"class_list":{"0":"post-39671","1":"product","2":"type-product","3":"status-publish","4":"has-post-thumbnail","6":"product_cat-cables-adapters","7":"product_tag-black","8":"product_tag-cable","9":"product_tag-cablepelado","10":"product_tag-cee7","11":"product_tag-charging-cable","12":"product_tag-displayport-cable","13":"product_tag-h05vvf","14":"product_tag-hdmi-adapter","15":"product_tag-hdmi-cable","16":"product_tag-holder","17":"product_tag-lamp","18":"product_tag-metres","19":"product_tag-mm","20":"product_tag-multiport-adapter","21":"product_tag-network-cable","22":"product_tag-plug","23":"product_tag-plugs","24":"product_tag-power","25":"product_tag-power-cable","26":"product_tag-schuko","27":"product_tag-section","28":"product_tag-strips","29":"product_tag-suitable","30":"product_tag-supplies","31":"product_tag-terminals","32":"product_tag-usb-adapter","33":"product_tag-usb-c-cable","34":"product_tag-usb-cable","36":"first","37":"instock","38":"shipping-taxable","39":"product-type-external"},"_links":{"self":[{"href":"https:\/\/comprasyconsejos.store\/en\/wp-json\/wp\/v2\/product\/39671","targetHints":{"allow":["GET"]}}],"collection":[{"href":"https:\/\/comprasyconsejos.store\/en\/wp-json\/wp\/v2\/product"}],"about":[{"href":"https:\/\/comprasyconsejos.store\/en\/wp-json\/wp\/v2\/types\/product"}],"replies":[{"embeddable":true,"href":"https:\/\/comprasyconsejos.store\/en\/wp-json\/wp\/v2\/comments?post=39671"}],"version-history":[{"count":0,"href":"https:\/\/comprasyconsejos.store\/en\/wp-json\/wp\/v2\/product\/39671\/revisions"}],"wp:featuredmedia":[{"embeddable":true,"href":"https:\/\/comprasyconsejos.store\/en\/wp-json\/wp\/v2\/media\/39672"}],"wp:attachment":[{"href":"https:\/\/comprasyconsejos.store\/en\/wp-json\/wp\/v2\/media?parent=39671"}],"wp:term":[{"taxonomy":"product_brand","embeddable":true,"href":"https:\/\/comprasyconsejos.store\/en\/wp-json\/wp\/v2\/product_brand?post=39671"},{"taxonomy":"product_cat","embeddable":true,"href":"https:\/\/comprasyconsejos.store\/en\/wp-json\/wp\/v2\/product_cat?post=39671"},{"taxonomy":"product_tag","embeddable":true,"href":"https:\/\/comprasyconsejos.store\/en\/wp-json\/wp\/v2\/product_tag?post=39671"}],"curies":[{"name":"wp","href":"https:\/\/api.w.org\/{rel}","templated":true}]}}