{"id":39682,"date":"2026-03-08T21:04:23","date_gmt":"2026-03-08T21:04:23","guid":{"rendered":"https:\/\/comprasyconsejos.store\/product\/tr-phantom-spirit-120-air-cooler-cpu-7-heat-pipelines-cpu-cooler-dual-pwm-fan-tl-c12b-v2aghp-technologys-fdb-bearingfor-amd-am4-am5-intel-1700-1150-1151-1200\/"},"modified":"2026-03-08T21:04:31","modified_gmt":"2026-03-08T21:04:31","slug":"tr-phantom-spirit-120-air-cooler-cpu-7-heat-pipelines-cpu-cooler-dual-pwm-fan-tl-c12b-v2aghp-technologys-fdb-bearingfor-amd-am4-am5-intel-1700-1150-1151-1200","status":"publish","type":"product","link":"https:\/\/comprasyconsejos.store\/en\/product\/tr-phantom-spirit-120-air-cooler-cpu-7-heat-pipelines-cpu-cooler-dual-pwm-fan-tl-c12b-v2aghp-technologys-fdb-bearingfor-amd-am4-am5-intel-1700-1150-1151-1200\/","title":{"rendered":"TR Phantom Spirit 120 Air Cooler CPU 7 Heat Pipelines CPU Cooler Dual PWM Fan TL-C12B V2,AGHP Technology,S-FDB Bearing,for AMD AM4 AM5\/Intel 1700\/1150\/1151\/1200"},"content":{"rendered":"<p>Price: <span style=\"color:#b12704\">\u20ac41.79<\/span><br \/><i><small>(as of Mar 08, 2026 21:04:23 UTC &#8211; <span class=\"wp_automatic_amazon_disclaimer\" title=\"Product prices and availability are accurate as of the date\/time indicated and are subject to change. Any price and availability information displayed on [relevant Amazon Site(s), as applicable] at the time of purchase will apply to the purchase of this product.\">Details<\/span>)<\/small><\/i><\/p>\n<p><a href=\"https:\/\/amazon.es\/dp\/B0DBHVSRZ8?tag=man008-21\"><img decoding=\"async\" src=\"https:\/\/valvepress.s3.amazonaws.com\/imgs\/buy_now.png\"><\/a><br \/>\n<\/p>\n<p>                                             Product Description   <\/p>\n<p>                                                                             <img decoding=\"async\" alt=\"con dise\u00f1o de doble torre, cubierta superior de aluminio, tubos de calor de cobre y ventiladores de 120 mm para optimizar el flujo de aire y\" src=\"https:\/\/images-na.ssl-images-amazon.com\/images\/G\/01\/x-locale\/common\/grey-pixel.gif\" class=\"a-spacing-base a-lazy-loaded\" data-src=\"https:\/\/m.media-amazon.com\/images\/S\/aplus-media-library-service-media\/e27b50e0-7b68-43b7-9576-251f08a15458.__CR0,0,970,600_PT0_SX970_V1___.jpg\"><img decoding=\"async\" alt=\"con dise\u00f1o de doble torre, cubierta superior de aluminio, tubos de calor de cobre y ventiladores de 120 mm para optimizar el flujo de aire y\" src=\"https:\/\/m.media-amazon.com\/images\/S\/aplus-media-library-service-media\/e27b50e0-7b68-43b7-9576-251f08a15458.__CR0,0,970,600_PT0_SX970_V1___.jpg\">                                                                    <\/p>\n<p>                                                                             <img decoding=\"async\" alt=\"Vista interior de la carcasa de una computadora con dise\u00f1o de doble torre. Cuenta con paneles perforados, \u00e1rea adicional de disipaci\u00f3n de calor y espacio para ventiladores adicionales para mejorar el\" src=\"https:\/\/images-na.ssl-images-amazon.com\/images\/G\/01\/x-locale\/common\/grey-pixel.gif\" class=\"a-spacing-base a-lazy-loaded\" data-src=\"https:\/\/m.media-amazon.com\/images\/S\/aplus-media-library-service-media\/0a297139-3287-48f4-9b05-3b8e5aac2fb9.__CR0,0,970,600_PT0_SX970_V1___.jpg\"><img decoding=\"async\" alt=\"Vista interior de la carcasa de una computadora con dise\u00f1o de doble torre. Cuenta con paneles perforados, \u00e1rea adicional de disipaci\u00f3n de calor y espacio para ventiladores adicionales para mejorar el\" src=\"https:\/\/m.media-amazon.com\/images\/S\/aplus-media-library-service-media\/0a297139-3287-48f4-9b05-3b8e5aac2fb9.__CR0,0,970,600_PT0_SX970_V1___.jpg\">                                                                    <\/p>\n<p>                                                                             <img decoding=\"async\" alt=\"Dos ventiladores de refrigeraci\u00f3n para computadora negros de 120 mm con aspas curvas. Los ventiladores tienen forma cuadrada con esquinas redondeadas y cuentan con un logotipo central en el\" src=\"https:\/\/images-na.ssl-images-amazon.com\/images\/G\/01\/x-locale\/common\/grey-pixel.gif\" class=\"a-spacing-base a-lazy-loaded\" data-src=\"https:\/\/m.media-amazon.com\/images\/S\/aplus-media-library-service-media\/645e2f5d-9f2d-4f59-920b-acdede5a6273.__CR0,0,970,600_PT0_SX970_V1___.jpg\"><img decoding=\"async\" alt=\"Dos ventiladores de refrigeraci\u00f3n para computadora negros de 120 mm con aspas curvas. Los ventiladores tienen forma cuadrada con esquinas redondeadas y cuentan con un logotipo central en el\" src=\"https:\/\/m.media-amazon.com\/images\/S\/aplus-media-library-service-media\/645e2f5d-9f2d-4f59-920b-acdede5a6273.__CR0,0,970,600_PT0_SX970_V1___.jpg\">                                                                    <\/p>\n<p>                                                                             <img decoding=\"async\" alt=\"Disipador t\u00e9rmico grande de metal con estructura de aleta asim\u00e9trica. Dise\u00f1o de doble torre con aletas densas y paralelas. Color gris oscuro o negro. Orificios de montaje visibles en la parte superior.\" src=\"https:\/\/images-na.ssl-images-amazon.com\/images\/G\/01\/x-locale\/common\/grey-pixel.gif\" class=\"a-spacing-base a-lazy-loaded\" data-src=\"https:\/\/m.media-amazon.com\/images\/S\/aplus-media-library-service-media\/eb0168c4-ed97-4426-a709-be6147c62a6b.__CR0,0,970,600_PT0_SX970_V1___.jpg\"><img decoding=\"async\" alt=\"Disipador t\u00e9rmico grande de metal con estructura de aleta asim\u00e9trica. Dise\u00f1o de doble torre con aletas densas y paralelas. Color gris oscuro o negro. Orificios de montaje visibles en la parte superior.\" src=\"https:\/\/m.media-amazon.com\/images\/S\/aplus-media-library-service-media\/eb0168c4-ed97-4426-a709-be6147c62a6b.__CR0,0,970,600_PT0_SX970_V1___.jpg\">                                                                    <\/p>\n<p>                                                                             <img decoding=\"async\" alt=\"con tubos de calor de cobre niquelado en forma de U. Cuenta con m\u00faltiples aletas delgadas y una placa base cuadrada con tornillos de montaje visibles. Dise\u00f1ado para una disipaci\u00f3n eficiente del calor en varias orientaciones de instalaci\u00f3n\" src=\"https:\/\/images-na.ssl-images-amazon.com\/images\/G\/01\/x-locale\/common\/grey-pixel.gif\" class=\"a-spacing-base a-lazy-loaded\" data-src=\"https:\/\/m.media-amazon.com\/images\/S\/aplus-media-library-service-media\/b4ce3c6d-7cc6-4dfa-ac76-20efbe095339.__CR0,0,970,600_PT0_SX970_V1___.jpg\"><img decoding=\"async\" alt=\"con tubos de calor de cobre niquelado en forma de U. Cuenta con m\u00faltiples aletas delgadas y una placa base cuadrada con tornillos de montaje visibles. Dise\u00f1ado para una disipaci\u00f3n eficiente del calor en varias orientaciones de instalaci\u00f3n\" src=\"https:\/\/m.media-amazon.com\/images\/S\/aplus-media-library-service-media\/b4ce3c6d-7cc6-4dfa-ac76-20efbe095339.__CR0,0,970,600_PT0_SX970_V1___.jpg\">                                                                    <\/p>\n<p>                                                                             <img decoding=\"async\" alt=\"Dos refrigeradores de CPU negros con superficies texturizadas y tubos de calor plateados. Las especificaciones del producto enumeran la compatibilidad con los procesadores Intel y AMD, incluidos los n\u00fameros de modelo espec\u00edficos\" src=\"https:\/\/images-na.ssl-images-amazon.com\/images\/G\/01\/x-locale\/common\/grey-pixel.gif\" class=\"a-spacing-base a-lazy-loaded\" data-src=\"https:\/\/m.media-amazon.com\/images\/S\/aplus-media-library-service-media\/a77e7372-6b89-4c68-9adb-cadded2cc365.__CR0,0,970,600_PT0_SX970_V1___.jpg\"><img decoding=\"async\" alt=\"Dos refrigeradores de CPU negros con superficies texturizadas y tubos de calor plateados. Las especificaciones del producto enumeran la compatibilidad con los procesadores Intel y AMD, incluidos los n\u00fameros de modelo espec\u00edficos\" src=\"https:\/\/m.media-amazon.com\/images\/S\/aplus-media-library-service-media\/a77e7372-6b89-4c68-9adb-cadded2cc365.__CR0,0,970,600_PT0_SX970_V1___.jpg\">                                                                    <\/p>\n<p> Product Dimensions                                            \u200f                                            :                                            \u200e                                            12.5 x 12 x 15.7 cm; 1.67 kg   <br \/> Date First Available                                            \u200f                                            :                                            \u200e                                            29 July 2024   <br \/> Manufacturer                                            \u200f                                            :                                            \u200e                                            TR   <br \/> ASIN                                            \u200f                                            :                                            \u200e                                            B0DBHVSRZ8   <br \/> Manufacturer reference                                            \u200f                                            :                                            \u200e                                            PS120   <br \/> Country of origin                                            \u200f                                            :                                            \u200e                                            China   <br \/>       Best Sellers Rank:  3,293 in Computers (See Top 100 in Computers)    76 in CPU Fans      <br \/>  Customer reviews:                                                                                            4.9               4.9 out of 5 stars                                  (106)                                              var dpAcrHasRegisteredArcLinkClickAction;                    P.when(&#8216;A&#8217;, &#8216;ready&#8217;).execute(function(A) {                        if (dpAcrHasRegisteredArcLinkClickAction !== true) {                            dpAcrHasRegisteredArcLinkClickAction = true;                            A.declarative(                                &#8216;acrLink-click-metrics&#8217;, &#8216;click&#8217;,                                { \u00aballowLinkDefault\u00bb: true },                                function (event) {                                    if (window.ue) {                                        ue.count(\u00abacrLinkClickCount\u00bb, (ue.count(\u00abacrLinkClickCount\u00bb) || 0) + 1);                                    }                                }                            );                        }                    });                                             P.when(&#8216;A&#8217;, &#8216;cf&#8217;).execute(function(A) {                A.declarative(&#8216;acrStarsLink-click-metrics&#8217;, &#8216;click&#8217;, { \u00aballowLinkDefault\u00bb : true },  function(event){                    if(window.ue) {                        ue.count(\u00abacrStarsLinkWithPopoverClickCount\u00bb, (ue.count(\u00abacrStarsLinkWithPopoverClickCount\u00bb) || 0) + 1);                    }                });            });                          <\/p>\n<p>\u3010Brand Synthesis\u3011TR is a Taiwanese brand with more than 20 years of development history. It enjoys some popularity in domestic and international markets and has a decisive influence on the chiller market. We focus on research and development of computer accessories. R&#038;D product range includes: CPU coolers, case fans, silicone pad, thermal paste, mounting brackets, accessories and other products.<br \/>\u3010AGHP Technical\u30117 x 6mm Heatpipe with AGHP updated 4th generation technology, the reverse gravity effect caused by vertical\/horizontal orientation, CPU Cooler TDP is 105W to 280W. Up to 20000 hours industrial life, S-FDB bearings ensure long service life to air cooler radiators. UL Class Safety Insulation has low quality, industrial grade PBT + PC material to create high quality products for you. The height is 154mm, compatible with a wide range of chassis models.<br \/>\u3010Product Specifications\u3011PS120; CPU Cooler Dimension: 125(L)x135(W)x157(H)mm (4.92&#215;5.31&#215;6.18 inches). Heat sink material: aluminum, the main body is made of anodized black frosted cap + finely carved pure copper base technology, avoiding memory design, the main body is all-aluminum fins, bringing the maximum heat dissipation area. Combined with the high thermal conductivity of thermal paste, which can perfectly realize the most powerful cooling effect of the cooler.<br \/>\u3010PWM Fan\u3011 TL-C12B V2; Standard size PWM industrial grade performance PC fan: 120x120x25mm (4.92&#215;4.92&#215;0.98 inch); Fan speed(RPM):1500rpm\u00b110%; Power port: 4-pin; Voltage: 12VV; ; Air flow D: 6.1.1.1.1.1.1.2.0cm 7CFM (Max) ); Noise level \u226425.6dB(A), high performance fan combined with efficient heat dissipation the cooling body of the unit gives you the best cooling effect.<br \/>\u3010Compatibility\u3011CPU Cooling Slot Support: Intel:LGA1700\/1150\/1151\/1155\/1156\/1200\/2011\/2066, AMD: AM4\/AM5; For different CPU slot platforms, provide the corresponding mounting plate or fasteners, can be matched with the installation instructions or follow the tutorial for get on the machine<\/p>\n\n","protected":false},"excerpt":{"rendered":"<p> Product Description Product Dimensions \u200f : \u200e 12.5 x 12 x 15.7 cm; 1.67 kg<\/p>","protected":false},"featured_media":39683,"comment_status":"open","ping_status":"closed","template":"","meta":[],"product_brand":[],"product_cat":[66],"product_tag":[216,1662,3843,530,2008,11830,2010,1668,598,2002,2014,1997,2016,298,910,1123,2006,8732,8405,1999,2023,2012,2004,8441,11829,11827,11828],"class_list":{"0":"post-39682","1":"product","2":"type-product","3":"status-publish","4":"has-post-thumbnail","6":"product_cat-cpu-fan","7":"product_tag-air","8":"product_tag-am4","9":"product_tag-am5intel","10":"product_tag-amd","11":"product_tag-amd-cpu-cooler","12":"product_tag-bearingfor","13":"product_tag-best-cpu-fan","14":"product_tag-cooler","15":"product_tag-cpu","16":"product_tag-cpu-air-cooler","17":"product_tag-cpu-cooling-fan","18":"product_tag-cpu-fan","19":"product_tag-cpu-fan-price","20":"product_tag-dual","21":"product_tag-fan","22":"product_tag-heat","23":"product_tag-intel-cpu-fan","24":"product_tag-phantom","25":"product_tag-pipelines","26":"product_tag-processor-fan","27":"product_tag-pwm","28":"product_tag-quiet-cpu-cooler","29":"product_tag-rgb-cpu-cooler","30":"product_tag-spirit","31":"product_tag-technologysfdb","32":"product_tag-tlc12b","33":"product_tag-v2aghp","35":"first","36":"instock","37":"shipping-taxable","38":"product-type-external"},"_links":{"self":[{"href":"https:\/\/comprasyconsejos.store\/en\/wp-json\/wp\/v2\/product\/39682","targetHints":{"allow":["GET"]}}],"collection":[{"href":"https:\/\/comprasyconsejos.store\/en\/wp-json\/wp\/v2\/product"}],"about":[{"href":"https:\/\/comprasyconsejos.store\/en\/wp-json\/wp\/v2\/types\/product"}],"replies":[{"embeddable":true,"href":"https:\/\/comprasyconsejos.store\/en\/wp-json\/wp\/v2\/comments?post=39682"}],"version-history":[{"count":0,"href":"https:\/\/comprasyconsejos.store\/en\/wp-json\/wp\/v2\/product\/39682\/revisions"}],"wp:featuredmedia":[{"embeddable":true,"href":"https:\/\/comprasyconsejos.store\/en\/wp-json\/wp\/v2\/media\/39683"}],"wp:attachment":[{"href":"https:\/\/comprasyconsejos.store\/en\/wp-json\/wp\/v2\/media?parent=39682"}],"wp:term":[{"taxonomy":"product_brand","embeddable":true,"href":"https:\/\/comprasyconsejos.store\/en\/wp-json\/wp\/v2\/product_brand?post=39682"},{"taxonomy":"product_cat","embeddable":true,"href":"https:\/\/comprasyconsejos.store\/en\/wp-json\/wp\/v2\/product_cat?post=39682"},{"taxonomy":"product_tag","embeddable":true,"href":"https:\/\/comprasyconsejos.store\/en\/wp-json\/wp\/v2\/product_tag?post=39682"}],"curies":[{"name":"wp","href":"https:\/\/api.w.org\/{rel}","templated":true}]}}