{"id":39691,"date":"2026-03-08T21:14:25","date_gmt":"2026-03-08T21:14:25","guid":{"rendered":"https:\/\/comprasyconsejos.store\/product\/escaner-de-libros-a3-a4-18mp-de-alta-resolucion-con-ocr-visualizador-de-documentos-usb-con-aplanado-de-paginas-curvas-y-eliminacion-de-fondo-para-estudio-casa-y-archivo\/"},"modified":"2026-03-08T21:14:30","modified_gmt":"2026-03-08T21:14:30","slug":"escaner-de-libros-a3-a4-18mp-de-alta-resolucion-con-ocr-visualizador-de-documentos-usb-con-aplanado-de-paginas-curvas-y-eliminacion-de-fondo-para-estudio-casa-y-archivo","status":"publish","type":"product","link":"https:\/\/comprasyconsejos.store\/en\/product\/escaner-de-libros-a3-a4-18mp-de-alta-resolucion-con-ocr-visualizador-de-documentos-usb-con-aplanado-de-paginas-curvas-y-eliminacion-de-fondo-para-estudio-casa-y-archivo\/","title":{"rendered":"Esc\u00e1ner De Libros A3\/A4 18mp De Alta Resoluci\u00f3n con OCR, Visualizador De Documentos USB con Aplanado De P\u00e1ginas Curvas Y Eliminaci\u00f3n De Fondo, para Estudio Casa Y Archivo"},"content":{"rendered":"<p>Price: <span style=\"color:#b12704\">\u20ac182.88<\/span><br \/><i><small>(as of Mar 08, 2026 21:14:25 UTC &#8211; <span class=\"wp_automatic_amazon_disclaimer\" title=\"Product prices and availability are accurate as of the date\/time indicated and are subject to change. Any price and availability information displayed on [relevant Amazon Site(s), as applicable] at the time of purchase will apply to the purchase of this product.\">Details<\/span>)<\/small><\/i><\/p>\n<p><a href=\"https:\/\/amazon.es\/dp\/B0GL76QM85?tag=man008-21\"><img decoding=\"async\" src=\"https:\/\/valvepress.s3.amazonaws.com\/imgs\/buy_now.png\"><\/a><br \/>\n<br \/>\n    <span>C\u00e1mara de documentos port\u00e1til todo en un, con escaneo y captura de alta definici\u00f3n, luz de relleno, OCR multiling\u00fce, compatible con USB, sin controlador, plegable y port\u00e1til, Perfect para centros educativos y entornos m\u00f3viles. Digitaliza f\u00e1cilmente documentos, certificados y peque\u00f1os objetos 3D.<\/p>\n<p>\u27a4\u27a4Caracter\u00edsticas principales<br \/>\u25cf C\u00e1mara de documentos multifuncional: Integra una c\u00e1mara de documentos, un esc\u00e1ner de documentos, un esc\u00e1ner de techo y un esc\u00e1ner de libros, lo que permite escanear libros, documentos, documentos de identidad, pasaportes y objetos 3D.<\/p>\n<p>\u25cf Im\u00e1genes de escaneo de alta definici\u00f3n: Utiliza un esc\u00e1ner de alta resoluci\u00f3n y una c\u00e1mara de documentos HD, que presenta con claridad los detalles del texto y la imagen. La luz de relleno LED integrada se adapta a diferentes entornos de iluminaci\u00f3n.<\/p>\n<p>\u25cf Reconocimiento OCR multiling\u00fce: El esc\u00e1ner de documentos OCR integrado admite OCR multiling\u00fce, convirtiendo el contenido escaneado a formatos editables de Word, Excel, TXT o PDF con capacidad de b\u00fasqueda.<\/p>\n<p>\u25cf Conexi\u00f3n USB: Dise\u00f1o de c\u00e1mara de documentos USB, compatible con esc\u00e1ner de visualizaci\u00f3n en tiempo real, compatible con sistemas Windows y sin necesidad de una instalaci\u00f3n complicada.<\/p>\n<p>\u25cf Dise\u00f1o plegable y port\u00e1til: Cuenta con una estructura de esc\u00e1ner plegable, compacta y ligera, Perfect para oficinas m\u00f3viles, centros educativos y uso dom\u00e9stico.<\/p>\n<p>\u27a4\u27a4Especificaciones<br \/>P\u00edxeles: 18 megap\u00edxeles<br \/>Base: Almohadilla suave<br \/>Tama\u00f1o de pantalla: A3\/A4<\/p>\n<p>\u27a4\u27a4Contenido del paquete:<br \/>1 dispositivo<br \/>1 soporte<br \/>1 manual de instrucciones<br \/>1 cable de datos<\/p>\n<p>\u27a4\u27a4Servicio al cliente 24 horas:<br \/>Si tiene alguna pregunta, no dude en contactarnos. Nos dedicamos a servirle y responderemos a sus consultas en 24 horas.<\/span>    <br \/> Package Dimensions                                            \u200f                                            :                                            \u200e                                            35 x 12 x 12 cm; 950 g   <br \/> Manufacturer                                            \u200f                                            :                                            \u200e                                            PRECISTECH   <br \/> ASIN                                            \u200f                                            :                                            \u200e                                            B0GL76QM85   <br \/> Item model number                                            \u200f                                            :                                            \u200e                                            PRECISTECH   <br \/> Country\/Region of Origin                                            \u200f                                            :                                            \u200e                                            China   <br \/> Guaranteed software updates until                                            \u200f                                            :                                            \u200e                                            unknown   <\/p>\n<p>\u3010Proyecci\u00f3n en tiempo real y visualizaci\u00f3n en tiempo real\u3011El esc\u00e1ner de documentos admite proyecci\u00f3n en tiempo real y visualizaci\u00f3n de video en tiempo real, lo que permite mostrar documentos, libros y objetos al instante en la pantalla. Perfect para clases en l\u00ednea, presentaciones, reuniones y demostraciones en clase sin dispositivos adicionales.<br \/>\u3010Rendimiento de escaneo de alta definici\u00f3n de 18 MP\u3011La c\u00e1mara de documentos cuenta con un sensor de alta definici\u00f3n de 18 MP para capturar texto n\u00edtido, im\u00e1genes claras y detalles precisos. Perfect para escanear libros, documentos, fotos, certificados, tarjetas de identificaci\u00f3n y c\u00f3digos QR con alta precisi\u00f3n.<br \/>\u3010Procesamiento OCR y optimizaci\u00f3n inteligente de im\u00e1genes\u3011El esc\u00e1ner de libros ofrece OCR multiling\u00fce con aplanamiento autom\u00e1tico de la curvatura del libro, recorte inteligente, correcci\u00f3n de perspectiva y eliminaci\u00f3n del fondo. Convierte los escaneos en archivos PDF, Word, Excel, JPG y PNG editables.<br \/>\u3010Iluminaci\u00f3n ajustable para resultados n\u00edtidos\u3011El esc\u00e1ner USB incluye tres niveles de iluminaci\u00f3n LED ajustables para reducir las sombras y el deslumbramiento. Garantiza escaneos estables y con iluminaci\u00f3n uniforme en entornos con poca luz, como oficinas, aulas, bibliotecas y archivos.<br \/>\u3010Dise\u00f1o plegable port\u00e1til y salida multip\u00e1gina\u3011El visualizador de documentos cuenta con un dise\u00f1o plegable compacto que admite el reconocimiento de c\u00f3digos QR, la creaci\u00f3n de PDF multip\u00e1gina, conectividad USB lista para usar y una configuraci\u00f3n r\u00e1pida para tareas diarias flexibles de escaneo y visualizaci\u00f3n.<\/p>\n\n","protected":false},"excerpt":{"rendered":"<p> C\u00e1mara de documentos port\u00e1til todo en un, con escaneo y captura de alta definici\u00f3n, luz<\/p>","protected":false},"featured_media":39692,"comment_status":"open","ping_status":"closed","template":"","meta":[],"product_brand":[],"product_cat":[60],"product_tag":[4347,9049,4658,11832,7552,1990,7049,3994,11833,1982,7716,11367,7551,9580,1989,1983,11834,1986,7715,6803,1987,10647,3954,1984,1985,8303,1991,133,1988,11831],"class_list":{"0":"post-39691","1":"product","2":"type-product","3":"status-publish","4":"has-post-thumbnail","6":"product_cat-scanners","7":"product_tag-18mp","8":"product_tag-a3a4","9":"product_tag-alta","10":"product_tag-aplanado","11":"product_tag-archivo","12":"product_tag-best-scanner","13":"product_tag-casa","14":"product_tag-con","15":"product_tag-curvas","16":"product_tag-document-scanner","17":"product_tag-documentos","18":"product_tag-eliminacion","19":"product_tag-escaner","20":"product_tag-estudio","21":"product_tag-fast-document-scanner","22":"product_tag-flatbed-scanner","23":"product_tag-fondo","24":"product_tag-high-resolution-scanner","25":"product_tag-libros","26":"product_tag-ocr","27":"product_tag-office-scanner","28":"product_tag-paginas","29":"product_tag-para","30":"product_tag-photo-scanner","31":"product_tag-portable-scanner","32":"product_tag-resolucion","33":"product_tag-scanner-price","34":"product_tag-usb","35":"product_tag-usb-scanner","36":"product_tag-visualizador","38":"first","39":"instock","40":"shipping-taxable","41":"product-type-external"},"_links":{"self":[{"href":"https:\/\/comprasyconsejos.store\/en\/wp-json\/wp\/v2\/product\/39691","targetHints":{"allow":["GET"]}}],"collection":[{"href":"https:\/\/comprasyconsejos.store\/en\/wp-json\/wp\/v2\/product"}],"about":[{"href":"https:\/\/comprasyconsejos.store\/en\/wp-json\/wp\/v2\/types\/product"}],"replies":[{"embeddable":true,"href":"https:\/\/comprasyconsejos.store\/en\/wp-json\/wp\/v2\/comments?post=39691"}],"version-history":[{"count":0,"href":"https:\/\/comprasyconsejos.store\/en\/wp-json\/wp\/v2\/product\/39691\/revisions"}],"wp:featuredmedia":[{"embeddable":true,"href":"https:\/\/comprasyconsejos.store\/en\/wp-json\/wp\/v2\/media\/39692"}],"wp:attachment":[{"href":"https:\/\/comprasyconsejos.store\/en\/wp-json\/wp\/v2\/media?parent=39691"}],"wp:term":[{"taxonomy":"product_brand","embeddable":true,"href":"https:\/\/comprasyconsejos.store\/en\/wp-json\/wp\/v2\/product_brand?post=39691"},{"taxonomy":"product_cat","embeddable":true,"href":"https:\/\/comprasyconsejos.store\/en\/wp-json\/wp\/v2\/product_cat?post=39691"},{"taxonomy":"product_tag","embeddable":true,"href":"https:\/\/comprasyconsejos.store\/en\/wp-json\/wp\/v2\/product_tag?post=39691"}],"curies":[{"name":"wp","href":"https:\/\/api.w.org\/{rel}","templated":true}]}}