{"id":39718,"date":"2026-03-08T21:25:30","date_gmt":"2026-03-08T21:25:30","guid":{"rendered":"https:\/\/comprasyconsejos.store\/product\/z-edge-gaming-monitor-24-5-240-hz-1ms-freesync-fhd1920x1080-computer-display-ultra-thin-bezel-50001-adjustable-tilt-dp1-4-2hdmi2-0-rgb-light-va-vesa-100100mmdp-cable-included\/"},"modified":"2026-03-08T21:25:37","modified_gmt":"2026-03-08T21:25:37","slug":"z-edge-gaming-monitor-24-5-240-hz-1ms-freesync-fhd1920x1080-computer-display-ultra-thin-bezel-50001-adjustable-tilt-dp1-4-2hdmi2-0-rgb-light-va-vesa-100100mmdp-cable-included","status":"publish","type":"product","link":"https:\/\/comprasyconsejos.store\/en\/product\/z-edge-gaming-monitor-24-5-240-hz-1ms-freesync-fhd1920x1080-computer-display-ultra-thin-bezel-50001-adjustable-tilt-dp1-4-2hdmi2-0-rgb-light-va-vesa-100100mmdp-cable-included\/","title":{"rendered":"Z-Edge Gaming Monitor 24.5\u00bb, 240 Hz, 1ms, FreeSync, FHD(1920&#215;1080), Computer Display Ultra-thin Bezel, 5000:1, Adjustable Tilt, DP1.4&#038; 2*HDMI2.0, RGB Light, VA, VESA 100*100mm(DP Cable Included)"},"content":{"rendered":"<p>Price: <span style=\"color:#b12704\"><del>\u20ac139.99<\/del> - \u20ac129.99<\/span><br \/><i><small>(as of Mar 08, 2026 21:25:30 UTC &#8211; <span class=\"wp_automatic_amazon_disclaimer\" title=\"Product prices and availability are accurate as of the date\/time indicated and are subject to change. Any price and availability information displayed on [relevant Amazon Site(s), as applicable] at the time of purchase will apply to the purchase of this product.\">Details<\/span>)<\/small><\/i><\/p>\n<p><a href=\"https:\/\/amazon.es\/dp\/B0D4TMVWP5?tag=man008-21\"><img decoding=\"async\" src=\"https:\/\/valvepress.s3.amazonaws.com\/imgs\/buy_now.png\"><\/a><br \/>\n<\/p>\n<p>                                             Product Description   <\/p>\n<h3 class=\"a-text-center aplus-container-3 aplus-h1 a-text-bold\"> Z-Edge Monitor Gaming 24,5\u00bb, 240 Hz, 1ms, FreeSync, FHD(1920&#215;1080) <\/h3>\n<p>The video showcases the product in use.The video guides you through product setup.The video compares multiple products.The video shows the product being unpacked.<\/p>\n<p>                                                                                                                <img decoding=\"async\" alt=\"240Hz Fresh Rate\" src=\"https:\/\/m.media-amazon.com\/images\/S\/aplus-media-library-service-media\/8104f9f0-1edd-4a38-a408-b514b0b2c76d.__CR0,0,1464,600_PT0_SX1464_V1___.jpg\">                                                                                                                        <\/p>\n<p class=\"description aplus-p1\"> Elimine desenfoque de movimiento y las im\u00e1genes fantasma con una 240Hz frecuencia de actualizaci\u00f3n <\/p>\n<p>                                                      <img decoding=\"async\" alt=\"1 ms Tiempo de Respuesta\" src=\"https:\/\/m.media-amazon.com\/images\/S\/aplus-media-library-service-media\/15d9239d-ee4c-430f-9d64-8c89db7cbbb2.__CR0,0,1464,600_PT0_SX1464_V1___.jpg\">                                                                                                                        <\/p>\n<p class=\"description aplus-p1\"> El tiempo de respuesta r\u00e1pido de 1 ms le brinda una ventaja competitiva en los juegos <\/p>\n<p>                                                      <img decoding=\"async\" alt=\"Adaptativa-Sync\" src=\"https:\/\/m.media-amazon.com\/images\/S\/aplus-media-library-service-media\/ec556d7b-8728-4425-929e-479bbb0f7d13.__CR0,0,1464,600_PT0_SX1464_V1___.jpg\">                                                                                                                        <\/p>\n<p class=\"description aplus-p1\"> FreeSync pr\u00e1cticamente elimina el desgarro de la pantalla, el tartamudeo y la latencia de entrada <\/p>\n<p>                            1 240Hz Fresh Rate <\/p>\n<p>                            2 1 ms Tiempo de Respuesta <\/p>\n<p>                            3 Adaptativa-Sync <\/p>\n<p>                                                                                     <img decoding=\"async\" alt=\"Resoluci\u00f3n FHD 1080P\" src=\"https:\/\/m.media-amazon.com\/images\/S\/aplus-media-library-service-media\/eb1457d3-f259-4bae-9d7e-4b469d5ad57f.__CR0,0,1464,600_PT0_SX1464_V1___.jpg\">                                                    Resoluci\u00f3n FHD 1080P                                         <\/p>\n<p class=\"aplus-p3\"> Con resoluci\u00f3n de 1920*1080P, este monitor curvo le ofrece im\u00e1genes v\u00edvidas e impresionantes, presentando v\u00eddeos o im\u00e1genes con m\u00e1s detalles. <\/p>\n<p>                                                                                     <img decoding=\"async\" alt=\"Compatibilidad con HDR\" src=\"https:\/\/m.media-amazon.com\/images\/S\/aplus-media-library-service-media\/43bd9334-dfb6-48e0-ac1a-3670a932d342.__CR0,0,1464,600_PT0_SX1464_V1___.jpg\">                                                    Compatibilidad con HDR                                         <\/p>\n<p class=\"aplus-p3\"> Reproduce una gama de luminosidad mayor que la que es posible con las im\u00e1genes digitales est\u00e1ndar, lo que permite descubrir im\u00e1genes m\u00e1s realistas. <\/p>\n<p>                                                                                              <img decoding=\"async\" alt=\"240 Hz &amp;amp; 1 ms Tiempo de Respuesta\" src=\"https:\/\/images-na.ssl-images-amazon.com\/images\/G\/01\/x-locale\/common\/grey-pixel.gif\" class=\"a-lazy-loaded\" data-src=\"https:\/\/m.media-amazon.com\/images\/S\/aplus-media-library-service-media\/2fba9f1e-8527-4237-928a-53371213001f.__CR0,0,650,350_PT0_SX650_V1___.jpg\"><img decoding=\"async\" alt=\"240 Hz &amp;amp; 1 ms Tiempo de Respuesta\" src=\"https:\/\/m.media-amazon.com\/images\/S\/aplus-media-library-service-media\/2fba9f1e-8527-4237-928a-53371213001f.__CR0,0,650,350_PT0_SX650_V1___.jpg\">                                            240 Hz &amp; 1 ms Tiempo de Respuesta                                         <\/p>\n<p class=\"aplus-p3\"> Con una frecuencia de actualizaci\u00f3n de 240 Hz y un tiempo de respuesta de 1 ms, las im\u00e1genes fantasma y las im\u00e1genes borrosas se reducir\u00e1n significativamente. Nuestro monitor de juegos curvo aporta una fluidez sin precedentes a tus juegos. <\/p>\n<p>                                           <img decoding=\"async\" alt=\"Adaptive-Sync Support\" src=\"https:\/\/images-na.ssl-images-amazon.com\/images\/G\/01\/x-locale\/common\/grey-pixel.gif\" class=\"a-lazy-loaded\" data-src=\"https:\/\/m.media-amazon.com\/images\/S\/aplus-media-library-service-media\/d04c5f38-c6de-4c3d-82a6-51cb6a8fac53.__CR0,0,650,350_PT0_SX650_V1___.jpg\"><img decoding=\"async\" alt=\"Adaptive-Sync Support\" src=\"https:\/\/m.media-amazon.com\/images\/S\/aplus-media-library-service-media\/d04c5f38-c6de-4c3d-82a6-51cb6a8fac53.__CR0,0,650,350_PT0_SX650_V1___.jpg\">                                            Adaptive-Sync Support                                         <\/p>\n<p class=\"aplus-p3\"> La sincronizaci\u00f3n adaptativa garantiza un juego consistentemente fluido, ya sea que se juegue a una velocidad de fotogramas alta o baja. <\/p>\n<p>                                                                                              <img decoding=\"async\" alt=\"1920*1080 Resoluci\u00f3n\" src=\"https:\/\/images-na.ssl-images-amazon.com\/images\/G\/01\/x-locale\/common\/grey-pixel.gif\" class=\"a-lazy-loaded\" data-src=\"https:\/\/m.media-amazon.com\/images\/S\/aplus-media-library-service-media\/32fea1b5-9c07-4b5b-a852-19d25aec837a.__CR0,0,650,350_PT0_SX650_V1___.jpg\"><img decoding=\"async\" alt=\"1920*1080 Resoluci\u00f3n\" src=\"https:\/\/m.media-amazon.com\/images\/S\/aplus-media-library-service-media\/32fea1b5-9c07-4b5b-a852-19d25aec837a.__CR0,0,650,350_PT0_SX650_V1___.jpg\">                                            1920*1080 Resoluci\u00f3n                                         <\/p>\n<p class=\"aplus-p3\"> Con una resoluci\u00f3n de 1920*1080P, este monitor curvo le brinda im\u00e1genes v\u00edvidas e impresionantes, presentando videos\/im\u00e1genes con m\u00e1s detalles. <\/p>\n<p>                                           <img decoding=\"async\" alt=\"16,7 Millones de Colores\" src=\"https:\/\/images-na.ssl-images-amazon.com\/images\/G\/01\/x-locale\/common\/grey-pixel.gif\" class=\"a-lazy-loaded\" data-src=\"https:\/\/m.media-amazon.com\/images\/S\/aplus-media-library-service-media\/81957172-2c1a-4576-9f4d-63c9a5d30fcc.__CR0,0,650,350_PT0_SX650_V1___.jpg\"><img decoding=\"async\" alt=\"16,7 Millones de Colores\" src=\"https:\/\/m.media-amazon.com\/images\/S\/aplus-media-library-service-media\/81957172-2c1a-4576-9f4d-63c9a5d30fcc.__CR0,0,650,350_PT0_SX650_V1___.jpg\">                                            16,7 Millones de Colores                                         <\/p>\n<p class=\"aplus-p3\"> Disfruta de una paleta de colores rica y vibrante con 16,7 millones de colores, lo que garantiza que cada imagen se muestre con una precisi\u00f3n y profundidad asombrosas. Experimenta im\u00e1genes realistas que hacen que tus juegos, pel\u00edculas y fotos cobren vida. <\/p>\n<p>                                                                                                       <img decoding=\"async\" alt=\"Conexiones Poderosas\" src=\"https:\/\/images-na.ssl-images-amazon.com\/images\/G\/01\/x-locale\/common\/grey-pixel.gif\" class=\"a-lazy-loaded\" data-src=\"https:\/\/m.media-amazon.com\/images\/S\/aplus-media-library-service-media\/964e94ba-9203-4bb6-b02f-d0f0fd92db86.__CR0,0,1464,600_PT0_SX1464_V1___.jpg\"><img decoding=\"async\" alt=\"Conexiones Poderosas\" src=\"https:\/\/m.media-amazon.com\/images\/S\/aplus-media-library-service-media\/964e94ba-9203-4bb6-b02f-d0f0fd92db86.__CR0,0,1464,600_PT0_SX1464_V1___.jpg\">                                                 Conexiones Poderosas                                                                           <\/p>\n<p class=\"aplus-p2 aplus-module-2-description\"> Hay disponibles un total de 3 interfaces HDMI y DisplayPort multifuncionales, lo que le permite conectar sin problemas trabajo y entretenimiento, logrando m\u00faltiples usos en una sola pantalla. <\/p>\n<p> Product Dimensions                                            \u200f                                            :                                            \u200e                                            20.92 x 55.88 x 44.02 cm; 4.99 kg   <br \/> Manufacturer                                            \u200f                                            :                                            \u200e                                            Z-Edge   <br \/> ASIN                                            \u200f                                            :                                            \u200e                                            B0D4TMVWP5   <br \/> Item model number                                            \u200f                                            :                                            \u200e                                            UG25F   <br \/> Country\/Region of Origin                                            \u200f                                            :                                            \u200e                                            China   <br \/> Guaranteed software updates until                                            \u200f                                            :                                            \u200e                                            unknown   <br \/>  Customer reviews:                                                                                            4.4               4.4 out of 5 stars                                  (481)                                              var dpAcrHasRegisteredArcLinkClickAction;                    P.when(&#8216;A&#8217;, &#8216;ready&#8217;).execute(function(A) {                        if (dpAcrHasRegisteredArcLinkClickAction !== true) {                            dpAcrHasRegisteredArcLinkClickAction = true;                            A.declarative(                                &#8216;acrLink-click-metrics&#8217;, &#8216;click&#8217;,                                { \u00aballowLinkDefault\u00bb: true },                                function (event) {                                    if (window.ue) {                                        ue.count(\u00abacrLinkClickCount\u00bb, (ue.count(\u00abacrLinkClickCount\u00bb) || 0) + 1);                                    }                                }                            );                        }                    });                                             P.when(&#8216;A&#8217;, &#8216;cf&#8217;).execute(function(A) {                A.declarative(&#8216;acrStarsLink-click-metrics&#8217;, &#8216;click&#8217;, { \u00aballowLinkDefault\u00bb : true },  function(event){                    if(window.ue) {                        ue.count(\u00abacrStarsLinkWithPopoverClickCount\u00bb, (ue.count(\u00abacrStarsLinkWithPopoverClickCount\u00bb) || 0) + 1);                    }                });            });                          <\/p>\n<p>240Hz High Refresh Rate: With a super-fast refresh rate of 240Hz, our gaming monitor ensures ultra-smooth and responsive gaming with minimal motion blur. 1ms response time ensures fast pixel transitions and reduces ghosting. FreeSync technology synchronizes the monitor&#8217;s refresh rate with your graphics card output, eliminating screen tearing and stuttering during intense gaming sessions<br \/>Designed for gamers: Unleash your gaming potential with preset FPS and RTS game modes, designed for an enhanced gaming experience. HDR technology expands color gamut and contrast, delivering more vivid and realistic images. This feature enhances your gaming experience, providing a more immersive visual experience<br \/>Versatile Connectivity: Equipped with two HDMI 2.0 inputs and a DisplayPort 1.4, all compatible with a refresh rate of up to 240Hz, you can connect your desktop, gaming laptops, Switch, Xbox and your PS game consoles seamlessly. This monitor delivers a professional-level gaming experience with powerful and solid connections<br \/>Ergonomic and Elegant Design: Our PC gamer monitor features an elegant edge-to-edge design on three sides that not only looks modern but also maximizes screen space for a wide view. VESA mount (100*100) allows hassle-free installation on a wall or on a mounting arm, providing positioning flexibility and saving valuable desk space<br \/>Dynamic Breathing Light: Enhance your gaming atmosphere with the sleek, backlit breathing light. This feature adds a dynamic glow to your gaming setup, immersing you further into the gaming world. With a brightness of 350 cd\/m\u00b2 and a high contrast ratio of 5000:1, this computer screen delivers clear, detailed images. Deep blacks and bright whites allow you to capture more image detail, even in the darkest scenes<\/p>\n\n","protected":false},"excerpt":{"rendered":"<p> Product Description Z-Edge Monitor Gaming 24,5\u00bb, 240 Hz, 1ms, FreeSync, FHD(1920&#215;1080) The video showcases the<\/p>","protected":false},"featured_media":39719,"comment_status":"open","ping_status":"closed","template":"","meta":[],"product_brand":[],"product_cat":[55],"product_tag":[11838,1934,1918,1936,1935,1939,8891,1802,876,1940,11487,182,539,1784,561,7647,4132,1922,617,1933,415,1937,248,844,885,1938,1183,845,2342,8662],"class_list":{"0":"post-39718","1":"product","2":"type-product","3":"status-publish","4":"has-post-thumbnail","6":"product_cat-gaming-monitors","7":"product_tag-100100mmdp","8":"product_tag-144hz-gaming-monitor","9":"product_tag-1ms","10":"product_tag-1ms-gaming-monitor","11":"product_tag-240hz-gaming-monitor","12":"product_tag-27-inch-gaming-monitor","13":"product_tag-2hdmi2-0","14":"product_tag-4k-gaming-monitor","15":"product_tag-adjustable","16":"product_tag-best-gaming-monitor","17":"product_tag-bezel","18":"product_tag-cable","19":"product_tag-computer","20":"product_tag-curved-gaming-monitor","21":"product_tag-display","22":"product_tag-dp1-4","23":"product_tag-fhd1920x1080","24":"product_tag-freesync","25":"product_tag-gaming","26":"product_tag-gaming-monitor","27":"product_tag-included","28":"product_tag-ips-gaming-monitor","29":"product_tag-light","30":"product_tag-monitor","31":"product_tag-rgb","32":"product_tag-rgb-gaming-monitor","33":"product_tag-tilt","34":"product_tag-ultrathin","35":"product_tag-vesa","36":"product_tag-zedge","38":"first","39":"instock","40":"sale","41":"shipping-taxable","42":"product-type-external"},"_links":{"self":[{"href":"https:\/\/comprasyconsejos.store\/en\/wp-json\/wp\/v2\/product\/39718","targetHints":{"allow":["GET"]}}],"collection":[{"href":"https:\/\/comprasyconsejos.store\/en\/wp-json\/wp\/v2\/product"}],"about":[{"href":"https:\/\/comprasyconsejos.store\/en\/wp-json\/wp\/v2\/types\/product"}],"replies":[{"embeddable":true,"href":"https:\/\/comprasyconsejos.store\/en\/wp-json\/wp\/v2\/comments?post=39718"}],"version-history":[{"count":0,"href":"https:\/\/comprasyconsejos.store\/en\/wp-json\/wp\/v2\/product\/39718\/revisions"}],"wp:featuredmedia":[{"embeddable":true,"href":"https:\/\/comprasyconsejos.store\/en\/wp-json\/wp\/v2\/media\/39719"}],"wp:attachment":[{"href":"https:\/\/comprasyconsejos.store\/en\/wp-json\/wp\/v2\/media?parent=39718"}],"wp:term":[{"taxonomy":"product_brand","embeddable":true,"href":"https:\/\/comprasyconsejos.store\/en\/wp-json\/wp\/v2\/product_brand?post=39718"},{"taxonomy":"product_cat","embeddable":true,"href":"https:\/\/comprasyconsejos.store\/en\/wp-json\/wp\/v2\/product_cat?post=39718"},{"taxonomy":"product_tag","embeddable":true,"href":"https:\/\/comprasyconsejos.store\/en\/wp-json\/wp\/v2\/product_tag?post=39718"}],"curies":[{"name":"wp","href":"https:\/\/api.w.org\/{rel}","templated":true}]}}