{"id":39727,"date":"2026-03-08T21:35:15","date_gmt":"2026-03-08T21:35:15","guid":{"rendered":"https:\/\/comprasyconsejos.store\/product\/philips-monitors-272e1ca-00-27-fhd-curved-1500r-75hz-va-freesync-1920x1080-d-sub-hdmi-displayport-1x1-2\/"},"modified":"2026-03-08T21:35:19","modified_gmt":"2026-03-08T21:35:19","slug":"philips-monitors-272e1ca-00-27-fhd-curved-1500r-75hz-va-freesync-1920x1080-d-sub-hdmi-displayport-1x1-2","status":"publish","type":"product","link":"https:\/\/comprasyconsejos.store\/en\/product\/philips-monitors-272e1ca-00-27-fhd-curved-1500r-75hz-va-freesync-1920x1080-d-sub-hdmi-displayport-1x1-2\/","title":{"rendered":"Philips Monitors 272E1CA\/00-27&#8243;\u00bb FHD, Curved 1500R, 75Hz, VA, FreeSync (1920&#215;1080, D-Sub, HDMI, DisplayPort 1&#215;1.2)\u00bb"},"content":{"rendered":"<p>Price: <span style=\"color:#b12704\">\u20ac177.80<\/span><br \/><i><small>(as of Mar 08, 2026 21:35:16 UTC &#8211; <span class=\"wp_automatic_amazon_disclaimer\" title=\"Product prices and availability are accurate as of the date\/time indicated and are subject to change. Any price and availability information displayed on [relevant Amazon Site(s), as applicable] at the time of purchase will apply to the purchase of this product.\">Details<\/span>)<\/small><\/i><\/p>\n<p><a href=\"https:\/\/amazon.es\/dp\/B07TRJCZG4?tag=man008-21\"><img decoding=\"async\" src=\"https:\/\/valvepress.s3.amazonaws.com\/imgs\/buy_now.png\"><\/a><br \/>\n<\/p>\n<p>                                             From the brand   <\/p>\n<p>                                              <img decoding=\"async\" alt=\"aplus content image\" src=\"https:\/\/images-na.ssl-images-amazon.com\/images\/G\/01\/x-locale\/common\/grey-pixel.gif\" class=\"a-lazy-loaded\" data-src=\"https:\/\/m.media-amazon.com\/images\/S\/aplus-media-library-service-media\/f8c95a3f-774f-4d59-8383-8c7f3514e6cf.__CR12,0,1476,630_PT0_SX1464_V1___.jpg\"><img decoding=\"async\" alt=\"aplus content image\" src=\"https:\/\/m.media-amazon.com\/images\/S\/aplus-media-library-service-media\/f8c95a3f-774f-4d59-8383-8c7f3514e6cf.__CR12,0,1476,630_PT0_SX1464_V1___.jpg\">  <\/p>\n<p>                                              <img decoding=\"async\" alt=\"aplus content image\" src=\"https:\/\/images-na.ssl-images-amazon.com\/images\/G\/01\/x-locale\/common\/grey-pixel.gif\" class=\"a-lazy-loaded\" data-src=\"https:\/\/m.media-amazon.com\/images\/S\/aplus-media-library-service-media\/1df33e20-5a0e-4d5a-936f-9cfcd1fee762.__CR0,0,362,453_PT0_SX362_V1___.jpg\"><img decoding=\"async\" alt=\"aplus content image\" src=\"https:\/\/m.media-amazon.com\/images\/S\/aplus-media-library-service-media\/1df33e20-5a0e-4d5a-936f-9cfcd1fee762.__CR0,0,362,453_PT0_SX362_V1___.jpg\">  <\/p>\n<h3> USO Profesional <\/h3>\n<p class=\"apm-brand-story-stores-link\">\n<h3> USE DOMESTICO <\/h3>\n<p class=\"apm-brand-story-stores-link\">\n<p>                                              <img decoding=\"async\" alt=\"El texto dice \u00abAcerca de nosotros\u00bb seguido de \u00abLos monitores Philips est\u00e1n dise\u00f1ados para hacer que la vida cotidiana sea m\u00e1s f\u00e1cil y m\u00e1s inteligente y m\u00e1s inspiradora\u00bb. Ya sea que est\u00e1 trabajando, creando, estudiando.\" src=\"https:\/\/images-na.ssl-images-amazon.com\/images\/G\/01\/x-locale\/common\/grey-pixel.gif\" class=\"a-lazy-loaded\" data-src=\"https:\/\/m.media-amazon.com\/images\/S\/aplus-media-library-service-media\/59805462-1f57-4b24-89c2-d7df1894e5ef.__CR0,0,362,453_PT0_SX362_V1___.jpg\"><img decoding=\"async\" alt=\"El texto dice \u00abAcerca de nosotros\u00bb seguido de \u00abLos monitores Philips est\u00e1n dise\u00f1ados para hacer que la vida cotidiana sea m\u00e1s f\u00e1cil y m\u00e1s inteligente y m\u00e1s inspiradora\u00bb. Ya sea que est\u00e1 trabajando, creando, estudiando.\" src=\"https:\/\/m.media-amazon.com\/images\/S\/aplus-media-library-service-media\/59805462-1f57-4b24-89c2-d7df1894e5ef.__CR0,0,362,453_PT0_SX362_V1___.jpg\">  <\/p>\n<p> Product Dimensions                                            \u200f                                            :                                            \u200e                                            20.3 x 61.1 x 46.2 cm; 3.8 kg   <br \/> Manufacturer                                            \u200f                                            :                                            \u200e                                            Philips   <br \/> ASIN                                            \u200f                                            :                                            \u200e                                            B07TRJCZG4   <br \/> Item model number                                            \u200f                                            :                                            \u200e                                            272E1CA   <br \/> Country of origin                                            \u200f                                            :                                            \u200e                                            China   <br \/> Guaranteed software updates until                                            \u200f                                            :                                            \u200e                                            unknown   <br \/>  Customer reviews:                                                                                            4.6               4.6 out of 5 stars                                  (6,135)                                              var dpAcrHasRegisteredArcLinkClickAction;                    P.when(&#8216;A&#8217;, &#8216;ready&#8217;).execute(function(A) {                        if (dpAcrHasRegisteredArcLinkClickAction !== true) {                            dpAcrHasRegisteredArcLinkClickAction = true;                            A.declarative(                                &#8216;acrLink-click-metrics&#8217;, &#8216;click&#8217;,                                { \u00aballowLinkDefault\u00bb: true },                                function (event) {                                    if (window.ue) {                                        ue.count(\u00abacrLinkClickCount\u00bb, (ue.count(\u00abacrLinkClickCount\u00bb) || 0) + 1);                                    }                                }                            );                        }                    });                                             P.when(&#8216;A&#8217;, &#8216;cf&#8217;).execute(function(A) {                A.declarative(&#8216;acrStarsLink-click-metrics&#8217;, &#8216;click&#8217;, { \u00aballowLinkDefault\u00bb : true },  function(event){                    if(window.ue) {                        ue.count(\u00abacrStarsLinkWithPopoverClickCount\u00bb, (ue.count(\u00abacrStarsLinkWithPopoverClickCount\u00bb) || 0) + 1);                    }                });            });                          <\/p>\n<p>Curved Monitor: Enjoy an immersive experience with a unique immersion<br \/>Full HD display resolution: picture quality for multimedia enjoyment<br \/>4ms response time, allowing you to enjoy the most vivid colors ever. Forget about trails and blurry shadows on your screen<br \/>Flickerfree: Make annoying flicker in a sequence of images disappear.<br \/>Freesync\/Adaptivesync: Sync your GPU and monitor with the best technology<\/p>\n\n","protected":false},"excerpt":{"rendered":"<p> From the brand USO Profesional USE DOMESTICO Product Dimensions \u200f : \u200e 20.3 x 61.1<\/p>","protected":false},"featured_media":39728,"comment_status":"open","ping_status":"closed","template":"","meta":[],"product_brand":[],"product_cat":[54],"product_tag":[1791,2337,704,11840,11839,1827,1789,754,1787,1788,1792,1784,1786,1783,1790,1099,6951,639,1922,544,848,7195,1785],"class_list":{"0":"post-39727","1":"product","2":"type-product","3":"status-publish","4":"has-post-thumbnail","6":"product_cat-curved-monitors","7":"product_tag-144hz-curved-monitor","8":"product_tag-1500r","9":"product_tag-1920x1080","10":"product_tag-1x1-2","11":"product_tag-272e1ca0027","12":"product_tag-75hz","13":"product_tag-best-curved-monitor","14":"product_tag-curved","15":"product_tag-curved-27-inch-monitor","16":"product_tag-curved-32-inch-monitor","17":"product_tag-curved-computer-monitor","18":"product_tag-curved-gaming-monitor","19":"product_tag-curved-led-monitor","20":"product_tag-curved-monitor","21":"product_tag-curved-monitor-price","22":"product_tag-displayport","23":"product_tag-dsub","24":"product_tag-fhd","25":"product_tag-freesync","26":"product_tag-hdmi","27":"product_tag-monitors","28":"product_tag-philips","29":"product_tag-ultrawide-curved-monitor","31":"first","32":"instock","33":"shipping-taxable","34":"product-type-external"},"_links":{"self":[{"href":"https:\/\/comprasyconsejos.store\/en\/wp-json\/wp\/v2\/product\/39727","targetHints":{"allow":["GET"]}}],"collection":[{"href":"https:\/\/comprasyconsejos.store\/en\/wp-json\/wp\/v2\/product"}],"about":[{"href":"https:\/\/comprasyconsejos.store\/en\/wp-json\/wp\/v2\/types\/product"}],"replies":[{"embeddable":true,"href":"https:\/\/comprasyconsejos.store\/en\/wp-json\/wp\/v2\/comments?post=39727"}],"version-history":[{"count":0,"href":"https:\/\/comprasyconsejos.store\/en\/wp-json\/wp\/v2\/product\/39727\/revisions"}],"wp:featuredmedia":[{"embeddable":true,"href":"https:\/\/comprasyconsejos.store\/en\/wp-json\/wp\/v2\/media\/39728"}],"wp:attachment":[{"href":"https:\/\/comprasyconsejos.store\/en\/wp-json\/wp\/v2\/media?parent=39727"}],"wp:term":[{"taxonomy":"product_brand","embeddable":true,"href":"https:\/\/comprasyconsejos.store\/en\/wp-json\/wp\/v2\/product_brand?post=39727"},{"taxonomy":"product_cat","embeddable":true,"href":"https:\/\/comprasyconsejos.store\/en\/wp-json\/wp\/v2\/product_cat?post=39727"},{"taxonomy":"product_tag","embeddable":true,"href":"https:\/\/comprasyconsejos.store\/en\/wp-json\/wp\/v2\/product_tag?post=39727"}],"curies":[{"name":"wp","href":"https:\/\/api.w.org\/{rel}","templated":true}]}}