{"id":39784,"date":"2026-03-09T01:25:12","date_gmt":"2026-03-09T01:25:12","guid":{"rendered":"https:\/\/comprasyconsejos.store\/product\/cpu-cooling-fan-for-mini-pc-nuc8-nuc8i7beh-nuc8i5beh-nuc8i5bek-nuc8i3beh-bsc0805ha-00-4-pin-5v-0-6a-aluminum-alloy-easy-to-install-and-remove\/"},"modified":"2026-03-09T01:25:23","modified_gmt":"2026-03-09T01:25:23","slug":"cpu-cooling-fan-for-mini-pc-nuc8-nuc8i7beh-nuc8i5beh-nuc8i5bek-nuc8i3beh-bsc0805ha-00-4-pin-5v-0-6a-aluminum-alloy-easy-to-install-and-remove","status":"publish","type":"product","link":"https:\/\/comprasyconsejos.store\/en\/product\/cpu-cooling-fan-for-mini-pc-nuc8-nuc8i7beh-nuc8i5beh-nuc8i5bek-nuc8i3beh-bsc0805ha-00-4-pin-5v-0-6a-aluminum-alloy-easy-to-install-and-remove\/","title":{"rendered":"CPU Cooling Fan for Mini PC NUC8 NUC8i7BEH NUC8i5BEH NUC8i5BEK NUC8i3BEH, BSC0805HA 00 4 Pin 5V 0.6A, Aluminum Alloy, Easy to Install and Remove"},"content":{"rendered":"<p>Price: <span style=\"color:#b12704\">\u20ac12.10<\/span><br \/><i><small>(as of Mar 09, 2026 01:25:12 UTC &#8211; <span class=\"wp_automatic_amazon_disclaimer\" title=\"Product prices and availability are accurate as of the date\/time indicated and are subject to change. Any price and availability information displayed on [relevant Amazon Site(s), as applicable] at the time of purchase will apply to the purchase of this product.\">Details<\/span>)<\/small><\/i><\/p>\n<p><a href=\"https:\/\/amazon.es\/dp\/B0DH25YP46?tag=man008-21\"><img decoding=\"async\" src=\"https:\/\/valvepress.s3.amazonaws.com\/imgs\/buy_now.png\"><\/a><br \/>\n<\/p>\n<p>                                             Product Description   <\/p>\n<p>                                                                             <img decoding=\"async\" alt=\"El componente del ventilador de refrigeraci\u00f3n del port\u00e1til se muestra en la imagen principal, con tres vistas adicionales m\u00e1s peque\u00f1as del mismo dispositivo de refrigeraci\u00f3n interno plateado y negro.\" src=\"https:\/\/images-na.ssl-images-amazon.com\/images\/G\/01\/x-locale\/common\/grey-pixel.gif\" class=\"a-spacing-base a-lazy-loaded\" data-src=\"https:\/\/m.media-amazon.com\/images\/S\/aplus-media-library-service-media\/e4852f36-6c7a-4d2e-b946-3ca8503b0700.__CR0,0,970,600_PT0_SX970_V1___.jpg\"><img decoding=\"async\" alt=\"El componente del ventilador de refrigeraci\u00f3n del port\u00e1til se muestra en la imagen principal, con tres vistas adicionales m\u00e1s peque\u00f1as del mismo dispositivo de refrigeraci\u00f3n interno plateado y negro.\" src=\"https:\/\/m.media-amazon.com\/images\/S\/aplus-media-library-service-media\/e4852f36-6c7a-4d2e-b946-3ca8503b0700.__CR0,0,970,600_PT0_SX970_V1___.jpg\">                                         <\/p>\n<h3 class=\"a-spacing-mini\"> Ventilador de Refrigeracin de CPU para Mini PC NUC8 NUC8i7BEH NUC8i5BEH NUC8i5BEK NUC8i3BEH, BSC0805HA 00 4 Pines 5V 0.6A, Aleacin de Aluminio, Fcil de Instalar y Quitar <\/h3>\n<p>                                                  <img decoding=\"async\" alt=\"YT\" src=\"https:\/\/images-na.ssl-images-amazon.com\/images\/G\/01\/x-locale\/common\/grey-pixel.gif\" class=\"a-lazy-loaded\" data-src=\"https:\/\/m.media-amazon.com\/images\/S\/aplus-media-library-service-media\/8c1516f9-658a-40f9-ba53-343ccf927fa3.__CR0,0,300,300_PT0_SX300_V1___.jpg\"><img decoding=\"async\" alt=\"YT\" src=\"https:\/\/m.media-amazon.com\/images\/S\/aplus-media-library-service-media\/8c1516f9-658a-40f9-ba53-343ccf927fa3.__CR0,0,300,300_PT0_SX300_V1___.jpg\">  <\/p>\n<p>4 PIN: El ventilador de refrigeraci\u00f3n BSC0805HA\u201100 con conector de alimentaci\u00f3n de 4 pines mejora la disipaci\u00f3n de calor y reduce la temperatura durante el funcionamiento continuo. <\/p>\n<p>APLICABLE: Dise\u00f1ado para el ventilador de enfriamiento de mini PC serie NUC8 NUC8i7BEH NUC8i5BEH NUC8i5BEK NUC8i3BEH, reemplazo para sus piezas da\u00f1adas. <\/p>\n<p>COMPACTO Y PORT\u00c1TIL: De tama\u00f1o peque\u00f1o y liviano, este ventilador de enfriamiento puede ayudar a aligerar la carga de su mini computadora y mejorar la eficiencia. <\/p>\n<p class=\"apm-text-center\">\n                                                      <img decoding=\"async\" alt=\"1\" src=\"https:\/\/images-na.ssl-images-amazon.com\/images\/G\/01\/x-locale\/common\/grey-pixel.gif\" class=\"a-spacing-mini a-lazy-loaded\" data-src=\"https:\/\/m.media-amazon.com\/images\/S\/aplus-media-library-service-media\/7d6969d9-4f0d-4406-b0de-35dd19c03d00.__CR0,0,300,300_PT0_SX300_V1___.jpg\"><img decoding=\"async\" alt=\"1\" src=\"https:\/\/m.media-amazon.com\/images\/S\/aplus-media-library-service-media\/7d6969d9-4f0d-4406-b0de-35dd19c03d00.__CR0,0,300,300_PT0_SX300_V1___.jpg\">  <\/p>\n<p class=\"apm-text-center\">\n                                                      <img decoding=\"async\" alt=\"2612230486111-2\" src=\"https:\/\/images-na.ssl-images-amazon.com\/images\/G\/01\/x-locale\/common\/grey-pixel.gif\" class=\"a-spacing-mini a-lazy-loaded\" data-src=\"https:\/\/m.media-amazon.com\/images\/S\/aplus-media-library-service-media\/3e2b5400-17cc-46be-813b-783934122e37.__CR0,0,300,300_PT0_SX300_V1___.jpg\"><img decoding=\"async\" alt=\"2612230486111-2\" src=\"https:\/\/m.media-amazon.com\/images\/S\/aplus-media-library-service-media\/3e2b5400-17cc-46be-813b-783934122e37.__CR0,0,300,300_PT0_SX300_V1___.jpg\">  <\/p>\n<p class=\"apm-text-center\">\n                                                      <img decoding=\"async\" alt=\"2612230486111-3\" src=\"https:\/\/images-na.ssl-images-amazon.com\/images\/G\/01\/x-locale\/common\/grey-pixel.gif\" class=\"a-spacing-mini a-lazy-loaded\" data-src=\"https:\/\/m.media-amazon.com\/images\/S\/aplus-media-library-service-media\/8185030b-4c31-49cb-9e63-87a0709fefd1.__CR0,0,300,300_PT0_SX300_V1___.jpg\"><img decoding=\"async\" alt=\"2612230486111-3\" src=\"https:\/\/m.media-amazon.com\/images\/S\/aplus-media-library-service-media\/8185030b-4c31-49cb-9e63-87a0709fefd1.__CR0,0,300,300_PT0_SX300_V1___.jpg\">  <\/p>\n<p class=\"apm-text-center\">\n                                                      <img decoding=\"async\" alt=\"1\" src=\"https:\/\/images-na.ssl-images-amazon.com\/images\/G\/01\/x-locale\/common\/grey-pixel.gif\" class=\"a-spacing-mini a-lazy-loaded\" data-src=\"https:\/\/m.media-amazon.com\/images\/S\/aplus-media-library-service-media\/346c2cac-f9cc-4432-8218-13a187c60780.__CR0,0,300,300_PT0_SX300_V1___.jpg\"><img decoding=\"async\" alt=\"1\" src=\"https:\/\/m.media-amazon.com\/images\/S\/aplus-media-library-service-media\/346c2cac-f9cc-4432-8218-13a187c60780.__CR0,0,300,300_PT0_SX300_V1___.jpg\">  <\/p>\n<p class=\"apm-text-center\">\n                                                      <img decoding=\"async\" alt=\"2612230486111-2\" src=\"https:\/\/images-na.ssl-images-amazon.com\/images\/G\/01\/x-locale\/common\/grey-pixel.gif\" class=\"a-spacing-mini a-lazy-loaded\" data-src=\"https:\/\/m.media-amazon.com\/images\/S\/aplus-media-library-service-media\/d9e98cc7-89e3-4e54-880d-afe870f68dc3.__CR0,0,300,300_PT0_SX300_V1___.jpg\"><img decoding=\"async\" alt=\"2612230486111-2\" src=\"https:\/\/m.media-amazon.com\/images\/S\/aplus-media-library-service-media\/d9e98cc7-89e3-4e54-880d-afe870f68dc3.__CR0,0,300,300_PT0_SX300_V1___.jpg\">  <\/p>\n<p class=\"apm-text-center\">\n                                                      <img decoding=\"async\" alt=\"2612230486111-3\" src=\"https:\/\/images-na.ssl-images-amazon.com\/images\/G\/01\/x-locale\/common\/grey-pixel.gif\" class=\"a-spacing-mini a-lazy-loaded\" data-src=\"https:\/\/m.media-amazon.com\/images\/S\/aplus-media-library-service-media\/3d6187bd-b0ee-471a-9bcd-cac8ce715286.__CR0,0,300,300_PT0_SX300_V1___.jpg\"><img decoding=\"async\" alt=\"2612230486111-3\" src=\"https:\/\/m.media-amazon.com\/images\/S\/aplus-media-library-service-media\/3d6187bd-b0ee-471a-9bcd-cac8ce715286.__CR0,0,300,300_PT0_SX300_V1___.jpg\">  <\/p>\n<p>1. APLICABLE: Dise\u00f1ado para el ventilador de enfriamiento de mini PC serie NUC8 NUC8i7BEH NUC8i5BEH NUC8i5BEK NUC8i3BEH, reemplazo para sus piezas da\u00f1adas. <\/p>\n<p> 2. 4 PIN: El ventilador de refrigeraci\u00f3n BSC0805HA\u201100 con conector de alimentaci\u00f3n de 4 pines mejora la disipaci\u00f3n del calor y reduce la temperatura durante el funcionamiento continuo. <\/p>\n<p> 3. MATERIAL: El ventilador de enfriamiento de CPU de Mini PC est\u00e1 hecho de aleaci\u00f3n de aluminio de primera calidad y material ABS, resistente y no es f\u00e1cil de da\u00f1ar, con una larga vida \u00fatil. <\/p>\n<p> 4. F\u00c1CIL DE USAR: Este ventilador de enfriamiento de computadora mini PC es f\u00e1cil de conectar, f\u00e1cil de operar, f\u00e1cil de usar, f\u00e1cil de instalar y quitar. <\/p>\n<p> 5. COMPACTO Y PORT\u00c1TIL: De tama\u00f1o peque\u00f1o y liviano, este ventilador de enfriamiento puede ayudar a aligerar la carga de su mini computadora y mejorar la eficiencia. <\/p>\n<p>  <\/p>\n<p> Especificaci\u00f3n: <\/p>\n<p> Tipo de art\u00edculo: Refrigeraci\u00f3n de CPU de mini PC Ventilador <\/p>\n<p> Material: Aleaci\u00f3n de aluminio, ABS <\/p>\n<p> N\u00famero de pieza: BSC0805HA\u201100 <\/p>\n<p> Conexi\u00f3n de alimentaci\u00f3n: 4 pines <\/p>\n<p> Entrada: DC 5V 0.6A <\/p>\n<p> Aplicable: para NUC8 NUC8i7BEH NUC8i5BEH NUC8i5BEK NUC8i3BEH  <\/p>\n<p>  <\/p>\n<p> C\u00f3mo utilizar: <\/p>\n<p> \u00a1Instalar y usar! <\/p>\n<p>  <\/p>\n<p> Lista de Empaque: <\/p>\n<p> 1 x ventilador de refrigeraci\u00f3n de CPU para mini PC <\/p>\n<p> Package Dimensions                                            \u200f                                            :                                            \u200e                                            11 x 10 x 3 cm; 75 g   <br \/> Date First Available                                            \u200f                                            :                                            \u200e                                            14 Sept. 2024   <br \/> Manufacturer                                            \u200f                                            :                                            \u200e                                            GOWENIC   <br \/> ASIN                                            \u200f                                            :                                            \u200e                                            B0DH25YP46   <br \/> Item model number                                            \u200f                                            :                                            \u200e                                            GOWENICgtgorp3qi1   <br \/> Country of origin                                            \u200f                                            :                                            \u200e                                            China   <br \/>       Best Sellers Rank:  40,643 in Computers (See Top 100 in Computers)    1,588 in CPU Fans      <br \/>  Customer reviews:                                                                                            5.0               5.0 out of 5 stars                                  (2)                                              var dpAcrHasRegisteredArcLinkClickAction;                    P.when(&#8216;A&#8217;, &#8216;ready&#8217;).execute(function(A) {                        if (dpAcrHasRegisteredArcLinkClickAction !== true) {                            dpAcrHasRegisteredArcLinkClickAction = true;                            A.declarative(                                &#8216;acrLink-click-metrics&#8217;, &#8216;click&#8217;,                                { \u00aballowLinkDefault\u00bb: true },                                function (event) {                                    if (window.ue) {                                        ue.count(\u00abacrLinkClickCount\u00bb, (ue.count(\u00abacrLinkClickCount\u00bb) || 0) + 1);                                    }                                }                            );                        }                    });                                             P.when(&#8216;A&#8217;, &#8216;cf&#8217;).execute(function(A) {                A.declarative(&#8216;acrStarsLink-click-metrics&#8217;, &#8216;click&#8217;, { \u00aballowLinkDefault\u00bb : true },  function(event){                    if(window.ue) {                        ue.count(\u00abacrStarsLinkWithPopoverClickCount\u00bb, (ue.count(\u00abacrStarsLinkWithPopoverClickCount\u00bb) || 0) + 1);                    }                });            });                          <\/p>\n<p>APPLICABLE: Designed for NUC8 NUC8i7BEH NUC8i5BEH NUC8i5BEK NUC8i3BEH series mini PC cooling fan, replacement for your damaged parts.<br \/>4 PIN: BSC0805HA\u201100 cooling fan with 4-pin power connector improves heat dissipation and reduces temperature during continuous operation.<br \/>MATERIAL: Mini PC CPU cooling fan is made of premium aluminum alloy and ABS material, sturdy and not easy to damage, with a long service life.<br \/>EASY TO USE This mini pc computer cooling fan is easy to connect, easy to operate, easy to use, easy to install and remove.<br \/>COMPACT AND PORTABLE: Small in size and lightweight, this cooling fan can help lighten the load of your mini computer and improve efficiency.<\/p>\n\n","protected":false},"excerpt":{"rendered":"<p> Product Description Ventilador de Refrigeracin de CPU para Mini PC NUC8 NUC8i7BEH NUC8i5BEH NUC8i5BEK NUC8i3BEH,<\/p>","protected":false},"featured_media":39785,"comment_status":"open","ping_status":"closed","template":"","meta":[],"product_brand":[],"product_cat":[65],"product_tag":[11858,2003,2005,4611,435,2013,11857,1998,2015,989,2009,598,1142,910,2011,6900,215,11852,11856,11854,11855,11853,2000,1548,2007,11859,2001],"class_list":{"0":"post-39784","1":"product","2":"type-product","3":"status-publish","4":"has-post-thumbnail","6":"product_cat-case-fan","7":"product_tag-0-6a","8":"product_tag-120mm-case-fan","9":"product_tag-140mm-case-fan","10":"product_tag-alloy","11":"product_tag-aluminum","12":"product_tag-best-case-fan","13":"product_tag-bsc0805ha","14":"product_tag-case-fan","15":"product_tag-computer-cooling-fan","16":"product_tag-cooling","17":"product_tag-cooling-fan-for-pc","18":"product_tag-cpu","19":"product_tag-easy","20":"product_tag-fan","21":"product_tag-high-airflow-case-fan","22":"product_tag-install","23":"product_tag-mini","24":"product_tag-nuc8","25":"product_tag-nuc8i3beh","26":"product_tag-nuc8i5beh","27":"product_tag-nuc8i5bek","28":"product_tag-nuc8i7beh","29":"product_tag-pc-case-fan","30":"product_tag-pin","31":"product_tag-quiet-case-fan","32":"product_tag-remove","33":"product_tag-rgb-case-fan","35":"first","36":"instock","37":"shipping-taxable","38":"product-type-external"},"_links":{"self":[{"href":"https:\/\/comprasyconsejos.store\/en\/wp-json\/wp\/v2\/product\/39784","targetHints":{"allow":["GET"]}}],"collection":[{"href":"https:\/\/comprasyconsejos.store\/en\/wp-json\/wp\/v2\/product"}],"about":[{"href":"https:\/\/comprasyconsejos.store\/en\/wp-json\/wp\/v2\/types\/product"}],"replies":[{"embeddable":true,"href":"https:\/\/comprasyconsejos.store\/en\/wp-json\/wp\/v2\/comments?post=39784"}],"version-history":[{"count":0,"href":"https:\/\/comprasyconsejos.store\/en\/wp-json\/wp\/v2\/product\/39784\/revisions"}],"wp:featuredmedia":[{"embeddable":true,"href":"https:\/\/comprasyconsejos.store\/en\/wp-json\/wp\/v2\/media\/39785"}],"wp:attachment":[{"href":"https:\/\/comprasyconsejos.store\/en\/wp-json\/wp\/v2\/media?parent=39784"}],"wp:term":[{"taxonomy":"product_brand","embeddable":true,"href":"https:\/\/comprasyconsejos.store\/en\/wp-json\/wp\/v2\/product_brand?post=39784"},{"taxonomy":"product_cat","embeddable":true,"href":"https:\/\/comprasyconsejos.store\/en\/wp-json\/wp\/v2\/product_cat?post=39784"},{"taxonomy":"product_tag","embeddable":true,"href":"https:\/\/comprasyconsejos.store\/en\/wp-json\/wp\/v2\/product_tag?post=39784"}],"curies":[{"name":"wp","href":"https:\/\/api.w.org\/{rel}","templated":true}]}}