{"id":39795,"date":"2026-03-09T01:28:00","date_gmt":"2026-03-09T01:28:00","guid":{"rendered":"https:\/\/comprasyconsejos.store\/product\/thermalright-assassin-x-90-se-argb-cpu-cooler-4-heat-pipes-tl-p9-s-pwm-argb-fan-aghp-4-0-technology-for-amd-am4-am5-intel-lga-1150-1151-1200-1700-ax90-se-argb\/"},"modified":"2026-03-09T01:28:06","modified_gmt":"2026-03-09T01:28:06","slug":"thermalright-assassin-x-90-se-argb-cpu-cooler-4-heat-pipes-tl-p9-s-pwm-argb-fan-aghp-4-0-technology-for-amd-am4-am5-intel-lga-1150-1151-1200-1700-ax90-se-argb","status":"publish","type":"product","link":"https:\/\/comprasyconsejos.store\/en\/product\/thermalright-assassin-x-90-se-argb-cpu-cooler-4-heat-pipes-tl-p9-s-pwm-argb-fan-aghp-4-0-technology-for-amd-am4-am5-intel-lga-1150-1151-1200-1700-ax90-se-argb\/","title":{"rendered":"Thermalright Assassin X 90 SE ARGB CPU Cooler 4 Heat Pipes TL-P9-S PWM ARGB Fan AGHP 4.0 Technology for AMD AM4 AM5\/Intel LGA 1150\/1151\/1200\/1700 (AX90 SE ARGB)"},"content":{"rendered":"<p>Price: <span style=\"color:#b12704\">\u20ac18.90<\/span><br \/><i><small>(as of Mar 09, 2026 01:28:00 UTC &#8211; <span class=\"wp_automatic_amazon_disclaimer\" title=\"Product prices and availability are accurate as of the date\/time indicated and are subject to change. Any price and availability information displayed on [relevant Amazon Site(s), as applicable] at the time of purchase will apply to the purchase of this product.\">Details<\/span>)<\/small><\/i><\/p>\n<p><a href=\"https:\/\/amazon.es\/dp\/B0CJF2CZSJ?tag=man008-21\"><img decoding=\"async\" src=\"https:\/\/valvepress.s3.amazonaws.com\/imgs\/buy_now.png\"><\/a><br \/>\n<\/p>\n<p>                                             Product Description   <\/p>\n<p>                                                                             <img decoding=\"async\" alt=\"con iluminaci\u00f3n RGB y disipador negro. El texto indica que es un enfriador AX 90 SE ARGB de Thermalright, con\" src=\"https:\/\/images-na.ssl-images-amazon.com\/images\/G\/01\/x-locale\/common\/grey-pixel.gif\" class=\"a-spacing-base a-lazy-loaded\" data-src=\"https:\/\/m.media-amazon.com\/images\/S\/aplus-media-library-service-media\/410a7896-369f-4804-81f1-94b6fd149ee1.__CR0,0,970,600_PT0_SX970_V1___.jpg\"><img decoding=\"async\" alt=\"con iluminaci\u00f3n RGB y disipador negro. El texto indica que es un enfriador AX 90 SE ARGB de Thermalright, con\" src=\"https:\/\/m.media-amazon.com\/images\/S\/aplus-media-library-service-media\/410a7896-369f-4804-81f1-94b6fd149ee1.__CR0,0,970,600_PT0_SX970_V1___.jpg\">                                                                    <\/p>\n<p>                                                                             <img decoding=\"async\" alt=\"con ventilador RGB azul, disipador de calor de aluminio y tubos de calor de cobre. Compatible con sistemas SFF y placas base Mini ITX\" src=\"https:\/\/images-na.ssl-images-amazon.com\/images\/G\/01\/x-locale\/common\/grey-pixel.gif\" class=\"a-spacing-base a-lazy-loaded\" data-src=\"https:\/\/m.media-amazon.com\/images\/S\/aplus-media-library-service-media\/ea0d35c9-4e6e-491f-a272-2104d0210ab5.__CR0,0,970,600_PT0_SX970_V1___.jpg\"><img decoding=\"async\" alt=\"con ventilador RGB azul, disipador de calor de aluminio y tubos de calor de cobre. Compatible con sistemas SFF y placas base Mini ITX\" src=\"https:\/\/m.media-amazon.com\/images\/S\/aplus-media-library-service-media\/ea0d35c9-4e6e-491f-a272-2104d0210ab5.__CR0,0,970,600_PT0_SX970_V1___.jpg\">                                                                    <\/p>\n<p>                                                                             <img decoding=\"async\" alt=\"de 92 mm con iluminaci\u00f3n RGB que muestra los colores del arco\u00edris, con texto en alem\u00e1n con especificaciones de velocidad de 2200 U\/min.\" src=\"https:\/\/images-na.ssl-images-amazon.com\/images\/G\/01\/x-locale\/common\/grey-pixel.gif\" class=\"a-spacing-base a-lazy-loaded\" data-src=\"https:\/\/m.media-amazon.com\/images\/S\/aplus-media-library-service-media\/e526e823-ab3e-44e8-b8e4-ec3a8bb917d1.__CR0,0,970,600_PT0_SX970_V1___.jpg\"><img decoding=\"async\" alt=\"de 92 mm con iluminaci\u00f3n RGB que muestra los colores del arco\u00edris, con texto en alem\u00e1n con especificaciones de velocidad de 2200 U\/min.\" src=\"https:\/\/m.media-amazon.com\/images\/S\/aplus-media-library-service-media\/e526e823-ab3e-44e8-b8e4-ec3a8bb917d1.__CR0,0,970,600_PT0_SX970_V1___.jpg\">                                                                    <\/p>\n<p>                                                                             <img decoding=\"async\" alt=\"plateado con m\u00faltiples tubos de calor y aletas. Dise\u00f1ado para una refrigeraci\u00f3n eficiente y una f\u00e1cil instalaci\u00f3n en sistemas inform\u00e1ticos.\" src=\"https:\/\/images-na.ssl-images-amazon.com\/images\/G\/01\/x-locale\/common\/grey-pixel.gif\" class=\"a-spacing-base a-lazy-loaded\" data-src=\"https:\/\/m.media-amazon.com\/images\/S\/aplus-media-library-service-media\/1eaebca6-ff39-4bc5-ae94-596a6bde0993.__CR0,0,970,600_PT0_SX970_V1___.jpg\"><img decoding=\"async\" alt=\"plateado con m\u00faltiples tubos de calor y aletas. Dise\u00f1ado para una refrigeraci\u00f3n eficiente y una f\u00e1cil instalaci\u00f3n en sistemas inform\u00e1ticos.\" src=\"https:\/\/m.media-amazon.com\/images\/S\/aplus-media-library-service-media\/1eaebca6-ff39-4bc5-ae94-596a6bde0993.__CR0,0,970,600_PT0_SX970_V1___.jpg\">                                                                    <\/p>\n<p>                                                                             <img decoding=\"async\" alt=\"Tubos de calor de cobre en forma de U con revestimiento de n\u00edquel, dise\u00f1ados para una refrigeraci\u00f3n eficiente de la CPU en varias direcciones de instalaci\u00f3n\" src=\"https:\/\/images-na.ssl-images-amazon.com\/images\/G\/01\/x-locale\/common\/grey-pixel.gif\" class=\"a-spacing-base a-lazy-loaded\" data-src=\"https:\/\/m.media-amazon.com\/images\/S\/aplus-media-library-service-media\/cc37d4f0-437f-47b2-8e22-17d5e0ae7d51.__CR0,0,970,600_PT0_SX970_V1___.jpg\"><img decoding=\"async\" alt=\"Tubos de calor de cobre en forma de U con revestimiento de n\u00edquel, dise\u00f1ados para una refrigeraci\u00f3n eficiente de la CPU en varias direcciones de instalaci\u00f3n\" src=\"https:\/\/m.media-amazon.com\/images\/S\/aplus-media-library-service-media\/cc37d4f0-437f-47b2-8e22-17d5e0ae7d51.__CR0,0,970,600_PT0_SX970_V1___.jpg\">                                                                    <\/p>\n<p>                                                                             <img decoding=\"async\" alt=\"con ventilador RGB y disipador de calor grande. Compatible con varios procesadores Intel y AMD. Se puede ver la informaci\u00f3n del producto en texto alem\u00e1n.\" src=\"https:\/\/images-na.ssl-images-amazon.com\/images\/G\/01\/x-locale\/common\/grey-pixel.gif\" class=\"a-spacing-base a-lazy-loaded\" data-src=\"https:\/\/m.media-amazon.com\/images\/S\/aplus-media-library-service-media\/032e873a-a0b5-4f3b-ab91-17671e075660.__CR0,0,970,600_PT0_SX970_V1___.jpg\"><img decoding=\"async\" alt=\"con ventilador RGB y disipador de calor grande. Compatible con varios procesadores Intel y AMD. Se puede ver la informaci\u00f3n del producto en texto alem\u00e1n.\" src=\"https:\/\/m.media-amazon.com\/images\/S\/aplus-media-library-service-media\/032e873a-a0b5-4f3b-ab91-17671e075660.__CR0,0,970,600_PT0_SX970_V1___.jpg\">                                                                    <\/p>\n<p> Product Dimensions                                            \u200f                                            :                                            \u200e                                            7.62 x 11.81 x 9.4 cm; 660 g   <br \/> Date First Available                                            \u200f                                            :                                            \u200e                                            20 Sept. 2023   <br \/> Manufacturer                                            \u200f                                            :                                            \u200e                                            Thermalright   <br \/> ASIN                                            \u200f                                            :                                            \u200e                                            B0CJF2CZSJ   <br \/> Item model number                                            \u200f                                            :                                            \u200e                                            AX90SE ARGB   <br \/> Country of origin                                            \u200f                                            :                                            \u200e                                            China   <br \/>       Best Sellers Rank:  10,312 in Computers (See Top 100 in Computers)    345 in CPU Fans      <br \/>  Customer reviews:                                                                                            4.6               4.6 out of 5 stars                                  (200)                                              var dpAcrHasRegisteredArcLinkClickAction;                    P.when(&#8216;A&#8217;, &#8216;ready&#8217;).execute(function(A) {                        if (dpAcrHasRegisteredArcLinkClickAction !== true) {                            dpAcrHasRegisteredArcLinkClickAction = true;                            A.declarative(                                &#8216;acrLink-click-metrics&#8217;, &#8216;click&#8217;,                                { \u00aballowLinkDefault\u00bb: true },                                function (event) {                                    if (window.ue) {                                        ue.count(\u00abacrLinkClickCount\u00bb, (ue.count(\u00abacrLinkClickCount\u00bb) || 0) + 1);                                    }                                }                            );                        }                    });                                             P.when(&#8216;A&#8217;, &#8216;cf&#8217;).execute(function(A) {                A.declarative(&#8216;acrStarsLink-click-metrics&#8217;, &#8216;click&#8217;, { \u00aballowLinkDefault\u00bb : true },  function(event){                    if(window.ue) {                        ue.count(\u00abacrStarsLinkWithPopoverClickCount\u00bb, (ue.count(\u00abacrStarsLinkWithPopoverClickCount\u00bb) || 0) + 1);                    }                });            });                          <\/p>\n<p>AGHP TECHNOLOGY &#8211; 4x6mm heat pipe upgraded with AGHP. 4. Generation technology that causes the effect of reverse gravity through the vertical\/horizontal orientation. Up to 20000 hours industrial life, S-FDB bearings ensure long service life of air cooler radiators. Low grade safety insulation, industrial strength PBT + PC material to create high quality products for you. The height is 118mm, compatible with a wide range of chassis models.<br \/>Product Specifications:AX90SE ARGB;CPU Cooler Dimensions:94(L)x77(W)x118(H)mm(3.7&#215;3.0x4.65inch); Heat sink material: aluminum, the main body adopts HDT direct touch process and pure copper fine surface treatment, the main body is completely aluminum sheets to bring maximum cooling surface, combined with high ventilation speed. Fter, can perfectly play the radiator the strongest cooling effect.<br \/>[Detailed Optimization] The wind direction logo is printed on the side of the fan so that you can better understand the wind direction. There are two types of power ports for the fan, a 4-pin power connector and a 3-pin ARGB connector that must be connected to the corresponding connector on the motherboard. The versatile Intel backplate can be selected according to the 17XX\/115X platform.<br \/>[ARGB Divine Light Synchronization] The PWM fan ARGB is synchronized with the 5V 3 pins on the motherboard to achieve light synchronization. 1600W color soft light effect provides rich lighting effects with efficient cooling, cooling the CPU temperature while performing color conversion, perfectly matching performance with color. Support serial connection lighting effect to avoid insufficient light slots.<br \/>\u3010Compatibility\u3011The CPU cooling slot is compatible with: Intel:1150\/1151\/1155\/1156\/1200\/1700\/17XX, AMD: AM4\/AM5; For different CPU slot platforms, provide the appropriate mounting plate or fasteners, can be matched with the installation instructions or follow the tutorial to get the machine.<\/p>\n\n","protected":false},"excerpt":{"rendered":"<p> Product Description Product Dimensions \u200f : \u200e 7.62 x 11.81 x 9.4 cm; 660 g<\/p>","protected":false},"featured_media":39796,"comment_status":"open","ping_status":"closed","template":"","meta":[],"product_brand":[],"product_cat":[66],"product_tag":[2024,1662,3843,530,2008,1568,2020,11860,2010,1668,598,2002,2014,1997,2016,910,1123,2006,1456,2022,1999,2023,2012,2004,385,2017,9433],"class_list":{"0":"post-39795","1":"product","2":"type-product","3":"status-publish","4":"has-post-thumbnail","6":"product_cat-cpu-fan","7":"product_tag-aghp","8":"product_tag-am4","9":"product_tag-am5intel","10":"product_tag-amd","11":"product_tag-amd-cpu-cooler","12":"product_tag-argb","13":"product_tag-assassin","14":"product_tag-ax90","15":"product_tag-best-cpu-fan","16":"product_tag-cooler","17":"product_tag-cpu","18":"product_tag-cpu-air-cooler","19":"product_tag-cpu-cooling-fan","20":"product_tag-cpu-fan","21":"product_tag-cpu-fan-price","22":"product_tag-fan","23":"product_tag-heat","24":"product_tag-intel-cpu-fan","25":"product_tag-lga","26":"product_tag-pipes","27":"product_tag-processor-fan","28":"product_tag-pwm","29":"product_tag-quiet-cpu-cooler","30":"product_tag-rgb-cpu-cooler","31":"product_tag-technology","32":"product_tag-thermalright","33":"product_tag-tlp9s","35":"first","36":"instock","37":"shipping-taxable","38":"product-type-external"},"_links":{"self":[{"href":"https:\/\/comprasyconsejos.store\/en\/wp-json\/wp\/v2\/product\/39795","targetHints":{"allow":["GET"]}}],"collection":[{"href":"https:\/\/comprasyconsejos.store\/en\/wp-json\/wp\/v2\/product"}],"about":[{"href":"https:\/\/comprasyconsejos.store\/en\/wp-json\/wp\/v2\/types\/product"}],"replies":[{"embeddable":true,"href":"https:\/\/comprasyconsejos.store\/en\/wp-json\/wp\/v2\/comments?post=39795"}],"version-history":[{"count":0,"href":"https:\/\/comprasyconsejos.store\/en\/wp-json\/wp\/v2\/product\/39795\/revisions"}],"wp:featuredmedia":[{"embeddable":true,"href":"https:\/\/comprasyconsejos.store\/en\/wp-json\/wp\/v2\/media\/39796"}],"wp:attachment":[{"href":"https:\/\/comprasyconsejos.store\/en\/wp-json\/wp\/v2\/media?parent=39795"}],"wp:term":[{"taxonomy":"product_brand","embeddable":true,"href":"https:\/\/comprasyconsejos.store\/en\/wp-json\/wp\/v2\/product_brand?post=39795"},{"taxonomy":"product_cat","embeddable":true,"href":"https:\/\/comprasyconsejos.store\/en\/wp-json\/wp\/v2\/product_cat?post=39795"},{"taxonomy":"product_tag","embeddable":true,"href":"https:\/\/comprasyconsejos.store\/en\/wp-json\/wp\/v2\/product_tag?post=39795"}],"curies":[{"name":"wp","href":"https:\/\/api.w.org\/{rel}","templated":true}]}}