{"id":39803,"date":"2026-03-09T01:32:45","date_gmt":"2026-03-09T01:32:45","guid":{"rendered":"https:\/\/comprasyconsejos.store\/product\/escaner-de-documentos-escaner-de-camara-lente-dual-escaner-de-documentos-hd-a3-de-10-megapixeles-escaner-de-libros-ocr-imagen-de-libro-de-oficina-camara-de-documentos-escaner-a4-a5\/"},"modified":"2026-03-09T01:32:53","modified_gmt":"2026-03-09T01:32:53","slug":"escaner-de-documentos-escaner-de-camara-lente-dual-escaner-de-documentos-hd-a3-de-10-megapixeles-escaner-de-libros-ocr-imagen-de-libro-de-oficina-camara-de-documentos-escaner-a4-a5","status":"publish","type":"product","link":"https:\/\/comprasyconsejos.store\/en\/product\/escaner-de-documentos-escaner-de-camara-lente-dual-escaner-de-documentos-hd-a3-de-10-megapixeles-escaner-de-libros-ocr-imagen-de-libro-de-oficina-camara-de-documentos-escaner-a4-a5\/","title":{"rendered":"Esc\u00e1ner de Documentos, Esc\u00e1ner de c\u00e1mara Lente Dual Esc\u00e1ner de Documentos HD A3 de 10 megap\u00edxeles, Esc\u00e1ner de Libros OCR Imagen de Libro de Oficina C\u00e1mara de Documentos Esc\u00e1ner A4 A5"},"content":{"rendered":"<p>Price: <span style=\"color:#b12704\">\u20ac307.51<\/span><br \/><i><small>(as of Mar 09, 2026 01:32:46 UTC &#8211; <span class=\"wp_automatic_amazon_disclaimer\" title=\"Product prices and availability are accurate as of the date\/time indicated and are subject to change. Any price and availability information displayed on [relevant Amazon Site(s), as applicable] at the time of purchase will apply to the purchase of this product.\">Details<\/span>)<\/small><\/i><\/p>\n<p><a href=\"https:\/\/amazon.es\/dp\/B0GGQMBX5G?tag=man008-21\"><img decoding=\"async\" src=\"https:\/\/valvepress.s3.amazonaws.com\/imgs\/buy_now.png\"><\/a><br \/>\n<br \/>\n    <span>Esc\u00e1ner de documentos HD A3 de doble lente, 10 megap\u00edxeles, c\u00e1mara OCR, documentos, libros, oficina, imagen, c\u00e1mara de documentos<\/p>\n<p>Este esc\u00e1ner de documentos port\u00e1til est\u00e1 especialmente dise\u00f1ado for su uso en oficinas, aulas, bibliotecas, bancos, hospitales, etc. Con lentes duales (10 megap\u00edxeles y 2 de 10 megap\u00edxeles, puede lograr un escaneo en tiempo real de alta velocidad (aproximadamente 1 segundo). Especial El dise\u00f1o de doble lente y el tama\u00f1o m\u00e1ximo de escaneo son de hasta A3 (extendido)\/A4, lo que aumenta los tipos de documentos u objetos que se pueden escanear, como documentos de diferentes tama\u00f1os y formas o en carpetas, y objetos como libros, revistas. , documento de identidad, pasaporte, etc. Tambi\u00e9n admite la toma de fotograf\u00edas, la creaci\u00f3n de PDF y otras funciones. Con \u00e9l, su trabajo ser\u00e1 m\u00e1s conveniente, m\u00e1s eficiente y m\u00e1s respetuoso con el medio ambiente.<br \/>Caracter\u00edsticas:<br \/>Despu\u00e9s de ser capturadas, las im\u00e1genes se pueden optimizar ajustando el brillo, saturaci\u00f3n, contraste, nitidez, etc.<br \/>Admite la funci\u00f3n de creaci\u00f3n de PDF y combina varios archivos PDF en uno, for la creaci\u00f3n de libros electr\u00f3nicos.<br \/>Admite la captura y visualizaci\u00f3n de im\u00e1genes en tiempo real a trav\u00e9s del proyector conectado a su computadora, for programas de ense\u00f1anza, presentaciones de productos, etc.<br \/>Con 6 luces LED (3 modos de iluminaci\u00f3n) for ayudarle a obtener una imagen clara en ambientes oscuros, dise\u00f1o muy considerado.<br \/>Incluye una almohadilla de pl\u00e1stico con conectores USB for conectar un disco flash o cargar su tel\u00e9fono, as\u00ed como un \u00e1rea for colocar la tarjeta for un escaneo r\u00e1pido y preciso de la tarjeta de identificaci\u00f3n.<\/p>\n<p>Especificaciones:<br \/>Sensor: CMOS&#8211;10 megap\u00edxeles (principal); 2 megap\u00edxeles (vicio)<br \/>Velocidad de escaneo: aproximadamente 1 segundo<br \/>Resoluci\u00f3n:3672 * 2856 (principal); 1600 * 1200(vicio)<br \/>Color de imagen: 24 bits<br \/>Tama\u00f1o de escaneo: m\u00e1x. A3 (extendido); M\u00e1x. A4 (no extendido)<br \/>Tipo de escaneo: documentos, pruebas documentales, documento de identidad, pasaporte, nota, fotograf\u00eda, revista, libro, objeto material tridimensional, etc.<br \/>Control de Imagen: brillo, saturaci\u00f3n, contraste, nitidez, etc.<br \/>Formato de imagen: JPG, PNG, BMP, TIFF, PDF<br \/>Interfaz: USB 2.0<br \/>Fuente de alimentaci\u00f3n: Alimentado mediante cable USB (5V 120mA)<br \/>Longitud del cable USB: aproximadamente 1,8 metros<br \/>compatible: P4 u otra CPU con el mismo rango, memoria de 512 M o superior; Windows 2003\/ Windows XP\/ WIN 7\/ WIN 8\/ WIN 10 con tarjeta adaptadora USB 2.0, MS Direct X9.0 o superior<br \/>: Manual<br \/>Modos de iluminaci\u00f3n LED: Bajo&#8211;Medio&#8211;Alto<br \/>Tama\u00f1o de la almohadilla: 33 * 29,5 cm \/ 13 * 11,6 pulgadas<br \/>Altura ajustable: 30-39 cm\/11,8-15,4 pulgadas<br \/>Peso del art\u00edculo: 1030 g\/2,3 lb (incluida la almohadilla)<\/p>\n<p>Nota:<br \/>Primero debe conectar el esc\u00e1ner a su computadora mediante el cable USB incluido y luego se requiere la instalaci\u00f3n del software correspondiente antes de usar el esc\u00e1ner. Puede obtener el software desde el disco USB incluido.<\/p>\n<p>Lista de paquetes:<br \/>1 * esc\u00e1ner de documentos<br \/>1 * almohadilla de pl\u00e1stico<br \/>1 * Cable USB<br \/>1 * disco USB<\/span>    <br \/> Package Dimensions                                            \u200f                                            :                                            \u200e                                            1 x 1 x 1 cm; 1.7 kg   <br \/> Manufacturer                                            \u200f                                            :                                            \u200e                                            LLOOPK   <br \/> ASIN                                            \u200f                                            :                                            \u200e                                            B0GGQMBX5G   <br \/> Manufacturer reference                                            \u200f                                            :                                            \u200e                                            1005005889929782   <br \/> Country\/Region of Origin                                            \u200f                                            :                                            \u200e                                            China   <br \/> Guaranteed software updates until                                            \u200f                                            :                                            \u200e                                            unknown   <\/p>\n<p>Dise\u00f1o de lente dual, lente principal de 10 megap\u00edxeles for escanear documentos u objetos y lente superior de 2 megap\u00edxeles for tomar retratos.<br \/>Adopta una t\u00e9cnica de escaneo sin contacto que aumenta los tipos de documentos u objetos que se pueden escanear.<br \/>Con altura ajustable (30-39 cm) y m\u00e1x. El tama\u00f1o de escaneo es A3 (extendido) o A4 (no extendido).<br \/>Escaneo de alta velocidad, simplemente haga con el mouse y luego podr\u00e1 obtener la imagen en aproximadamente 1 segundo, muy eficiente.<br \/>Admite la funci\u00f3n OCR (puede reconocer cu\u00e1l puede convertir el formato de imagen en formato de palabra editable<\/p>\n\n","protected":false},"excerpt":{"rendered":"<p> Esc\u00e1ner de documentos HD A3 de doble lente, 10 megap\u00edxeles, c\u00e1mara OCR, documentos, libros, oficina,<\/p>","protected":false},"featured_media":39804,"comment_status":"open","ping_status":"closed","template":"","meta":[],"product_brand":[],"product_cat":[60],"product_tag":[1990,4112,1982,7716,298,7551,1989,1983,1986,4818,9422,8308,7715,11861,6803,1987,7048,1984,1985,1991,1988],"class_list":{"0":"post-39803","1":"product","2":"type-product","3":"status-publish","4":"has-post-thumbnail","6":"product_cat-scanners","7":"product_tag-best-scanner","8":"product_tag-camara","9":"product_tag-document-scanner","10":"product_tag-documentos","11":"product_tag-dual","12":"product_tag-escaner","13":"product_tag-fast-document-scanner","14":"product_tag-flatbed-scanner","15":"product_tag-high-resolution-scanner","16":"product_tag-imagen","17":"product_tag-lente","18":"product_tag-libro","19":"product_tag-libros","20":"product_tag-megapixeles","21":"product_tag-ocr","22":"product_tag-office-scanner","23":"product_tag-oficina","24":"product_tag-photo-scanner","25":"product_tag-portable-scanner","26":"product_tag-scanner-price","27":"product_tag-usb-scanner","29":"first","30":"instock","31":"shipping-taxable","32":"product-type-external"},"_links":{"self":[{"href":"https:\/\/comprasyconsejos.store\/en\/wp-json\/wp\/v2\/product\/39803","targetHints":{"allow":["GET"]}}],"collection":[{"href":"https:\/\/comprasyconsejos.store\/en\/wp-json\/wp\/v2\/product"}],"about":[{"href":"https:\/\/comprasyconsejos.store\/en\/wp-json\/wp\/v2\/types\/product"}],"replies":[{"embeddable":true,"href":"https:\/\/comprasyconsejos.store\/en\/wp-json\/wp\/v2\/comments?post=39803"}],"version-history":[{"count":0,"href":"https:\/\/comprasyconsejos.store\/en\/wp-json\/wp\/v2\/product\/39803\/revisions"}],"wp:featuredmedia":[{"embeddable":true,"href":"https:\/\/comprasyconsejos.store\/en\/wp-json\/wp\/v2\/media\/39804"}],"wp:attachment":[{"href":"https:\/\/comprasyconsejos.store\/en\/wp-json\/wp\/v2\/media?parent=39803"}],"wp:term":[{"taxonomy":"product_brand","embeddable":true,"href":"https:\/\/comprasyconsejos.store\/en\/wp-json\/wp\/v2\/product_brand?post=39803"},{"taxonomy":"product_cat","embeddable":true,"href":"https:\/\/comprasyconsejos.store\/en\/wp-json\/wp\/v2\/product_cat?post=39803"},{"taxonomy":"product_tag","embeddable":true,"href":"https:\/\/comprasyconsejos.store\/en\/wp-json\/wp\/v2\/product_tag?post=39803"}],"curies":[{"name":"wp","href":"https:\/\/api.w.org\/{rel}","templated":true}]}}