{"id":39820,"date":"2026-03-09T01:51:09","date_gmt":"2026-03-09T01:51:09","guid":{"rendered":"https:\/\/comprasyconsejos.store\/product\/liene-pixcut-s1-photo-printer-and-sticker-die-cutter-all-in-one-machine-for-creating-stickers-custom-labels-and-gifts-thermal-sublimation-300-dpi-precise-cutting-with-ai\/"},"modified":"2026-03-09T01:51:21","modified_gmt":"2026-03-09T01:51:21","slug":"liene-pixcut-s1-photo-printer-and-sticker-die-cutter-all-in-one-machine-for-creating-stickers-custom-labels-and-gifts-thermal-sublimation-300-dpi-precise-cutting-with-ai","status":"publish","type":"product","link":"https:\/\/comprasyconsejos.store\/en\/product\/liene-pixcut-s1-photo-printer-and-sticker-die-cutter-all-in-one-machine-for-creating-stickers-custom-labels-and-gifts-thermal-sublimation-300-dpi-precise-cutting-with-ai\/","title":{"rendered":"Liene PixCut S1 Photo Printer and Sticker Die Cutter \u2013 All-in-One Machine for Creating Stickers, Custom Labels and Gifts, Thermal Sublimation, 300 dpi, Precise Cutting with AI"},"content":{"rendered":"<p>Price: <span style=\"color:#b12704\">\u20ac299.99<\/span><br \/><i><small>(as of Mar 09, 2026 01:51:09 UTC &#8211; <span class=\"wp_automatic_amazon_disclaimer\" title=\"Product prices and availability are accurate as of the date\/time indicated and are subject to change. Any price and availability information displayed on [relevant Amazon Site(s), as applicable] at the time of purchase will apply to the purchase of this product.\">Details<\/span>)<\/small><\/i><\/p>\n<p><a href=\"https:\/\/amazon.es\/dp\/B0DHVSF1DM?tag=man008-21\"><img decoding=\"async\" src=\"https:\/\/valvepress.s3.amazonaws.com\/imgs\/buy_now.png\"><\/a><br \/>\n<\/p>\n<p>                                             From the brand   <\/p>\n<p>                                              <img decoding=\"async\" alt=\"El texto dice \u00abLiene\u00bb y \u00abCapture Life Create Magic All with Liene\u00bb. Banner de marketing con dise\u00f1o de ondas turquesas y elementos de fotograf\u00eda de productos.\" src=\"https:\/\/images-na.ssl-images-amazon.com\/images\/G\/01\/x-locale\/common\/grey-pixel.gif\" class=\"a-lazy-loaded\" data-src=\"https:\/\/m.media-amazon.com\/images\/S\/aplus-media-library-service-media\/8ba8ac7e-2d6b-4ed8-a8eb-d7a09e89e0ae.__CR0,0,1464,625_PT0_SX1464_V1___.jpg\"><img decoding=\"async\" alt=\"El texto dice \u00abLiene\u00bb y \u00abCapture Life Create Magic All with Liene\u00bb. Banner de marketing con dise\u00f1o de ondas turquesas y elementos de fotograf\u00eda de productos.\" src=\"https:\/\/m.media-amazon.com\/images\/S\/aplus-media-library-service-media\/8ba8ac7e-2d6b-4ed8-a8eb-d7a09e89e0ae.__CR0,0,1464,625_PT0_SX1464_V1___.jpg\">  <\/p>\n<p>                                              <img decoding=\"async\" alt=\"Liene\" src=\"https:\/\/images-na.ssl-images-amazon.com\/images\/G\/01\/x-locale\/common\/grey-pixel.gif\" class=\"a-lazy-loaded\" data-src=\"https:\/\/m.media-amazon.com\/images\/S\/aplus-media-library-service-media\/8a3866ca-64a9-4ce8-a1cf-720ec38b27cc.__CR0,0,1086,1359_PT0_SX362_V1___.jpg\"><img decoding=\"async\" alt=\"Liene\" src=\"https:\/\/m.media-amazon.com\/images\/S\/aplus-media-library-service-media\/8a3866ca-64a9-4ce8-a1cf-720ec38b27cc.__CR0,0,1086,1359_PT0_SX362_V1___.jpg\">  <\/p>\n<h3> Liene PixCut S1 <\/h3>\n<p class=\"apm-brand-story-stores-link\">\n<p>                                              <img decoding=\"async\" alt=\"liene\" src=\"https:\/\/images-na.ssl-images-amazon.com\/images\/G\/01\/x-locale\/common\/grey-pixel.gif\" class=\"a-lazy-loaded\" data-src=\"https:\/\/m.media-amazon.com\/images\/S\/aplus-media-library-service-media\/e45fcd12-5c9d-4e4c-be0d-6d8c8866e036.__CR46,0,1637,2048_PT0_SX362_V1___.jpg\"><img decoding=\"async\" alt=\"liene\" src=\"https:\/\/m.media-amazon.com\/images\/S\/aplus-media-library-service-media\/e45fcd12-5c9d-4e4c-be0d-6d8c8866e036.__CR46,0,1637,2048_PT0_SX362_V1___.jpg\">  <\/p>\n<p>                                              <img decoding=\"async\" alt=\"liene\" src=\"https:\/\/images-na.ssl-images-amazon.com\/images\/G\/01\/x-locale\/common\/grey-pixel.gif\" class=\"a-lazy-loaded\" data-src=\"https:\/\/m.media-amazon.com\/images\/S\/aplus-media-library-service-media\/577e4369-56dc-4ec1-ba39-d3e95c9bb984.__CR206,0,1637,2048_PT0_SX362_V1___.png\"><img decoding=\"async\" alt=\"liene\" src=\"https:\/\/m.media-amazon.com\/images\/S\/aplus-media-library-service-media\/577e4369-56dc-4ec1-ba39-d3e95c9bb984.__CR206,0,1637,2048_PT0_SX362_V1___.png\">  <\/p>\n<p>                                              <img decoding=\"async\" alt=\"liene\" src=\"https:\/\/images-na.ssl-images-amazon.com\/images\/G\/01\/x-locale\/common\/grey-pixel.gif\" class=\"a-lazy-loaded\" data-src=\"https:\/\/m.media-amazon.com\/images\/S\/aplus-media-library-service-media\/23cc05cd-6d7d-47e0-81df-2ba9bc2f70b9.__CR1,0,1079,1350_PT0_SX362_V1___.jpg\"><img decoding=\"async\" alt=\"liene\" src=\"https:\/\/m.media-amazon.com\/images\/S\/aplus-media-library-service-media\/23cc05cd-6d7d-47e0-81df-2ba9bc2f70b9.__CR1,0,1079,1350_PT0_SX362_V1___.jpg\">  <\/p>\n<p>                                              <img decoding=\"async\" alt=\"liene\" src=\"https:\/\/images-na.ssl-images-amazon.com\/images\/G\/01\/x-locale\/common\/grey-pixel.gif\" class=\"a-lazy-loaded\" data-src=\"https:\/\/m.media-amazon.com\/images\/S\/aplus-media-library-service-media\/69c870d1-0a98-4bef-80b9-eb86b755cf18.__CR0,63,1536,1922_PT0_SX362_V1___.jpg\"><img decoding=\"async\" alt=\"liene\" src=\"https:\/\/m.media-amazon.com\/images\/S\/aplus-media-library-service-media\/69c870d1-0a98-4bef-80b9-eb86b755cf18.__CR0,63,1536,1922_PT0_SX362_V1___.jpg\">  <\/p>\n<p>                                              <img decoding=\"async\" alt=\"liene\" src=\"https:\/\/images-na.ssl-images-amazon.com\/images\/G\/01\/x-locale\/common\/grey-pixel.gif\" class=\"a-lazy-loaded\" data-src=\"https:\/\/m.media-amazon.com\/images\/S\/aplus-media-library-service-media\/73441d01-2d83-49b2-a179-8133cf1d64d2.__CR1,0,1079,1350_PT0_SX362_V1___.jpg\"><img decoding=\"async\" alt=\"liene\" src=\"https:\/\/m.media-amazon.com\/images\/S\/aplus-media-library-service-media\/73441d01-2d83-49b2-a179-8133cf1d64d2.__CR1,0,1079,1350_PT0_SX362_V1___.jpg\">  <\/p>\n<p>                                              <img decoding=\"async\" alt=\"liene\" src=\"https:\/\/images-na.ssl-images-amazon.com\/images\/G\/01\/x-locale\/common\/grey-pixel.gif\" class=\"a-lazy-loaded\" data-src=\"https:\/\/m.media-amazon.com\/images\/S\/aplus-media-library-service-media\/2d3d516b-0c02-4264-90ee-b7b27cc44df5.__CR0,52,1280,1602_PT0_SX362_V1___.jpg\"><img decoding=\"async\" alt=\"liene\" src=\"https:\/\/m.media-amazon.com\/images\/S\/aplus-media-library-service-media\/2d3d516b-0c02-4264-90ee-b7b27cc44df5.__CR0,52,1280,1602_PT0_SX362_V1___.jpg\">  <\/p>\n<p>                                              <img decoding=\"async\" alt=\"con fotos impresas dispersas sobre un colorido fondo amarillo, rosa y turquesa. Los dispositivos de impresi\u00f3n peque\u00f1os y rectangulares se muestran en blanco.\" src=\"https:\/\/images-na.ssl-images-amazon.com\/images\/G\/01\/x-locale\/common\/grey-pixel.gif\" class=\"a-lazy-loaded\" data-src=\"https:\/\/m.media-amazon.com\/images\/S\/aplus-media-library-service-media\/1f129e54-74cb-4432-804d-2327e460cfb9.__CR51,0,1199,1500_PT0_SX362_V1___.jpg\"><img decoding=\"async\" alt=\"con fotos impresas dispersas sobre un colorido fondo amarillo, rosa y turquesa. Los dispositivos de impresi\u00f3n peque\u00f1os y rectangulares se muestran en blanco.\" src=\"https:\/\/m.media-amazon.com\/images\/S\/aplus-media-library-service-media\/1f129e54-74cb-4432-804d-2327e460cfb9.__CR51,0,1199,1500_PT0_SX362_V1___.jpg\">  <\/p>\n<h3> Liene Amber M100\/M200 <\/h3>\n<p class=\"apm-brand-story-stores-link\">\n<h3> Liene Pearl K100 <\/h3>\n<p class=\"apm-brand-story-stores-link\">\n<h3> Liene Pearl K100 <\/h3>\n<p class=\"apm-brand-story-stores-link\">\n<p>                                              <img decoding=\"async\" alt=\"Tres pastillas de jab\u00f3n rectangulares en colores pastel (rosa, blanco, verde) sobre un fondo multicolor vibrante. La imagen del producto est\u00e1 rodeada de fotos con tem\u00e1tica playera\" src=\"https:\/\/images-na.ssl-images-amazon.com\/images\/G\/01\/x-locale\/common\/grey-pixel.gif\" class=\"a-lazy-loaded\" data-src=\"https:\/\/m.media-amazon.com\/images\/S\/aplus-media-library-service-media\/513f71d2-7312-4e3d-9a09-8b929594afa7.__CR51,0,1199,1500_PT0_SX362_V1___.jpg\"><img decoding=\"async\" alt=\"Tres pastillas de jab\u00f3n rectangulares en colores pastel (rosa, blanco, verde) sobre un fondo multicolor vibrante. La imagen del producto est\u00e1 rodeada de fotos con tem\u00e1tica playera\" src=\"https:\/\/m.media-amazon.com\/images\/S\/aplus-media-library-service-media\/513f71d2-7312-4e3d-9a09-8b929594afa7.__CR51,0,1199,1500_PT0_SX362_V1___.jpg\">  <\/p>\n<p>                                              <img decoding=\"async\" alt=\"liene impresora fotos movil Instant\u00e1nea PC iPhone Android Impresora Fotogr\u00e1fica impresora portatil\" src=\"https:\/\/images-na.ssl-images-amazon.com\/images\/G\/01\/x-locale\/common\/grey-pixel.gif\" class=\"a-lazy-loaded\" data-src=\"https:\/\/m.media-amazon.com\/images\/S\/aplus-media-library-service-media\/73f19f6a-8fe5-4c9a-81fc-0918bb2b4e0b.__CR21,0,959,1200_PT0_SX362_V1___.jpg\"><img decoding=\"async\" alt=\"liene impresora fotos movil Instant\u00e1nea PC iPhone Android Impresora Fotogr\u00e1fica impresora portatil\" src=\"https:\/\/m.media-amazon.com\/images\/S\/aplus-media-library-service-media\/73f19f6a-8fe5-4c9a-81fc-0918bb2b4e0b.__CR21,0,959,1200_PT0_SX362_V1___.jpg\">  <\/p>\n<p>                                              <img decoding=\"async\" alt=\"Sostiene en la mano un dispositivo electr\u00f3nico rectangular blanco y lo saca del bolsillo de un vaquero. Persona que lleva un su\u00e9ter marr\u00f3n.\" src=\"https:\/\/images-na.ssl-images-amazon.com\/images\/G\/01\/x-locale\/common\/grey-pixel.gif\" class=\"a-lazy-loaded\" data-src=\"https:\/\/m.media-amazon.com\/images\/S\/aplus-media-library-service-media\/3ffc87d7-274c-4080-97ef-35607db6b155.__CR21,0,959,1200_PT0_SX362_V1___.jpg\"><img decoding=\"async\" alt=\"Sostiene en la mano un dispositivo electr\u00f3nico rectangular blanco y lo saca del bolsillo de un vaquero. Persona que lleva un su\u00e9ter marr\u00f3n.\" src=\"https:\/\/m.media-amazon.com\/images\/S\/aplus-media-library-service-media\/3ffc87d7-274c-4080-97ef-35607db6b155.__CR21,0,959,1200_PT0_SX362_V1___.jpg\">  <\/p>\n<p>                                              <img decoding=\"async\" alt=\"Manos que sostienen una peque\u00f1a impresora port\u00e1til blanca con pantalla fotogr\u00e1fica. El usuario lleva un reloj inteligente y utiliza el dispositivo en exteriores\" src=\"https:\/\/images-na.ssl-images-amazon.com\/images\/G\/01\/x-locale\/common\/grey-pixel.gif\" class=\"a-lazy-loaded\" data-src=\"https:\/\/m.media-amazon.com\/images\/S\/aplus-media-library-service-media\/b16c1a59-8bf5-44bb-93ef-64a4bea64b5c.__CR21,0,959,1200_PT0_SX362_V1___.jpg\"><img decoding=\"async\" alt=\"Manos que sostienen una peque\u00f1a impresora port\u00e1til blanca con pantalla fotogr\u00e1fica. El usuario lleva un reloj inteligente y utiliza el dispositivo en exteriores\" src=\"https:\/\/m.media-amazon.com\/images\/S\/aplus-media-library-service-media\/b16c1a59-8bf5-44bb-93ef-64a4bea64b5c.__CR21,0,959,1200_PT0_SX362_V1___.jpg\">  <\/p>\n<p>                                              <img decoding=\"async\" alt=\"Personas en un coche por la noche, una haci\u00e9ndose una selfie con el tel\u00e9fono mientras otra se inclina sonriendo.\" src=\"https:\/\/images-na.ssl-images-amazon.com\/images\/G\/01\/x-locale\/common\/grey-pixel.gif\" class=\"a-lazy-loaded\" data-src=\"https:\/\/m.media-amazon.com\/images\/S\/aplus-media-library-service-media\/68e7cb24-3b68-442b-9eb2-34a19aec9a05.__CR51,0,1199,1500_PT0_SX362_V1___.jpg\"><img decoding=\"async\" alt=\"Personas en un coche por la noche, una haci\u00e9ndose una selfie con el tel\u00e9fono mientras otra se inclina sonriendo.\" src=\"https:\/\/m.media-amazon.com\/images\/S\/aplus-media-library-service-media\/68e7cb24-3b68-442b-9eb2-34a19aec9a05.__CR51,0,1199,1500_PT0_SX362_V1___.jpg\">  <\/p>\n<p> Product Dimensions                                            \u200f                                            :                                            \u200e                                            19.6 x 28.1 x 10.5 cm; 3.91 kg   <br \/> Manufacturer                                            \u200f                                            :                                            \u200e                                            Hannto Technology Co., Ltd.   <br \/> ASIN                                            \u200f                                            :                                            \u200e                                            B0DHVSF1DM   <br \/> Item model number                                            \u200f                                            :                                            \u200e                                            DHP700   <br \/> Country\/Region of Origin                                            \u200f                                            :                                            \u200e                                            China   <br \/> Guaranteed software updates until                                            \u200f                                            :                                            \u200e                                            unknown   <br \/>  Customer reviews:                                                                                            4.2               4.2 out of 5 stars                                  (193)                                              var dpAcrHasRegisteredArcLinkClickAction;                    P.when(&#8216;A&#8217;, &#8216;ready&#8217;).execute(function(A) {                        if (dpAcrHasRegisteredArcLinkClickAction !== true) {                            dpAcrHasRegisteredArcLinkClickAction = true;                            A.declarative(                                &#8216;acrLink-click-metrics&#8217;, &#8216;click&#8217;,                                { \u00aballowLinkDefault\u00bb: true },                                function (event) {                                    if (window.ue) {                                        ue.count(\u00abacrLinkClickCount\u00bb, (ue.count(\u00abacrLinkClickCount\u00bb) || 0) + 1);                                    }                                }                            );                        }                    });                                             P.when(&#8216;A&#8217;, &#8216;cf&#8217;).execute(function(A) {                A.declarative(&#8216;acrStarsLink-click-metrics&#8217;, &#8216;click&#8217;, { \u00aballowLinkDefault\u00bb : true },  function(event){                    if(window.ue) {                        ue.count(\u00abacrStarsLinkWithPopoverClickCount\u00bb, (ue.count(\u00abacrStarsLinkWithPopoverClickCount\u00bb) || 0) + 1);                    }                });            });                          <\/p>\n<p>Comprehensive creative study. Imagine! No separate machines: The Liene PixCut S1 combines printer, laminator and cutter. Load paper 10 x 15 cm, choose a design &#8211; in 2 minutes you will have waterproof stickers. Perfect for homemade jam tags, travel luggage stickers or album decorations. Ideal for parents (school labels), creatives (craft) or entrepreneurs (eco-labels for local products).<br \/>AI creation. Upload a photo of your dog in the park &#8211; AI eliminates messy background, isolates the puppy with pixel accuracy and generates perfect cut lines. Even children&#8217;s dinosaur drawings become professional decorations! The app offers templates for craft wine labels, educational stickers or tattoo designs. Perfect for grandparents creating family albums or startups testing packaging designs &#8211; no technical knowledge.<br \/>Vibrant detailing. 300 DPI captures every detail: pores in portraits, fabric textures on fashion stickers. Automatic lamination creates an invisible shield: water resistant for bottles at concerts, anti-scratch for suitcases at airports, UV-resistant for window stickers. With the Easy-Peel holder, reposition stickers on glass\/metal without residue &#8211; as easy as stick, peel and re-stick.<br \/>Precise cutting. 0.1mm blade cuts microscopic letters for spice jars or complex patterns like Mexican lace &#8211; more accurate than professional tools. The \u00abKiss-Cut\u00bb technology only cuts the top layer, leaving the support intact. Goodbye paper waste! Ideal for limited series of art stickers or labels for gourmet products.<br \/>Portable studio. Compact and Bluetooth-enabled, turn a coffee table into your workshop. Design labels for honey on the bus, edit logos in the waiting room, print themed stickers at home. Professor Ana creates rewards for her students during recess, influencer Carlos customizes her merchandise in street markets \u2013 your creativity breaks all borders.<\/p>\n\n","protected":false},"excerpt":{"rendered":"<p> From the brand Liene PixCut S1 Liene Amber M100\/M200 Liene Pearl K100 Liene Pearl K100<\/p>","protected":false},"featured_media":39821,"comment_status":"open","ping_status":"closed","template":"","meta":[],"product_brand":[],"product_cat":[57],"product_tag":[895,2140,2134,2126,11867,1300,1966,11334,11866,775,363,2129,1953,2145,2142,1853,11864,1909,2143,2194,2132,11865,8370,1962,10450,10453,11868,2053,2136],"class_list":{"0":"post-39820","1":"product","2":"type-product","3":"status-publish","4":"has-post-thumbnail","6":"product_cat-inkjet-printers","7":"product_tag-allinone","8":"product_tag-best-inkjet-printer","9":"product_tag-cheap-inkjet-printer","10":"product_tag-color-inkjet-printer","11":"product_tag-creating","12":"product_tag-custom","13":"product_tag-cutter","14":"product_tag-cutting","15":"product_tag-die","16":"product_tag-dpi","17":"product_tag-gifts","18":"product_tag-home-inkjet-printer","19":"product_tag-ink-tank-printer","20":"product_tag-inkjet-printer","21":"product_tag-inkjet-printer-price","22":"product_tag-labels","23":"product_tag-liene","24":"product_tag-machine","25":"product_tag-office-inkjet-printer","26":"product_tag-photo","27":"product_tag-photo-inkjet-printer","28":"product_tag-pixcut","29":"product_tag-precise","30":"product_tag-printer","31":"product_tag-sticker","32":"product_tag-stickers","33":"product_tag-sublimation","34":"product_tag-thermal","35":"product_tag-wireless-inkjet-printer","37":"first","38":"instock","39":"shipping-taxable","40":"product-type-external"},"_links":{"self":[{"href":"https:\/\/comprasyconsejos.store\/en\/wp-json\/wp\/v2\/product\/39820","targetHints":{"allow":["GET"]}}],"collection":[{"href":"https:\/\/comprasyconsejos.store\/en\/wp-json\/wp\/v2\/product"}],"about":[{"href":"https:\/\/comprasyconsejos.store\/en\/wp-json\/wp\/v2\/types\/product"}],"replies":[{"embeddable":true,"href":"https:\/\/comprasyconsejos.store\/en\/wp-json\/wp\/v2\/comments?post=39820"}],"version-history":[{"count":0,"href":"https:\/\/comprasyconsejos.store\/en\/wp-json\/wp\/v2\/product\/39820\/revisions"}],"wp:featuredmedia":[{"embeddable":true,"href":"https:\/\/comprasyconsejos.store\/en\/wp-json\/wp\/v2\/media\/39821"}],"wp:attachment":[{"href":"https:\/\/comprasyconsejos.store\/en\/wp-json\/wp\/v2\/media?parent=39820"}],"wp:term":[{"taxonomy":"product_brand","embeddable":true,"href":"https:\/\/comprasyconsejos.store\/en\/wp-json\/wp\/v2\/product_brand?post=39820"},{"taxonomy":"product_cat","embeddable":true,"href":"https:\/\/comprasyconsejos.store\/en\/wp-json\/wp\/v2\/product_cat?post=39820"},{"taxonomy":"product_tag","embeddable":true,"href":"https:\/\/comprasyconsejos.store\/en\/wp-json\/wp\/v2\/product_tag?post=39820"}],"curies":[{"name":"wp","href":"https:\/\/api.w.org\/{rel}","templated":true}]}}