{"id":39848,"date":"2026-03-09T02:05:01","date_gmt":"2026-03-09T02:05:01","guid":{"rendered":"https:\/\/comprasyconsejos.store\/product\/ktc-curved-gaming-monitor-24-inches-full-hd-240hz-va-curved-r1500-display-30001-contrast-freesync-low-blue-light-vesa-100x100-monitor-pc-1080p\/"},"modified":"2026-03-09T02:05:08","modified_gmt":"2026-03-09T02:05:08","slug":"ktc-curved-gaming-monitor-24-inches-full-hd-240hz-va-curved-r1500-display-30001-contrast-freesync-low-blue-light-vesa-100x100-monitor-pc-1080p","status":"publish","type":"product","link":"https:\/\/comprasyconsejos.store\/en\/product\/ktc-curved-gaming-monitor-24-inches-full-hd-240hz-va-curved-r1500-display-30001-contrast-freesync-low-blue-light-vesa-100x100-monitor-pc-1080p\/","title":{"rendered":"KTC Curved Gaming Monitor 24 Inches, Full HD 240Hz, VA Curved R1500 Display, 3000:1 Contrast, FreeSync, Low Blue Light, VESA 100&#215;100, Monitor PC 1080p"},"content":{"rendered":"<p>Price: <span style=\"color:#b12704\">\u20ac139.99<\/span><br \/><i><small>(as of Mar 09, 2026 02:05:01 UTC &#8211; <span class=\"wp_automatic_amazon_disclaimer\" title=\"Product prices and availability are accurate as of the date\/time indicated and are subject to change. Any price and availability information displayed on [relevant Amazon Site(s), as applicable] at the time of purchase will apply to the purchase of this product.\">Details<\/span>)<\/small><\/i><\/p>\n<p><a href=\"https:\/\/amazon.es\/dp\/B0G2S9LJFH?tag=man008-21\"><img decoding=\"async\" src=\"https:\/\/valvepress.s3.amazonaws.com\/imgs\/buy_now.png\"><\/a><br \/>\n<\/p>\n<p>                                             Product Description   <\/p>\n<p>                                                                                                       <img decoding=\"async\" alt=\"El texto dice \u00abMonitor curvo ICTC de 23,6 pulgadas, 240 Hz y 1500 R\u00bb con iconos t\u00e9cnicos para HDR, G-SYNC, etc. Imagen promocional del monitor para juegos que muestra las especificaciones del producto y los gr\u00e1ficos del juego.\" src=\"https:\/\/images-na.ssl-images-amazon.com\/images\/G\/01\/x-locale\/common\/grey-pixel.gif\" class=\"a-lazy-loaded\" data-src=\"https:\/\/m.media-amazon.com\/images\/S\/aplus-media-library-service-media\/57291eef-7059-4c55-9ef9-12121ac0bb95.__CR0,0,1464,600_PT0_SX1464_V1___.jpg\"><img decoding=\"async\" alt=\"El texto dice \u00abMonitor curvo ICTC de 23,6 pulgadas, 240 Hz y 1500 R\u00bb con iconos t\u00e9cnicos para HDR, G-SYNC, etc. Imagen promocional del monitor para juegos que muestra las especificaciones del producto y los gr\u00e1ficos del juego.\" src=\"https:\/\/m.media-amazon.com\/images\/S\/aplus-media-library-service-media\/57291eef-7059-4c55-9ef9-12121ac0bb95.__CR0,0,1464,600_PT0_SX1464_V1___.jpg\">                                               <\/p>\n<p>                                                                                                                <img decoding=\"async\" alt=\"aplus content image\" src=\"https:\/\/m.media-amazon.com\/images\/S\/aplus-media-library-service-media\/eafd26a0-d9fa-4a03-9717-e9a4c646737c.__CR0,0,1464,600_PT0_SX1464_V1___.jpg\">                                                    <img decoding=\"async\" alt=\"El texto dice \u00abSYNC\u00bb y \u00abAdaptive-Sync ACTIVADO\u00bb. Las pantallas de la interfaz relacionadas con los juegos muestran las funciones de la tecnolog\u00eda de sincronizaci\u00f3n con efectos visuales azules.\" src=\"https:\/\/m.media-amazon.com\/images\/S\/aplus-media-library-service-media\/436f48b7-4d6b-47b1-842e-85fedb46b3d1.__CR0,0,1464,600_PT0_SX1464_V1___.jpg\">                                                    <img decoding=\"async\" alt=\"Im\u00e1genes de configuraci\u00f3n de juegos que muestran teclados con iluminaci\u00f3n RGB y perif\u00e9ricos para juegos sobre fondos oscuros con efectos de iluminaci\u00f3n azul y roja.\" src=\"https:\/\/m.media-amazon.com\/images\/S\/aplus-media-library-service-media\/e5b2a6f3-b04c-4566-86ce-b54ea2eb35f7.__CR0,0,1464,600_PT0_SX1464_V1___.jpg\"><br \/>\n                            1 240Hz <\/p>\n<p>                            2 Adaptvie Sync <\/p>\n<p>                            3 Eye Care <\/p>\n<p>                                                                                                       <img decoding=\"async\" alt=\"El texto dice \u00ab1500R\u00bb. La configuraci\u00f3n para juegos muestra una pantalla de monitor curva con iluminaci\u00f3n ambiental azul y perif\u00e9ricos para juegos en el escritorio.\" src=\"https:\/\/images-na.ssl-images-amazon.com\/images\/G\/01\/x-locale\/common\/grey-pixel.gif\" class=\"a-lazy-loaded\" data-src=\"https:\/\/m.media-amazon.com\/images\/S\/aplus-media-library-service-media\/25d4dde1-ae8b-4285-b530-492dd7909e84.__CR0,0,1464,600_PT0_SX1464_V1___.jpg\"><img decoding=\"async\" alt=\"El texto dice \u00ab1500R\u00bb. La configuraci\u00f3n para juegos muestra una pantalla de monitor curva con iluminaci\u00f3n ambiental azul y perif\u00e9ricos para juegos en el escritorio.\" src=\"https:\/\/m.media-amazon.com\/images\/S\/aplus-media-library-service-media\/25d4dde1-ae8b-4285-b530-492dd7909e84.__CR0,0,1464,600_PT0_SX1464_V1___.jpg\">                                               <\/p>\n<p>                                                                                                              <img decoding=\"async\" alt=\"El texto dice \u00abCompatible con HDR10\u00bb. La colorida pantalla de especificaciones t\u00e9cnicas muestra varias m\u00e9tricas de rendimiento con indicadores porcentuales y elementos gr\u00e1ficos llamativos.\" src=\"https:\/\/m.media-amazon.com\/images\/S\/aplus-media-library-service-media\/d6d3b593-30ae-4c1d-a7ea-aef3f96a8fed.__CR0,0,1464,600_PT0_SX1464_V1___.jpg\">                                                    <img decoding=\"async\" alt=\"El texto dice: \u00ab3000+\u00bb. Im\u00e1genes promocionales de coches de carreras que muestran varios coches de carreras al estilo de la F\u00f3rmula 1 en im\u00e1genes de acci\u00f3n.\" src=\"https:\/\/m.media-amazon.com\/images\/S\/aplus-media-library-service-media\/bd9d4abb-3d1d-4c2f-834d-77faf5c443c8.__CR0,0,1464,600_PT0_SX1464_V1___.jpg\"><br \/>\n                            1 HDR10 <\/p>\n<p>                            2 3000:1 <\/p>\n<p>                                                                                                       <img decoding=\"async\" alt=\"aplus content image\" src=\"https:\/\/images-na.ssl-images-amazon.com\/images\/G\/01\/x-locale\/common\/grey-pixel.gif\" class=\"a-lazy-loaded\" data-src=\"https:\/\/m.media-amazon.com\/images\/S\/aplus-media-library-service-media\/45643c97-5c82-4759-a871-a8e3e0f1a389.__CR0,0,1464,600_PT0_SX1464_V1___.jpg\"><img decoding=\"async\" alt=\"aplus content image\" src=\"https:\/\/m.media-amazon.com\/images\/S\/aplus-media-library-service-media\/45643c97-5c82-4759-a871-a8e3e0f1a389.__CR0,0,1464,600_PT0_SX1464_V1___.jpg\">                                                  <\/p>\n<p>                                                                                  <img decoding=\"async\" alt=\"aplus content image\" src=\"https:\/\/m.media-amazon.com\/images\/S\/aplus-media-library-service-media\/04dac532-a667-494d-92d2-c91addfbfc55.__CR0,0,1464,600_PT0_SX1464_V1___.jpg\">       <\/p>\n<p>                                                                                  <img decoding=\"async\" alt=\"Capturas en primer plano de los puertos y conexiones de pantallas de juegos, con puertos HDMI 2.0 y conectores de pantalla sobre un fondo oscuro con iluminaci\u00f3n de acento azul.\" src=\"https:\/\/m.media-amazon.com\/images\/S\/aplus-media-library-service-media\/57a8d3e2-5a42-4d31-ad16-f926c53b80e0.__CR0,0,1464,600_PT0_SX1464_V1___.jpg\">       <\/p>\n<p> Product Dimensions                                            \u200f                                            :                                            \u200e                                            14.3 x 40.5 x 53.4 cm; 3.82 kg   <br \/> Manufacturer                                            \u200f                                            :                                            \u200e                                            KTC   <br \/> ASIN                                            \u200f                                            :                                            \u200e                                            B0G2S9LJFH   <br \/> Item model number                                            \u200f                                            :                                            \u200e                                            H24S17P   <br \/> Country\/Region of Origin                                            \u200f                                            :                                            \u200e                                            China   <br \/> Guaranteed software updates until                                            \u200f                                            :                                            \u200e                                            unknown   <br \/>  Customer reviews:                                                                                            1.6               1.6 out of 5 stars                                  (3)                                              var dpAcrHasRegisteredArcLinkClickAction;                    P.when(&#8216;A&#8217;, &#8216;ready&#8217;).execute(function(A) {                        if (dpAcrHasRegisteredArcLinkClickAction !== true) {                            dpAcrHasRegisteredArcLinkClickAction = true;                            A.declarative(                                &#8216;acrLink-click-metrics&#8217;, &#8216;click&#8217;,                                { \u00aballowLinkDefault\u00bb: true },                                function (event) {                                    if (window.ue) {                                        ue.count(\u00abacrLinkClickCount\u00bb, (ue.count(\u00abacrLinkClickCount\u00bb) || 0) + 1);                                    }                                }                            );                        }                    });                                             P.when(&#8216;A&#8217;, &#8216;cf&#8217;).execute(function(A) {                A.declarative(&#8216;acrStarsLink-click-metrics&#8217;, &#8216;click&#8217;, { \u00aballowLinkDefault\u00bb : true },  function(event){                    if(window.ue) {                        ue.count(\u00abacrStarsLinkWithPopoverClickCount\u00bb, (ue.count(\u00abacrStarsLinkWithPopoverClickCount\u00bb) || 0) + 1);                    }                });            });                          <\/p>\n<p>24&#8243; Curved Experience: The R1500 (Class 24&#8243; \/ 23.6&#8243;) curved screen wraps around the field of view, offering a more immersive gaming and entertainment experience.<br \/>Fluency up to 240Hz: With a refresh rate of up to 240Hz, images are more fluid and responsive, ideal for action games, FPS and racing.<br \/>High Contrast VA Panel: The VA panel with 3000:1 contrast provides deeper blacks and greater detail in dark scenes, enhancing the visual experience.<br \/>Adaptive Sync for Stable Picture: Adaptive Sync technology helps reduce tearing and stuttering, delivering a more stable picture during gaming sessions.<br \/>Visual Comfort and VESA Mounting: Blue light reduction (software) and DC Dimming help reduce eye fatigue. VESA 100\u00d7100 compatible for flexible installation.<\/p>\n\n","protected":false},"excerpt":{"rendered":"<p> Product Description 1 240Hz 2 Adaptvie Sync 3 Eye Care 1 HDR10 2 3000:1 Product<\/p>","protected":false},"featured_media":39849,"comment_status":"open","ping_status":"closed","template":"","meta":[],"product_brand":[],"product_cat":[54],"product_tag":[8419,705,1791,1298,1789,367,2259,754,1787,1788,1792,1784,1786,1783,1790,561,1922,560,617,1611,3341,248,844,7369,1785,2342],"class_list":{"0":"post-39848","1":"product","2":"type-product","3":"status-publish","4":"has-post-thumbnail","6":"product_cat-curved-monitors","7":"product_tag-100x100","8":"product_tag-1080p","9":"product_tag-144hz-curved-monitor","10":"product_tag-240hz","11":"product_tag-best-curved-monitor","12":"product_tag-blue","13":"product_tag-contrast","14":"product_tag-curved","15":"product_tag-curved-27-inch-monitor","16":"product_tag-curved-32-inch-monitor","17":"product_tag-curved-computer-monitor","18":"product_tag-curved-gaming-monitor","19":"product_tag-curved-led-monitor","20":"product_tag-curved-monitor","21":"product_tag-curved-monitor-price","22":"product_tag-display","23":"product_tag-freesync","24":"product_tag-full","25":"product_tag-gaming","26":"product_tag-inches","27":"product_tag-ktc","28":"product_tag-light","29":"product_tag-monitor","30":"product_tag-r1500","31":"product_tag-ultrawide-curved-monitor","32":"product_tag-vesa","34":"first","35":"instock","36":"shipping-taxable","37":"product-type-external"},"_links":{"self":[{"href":"https:\/\/comprasyconsejos.store\/en\/wp-json\/wp\/v2\/product\/39848","targetHints":{"allow":["GET"]}}],"collection":[{"href":"https:\/\/comprasyconsejos.store\/en\/wp-json\/wp\/v2\/product"}],"about":[{"href":"https:\/\/comprasyconsejos.store\/en\/wp-json\/wp\/v2\/types\/product"}],"replies":[{"embeddable":true,"href":"https:\/\/comprasyconsejos.store\/en\/wp-json\/wp\/v2\/comments?post=39848"}],"version-history":[{"count":0,"href":"https:\/\/comprasyconsejos.store\/en\/wp-json\/wp\/v2\/product\/39848\/revisions"}],"wp:featuredmedia":[{"embeddable":true,"href":"https:\/\/comprasyconsejos.store\/en\/wp-json\/wp\/v2\/media\/39849"}],"wp:attachment":[{"href":"https:\/\/comprasyconsejos.store\/en\/wp-json\/wp\/v2\/media?parent=39848"}],"wp:term":[{"taxonomy":"product_brand","embeddable":true,"href":"https:\/\/comprasyconsejos.store\/en\/wp-json\/wp\/v2\/product_brand?post=39848"},{"taxonomy":"product_cat","embeddable":true,"href":"https:\/\/comprasyconsejos.store\/en\/wp-json\/wp\/v2\/product_cat?post=39848"},{"taxonomy":"product_tag","embeddable":true,"href":"https:\/\/comprasyconsejos.store\/en\/wp-json\/wp\/v2\/product_tag?post=39848"}],"curies":[{"name":"wp","href":"https:\/\/api.w.org\/{rel}","templated":true}]}}