{"id":39871,"date":"2026-03-09T02:11:53","date_gmt":"2026-03-09T02:11:53","guid":{"rendered":"https:\/\/comprasyconsejos.store\/product\/msi-mag-275qf-flat-gaming-monitor-wqhd-2560x1440-fast-ips-panel-180hz-0-5m-gtg-min-1ms-mprt-169-hdr-ready-300-nits-black\/"},"modified":"2026-03-09T02:11:56","modified_gmt":"2026-03-09T02:11:56","slug":"msi-mag-275qf-flat-gaming-monitor-wqhd-2560x1440-fast-ips-panel-180hz-0-5m-gtg-min-1ms-mprt-169-hdr-ready-300-nits-black","status":"publish","type":"product","link":"https:\/\/comprasyconsejos.store\/en\/product\/msi-mag-275qf-flat-gaming-monitor-wqhd-2560x1440-fast-ips-panel-180hz-0-5m-gtg-min-1ms-mprt-169-hdr-ready-300-nits-black\/","title":{"rendered":"MSI MAG 275QF Flat Gaming Monitor WQHD (2560&#215;1440) Fast IPS Panel\u00a1, 180Hz \/ 0.5m (GtG, min), 1ms (MPRT) 16:9, HDR Ready, 300 nits, Black"},"content":{"rendered":"<p>Price: <span style=\"color:#b12704\"><del>\u20ac280.99<\/del> - \u20ac216.75<\/span><br \/><i><small>(as of Mar 09, 2026 02:11:53 UTC &#8211; <span class=\"wp_automatic_amazon_disclaimer\" title=\"Product prices and availability are accurate as of the date\/time indicated and are subject to change. Any price and availability information displayed on [relevant Amazon Site(s), as applicable] at the time of purchase will apply to the purchase of this product.\">Details<\/span>)<\/small><\/i><\/p>\n<p><a href=\"https:\/\/amazon.es\/dp\/B0D1R9TMX7?tag=man008-21\"><img decoding=\"async\" src=\"https:\/\/valvepress.s3.amazonaws.com\/imgs\/buy_now.png\"><\/a><br \/>\n<\/p>\n<p>                                             From the manufacturer   <\/p>\n<p>                                                  <img decoding=\"async\" alt=\"Unite as One\" src=\"https:\/\/images-na.ssl-images-amazon.com\/images\/G\/01\/x-locale\/common\/grey-pixel.gif\" class=\"a-lazy-loaded\" data-src=\"https:\/\/m.media-amazon.com\/images\/S\/aplus-media-library-service-media\/3ae6ffee-6f05-48a6-8542-cc73151dfeac.__CR0,0,1940,600_PT0_SX970_V1___.jpg\"><img decoding=\"async\" alt=\"Unite as One\" src=\"https:\/\/m.media-amazon.com\/images\/S\/aplus-media-library-service-media\/3ae6ffee-6f05-48a6-8542-cc73151dfeac.__CR0,0,1940,600_PT0_SX970_V1___.jpg\">  <\/p>\n<p>                                                      <img decoding=\"async\" alt=\"MAG 275QF\" src=\"https:\/\/images-na.ssl-images-amazon.com\/images\/G\/01\/x-locale\/common\/grey-pixel.gif\" class=\"a-spacing-mini a-lazy-loaded\" data-src=\"https:\/\/m.media-amazon.com\/images\/S\/aplus-media-library-service-media\/69f5b3c9-ab53-435a-b34c-571e23e793dc.__CR0,0,600,800_PT0_SX300_V1___.jpg\"><img decoding=\"async\" alt=\"MAG 275QF\" src=\"https:\/\/m.media-amazon.com\/images\/S\/aplus-media-library-service-media\/69f5b3c9-ab53-435a-b34c-571e23e793dc.__CR0,0,600,800_PT0_SX300_V1___.jpg\">  <\/p>\n<p>                                                              <img decoding=\"async\" alt=\"MSI: For Gamers &amp;amp; Creators\" src=\"https:\/\/images-na.ssl-images-amazon.com\/images\/G\/01\/x-locale\/common\/grey-pixel.gif\" class=\"a-spacing-mini a-lazy-loaded\" data-src=\"https:\/\/m.media-amazon.com\/images\/S\/aplus-media-library-service-media\/6faa1f28-7fa5-4dca-9dc5-f88c204cd82b.__CR0,0,350,175_PT0_SX350_V1___.png\"><img decoding=\"async\" alt=\"MSI: For Gamers &amp;amp; Creators\" src=\"https:\/\/m.media-amazon.com\/images\/S\/aplus-media-library-service-media\/6faa1f28-7fa5-4dca-9dc5-f88c204cd82b.__CR0,0,350,175_PT0_SX350_V1___.png\">                                          MSI: For Gamers &amp; Creators                                 <\/p>\n<p class=\"a-spacing-small a-size-small a-color-secondary\"> MSI is one of the most trusted names in gaming and esports with countless hours and significant resources invested into premier esports leagues and tier-1 gaming teams. By supporting and working with the best of the best, MSI is able to integrate competitive gaming knowledge and aspirations with technological innovation to create new products that shatter today&#8217;s performance limits. <\/p>\n<h3 class=\"a-spacing-mini\"> MAG 275QF <\/h3>\n<p>                                          Unite as One                                     <\/p>\n<p class=\"a-spacing-base\"> Equipado con un panel IPS r\u00e1pido WQHD (2560 x 1440) de 27&#8243; con una tasa de refresco de 180 Hz y un tiempo de respuesta de 0,5 ms (GtG, m\u00edn.), el MAG 275QF ofrece una ventaja competitiva y una calidad de imagen excepcional.  El MAG 275QF cuenta con la tecnolog\u00eda Adaptive Sync, que adapta las frecuencias de actualizaci\u00f3n de la pantalla y la GPU para ofrecer una experiencia de juego ultrafluida. <\/p>\n<p>                                                          Panel IPS r\u00e1pido WQHD (2560 x 1440) de 27&#8243;       Alta tasa de refresco de 180 Hz y tiempo de respuesta de 0,5 ms (GtG, m\u00edn.) para juegos competitivos de alta velocidad.       1070 millones de colores (8 bits + FRC) con una gama incre\u00edble (sRGB 101 %)       HDR Ready       Visi\u00f3n AI y sincronizaci\u00f3n del perfil HDMI CEC       Tecnolog\u00eda de reducci\u00f3n de la luz azul y Antiparpadeo       Soporte con inclinaci\u00f3n ajustable       HDMI 2.0b (WQHD a 144 Hz), puertos de pantalla DP 1.4      <\/p>\n<p class=\"apm-text-center\">\n                                                      <img decoding=\"async\" alt=\"Panel Rapid IPS WQHD 27&amp;#34;\" src=\"https:\/\/images-na.ssl-images-amazon.com\/images\/G\/01\/x-locale\/common\/grey-pixel.gif\" class=\"a-lazy-loaded\" data-src=\"https:\/\/m.media-amazon.com\/images\/S\/aplus-media-library-service-media\/165323e9-6f17-4bc2-9e72-6c797e4668b1.__CR0,0,2000,2000_PT0_SX220_V1___.jpg\"><img decoding=\"async\" alt=\"Panel Rapid IPS WQHD 27&amp;#34;\" src=\"https:\/\/m.media-amazon.com\/images\/S\/aplus-media-library-service-media\/165323e9-6f17-4bc2-9e72-6c797e4668b1.__CR0,0,2000,2000_PT0_SX220_V1___.jpg\">  <\/p>\n<p>                                                    Panel Rapid IPS WQHD 27&#8243;                                     <\/p>\n<p class=\"a-size-small\">\n<p>Cuenta con un panel Rapid IPS WQHD (2560 x 1440) de 27&#8243; con \u00e1ngulos de visi\u00f3n amplios de 178\u00b0 y un cambio de color m\u00ednimo cuando se ve desde diferentes \u00e1ngulos. Los paneles Rapid IPS ofrecen im\u00e1genes n\u00edtidas con color y brillo optimizados en tiempo real para garantizar que cada escena se presente de la mejor manera posible.<\/p>\n<p class=\"apm-text-center\">\n                                                      <img decoding=\"async\" alt=\"Tasa de refresco de 180 Hz, tiempo de respuesta de 0,5 ms (GtG, m\u00edn.)\" src=\"https:\/\/images-na.ssl-images-amazon.com\/images\/G\/01\/x-locale\/common\/grey-pixel.gif\" class=\"a-lazy-loaded\" data-src=\"https:\/\/m.media-amazon.com\/images\/S\/aplus-media-library-service-media\/cc3ffcdb-3c42-4189-8e74-5931ad5a25ad.__CR0,0,2000,2000_PT0_SX220_V1___.jpg\"><img decoding=\"async\" alt=\"Tasa de refresco de 180 Hz, tiempo de respuesta de 0,5 ms (GtG, m\u00edn.)\" src=\"https:\/\/m.media-amazon.com\/images\/S\/aplus-media-library-service-media\/cc3ffcdb-3c42-4189-8e74-5931ad5a25ad.__CR0,0,2000,2000_PT0_SX220_V1___.jpg\">  <\/p>\n<p>                                                    Tasa de refresco de 180 Hz, tiempo de respuesta de 0,5 ms (GtG, m\u00edn.)                                     <\/p>\n<p class=\"a-size-small\">\n<p>Disfruta de un movimiento m\u00e1s fluido con una alta tasa de refresco de 180 Hz y aprovecha todo el potencial del hardware de GPU y memoria de primera calidad.<\/p>\n<p>Un tiempo de respuesta bajo de 0,5 ms (GtG, m\u00edn.) reduce dr\u00e1sticamente el desenfoque del monitor y es esencial para los juegos de ritmo r\u00e1pido.<\/p>\n<p class=\"apm-text-center\">\n                                                      <img decoding=\"async\" alt=\"HDR Ready\" src=\"https:\/\/images-na.ssl-images-amazon.com\/images\/G\/01\/x-locale\/common\/grey-pixel.gif\" class=\"a-lazy-loaded\" data-src=\"https:\/\/m.media-amazon.com\/images\/S\/aplus-media-library-service-media\/2f0a9205-e6b2-42ee-a2c5-b83980eaf854.__CR0,0,2000,2000_PT0_SX220_V1___.jpg\"><img decoding=\"async\" alt=\"HDR Ready\" src=\"https:\/\/m.media-amazon.com\/images\/S\/aplus-media-library-service-media\/2f0a9205-e6b2-42ee-a2c5-b83980eaf854.__CR0,0,2000,2000_PT0_SX220_V1___.jpg\">  <\/p>\n<p>                                                    HDR Ready                                     <\/p>\n<p class=\"a-size-small\">\n<p>Los monitores HDR Ready producen un detalle superior en las zonas m\u00e1s oscuras con un contraste din\u00e1mico realista que imita al ojo humano en el mundo real.<\/p>\n<p>  Colores de visualizaci\u00f3n: 1070 millones (8 bits + FRC) sRGB*: 101 % Relaci\u00f3n de contraste: 1000:1 Relaci\u00f3n de contraste din\u00e1mico: **100000000:1***sRGB y DCI-P3 siguen el est\u00e1ndar CIE1976      <\/p>\n<p class=\"apm-text-center\">\n                                                      <img decoding=\"async\" alt=\"AI Vision y HDMI CEC Profile Sync\" src=\"https:\/\/images-na.ssl-images-amazon.com\/images\/G\/01\/x-locale\/common\/grey-pixel.gif\" class=\"a-lazy-loaded\" data-src=\"https:\/\/m.media-amazon.com\/images\/S\/aplus-media-library-service-media\/7177dc38-bbe0-4f5e-8df6-8a5f7e14fe08.__CR0,0,2000,2000_PT0_SX220_V1___.jpg\"><img decoding=\"async\" alt=\"AI Vision y HDMI CEC Profile Sync\" src=\"https:\/\/m.media-amazon.com\/images\/S\/aplus-media-library-service-media\/7177dc38-bbe0-4f5e-8df6-8a5f7e14fe08.__CR0,0,2000,2000_PT0_SX220_V1___.jpg\">  <\/p>\n<p>                                                    AI Vision y HDMI CEC Profile Sync                                     <\/p>\n<p class=\"a-size-small\">\n<p>MSI AI Vision enriquece los detalles en las zonas oscuras y optimiza el brillo y los colores.<\/p>\n<p>HDMI CEC Profile Sync es compatible con m\u00faltiples dispositivos y puede detectar autom\u00e1ticamente la configuraci\u00f3n de los mismos.<\/p>\n<p class=\"apm-text-center\">\n                                                      <img decoding=\"async\" alt=\"Reducci\u00f3n de la luz azul\" src=\"https:\/\/images-na.ssl-images-amazon.com\/images\/G\/01\/x-locale\/common\/grey-pixel.gif\" class=\"a-lazy-loaded\" data-src=\"https:\/\/m.media-amazon.com\/images\/S\/aplus-media-library-service-media\/46070524-0da8-461d-868f-324dc6ab03a3.__CR0,0,2000,2000_PT0_SX220_V1___.jpg\"><img decoding=\"async\" alt=\"Reducci\u00f3n de la luz azul\" src=\"https:\/\/m.media-amazon.com\/images\/S\/aplus-media-library-service-media\/46070524-0da8-461d-868f-324dc6ab03a3.__CR0,0,2000,2000_PT0_SX220_V1___.jpg\">  <\/p>\n<p>                                                    Reducci\u00f3n de la luz azul                                     <\/p>\n<p class=\"a-size-small\">\n<p>Los monitores MSI est\u00e1n optimizados con la tecnolog\u00eda Less Blue Light* para proporcionar una experiencia visual superior.<\/p>\n<p>*Certificado T\u00dcV Rheinland Low Blue Light (soluci\u00f3n de software) Q 50623974, 21\/03\/2024.<\/p>\n<p class=\"apm-text-center\">\n                                                      <img decoding=\"async\" alt=\"Antiparpadeo\" src=\"https:\/\/images-na.ssl-images-amazon.com\/images\/G\/01\/x-locale\/common\/grey-pixel.gif\" class=\"a-lazy-loaded\" data-src=\"https:\/\/m.media-amazon.com\/images\/S\/aplus-media-library-service-media\/e0a25804-cd76-4136-9874-6e93f3ad9bce.__CR0,0,2000,2000_PT0_SX220_V1___.jpg\"><img decoding=\"async\" alt=\"Antiparpadeo\" src=\"https:\/\/m.media-amazon.com\/images\/S\/aplus-media-library-service-media\/e0a25804-cd76-4136-9874-6e93f3ad9bce.__CR0,0,2000,2000_PT0_SX220_V1___.jpg\">  <\/p>\n<p>                                                    Antiparpadeo                                     <\/p>\n<p class=\"a-size-small\">\n<p>La tecnolog\u00eda Anti-Flicker* proporciona una experiencia visual superior al reducir la cantidad de parpadeo, a diferencia de los monitores gen\u00e9ricos, que suelen mostrar una tasa de parpadeo de aproximadamente 200 veces** por segundo.<\/p>\n<p>*Certificado T\u00dcV Rheinland Flicker Free Q 50623974, 21-03-2024<\/p>\n<p>**Aunque no se aprecia a simple vista, esto puede causar fatiga con el tiempo.<\/p>\n<p class=\"apm-text-center\">\n                                                      <img decoding=\"async\" alt=\"Soporte ajustable\" src=\"https:\/\/images-na.ssl-images-amazon.com\/images\/G\/01\/x-locale\/common\/grey-pixel.gif\" class=\"a-lazy-loaded\" data-src=\"https:\/\/m.media-amazon.com\/images\/S\/aplus-media-library-service-media\/9478e286-84f6-4231-92a7-b394c5808f2d.__CR0,0,2000,2000_PT0_SX220_V1___.jpg\"><img decoding=\"async\" alt=\"Soporte ajustable\" src=\"https:\/\/m.media-amazon.com\/images\/S\/aplus-media-library-service-media\/9478e286-84f6-4231-92a7-b394c5808f2d.__CR0,0,2000,2000_PT0_SX220_V1___.jpg\">  <\/p>\n<p>                                                    Soporte ajustable                                     <\/p>\n<p class=\"a-size-small\">\n<p>El soporte del monitor incluye ajuste de inclinaci\u00f3n (-5\u00b0\\~20\u00b0) para mejorar la comodidad de visualizaci\u00f3n (compatible con VESA 100 x 100 mm).<\/p>\n<p>El MAG 275QF es compatible con un montaje VESA est\u00e1ndar de 100 mm*.<\/p>\n<p>*Disfruta de un escritorio m\u00e1s ordenado y una gesti\u00f3n de cables superior con el brazo VESA MT81 de MSI (no incluido).<\/p>\n<p class=\"apm-text-center\">\n                                                      <img decoding=\"async\" alt=\"Conectividad completa\" src=\"https:\/\/images-na.ssl-images-amazon.com\/images\/G\/01\/x-locale\/common\/grey-pixel.gif\" class=\"a-lazy-loaded\" data-src=\"https:\/\/m.media-amazon.com\/images\/S\/aplus-media-library-service-media\/466f6796-52a0-47b3-b9d4-d464cb43385b.__CR0,0,2000,2000_PT0_SX220_V1___.jpg\"><img decoding=\"async\" alt=\"Conectividad completa\" src=\"https:\/\/m.media-amazon.com\/images\/S\/aplus-media-library-service-media\/466f6796-52a0-47b3-b9d4-d464cb43385b.__CR0,0,2000,2000_PT0_SX220_V1___.jpg\">  <\/p>\n<p>                                                    Conectividad completa                                     <\/p>\n<p class=\"a-size-small\">\n<p> Las opciones de interfaz para consolas de PC y port\u00e1tiles incluyen DisplayPort 1.4: 2560 x 1440 (180 Hz m\u00e1x.) 2 x HDMI 2.0b (admite 2560 x 1440 a 144 Hz seg\u00fan lo especificado en HDMI 2.0b)      <\/p>\n<p> Language                                            \u200f                                            :                                            \u200e                                            Italian, Italian   <br \/> Product Dimensions                                            \u200f                                            :                                            \u200e                                            22.9 x 61.5 x 44.5 cm; 3.95 kg   <br \/> Manufacturer                                            \u200f                                            :                                            \u200e                                            MSI   <br \/> ASIN                                            \u200f                                            :                                            \u200e                                            B0D1R9TMX7   <br \/> Item model number                                            \u200f                                            :                                            \u200e                                            4711377204897   <br \/> Guaranteed software updates until                                            \u200f                                            :                                            \u200e                                            unknown   <br \/>  Customer reviews:                                                                                            4.6               4.6 out of 5 stars                                  (598)                                              var dpAcrHasRegisteredArcLinkClickAction;                    P.when(&#8216;A&#8217;, &#8216;ready&#8217;).execute(function(A) {                        if (dpAcrHasRegisteredArcLinkClickAction !== true) {                            dpAcrHasRegisteredArcLinkClickAction = true;                            A.declarative(                                &#8216;acrLink-click-metrics&#8217;, &#8216;click&#8217;,                                { \u00aballowLinkDefault\u00bb: true },                                function (event) {                                    if (window.ue) {                                        ue.count(\u00abacrLinkClickCount\u00bb, (ue.count(\u00abacrLinkClickCount\u00bb) || 0) + 1);                                    }                                }                            );                        }                    });                                             P.when(&#8216;A&#8217;, &#8216;cf&#8217;).execute(function(A) {                A.declarative(&#8216;acrStarsLink-click-metrics&#8217;, &#8216;click&#8217;, { \u00aballowLinkDefault\u00bb : true },  function(event){                    if(window.ue) {                        ue.count(\u00abacrStarsLinkWithPopoverClickCount\u00bb, (ue.count(\u00abacrStarsLinkWithPopoverClickCount\u00bb) || 0) + 1);                    }                });            });                          <\/p>\n<p>Rapid IPS: Provides a fast response time of 0.5ms (GtG, min. ), optimises the colours and brightness of the screen<br \/>180Hz refresh rate: Respond faster with smoother frames<br \/>0.5ms response time (GtG, min. ): removes screen tearing and choppy frames<br \/>Adaptive-Sync technology: smooth gaming, no interruptions or tugging<br \/>AI Vision: AI Vision technology can not only reveal details in dark areas, but also optimize overall brightness and saturate colors<\/p>\n\n","protected":false},"excerpt":{"rendered":"<p> From the manufacturer MSI: For Gamers &amp; Creators MSI is one of the most trusted<\/p>","protected":false},"featured_media":39872,"comment_status":"open","ping_status":"closed","template":"","meta":[],"product_brand":[],"product_cat":[52,54],"product_tag":[7085,1817,1822,1778,1918,2265,1819,3862,1821,1816,1824,1823,307,1825,137,3355,617,6067,1813,703,1820,429,3937,844,2267,1262,5884,1033,1818,625,2099],"class_list":{"0":"post-39871","1":"product","2":"type-product","3":"status-publish","4":"has-post-thumbnail","6":"product_cat-2k-monitors","7":"product_cat-curved-monitors","8":"product_tag-0-5m","9":"product_tag-1440p-monitor","10":"product_tag-144hz-2k-monitor","11":"product_tag-180hz","12":"product_tag-1ms","13":"product_tag-2560x1440","14":"product_tag-27-inch-2k-monitor","15":"product_tag-275qf","16":"product_tag-2k-gaming-monitor","17":"product_tag-2k-monitor","18":"product_tag-2k-monitor-price","19":"product_tag-best-2k-monitor","20":"product_tag-black","21":"product_tag-curved-2k-monitor","22":"product_tag-fast","23":"product_tag-flat","24":"product_tag-gaming","25":"product_tag-gtg","26":"product_tag-hdr","27":"product_tag-ips","28":"product_tag-ips-2k-monitor","29":"product_tag-mag","30":"product_tag-min","31":"product_tag-monitor","32":"product_tag-mprt","33":"product_tag-msi","34":"product_tag-nits","35":"product_tag-panel","36":"product_tag-qhd-monitor","37":"product_tag-ready","38":"product_tag-wqhd","40":"first","41":"instock","42":"sale","43":"shipping-taxable","44":"product-type-external"},"_links":{"self":[{"href":"https:\/\/comprasyconsejos.store\/en\/wp-json\/wp\/v2\/product\/39871","targetHints":{"allow":["GET"]}}],"collection":[{"href":"https:\/\/comprasyconsejos.store\/en\/wp-json\/wp\/v2\/product"}],"about":[{"href":"https:\/\/comprasyconsejos.store\/en\/wp-json\/wp\/v2\/types\/product"}],"replies":[{"embeddable":true,"href":"https:\/\/comprasyconsejos.store\/en\/wp-json\/wp\/v2\/comments?post=39871"}],"version-history":[{"count":0,"href":"https:\/\/comprasyconsejos.store\/en\/wp-json\/wp\/v2\/product\/39871\/revisions"}],"wp:featuredmedia":[{"embeddable":true,"href":"https:\/\/comprasyconsejos.store\/en\/wp-json\/wp\/v2\/media\/39872"}],"wp:attachment":[{"href":"https:\/\/comprasyconsejos.store\/en\/wp-json\/wp\/v2\/media?parent=39871"}],"wp:term":[{"taxonomy":"product_brand","embeddable":true,"href":"https:\/\/comprasyconsejos.store\/en\/wp-json\/wp\/v2\/product_brand?post=39871"},{"taxonomy":"product_cat","embeddable":true,"href":"https:\/\/comprasyconsejos.store\/en\/wp-json\/wp\/v2\/product_cat?post=39871"},{"taxonomy":"product_tag","embeddable":true,"href":"https:\/\/comprasyconsejos.store\/en\/wp-json\/wp\/v2\/product_tag?post=39871"}],"curies":[{"name":"wp","href":"https:\/\/api.w.org\/{rel}","templated":true}]}}