{"id":39884,"date":"2026-03-09T05:21:40","date_gmt":"2026-03-09T05:21:40","guid":{"rendered":"https:\/\/comprasyconsejos.store\/product\/tomzon-a24-mini-drone-for-kids-drone-with-3-batteries-24-minutes-flight-battle-mode-quadcopter-kid-drone-three-flying-functions-beginner-toy\/"},"modified":"2026-03-09T05:21:47","modified_gmt":"2026-03-09T05:21:47","slug":"tomzon-a24-mini-drone-for-kids-drone-with-3-batteries-24-minutes-flight-battle-mode-quadcopter-kid-drone-three-flying-functions-beginner-toy","status":"publish","type":"product","link":"https:\/\/comprasyconsejos.store\/en\/product\/tomzon-a24-mini-drone-for-kids-drone-with-3-batteries-24-minutes-flight-battle-mode-quadcopter-kid-drone-three-flying-functions-beginner-toy\/","title":{"rendered":"Tomzon A24 Mini Drone for Kids, Drone with 3 Batteries 24 Minutes Flight Battle Mode Quadcopter Kid Drone Three Flying Functions Beginner Toy"},"content":{"rendered":"<p>Price: <span style=\"color:#b12704\"><del>\u20ac43.99<\/del> - \u20ac39.99<\/span><br \/><i><small>(as of Mar 09, 2026 05:21:40 UTC &#8211; <span class=\"wp_automatic_amazon_disclaimer\" title=\"Product prices and availability are accurate as of the date\/time indicated and are subject to change. Any price and availability information displayed on [relevant Amazon Site(s), as applicable] at the time of purchase will apply to the purchase of this product.\">Details<\/span>)<\/small><\/i><\/p>\n<p><a href=\"https:\/\/amazon.es\/dp\/B0FM7WP7T5?tag=man008-21\"><img decoding=\"async\" src=\"https:\/\/valvepress.s3.amazonaws.com\/imgs\/buy_now.png\"><\/a><br \/>\n<\/p>\n<p>                                             Product Description   <\/p>\n<p>                                                                     Tomzon A24 | Mini Dron para Ni\u00d1os | Modo de Batalla                                            <img decoding=\"async\" alt=\"aplus content image\" src=\"https:\/\/images-na.ssl-images-amazon.com\/images\/G\/01\/x-locale\/common\/grey-pixel.gif\" class=\"a-lazy-loaded\" data-src=\"https:\/\/m.media-amazon.com\/images\/S\/aplus-media-library-service-media\/6c9ce1b9-2944-42d2-bf60-c443e6d589a0.__CR1,0,1825,748_PT0_SX1464_V1___.png\"><img decoding=\"async\" alt=\"aplus content image\" src=\"https:\/\/m.media-amazon.com\/images\/S\/aplus-media-library-service-media\/6c9ce1b9-2944-42d2-bf60-c443e6d589a0.__CR1,0,1825,748_PT0_SX1464_V1___.png\">                                                  <\/p>\n<p>                                                                                                       <img decoding=\"async\" alt=\"para el mini dron de batalla TOMZON A24. La imagen muestra tres peque\u00f1os drones rojos y negros con h\u00e9lices, dispuestos en una din\u00e1mica postura de combate sobre un fondo amarillo\" src=\"https:\/\/images-na.ssl-images-amazon.com\/images\/G\/01\/x-locale\/common\/grey-pixel.gif\" class=\"a-lazy-loaded\" data-src=\"https:\/\/m.media-amazon.com\/images\/S\/aplus-media-library-service-media\/af676c01-4857-421f-8234-32c2eecf925b.__CR0,0,1464,600_PT0_SX1464_V1___.jpg\"><img decoding=\"async\" alt=\"para el mini dron de batalla TOMZON A24. La imagen muestra tres peque\u00f1os drones rojos y negros con h\u00e9lices, dispuestos en una din\u00e1mica postura de combate sobre un fondo amarillo\" src=\"https:\/\/m.media-amazon.com\/images\/S\/aplus-media-library-service-media\/af676c01-4857-421f-8234-32c2eecf925b.__CR0,0,1464,600_PT0_SX1464_V1___.jpg\">                                                  <\/p>\n<p>                                             Un juguete adecuado para ni\u00f1os como cumplea\u00f1os, Navidad y regalos de tres reyes.                                         <\/p>\n<p class=\"description\"> Todas las funciones est\u00e1n equipadas: <\/p>\n<p class=\"description\"> Modo de batalla \u00fanico\uff1bModo de mano de la mano\uff1bModo de acrobacias\uff1a Flip 3D, autogotaci\u00f3n\uff1b <\/p>\n<p class=\"description\"> Tres velocidades ajustables\uff1bModo de recordatorio de baja electricidad y baja se\u00f1al\uff1bUse ingresos \/aterrizaje clave\uff1bAltura reservada\uff1bModo sin cabeza\uff1bParada de emergencia esperando <\/p>\n<p class=\"description\"> Las operaciones simples facilitan que los ni\u00f1os y los padres jueguen juntos. <\/p>\n<p class=\"description\"> \u00a1Vamos, juega con toda tu familia! <\/p>\n<p>                                                                                                       <img decoding=\"async\" alt=\"aplus content image\" src=\"https:\/\/images-na.ssl-images-amazon.com\/images\/G\/01\/x-locale\/common\/grey-pixel.gif\" class=\"a-lazy-loaded\" data-src=\"https:\/\/m.media-amazon.com\/images\/S\/aplus-media-library-service-media\/9b2225a2-63b9-4c69-bc48-18c240dfbc6a.__CR7,0,1813,743_PT0_SX1464_V1___.png\"><img decoding=\"async\" alt=\"aplus content image\" src=\"https:\/\/m.media-amazon.com\/images\/S\/aplus-media-library-service-media\/9b2225a2-63b9-4c69-bc48-18c240dfbc6a.__CR7,0,1813,743_PT0_SX1464_V1___.png\">                                                  <\/p>\n<p>                                                                                              <img decoding=\"async\" alt=\"Un ni\u00f1o y un adulto viendo exhibiciones en lo que parece ser un museo de ciencias o historia natural, con m\u00faltiples vitrinas visibles.\" src=\"https:\/\/images-na.ssl-images-amazon.com\/images\/G\/01\/x-locale\/common\/grey-pixel.gif\" class=\"a-lazy-loaded\" data-src=\"https:\/\/m.media-amazon.com\/images\/S\/aplus-media-library-service-media\/9aecafad-d436-4e89-83e2-d627ab602953.__CR0,0,300,225_PT0_SX300_V1___.png\"><img decoding=\"async\" alt=\"Un ni\u00f1o y un adulto viendo exhibiciones en lo que parece ser un museo de ciencias o historia natural, con m\u00faltiples vitrinas visibles.\" src=\"https:\/\/m.media-amazon.com\/images\/S\/aplus-media-library-service-media\/9aecafad-d436-4e89-83e2-d627ab602953.__CR0,0,300,225_PT0_SX300_V1___.png\">                                            Modo de 3 velocidades                                         <\/p>\n<p class=\"aplus-p3\"> Cambie f\u00e1cilmente entre las 3 velocidades. Simplemente toque el bot\u00f3n en la esquina superior izquierda del control remoto para cambiar velocidad. <\/p>\n<p>                                           <img decoding=\"async\" alt=\"El texto dice \u00abImagen 5\u00bb. Vistas m\u00faltiples de lo que parece ser un dispositivo o un juguete controlado a distancia, con el s\u00edmbolo inal\u00e1mbrico y la interfaz de control mostrados.\" src=\"https:\/\/images-na.ssl-images-amazon.com\/images\/G\/01\/x-locale\/common\/grey-pixel.gif\" class=\"a-lazy-loaded\" data-src=\"https:\/\/m.media-amazon.com\/images\/S\/aplus-media-library-service-media\/30dd1279-91ad-4341-9c54-1e493b1eb39b.__CR0,0,300,225_PT0_SX300_V1___.png\"><img decoding=\"async\" alt=\"El texto dice \u00abImagen 5\u00bb. Vistas m\u00faltiples de lo que parece ser un dispositivo o un juguete controlado a distancia, con el s\u00edmbolo inal\u00e1mbrico y la interfaz de control mostrados.\" src=\"https:\/\/m.media-amazon.com\/images\/S\/aplus-media-library-service-media\/30dd1279-91ad-4341-9c54-1e493b1eb39b.__CR0,0,300,225_PT0_SX300_V1___.png\">                                            Despegue\/aterrizaje con boton                                         <\/p>\n<p class=\"aplus-p3\"> Tan facil de controlar su dron, solo una tecla para despegar y aterrizar, los principiantes pueden comprender rapidamente como volarto. <\/p>\n<p>                                           <img decoding=\"async\" alt=\"aplus content image\" src=\"https:\/\/images-na.ssl-images-amazon.com\/images\/G\/01\/x-locale\/common\/grey-pixel.gif\" class=\"a-lazy-loaded\" data-src=\"https:\/\/m.media-amazon.com\/images\/S\/aplus-media-library-service-media\/8f4b2c34-254c-4f1b-a815-7d83c2dd1410.__CR0,0,300,225_PT0_SX300_V1___.png\"><img decoding=\"async\" alt=\"aplus content image\" src=\"https:\/\/m.media-amazon.com\/images\/S\/aplus-media-library-service-media\/8f4b2c34-254c-4f1b-a815-7d83c2dd1410.__CR0,0,300,225_PT0_SX300_V1___.png\">                                            Advertencia de baja se\u00f1al                                         <\/p>\n<p class=\"aplus-p3\"> Cuando la se\u00f1al entre la aeronave es baja o la se\u00f1al entre el dron y el control remoto es demasiado baja, la aeronave har\u00e1 un recordatorio de Didi. <\/p>\n<p>                                           <img decoding=\"async\" alt=\"aplus content image\" src=\"https:\/\/images-na.ssl-images-amazon.com\/images\/G\/01\/x-locale\/common\/grey-pixel.gif\" class=\"a-lazy-loaded\" data-src=\"https:\/\/m.media-amazon.com\/images\/S\/aplus-media-library-service-media\/b3802e15-2078-4d5d-a168-540133cf5c21.__CR0,0,300,225_PT0_SX300_V1___.png\"><img decoding=\"async\" alt=\"aplus content image\" src=\"https:\/\/m.media-amazon.com\/images\/S\/aplus-media-library-service-media\/b3802e15-2078-4d5d-a168-540133cf5c21.__CR0,0,300,225_PT0_SX300_V1___.png\">                                            Drone extra\u00edble                                         <\/p>\n<p class=\"aplus-p3\"> El drone actualizado tiene una bater\u00eda extra\u00edble. Viene con 3 bater\u00edas recargables en el paquete, su tiempo de vuelo se prolonga hasta 24 mins. <\/p>\n<p>                                                                                              <img decoding=\"async\" alt=\"aplus content image\" src=\"https:\/\/images-na.ssl-images-amazon.com\/images\/G\/01\/x-locale\/common\/grey-pixel.gif\" class=\"a-lazy-loaded\" data-src=\"https:\/\/m.media-amazon.com\/images\/S\/aplus-media-library-service-media\/4cf855ea-832e-49e5-bfe0-107854411b85.__CR0,0,300,225_PT0_SX300_V1___.png\"><img decoding=\"async\" alt=\"aplus content image\" src=\"https:\/\/m.media-amazon.com\/images\/S\/aplus-media-library-service-media\/4cf855ea-832e-49e5-bfe0-107854411b85.__CR0,0,300,225_PT0_SX300_V1___.png\">                                            Modo sin cabeza                                         <\/p>\n<p class=\"aplus-p3\"> Dise\u00f1o amigable para principiant, sin necesidad de controlar la direcci\u00f3n, determine su direcci\u00f3n frontal y hacia adelante, puede comenzar el viaje <\/p>\n<p>                                           <img decoding=\"async\" alt=\"Serie de im\u00e1genes instructivas que muestran las posiciones de los ejercicios de yoga sobre una colchoneta de yoga de color claro contra un piso de madera.\" src=\"https:\/\/images-na.ssl-images-amazon.com\/images\/G\/01\/x-locale\/common\/grey-pixel.gif\" class=\"a-lazy-loaded\" data-src=\"https:\/\/m.media-amazon.com\/images\/S\/aplus-media-library-service-media\/19b93ea9-93fc-416d-8076-da4e04f5cffa.__CR0,0,300,225_PT0_SX300_V1___.png\"><img decoding=\"async\" alt=\"Serie de im\u00e1genes instructivas que muestran las posiciones de los ejercicios de yoga sobre una colchoneta de yoga de color claro contra un piso de madera.\" src=\"https:\/\/m.media-amazon.com\/images\/S\/aplus-media-library-service-media\/19b93ea9-93fc-416d-8076-da4e04f5cffa.__CR0,0,300,225_PT0_SX300_V1___.png\">                                            Altamente mantenido                                         <\/p>\n<p class=\"aplus-p3\"> Con funci\u00f3n de retenci\u00f3n de altitud, haciendo un vuelo estable tanto en interior. El drone para ni\u00f1os no se esfuerza por controlar la altura de vuelo. <\/p>\n<p>                                           <img decoding=\"async\" alt=\"Secuencia de animaci\u00f3n que muestra lo que parece ser un peque\u00f1o objeto rojo en movimiento con l\u00edneas de movimiento blancas que indican movimiento.\" src=\"https:\/\/images-na.ssl-images-amazon.com\/images\/G\/01\/x-locale\/common\/grey-pixel.gif\" class=\"a-lazy-loaded\" data-src=\"https:\/\/m.media-amazon.com\/images\/S\/aplus-media-library-service-media\/9eade0dc-e7d0-4a01-8d5b-db74dc9bab4b.__CR0,0,300,225_PT0_SX300_V1___.png\"><img decoding=\"async\" alt=\"Secuencia de animaci\u00f3n que muestra lo que parece ser un peque\u00f1o objeto rojo en movimiento con l\u00edneas de movimiento blancas que indican movimiento.\" src=\"https:\/\/m.media-amazon.com\/images\/S\/aplus-media-library-service-media\/9eade0dc-e7d0-4a01-8d5b-db74dc9bab4b.__CR0,0,300,225_PT0_SX300_V1___.png\">                                            Mejor protecci\u00f3n                                         <\/p>\n<p class=\"aplus-p3\"> Equipado con cuatro protectores de h\u00e9lice redondo, en todas direcciones para proteger su dron no tripulado del da\u00f1o cuando se enfrenta a una colisi\u00f3n. <\/p>\n<p>                                           <img decoding=\"async\" alt=\"aplus content image\" src=\"https:\/\/images-na.ssl-images-amazon.com\/images\/G\/01\/x-locale\/common\/grey-pixel.gif\" class=\"a-lazy-loaded\" data-src=\"https:\/\/m.media-amazon.com\/images\/S\/aplus-media-library-service-media\/9e9b268f-30c6-45a2-a0c9-c44714dfca79.__CR0,0,300,225_PT0_SX300_V1___.png\"><img decoding=\"async\" alt=\"aplus content image\" src=\"https:\/\/m.media-amazon.com\/images\/S\/aplus-media-library-service-media\/9e9b268f-30c6-45a2-a0c9-c44714dfca79.__CR0,0,300,225_PT0_SX300_V1___.png\">                                            Parada de emergencia                                         <\/p>\n<p class=\"aplus-p3\"> Cuando ocurra alguna emergencia, simplemente presione el bot\u00f3n de emergencia para aterrizar su drone a tiempo. <\/p>\n<p>                                                                <img decoding=\"async\" alt=\"aplus content image\" src=\"https:\/\/images-na.ssl-images-amazon.com\/images\/G\/01\/x-locale\/common\/grey-pixel.gif\" class=\"a-lazy-loaded\" data-src=\"https:\/\/m.media-amazon.com\/images\/S\/aplus-media-library-service-media\/c58ba014-3e0d-4f04-a17c-058dd8b3facd.__CR0,0,800,600_PT0_SX800_V1___.png\"><img decoding=\"async\" alt=\"aplus content image\" src=\"https:\/\/m.media-amazon.com\/images\/S\/aplus-media-library-service-media\/c58ba014-3e0d-4f04-a17c-058dd8b3facd.__CR0,0,800,600_PT0_SX800_V1___.png\">                                                                          <\/p>\n<h3 class=\"aplus-h1 aplus-module-1-heading a-text-bold\"> Lista de Paquete <\/h3>\n<p class=\"aplus-p2 aplus-module-1-description\"> 1 * Tomzon A24 Mini Dron &amp; Control Remoto <\/p>\n<p class=\"aplus-p2 aplus-module-1-description\"> 3 * Bater\u00edas <\/p>\n<p class=\"aplus-p2 aplus-module-1-description\"> 4 * H\u00e9lices <\/p>\n<p class=\"aplus-p2 aplus-module-1-description\"> 1 * Cable USB <\/p>\n<p class=\"aplus-p2 aplus-module-1-description\"> 1 * Manual Usuario <\/p>\n<p> Batteries                                            \u200f                                            :                                            \u200e                                            2 Lithium Ion batteries required. (included)   <br \/> Product Dimensions                                            \u200f                                            :                                            \u200e                                            15 x 12 x 8.5 cm; 345 g   <br \/> Date First Available                                            \u200f                                            :                                            \u200e                                            13 Aug. 2025   <br \/> Manufacturer                                            \u200f                                            :                                            \u200e                                            Tomzon   <br \/> ASIN                                            \u200f                                            :                                            \u200e                                            B0FM7WP7T5   <br \/> Country of origin                                            \u200f                                            :                                            \u200e                                            China   <br \/>       Best Sellers Rank:  47,255 in Toys &#038; Games (See Top 100 in Toys &#038; Games)    254 in Remote &#038; App-Controlled Drones      <br \/>  Customer reviews:                                                                                            3.5               3.5 out of 5 stars                                  (38)                                              var dpAcrHasRegisteredArcLinkClickAction;                    P.when(&#8216;A&#8217;, &#8216;ready&#8217;).execute(function(A) {                        if (dpAcrHasRegisteredArcLinkClickAction !== true) {                            dpAcrHasRegisteredArcLinkClickAction = true;                            A.declarative(                                &#8216;acrLink-click-metrics&#8217;, &#8216;click&#8217;,                                { \u00aballowLinkDefault\u00bb: true },                                function (event) {                                    if (window.ue) {                                        ue.count(\u00abacrLinkClickCount\u00bb, (ue.count(\u00abacrLinkClickCount\u00bb) || 0) + 1);                                    }                                }                            );                        }                    });                                             P.when(&#8216;A&#8217;, &#8216;cf&#8217;).execute(function(A) {                A.declarative(&#8216;acrStarsLink-click-metrics&#8217;, &#8216;click&#8217;, { \u00aballowLinkDefault\u00bb : true },  function(event){                    if(window.ue) {                        ue.count(\u00abacrStarsLinkWithPopoverClickCount\u00bb, (ue.count(\u00abacrStarsLinkWithPopoverClickCount\u00bb) || 0) + 1);                    }                });            });                          <\/p>\n<p>\u3010360\u00b0 Safety Protection\u3011Tomzon kids drone has a 360\u00b0protective cover, which makes the drone sturdy and durable to prevent injury to children or pets, and a low power alarm and low signal reminds you to replace the battery or change the flight position to avoid the loss of the drone for kids.<br \/>\u3010Combat Mode\u3011This flying drone has a battle mode, suitable for dinner and family entertainment, parent-child interaction and flying with siblings or friends. It is the best Christmas toy or birthday gift to children. (In combat mode, when a drone is hit, its body shakes and if hit 4 times, it will land automatically, at that time the drone will need to take off again.)<br \/>\u3010Stunt Flight\u3011A24 mini drones has a variety of acrobatic functions: 3D flip, automatic rotation, circle flight, launch mode, allowing you to try different flight fun, 3 adjustable speeds to choose for beginners and flight experts, you can adjust the speed according to your operation ability.<br \/>\u3010Simple Small Drone Control\u3011Quadricopter is very easy to control, the drones for baby will automatically match the frequency after turning them on, just click to calibrate to take off, a variety of one-button operation functions, such as take-off, landing, altitude hold, emergency stop, headless mode, etc., can achieve stable flight thanks to the fine adjustment function.<br \/>\u3010Long Flight Time\u3011 This pocket drone is equipped with 3 modular batteries, which can maintain a total of about 24 minutes of flying time without disturbing your fun. Toy Drone is equipped with an alarm system that will alert you when the battery is running low during the flight.<\/p>\n\n","protected":false},"excerpt":{"rendered":"<p> Product Description Tomzon A24 | Mini Dron para Ni\u00d1os | Modo de Batalla Un juguete<\/p>","protected":false},"featured_media":39885,"comment_status":"open","ping_status":"closed","template":"","meta":[],"product_brand":[],"product_cat":[98],"product_tag":[11880,1254,11881,1873,2845,2854,2852,2855,2853,2842,2844,2848,2846,2850,2838,2849,3044,2858,2839,2840,2169,2843,6816,1169,215,2851,7014,738,2841,2847,11879,6485],"class_list":{"0":"post-39884","1":"product","2":"type-product","3":"status-publish","4":"has-post-thumbnail","6":"product_cat-drones","7":"product_tag-a24","8":"product_tag-batteries","9":"product_tag-battle","10":"product_tag-beginner","11":"product_tag-beginner-drone","12":"product_tag-dji-drone","13":"product_tag-dji-mavic","14":"product_tag-dji-mini-2","15":"product_tag-drone","16":"product_tag-drone-accessories","17":"product_tag-drone-battery","18":"product_tag-drone-gimbal","19":"product_tag-drone-propellers","20":"product_tag-drone-spare-parts","21":"product_tag-drone-with-camera","22":"product_tag-drones-under-200","23":"product_tag-flight","24":"product_tag-flying","25":"product_tag-foldable-drone","26":"product_tag-fpv-drone","27":"product_tag-functions","28":"product_tag-hd-drone","29":"product_tag-kid","30":"product_tag-kids","31":"product_tag-mini","32":"product_tag-mini-drone","33":"product_tag-minutes","34":"product_tag-mode","35":"product_tag-quadcopter","36":"product_tag-remote-control-drone","37":"product_tag-tomzon","38":"product_tag-toy","40":"first","41":"instock","42":"sale","43":"shipping-taxable","44":"product-type-external"},"_links":{"self":[{"href":"https:\/\/comprasyconsejos.store\/en\/wp-json\/wp\/v2\/product\/39884","targetHints":{"allow":["GET"]}}],"collection":[{"href":"https:\/\/comprasyconsejos.store\/en\/wp-json\/wp\/v2\/product"}],"about":[{"href":"https:\/\/comprasyconsejos.store\/en\/wp-json\/wp\/v2\/types\/product"}],"replies":[{"embeddable":true,"href":"https:\/\/comprasyconsejos.store\/en\/wp-json\/wp\/v2\/comments?post=39884"}],"version-history":[{"count":0,"href":"https:\/\/comprasyconsejos.store\/en\/wp-json\/wp\/v2\/product\/39884\/revisions"}],"wp:featuredmedia":[{"embeddable":true,"href":"https:\/\/comprasyconsejos.store\/en\/wp-json\/wp\/v2\/media\/39885"}],"wp:attachment":[{"href":"https:\/\/comprasyconsejos.store\/en\/wp-json\/wp\/v2\/media?parent=39884"}],"wp:term":[{"taxonomy":"product_brand","embeddable":true,"href":"https:\/\/comprasyconsejos.store\/en\/wp-json\/wp\/v2\/product_brand?post=39884"},{"taxonomy":"product_cat","embeddable":true,"href":"https:\/\/comprasyconsejos.store\/en\/wp-json\/wp\/v2\/product_cat?post=39884"},{"taxonomy":"product_tag","embeddable":true,"href":"https:\/\/comprasyconsejos.store\/en\/wp-json\/wp\/v2\/product_tag?post=39884"}],"curies":[{"name":"wp","href":"https:\/\/api.w.org\/{rel}","templated":true}]}}