{"id":39893,"date":"2026-03-09T05:56:35","date_gmt":"2026-03-09T05:56:35","guid":{"rendered":"https:\/\/comprasyconsejos.store\/product\/cpu-cooling-fan-for-mini-pc-bsc0805ha-00-4-pin-connector-cpu-cooling-fan-replacement-for-intel-nuc8-nuc8i7beh-nuc8i5beh-nuc8i5bek\/"},"modified":"2026-03-09T05:56:43","modified_gmt":"2026-03-09T05:56:43","slug":"cpu-cooling-fan-for-mini-pc-bsc0805ha-00-4-pin-connector-cpu-cooling-fan-replacement-for-intel-nuc8-nuc8i7beh-nuc8i5beh-nuc8i5bek","status":"publish","type":"product","link":"https:\/\/comprasyconsejos.store\/en\/product\/cpu-cooling-fan-for-mini-pc-bsc0805ha-00-4-pin-connector-cpu-cooling-fan-replacement-for-intel-nuc8-nuc8i7beh-nuc8i5beh-nuc8i5bek\/","title":{"rendered":"CPU Cooling Fan for Mini PC, BSC0805HA\u201100 4 Pin Connector CPU Cooling Fan Replacement for Intel NUC8 NUC8i7BEH NUC8i5BEH NUC8i5BEK"},"content":{"rendered":"<p>Price: <span style=\"color:#b12704\">\u20ac11.55<\/span><br \/><i><small>(as of Mar 09, 2026 05:56:35 UTC &#8211; <span class=\"wp_automatic_amazon_disclaimer\" title=\"Product prices and availability are accurate as of the date\/time indicated and are subject to change. Any price and availability information displayed on [relevant Amazon Site(s), as applicable] at the time of purchase will apply to the purchase of this product.\">Details<\/span>)<\/small><\/i><\/p>\n<p><a href=\"https:\/\/amazon.es\/dp\/B0CWLWLDY4?tag=man008-21\"><img decoding=\"async\" src=\"https:\/\/valvepress.s3.amazonaws.com\/imgs\/buy_now.png\"><\/a><br \/>\n<\/p>\n<p>                                             Product Description   <\/p>\n<p>                                                         <img decoding=\"async\" alt=\"Ventilador de refrigeraci\u00f3n para CPU de PC\" src=\"https:\/\/images-na.ssl-images-amazon.com\/images\/G\/01\/x-locale\/common\/grey-pixel.gif\" class=\"a-lazy-loaded\" data-src=\"https:\/\/m.media-amazon.com\/images\/S\/aplus-media-library-service-media\/b0ddefea-4742-4e33-8895-a7007e3a9637.__CR0,0,600,180_PT0_SX600_V1___.jpg\"><img decoding=\"async\" alt=\"Ventilador de refrigeraci\u00f3n para CPU de PC\" src=\"https:\/\/m.media-amazon.com\/images\/S\/aplus-media-library-service-media\/b0ddefea-4742-4e33-8895-a7007e3a9637.__CR0,0,600,180_PT0_SX600_V1___.jpg\">      <\/p>\n<p>                                                                             <img decoding=\"async\" alt=\"El texto dice \u00abVentilador de refrigeraci\u00f3n de CPU de 4 pines\u00bb y \u00abMiniventilador de CPU BSC0805HA-00\u00bb. Im\u00e1genes t\u00e9cnicas del producto que muestran el ventilador de refrigeraci\u00f3n del ordenador desde varios \u00e1ngulos con las especificaciones.\" src=\"https:\/\/images-na.ssl-images-amazon.com\/images\/G\/01\/x-locale\/common\/grey-pixel.gif\" class=\"a-spacing-base a-lazy-loaded\" data-src=\"https:\/\/m.media-amazon.com\/images\/S\/aplus-media-library-service-media\/cee35e68-cead-4720-b224-dd17d738d9ea.__CR0,0,970,600_PT0_SX970_V1___.jpg\"><img decoding=\"async\" alt=\"El texto dice \u00abVentilador de refrigeraci\u00f3n de CPU de 4 pines\u00bb y \u00abMiniventilador de CPU BSC0805HA-00\u00bb. Im\u00e1genes t\u00e9cnicas del producto que muestran el ventilador de refrigeraci\u00f3n del ordenador desde varios \u00e1ngulos con las especificaciones.\" src=\"https:\/\/m.media-amazon.com\/images\/S\/aplus-media-library-service-media\/cee35e68-cead-4720-b224-dd17d738d9ea.__CR0,0,970,600_PT0_SX970_V1___.jpg\">                                         <\/p>\n<h3 class=\"a-spacing-mini\"> Ventilateur de Refroidissement de Processeur pour PC, BSC0805HA\u201100 Connecteur 4 Broches Ventilateur de Refroidissement de Processeur de Remplacem <\/h3>\n<p class=\"a-spacing-base\"> Modelos aplicables: Dise\u00f1ado para el ventilador de PC de la serie Intel NUC8 NUC8i7BEH NUC8i5BEH NUC8i5BEK NUC8i3BEH Series, reemplazo perfecto para sus piezas da\u00f1adas. 4 PIN: El ventilador BSC0805HA-00 con conector de alimentaci\u00f3n de 4 pines mejora la disipaci\u00f3n de calor y reduce la temperatura en funcionamiento continuo. <\/p>\n<p>                                                                             <img decoding=\"async\" alt=\"Ventilador de refrigeraci\u00f3n para CPU de PC\" src=\"https:\/\/images-na.ssl-images-amazon.com\/images\/G\/01\/x-locale\/common\/grey-pixel.gif\" class=\"a-spacing-base a-lazy-loaded\" data-src=\"https:\/\/m.media-amazon.com\/images\/S\/aplus-media-library-service-media\/e1c0601e-d4c0-481b-bb50-3fd2c947f372.__CR0,0,970,600_PT0_SX970_V1___.jpg\"><img decoding=\"async\" alt=\"Ventilador de refrigeraci\u00f3n para CPU de PC\" src=\"https:\/\/m.media-amazon.com\/images\/S\/aplus-media-library-service-media\/e1c0601e-d4c0-481b-bb50-3fd2c947f372.__CR0,0,970,600_PT0_SX970_V1___.jpg\">                                                                    <\/p>\n<p>                                                  <img decoding=\"async\" alt=\"Diagrama t\u00e9cnico y vistas m\u00faltiples de un componente del ventilador de refrigeraci\u00f3n de una computadora sobre un fondo morado, que muestra la estructura interna y los puntos de montaje.\" src=\"https:\/\/images-na.ssl-images-amazon.com\/images\/G\/01\/x-locale\/common\/grey-pixel.gif\" class=\"a-lazy-loaded\" data-src=\"https:\/\/m.media-amazon.com\/images\/S\/aplus-media-library-service-media\/51e60c33-9031-413b-8002-0ed8b0b1907a.__CR0,0,970,300_PT0_SX970_V1___.jpg\"><img decoding=\"async\" alt=\"Diagrama t\u00e9cnico y vistas m\u00faltiples de un componente del ventilador de refrigeraci\u00f3n de una computadora sobre un fondo morado, que muestra la estructura interna y los puntos de montaje.\" src=\"https:\/\/m.media-amazon.com\/images\/S\/aplus-media-library-service-media\/51e60c33-9031-413b-8002-0ed8b0b1907a.__CR0,0,970,300_PT0_SX970_V1___.jpg\">  <\/p>\n<h3 class=\"a-size-extra-large a-spacing-base a-text-center\"> Especificaci\u00f3n <\/h3>\n<p>                                                        Tipo de art\u00edculo:                                    Ventilador de CPU Mini PC                                        Material:                                    Aleaci\u00f3n de aluminio, ABS                                        N\u00famero de pieza:                                    BSC0805HA\u201100                                        Conector de alimentaci\u00f3n                                    4 pines                                        Entrada                                    CC 5 V 0,6 A                                        Modelos aplicables                                    Para Intel NUC8 NUC8i7BEH NUC8i5BEH NUC8i5BEK NUC8i3BEH                                        Lista de paquetes:                                    1 ventilador de CPU para PC                  <\/p>\n<p> Package Dimensions                                            \u200f                                            :                                            \u200e                                            11.2 x 9.8 x 2.6 cm; 80 g   <br \/> Date First Available                                            \u200f                                            :                                            \u200e                                            27 Feb. 2024   <br \/> Manufacturer                                            \u200f                                            :                                            \u200e                                            Elprico   <br \/> ASIN                                            \u200f                                            :                                            \u200e                                            B0CWLWLDY4   <br \/> Item model number                                            \u200f                                            :                                            \u200e                                            Elpricokr8fpa2di0   <br \/> Country of origin                                            \u200f                                            :                                            \u200e                                            China   <br \/>       Best Sellers Rank:  9,230 in Computers (See Top 100 in Computers)    299 in CPU Fans      <br \/>  Customer reviews:                                                                                            4.6               4.6 out of 5 stars                                  (9)                                              var dpAcrHasRegisteredArcLinkClickAction;                    P.when(&#8216;A&#8217;, &#8216;ready&#8217;).execute(function(A) {                        if (dpAcrHasRegisteredArcLinkClickAction !== true) {                            dpAcrHasRegisteredArcLinkClickAction = true;                            A.declarative(                                &#8216;acrLink-click-metrics&#8217;, &#8216;click&#8217;,                                { \u00aballowLinkDefault\u00bb: true },                                function (event) {                                    if (window.ue) {                                        ue.count(\u00abacrLinkClickCount\u00bb, (ue.count(\u00abacrLinkClickCount\u00bb) || 0) + 1);                                    }                                }                            );                        }                    });                                             P.when(&#8216;A&#8217;, &#8216;cf&#8217;).execute(function(A) {                A.declarative(&#8216;acrStarsLink-click-metrics&#8217;, &#8216;click&#8217;, { \u00aballowLinkDefault\u00bb : true },  function(event){                    if(window.ue) {                        ue.count(\u00abacrStarsLinkWithPopoverClickCount\u00bb, (ue.count(\u00abacrStarsLinkWithPopoverClickCount\u00bb) || 0) + 1);                    }                });            });                          <\/p>\n<p>EASY TO USE This mini pc computer cooling fan is easy to connect, easy to operate, easy to use, easy to install and remove.<br \/>APPLICABLE MODELS: Designed for Intel NUC8 NUC8i7BEH NUC8i5BEH NUC8i5BEK NUC8i3BEH Series mini PC cooling fan, perfect replacement for your damaged parts.<br \/>COMPACT AND PORTABLE: Small in size and lightweight, this cooling fan can help lighten the load of your mini computer and improve efficiency.<br \/>4 PIN: BSC0805HA\u201100 cooling fan with 4-pin power connector improves heat dissipation and reduces temperature during continuous operation.<br \/>DURABLE MATERIAL: Mini PC CPU cooling fan is made of premium aluminum alloy and ABS material, sturdy and durable, not easy to damage, and has a long service life.<\/p>\n\n","protected":false},"excerpt":{"rendered":"<p> Product Description Ventilateur de Refroidissement de Processeur pour PC, BSC0805HA\u201100 Connecteur 4 Broches Ventilateur de<\/p>","protected":false},"featured_media":39894,"comment_status":"open","ping_status":"closed","template":"","meta":[],"product_brand":[],"product_cat":[66],"product_tag":[2008,2010,11882,314,989,598,2002,2014,1997,2016,910,562,2006,215,11852,11854,11855,11853,1548,1999,2012,2878,2004],"class_list":{"0":"post-39893","1":"product","2":"type-product","3":"status-publish","4":"has-post-thumbnail","6":"product_cat-cpu-fan","7":"product_tag-amd-cpu-cooler","8":"product_tag-best-cpu-fan","9":"product_tag-bsc0805ha00","10":"product_tag-connector","11":"product_tag-cooling","12":"product_tag-cpu","13":"product_tag-cpu-air-cooler","14":"product_tag-cpu-cooling-fan","15":"product_tag-cpu-fan","16":"product_tag-cpu-fan-price","17":"product_tag-fan","18":"product_tag-intel","19":"product_tag-intel-cpu-fan","20":"product_tag-mini","21":"product_tag-nuc8","22":"product_tag-nuc8i5beh","23":"product_tag-nuc8i5bek","24":"product_tag-nuc8i7beh","25":"product_tag-pin","26":"product_tag-processor-fan","27":"product_tag-quiet-cpu-cooler","28":"product_tag-replacement","29":"product_tag-rgb-cpu-cooler","31":"first","32":"instock","33":"shipping-taxable","34":"product-type-external"},"_links":{"self":[{"href":"https:\/\/comprasyconsejos.store\/en\/wp-json\/wp\/v2\/product\/39893","targetHints":{"allow":["GET"]}}],"collection":[{"href":"https:\/\/comprasyconsejos.store\/en\/wp-json\/wp\/v2\/product"}],"about":[{"href":"https:\/\/comprasyconsejos.store\/en\/wp-json\/wp\/v2\/types\/product"}],"replies":[{"embeddable":true,"href":"https:\/\/comprasyconsejos.store\/en\/wp-json\/wp\/v2\/comments?post=39893"}],"version-history":[{"count":0,"href":"https:\/\/comprasyconsejos.store\/en\/wp-json\/wp\/v2\/product\/39893\/revisions"}],"wp:featuredmedia":[{"embeddable":true,"href":"https:\/\/comprasyconsejos.store\/en\/wp-json\/wp\/v2\/media\/39894"}],"wp:attachment":[{"href":"https:\/\/comprasyconsejos.store\/en\/wp-json\/wp\/v2\/media?parent=39893"}],"wp:term":[{"taxonomy":"product_brand","embeddable":true,"href":"https:\/\/comprasyconsejos.store\/en\/wp-json\/wp\/v2\/product_brand?post=39893"},{"taxonomy":"product_cat","embeddable":true,"href":"https:\/\/comprasyconsejos.store\/en\/wp-json\/wp\/v2\/product_cat?post=39893"},{"taxonomy":"product_tag","embeddable":true,"href":"https:\/\/comprasyconsejos.store\/en\/wp-json\/wp\/v2\/product_tag?post=39893"}],"curies":[{"name":"wp","href":"https:\/\/api.w.org\/{rel}","templated":true}]}}