{"id":39918,"date":"2026-03-09T06:05:27","date_gmt":"2026-03-09T06:05:27","guid":{"rendered":"https:\/\/comprasyconsejos.store\/product\/brother-hll8360cdw-color-laser-printer-wifi-double-sided-2-75-screen-512mb-memory\/"},"modified":"2026-03-09T06:05:34","modified_gmt":"2026-03-09T06:05:34","slug":"brother-hll8360cdw-color-laser-printer-wifi-double-sided-2-75-screen-512mb-memory","status":"publish","type":"product","link":"https:\/\/comprasyconsejos.store\/en\/product\/brother-hll8360cdw-color-laser-printer-wifi-double-sided-2-75-screen-512mb-memory\/","title":{"rendered":"Brother HLL8360CDW Color Laser Printer WiFi Double Sided 2.75&#8243; Screen 512MB Memory"},"content":{"rendered":"<p>Price: <span style=\"color:#b12704\"><del>\u20ac535.99<\/del> - \u20ac373.00<\/span><br \/><i><small>(as of Mar 09, 2026 06:05:27 UTC &#8211; <span class=\"wp_automatic_amazon_disclaimer\" title=\"Product prices and availability are accurate as of the date\/time indicated and are subject to change. Any price and availability information displayed on [relevant Amazon Site(s), as applicable] at the time of purchase will apply to the purchase of this product.\">Details<\/span>)<\/small><\/i><\/p>\n<p><a href=\"https:\/\/amazon.es\/dp\/B06WP6HDQ7?tag=man008-21\"><img decoding=\"async\" src=\"https:\/\/valvepress.s3.amazonaws.com\/imgs\/buy_now.png\"><\/a><br \/>\n<\/p>\n<p>                                             From the brand   <\/p>\n<p>                                              <img decoding=\"async\" alt=\"Soluciones ofrecidas por Brother en el mercado de la impresi\u00f3n\" src=\"https:\/\/images-na.ssl-images-amazon.com\/images\/G\/01\/x-locale\/common\/grey-pixel.gif\" class=\"a-lazy-loaded\" data-src=\"https:\/\/m.media-amazon.com\/images\/S\/aplus-media-library-service-media\/8c3e9233-2530-41f5-b4aa-24e486e1d3a0.__CR0,0,1464,625_PT0_SX1464_V1___.jpg\"><img decoding=\"async\" alt=\"Soluciones ofrecidas por Brother en el mercado de la impresi\u00f3n\" src=\"https:\/\/m.media-amazon.com\/images\/S\/aplus-media-library-service-media\/8c3e9233-2530-41f5-b4aa-24e486e1d3a0.__CR0,0,1464,625_PT0_SX1464_V1___.jpg\">  <\/p>\n<p>                                                         \u00bfPor qu\u00e9 estamos orgullosos de lo que hacemos?                                       <\/p>\n<p> El Grupo Brother ha estado \u00abAt your side\u00bb durante m\u00e1s de 110 a\u00f1os. Nuestro objetivo es establecer un contacto real con los clientes en todo el mundo <\/p>\n<p>                                                         \u00bfCu\u00e1l es el compromiso con el medio ambiente?                                       <\/p>\n<p> La sostenibilidad tiene sus ra\u00edces en el Vison Ambiental de Brother. <\/p>\n<p> Estamos comprometidos a fabricar productos cada vez m\u00e1s sostenibles, protegiendo nuestro planeta y apoyando a nuestros colaboradores <\/p>\n<p>                                                         \u00bfQu\u00e9 ofrece Brother?                                       <\/p>\n<p> Impresoras, multifunci\u00f3n, esc\u00e1neres y etiquetadoras: la elecci\u00f3n ideal para cada necesidad, desde las m\u00e1s profesionales en el lugar de trabajo hasta las necesidades diarias en el hogar <\/p>\n<p>                                              <img decoding=\"async\" alt=\"\" src=\"https:\/\/images-na.ssl-images-amazon.com\/images\/G\/01\/x-locale\/common\/grey-pixel.gif\" class=\"a-lazy-loaded\" data-src=\"https:\/\/m.media-amazon.com\/images\/S\/aplus-media-library-service-media\/146224ee-04cd-4654-983d-ef50b895359d.__CR0,136,1184,545_PT0_SX315_V1___.jpg\"><img decoding=\"async\" alt=\"\" src=\"https:\/\/m.media-amazon.com\/images\/S\/aplus-media-library-service-media\/146224ee-04cd-4654-983d-ef50b895359d.__CR0,136,1184,545_PT0_SX315_V1___.jpg\">  <\/p>\n<p> \u00abAt your side\u00bb est\u00e1 en el centro de lo que hacemos. Desarrollamos productos, servicios y soluciones que satisfacen sus necesidades en el hogar y en el trabajo. <\/p>\n<p> Utilizamos las \u00faltimas e innovadoras tecnolog\u00edas para garantizar a todos nuestros clientes productos y soluciones de alta calidad. <\/p>\n<p> Desde el dise\u00f1o hasta el uso, en cada etapa del ciclo de vida del producto, el impacto ambiental se minimiza sin comprometer la calidad del producto. <\/p>\n<p> Is discontinued by manufacturer                                            \u200f                                            :                                            \u200e                                            No   <br \/> Language                                            \u200f                                            :                                            \u200e                                            Esperanto   <br \/> Product Dimensions                                            \u200f                                            :                                            \u200e                                            48.6 x 44.1 x 31.3 cm; 21.9 kg   <br \/> Manufacturer                                            \u200f                                            :                                            \u200e                                            Brother   <br \/> ASIN                                            \u200f                                            :                                            \u200e                                            B06WP6HDQ7   <br \/> Item model number                                            \u200f                                            :                                            \u200e                                            HL-L8360CDW   <br \/> Country of origin                                            \u200f                                            :                                            \u200e                                            Spain   <br \/> Guaranteed software updates until                                            \u200f                                            :                                            \u200e                                            unknown   <br \/>  Customer reviews:                                                                                            4.0               4.0 out of 5 stars                                  (81)                                              var dpAcrHasRegisteredArcLinkClickAction;                    P.when(&#8216;A&#8217;, &#8216;ready&#8217;).execute(function(A) {                        if (dpAcrHasRegisteredArcLinkClickAction !== true) {                            dpAcrHasRegisteredArcLinkClickAction = true;                            A.declarative(                                &#8216;acrLink-click-metrics&#8217;, &#8216;click&#8217;,                                { \u00aballowLinkDefault\u00bb: true },                                function (event) {                                    if (window.ue) {                                        ue.count(\u00abacrLinkClickCount\u00bb, (ue.count(\u00abacrLinkClickCount\u00bb) || 0) + 1);                                    }                                }                            );                        }                    });                                             P.when(&#8216;A&#8217;, &#8216;cf&#8217;).execute(function(A) {                A.declarative(&#8216;acrStarsLink-click-metrics&#8217;, &#8216;click&#8217;, { \u00aballowLinkDefault\u00bb : true },  function(event){                    if(window.ue) {                        ue.count(\u00abacrStarsLinkWithPopoverClickCount\u00bb, (ue.count(\u00abacrStarsLinkWithPopoverClickCount\u00bb) || 0) + 1);                    }                });            });                          <\/p>\n<p>Print speed up to 31ppm color and monochrome<br \/>Ethernet and WiFi network connection<br \/>Automatic Duplex Printing<br \/>Standard 300-sheet input capacity, expandable to 2,380 sheets<br \/>Built-in NFC reader<\/p>\n\n","protected":false},"excerpt":{"rendered":"<p> From the brand \u00bfPor qu\u00e9 estamos orgullosos de lo que hacemos? El Grupo Brother ha<\/p>","protected":false},"featured_media":39919,"comment_status":"open","ping_status":"closed","template":"","meta":[],"product_brand":[],"product_cat":[58],"product_tag":[4229,1973,1967,1956,1975,312,1968,3984,1972,1971,11885,1978,1964,1974,511,1970,1962,842,2254,543,1969],"class_list":{"0":"post-39918","1":"product","2":"type-product","3":"status-publish","4":"has-post-thumbnail","6":"product_cat-laser-printers","7":"product_tag-512mb","8":"product_tag-best-laser-printer","9":"product_tag-black-and-white-laser-printer","10":"product_tag-brother","11":"product_tag-business-laser-printer","12":"product_tag-color","13":"product_tag-color-laser-printer","14":"product_tag-double","15":"product_tag-duplex-laser-printer","16":"product_tag-fast-laser-printer","17":"product_tag-hll8360cdw","18":"product_tag-laser","19":"product_tag-laser-printer","20":"product_tag-laser-printer-price","21":"product_tag-memory","22":"product_tag-office-laser-printer","23":"product_tag-printer","24":"product_tag-screen","25":"product_tag-sided","26":"product_tag-wifi","27":"product_tag-wireless-laser-printer","29":"first","30":"instock","31":"sale","32":"shipping-taxable","33":"product-type-external"},"_links":{"self":[{"href":"https:\/\/comprasyconsejos.store\/en\/wp-json\/wp\/v2\/product\/39918","targetHints":{"allow":["GET"]}}],"collection":[{"href":"https:\/\/comprasyconsejos.store\/en\/wp-json\/wp\/v2\/product"}],"about":[{"href":"https:\/\/comprasyconsejos.store\/en\/wp-json\/wp\/v2\/types\/product"}],"replies":[{"embeddable":true,"href":"https:\/\/comprasyconsejos.store\/en\/wp-json\/wp\/v2\/comments?post=39918"}],"version-history":[{"count":0,"href":"https:\/\/comprasyconsejos.store\/en\/wp-json\/wp\/v2\/product\/39918\/revisions"}],"wp:featuredmedia":[{"embeddable":true,"href":"https:\/\/comprasyconsejos.store\/en\/wp-json\/wp\/v2\/media\/39919"}],"wp:attachment":[{"href":"https:\/\/comprasyconsejos.store\/en\/wp-json\/wp\/v2\/media?parent=39918"}],"wp:term":[{"taxonomy":"product_brand","embeddable":true,"href":"https:\/\/comprasyconsejos.store\/en\/wp-json\/wp\/v2\/product_brand?post=39918"},{"taxonomy":"product_cat","embeddable":true,"href":"https:\/\/comprasyconsejos.store\/en\/wp-json\/wp\/v2\/product_cat?post=39918"},{"taxonomy":"product_tag","embeddable":true,"href":"https:\/\/comprasyconsejos.store\/en\/wp-json\/wp\/v2\/product_tag?post=39918"}],"curies":[{"name":"wp","href":"https:\/\/api.w.org\/{rel}","templated":true}]}}