{"id":39940,"date":"2026-03-09T06:23:27","date_gmt":"2026-03-09T06:23:27","guid":{"rendered":"https:\/\/comprasyconsejos.store\/product\/lenovo-legion-r24e-fhd-23-8-gaming-monitor-ips-180hz-0-5ms-mprt-169-hdmidp-freesync-vesa-mount-100-x-100-mm-tilt-height-pivot-swivel-adjustment-black\/"},"modified":"2026-03-09T06:23:42","modified_gmt":"2026-03-09T06:23:42","slug":"lenovo-legion-r24e-fhd-23-8-gaming-monitor-ips-180hz-0-5ms-mprt-169-hdmidp-freesync-vesa-mount-100-x-100-mm-tilt-height-pivot-swivel-adjustment-black","status":"publish","type":"product","link":"https:\/\/comprasyconsejos.store\/en\/product\/lenovo-legion-r24e-fhd-23-8-gaming-monitor-ips-180hz-0-5ms-mprt-169-hdmidp-freesync-vesa-mount-100-x-100-mm-tilt-height-pivot-swivel-adjustment-black\/","title":{"rendered":"Lenovo Legion R24e &#8211; FHD 23.8&#8243; Gaming Monitor (IPS, 180Hz, 0.5ms MPRT, 16:9, HDMI+DP, FreeSync, VESA Mount 100 x 100 mm) Tilt\/Height\/Pivot\/Swivel Adjustment &#8211; Black"},"content":{"rendered":"<p>Price: <span style=\"color:#b12704\"><del>\u20ac84.99<\/del> - \u20ac171.57<\/span><br \/><i><small>(as of Mar 09, 2026 06:23:27 UTC &#8211; <span class=\"wp_automatic_amazon_disclaimer\" title=\"Product prices and availability are accurate as of the date\/time indicated and are subject to change. Any price and availability information displayed on [relevant Amazon Site(s), as applicable] at the time of purchase will apply to the purchase of this product.\">Details<\/span>)<\/small><\/i><\/p>\n<p><a href=\"https:\/\/amazon.es\/dp\/B0DT4JYTXL?tag=man008-21\"><img decoding=\"async\" src=\"https:\/\/valvepress.s3.amazonaws.com\/imgs\/buy_now.png\"><\/a><br \/>\n<\/p>\n<p>                                             From the manufacturer   <\/p>\n<p>                                                                     Monitor Lenovo Legion R24e &#8211; Domina tu juego                                            <img decoding=\"async\" alt=\"Lenovo Legion R24e Imagen frontal monitor y usuario\" src=\"https:\/\/images-na.ssl-images-amazon.com\/images\/G\/01\/x-locale\/common\/grey-pixel.gif\" class=\"a-lazy-loaded\" data-src=\"https:\/\/m.media-amazon.com\/images\/S\/aplus-media-library-service-media\/9f1b54de-297f-4607-a246-35beb17e0551.__CR0,0,1464,600_PT0_SX1464_V1___.jpg\"><img decoding=\"async\" alt=\"Lenovo Legion R24e Imagen frontal monitor y usuario\" src=\"https:\/\/m.media-amazon.com\/images\/S\/aplus-media-library-service-media\/9f1b54de-297f-4607-a246-35beb17e0551.__CR0,0,1464,600_PT0_SX1464_V1___.jpg\">                                               <\/p>\n<p>                                                                                                       <img decoding=\"async\" alt=\"Lenovo Legion R24e Imagen frontal monitor con imagen trofeo\" src=\"https:\/\/images-na.ssl-images-amazon.com\/images\/G\/01\/x-locale\/common\/grey-pixel.gif\" class=\"a-lazy-loaded\" data-src=\"https:\/\/m.media-amazon.com\/images\/S\/aplus-media-library-service-media\/c165c0c2-ba78-40f3-a52d-20bfe413476d.__CR0,0,1464,600_PT0_SX1464_V1___.jpg\"><img decoding=\"async\" alt=\"Lenovo Legion R24e Imagen frontal monitor con imagen trofeo\" src=\"https:\/\/m.media-amazon.com\/images\/S\/aplus-media-library-service-media\/c165c0c2-ba78-40f3-a52d-20bfe413476d.__CR0,0,1464,600_PT0_SX1464_V1___.jpg\">                                               <\/p>\n<p>                                                                                                                  <img decoding=\"async\" alt=\"Lenovo Legion R24e Imagen frontal monitor con video auto a alta velocidad\" src=\"https:\/\/m.media-amazon.com\/images\/S\/aplus-media-library-service-media\/c496ded6-b52f-44b4-8420-294d222b576b.__CR0,0,1464,600_PT0_SX1464_V1___.jpg\">                                                    <img decoding=\"async\" alt=\"Lenovo Legion R24e Imagen lateral soporte ergon\u00f3mico\" src=\"https:\/\/m.media-amazon.com\/images\/S\/aplus-media-library-service-media\/4bf94e43-6c00-4b59-8922-7d272ab191a3.__CR0,0,1464,600_PT0_SX1464_V1___.jpg\">                                                    <img decoding=\"async\" alt=\"Lenovo Legion R24e Imagen  AMD FreeSync\" src=\"https:\/\/m.media-amazon.com\/images\/S\/aplus-media-library-service-media\/0c01cdba-fd75-4cb9-b8f0-48bfca01ad83.__CR0,0,1464,600_PT0_SX1464_V1___.jpg\">                                                    <img decoding=\"async\" alt=\"Lenovo Legion R24e Imagen frontal monitor T\u00dcV Rheinland Eye Comfort 2.0\" src=\"https:\/\/m.media-amazon.com\/images\/S\/aplus-media-library-service-media\/b13969b4-5d50-4e17-b452-32304cbf6936.__CR0,0,1464,600_PT0_SX1464_V1___.jpg\"><br \/>\n                            1 Alta velocidad <\/p>\n<p>                            2 Soporte ergon\u00f3mico <\/p>\n<p>                            3 AMD FreeSync <\/p>\n<p>                            4 T\u00dcV Rheinland Eye Comfort <\/p>\n<p>                                                                                                                <img decoding=\"async\" alt=\" Lenovo Legion R24e Imagen monitor  - menos consumo de energ\u00eda\" src=\"https:\/\/m.media-amazon.com\/images\/S\/aplus-media-library-service-media\/36c0a9bc-614c-4139-870a-c912afb0dea8.__CR0,0,1464,600_PT0_SX1464_V1___.jpg\">                                                    <img decoding=\"async\" alt=\"Lenovo Legion R24e Imagen monitor resoluci\u00f3n 1920x1080 px\" src=\"https:\/\/m.media-amazon.com\/images\/S\/aplus-media-library-service-media\/7b7701a2-c28e-47f0-8bb9-283c3357050f.__CR0,0,1464,600_PT0_SX1464_V1___.jpg\">                                                    <img decoding=\"async\" alt=\"Lenovo Legion R24e Imagen monitor tama\u00f1o de pantalla\" src=\"https:\/\/m.media-amazon.com\/images\/S\/aplus-media-library-service-media\/0b574e3a-a4aa-4284-bb6a-6b11a1f3f9ca.__CR0,0,1464,600_PT0_SX1464_V1___.jpg\"><br \/>\n                            1 Menor consumo de energia <\/p>\n<p>                            2 Resoluci\u00f3n 1920 x 1080 px <\/p>\n<p>                            3 Pantalla  IPS 23.8&#8243; <\/p>\n<p>                                                                                                       <img decoding=\"async\" alt=\"Lenovo Legion R24e Imagen puertos y ranuras\" src=\"https:\/\/images-na.ssl-images-amazon.com\/images\/G\/01\/x-locale\/common\/grey-pixel.gif\" class=\"a-lazy-loaded\" data-src=\"https:\/\/m.media-amazon.com\/images\/S\/aplus-media-library-service-media\/c0ce9edc-2293-4c03-9d22-3d4f33097ffa.__CR0,0,1464,600_PT0_SX1464_V1___.jpg\"><img decoding=\"async\" alt=\"Lenovo Legion R24e Imagen puertos y ranuras\" src=\"https:\/\/m.media-amazon.com\/images\/S\/aplus-media-library-service-media\/c0ce9edc-2293-4c03-9d22-3d4f33097ffa.__CR0,0,1464,600_PT0_SX1464_V1___.jpg\">                                               <\/p>\n<h3 class=\"a-size-extra-large a-spacing-base a-text-center\"> Especificaciones t\u00e9cnicas especiales <\/h3>\n<p>                                                        Tama\u00f1o de la pantalla                                     23,8&#8243;                                        \u00c1rea de visualizaci\u00f3n                                     527 x 296,5 mm                                        Panel                                    IPS                                        Relaci\u00f3n de aspecto                                     16:9                                        Resoluci\u00f3n                                    1920 x 1080 px                                        Punto\/p\u00edxel por pulgada                                     93 ppp                                        \u00c1ngulo de visi\u00f3n (H\/V)                                     178\u00b0 \/ 178\u00b0                                        Tiempo de respuesta                                     0,5 ms (MPRT) \/ 1 ms (Nivel 4) \/ 2 ms (Nivel 3) \/ 3 ms (Nivel 2) \/ 4 ms (Nivel 1)                                                         Frecuencia de actualizaci\u00f3n                                     48 Hz &#8211; 180 Hz                                        Brillo                                    300 cd\/m\u00b2                                        Relaci\u00f3n de contraste                                     1000:1                                        Gama de colores                                     99 % sRGB                                        Superficie                                     Antideslumbrante                                        Propiedades del soporte                                     Inclinaci\u00f3n, giro, pivote y ajuste de altura                                        Ancho del bisel lateral                                     2,6 mil\u00edmetros                                        Montaje                                    Admite montaje VESA 100 x 100 mm                     <\/p>\n<p> Is discontinued by manufacturer                                            \u200f                                            :                                            \u200e                                            No   <br \/> Language                                            \u200f                                            :                                            \u200e                                            Spanish   <br \/> Product Dimensions                                            \u200f                                            :                                            \u200e                                            54.04 x 25.86 x 38.8 cm; 4.8 kg   <br \/> Manufacturer                                            \u200f                                            :                                            \u200e                                            Lenovo   <br \/> ASIN                                            \u200f                                            :                                            \u200e                                            B0DT4JYTXL   <br \/> Item model number                                            \u200f                                            :                                            \u200e                                            67CCGAC4EU   <br \/> Guaranteed software updates until                                            \u200f                                            :                                            \u200e                                            unknown   <br \/>  Customer reviews:                                                                                            4.5               4.5 out of 5 stars                                  (74)                                              var dpAcrHasRegisteredArcLinkClickAction;                    P.when(&#8216;A&#8217;, &#8216;ready&#8217;).execute(function(A) {                        if (dpAcrHasRegisteredArcLinkClickAction !== true) {                            dpAcrHasRegisteredArcLinkClickAction = true;                            A.declarative(                                &#8216;acrLink-click-metrics&#8217;, &#8216;click&#8217;,                                { \u00aballowLinkDefault\u00bb: true },                                function (event) {                                    if (window.ue) {                                        ue.count(\u00abacrLinkClickCount\u00bb, (ue.count(\u00abacrLinkClickCount\u00bb) || 0) + 1);                                    }                                }                            );                        }                    });                                             P.when(&#8216;A&#8217;, &#8216;cf&#8217;).execute(function(A) {                A.declarative(&#8216;acrStarsLink-click-metrics&#8217;, &#8216;click&#8217;, { \u00aballowLinkDefault\u00bb : true },  function(event){                    if(window.ue) {                        ue.count(\u00abacrStarsLinkWithPopoverClickCount\u00bb, (ue.count(\u00abacrStarsLinkWithPopoverClickCount\u00bb) || 0) + 1);                    }                });            });                          <\/p>\n<p>Adrenaline gamer: The 23.8&#8243; FHD display, 1920 x 1080 px resolution and its fast 0.5ms MPRT response time, will push your gaming skills to the limit<br \/>Stay one step ahead of the action: Its 180Hz refresh rate ensures that every move is as fast as your reflections<br \/>Visual Impact: Its 1000:1 contrast ratio, 99% sRGB color gamut and wide 178\u00b0 viewing angles will make you enjoy every detail of your games<br \/>Versatility in all its expression: Enjoy the fast connectivity of its HDMI 2.1 TMDS and DP 1.4 ports, and enhance your comfort with the 100 x 100mm VESA mount<br \/>Tailored for you: FreeSync lets you keep smooth images and crisp focus; Plus, with Lenovo&#8217;s Artery, you can set up the display for truly personalized gameplay<\/p>\n\n","protected":false},"excerpt":{"rendered":"<p> From the manufacturer Monitor Lenovo Legion R24e &#8211; Domina tu juego 1 Alta velocidad 2<\/p>","protected":false},"featured_media":39941,"comment_status":"open","ping_status":"closed","template":"","meta":[],"product_brand":[],"product_cat":[55],"product_tag":[2336,1934,1778,1936,1935,1939,1802,1815,1940,307,1784,639,1922,617,1933,1664,703,1937,5271,1054,844,1923,2267,11890,1938,7993,2342],"class_list":{"0":"post-39940","1":"product","2":"type-product","3":"status-publish","4":"has-post-thumbnail","6":"product_cat-gaming-monitors","7":"product_tag-0-5ms","8":"product_tag-144hz-gaming-monitor","9":"product_tag-180hz","10":"product_tag-1ms-gaming-monitor","11":"product_tag-240hz-gaming-monitor","12":"product_tag-27-inch-gaming-monitor","13":"product_tag-4k-gaming-monitor","14":"product_tag-adjustment","15":"product_tag-best-gaming-monitor","16":"product_tag-black","17":"product_tag-curved-gaming-monitor","18":"product_tag-fhd","19":"product_tag-freesync","20":"product_tag-gaming","21":"product_tag-gaming-monitor","22":"product_tag-hdmidp","23":"product_tag-ips","24":"product_tag-ips-gaming-monitor","25":"product_tag-legion","26":"product_tag-lenovo","27":"product_tag-monitor","28":"product_tag-mount","29":"product_tag-mprt","30":"product_tag-r24e","31":"product_tag-rgb-gaming-monitor","32":"product_tag-tiltheightpivotswivel","33":"product_tag-vesa","35":"first","36":"instock","37":"shipping-taxable","38":"product-type-external"},"_links":{"self":[{"href":"https:\/\/comprasyconsejos.store\/en\/wp-json\/wp\/v2\/product\/39940","targetHints":{"allow":["GET"]}}],"collection":[{"href":"https:\/\/comprasyconsejos.store\/en\/wp-json\/wp\/v2\/product"}],"about":[{"href":"https:\/\/comprasyconsejos.store\/en\/wp-json\/wp\/v2\/types\/product"}],"replies":[{"embeddable":true,"href":"https:\/\/comprasyconsejos.store\/en\/wp-json\/wp\/v2\/comments?post=39940"}],"version-history":[{"count":0,"href":"https:\/\/comprasyconsejos.store\/en\/wp-json\/wp\/v2\/product\/39940\/revisions"}],"wp:featuredmedia":[{"embeddable":true,"href":"https:\/\/comprasyconsejos.store\/en\/wp-json\/wp\/v2\/media\/39941"}],"wp:attachment":[{"href":"https:\/\/comprasyconsejos.store\/en\/wp-json\/wp\/v2\/media?parent=39940"}],"wp:term":[{"taxonomy":"product_brand","embeddable":true,"href":"https:\/\/comprasyconsejos.store\/en\/wp-json\/wp\/v2\/product_brand?post=39940"},{"taxonomy":"product_cat","embeddable":true,"href":"https:\/\/comprasyconsejos.store\/en\/wp-json\/wp\/v2\/product_cat?post=39940"},{"taxonomy":"product_tag","embeddable":true,"href":"https:\/\/comprasyconsejos.store\/en\/wp-json\/wp\/v2\/product_tag?post=39940"}],"curies":[{"name":"wp","href":"https:\/\/api.w.org\/{rel}","templated":true}]}}