{"id":39955,"date":"2026-03-09T06:24:58","date_gmt":"2026-03-09T06:24:58","guid":{"rendered":"https:\/\/comprasyconsejos.store\/product\/lenovo-legion-r34w-30-curved-gaming-monitor-34-va-panel-180hz-0-5ms-mprt-219-hdmidp-amd-freesync-premium-vesa-mount-100-x-100-mm-tilt-height-swivel-adjustment-black\/"},"modified":"2026-03-09T06:25:10","modified_gmt":"2026-03-09T06:25:10","slug":"lenovo-legion-r34w-30-curved-gaming-monitor-34-va-panel-180hz-0-5ms-mprt-219-hdmidp-amd-freesync-premium-vesa-mount-100-x-100-mm-tilt-height-swivel-adjustment-black","status":"publish","type":"product","link":"https:\/\/comprasyconsejos.store\/en\/product\/lenovo-legion-r34w-30-curved-gaming-monitor-34-va-panel-180hz-0-5ms-mprt-219-hdmidp-amd-freesync-premium-vesa-mount-100-x-100-mm-tilt-height-swivel-adjustment-black\/","title":{"rendered":"Lenovo Legion R34w-30 &#8211; Curved Gaming Monitor 34&#8243; (VA Panel, 180Hz, 0.5ms MPRT, 21:9, HDMI+DP, AMD FreeSync Premium, VESA Mount 100 x 100 mm) Tilt\/Height\/Swivel Adjustment &#8211; Black"},"content":{"rendered":"<p>Price: <span style=\"color:#b12704\"><del>\u20ac399.00<\/del> - \u20ac299.99<\/span><br \/><i><small>(as of Mar 09, 2026 06:24:59 UTC &#8211; <span class=\"wp_automatic_amazon_disclaimer\" title=\"Product prices and availability are accurate as of the date\/time indicated and are subject to change. Any price and availability information displayed on [relevant Amazon Site(s), as applicable] at the time of purchase will apply to the purchase of this product.\">Details<\/span>)<\/small><\/i><\/p>\n<p><a href=\"https:\/\/amazon.es\/dp\/B0DN6P5W4Z?tag=man008-21\"><img decoding=\"async\" src=\"https:\/\/valvepress.s3.amazonaws.com\/imgs\/buy_now.png\"><\/a><br \/>\n<\/p>\n<p>                                             From the manufacturer   <\/p>\n<p>                                                                     Monitor Lenovo Legion R34w-30 &#8211; Emoci\u00f3n gaming                                            <img decoding=\"async\" alt=\"Lenovo Legion R34w-30 Imagen frontal monitor con usuario\" src=\"https:\/\/images-na.ssl-images-amazon.com\/images\/G\/01\/x-locale\/common\/grey-pixel.gif\" class=\"a-lazy-loaded\" data-src=\"https:\/\/m.media-amazon.com\/images\/S\/aplus-media-library-service-media\/065c124d-7312-4c42-b57a-fdb1ea50ba44.__CR0,0,1464,600_PT0_SX1464_V1___.png\"><img decoding=\"async\" alt=\"Lenovo Legion R34w-30 Imagen frontal monitor con usuario\" src=\"https:\/\/m.media-amazon.com\/images\/S\/aplus-media-library-service-media\/065c124d-7312-4c42-b57a-fdb1ea50ba44.__CR0,0,1464,600_PT0_SX1464_V1___.png\">                                               <\/p>\n<p>                                                                                                       <img decoding=\"async\" alt=\"Lenovo Legion R34w-30 Imagen frontal monitor foto espacio y planeta\" src=\"https:\/\/images-na.ssl-images-amazon.com\/images\/G\/01\/x-locale\/common\/grey-pixel.gif\" class=\"a-lazy-loaded\" data-src=\"https:\/\/m.media-amazon.com\/images\/S\/aplus-media-library-service-media\/c06935df-0fb0-4f34-92d5-9df16a5488bb.__CR0,0,1464,600_PT0_SX1464_V1___.png\"><img decoding=\"async\" alt=\"Lenovo Legion R34w-30 Imagen frontal monitor foto espacio y planeta\" src=\"https:\/\/m.media-amazon.com\/images\/S\/aplus-media-library-service-media\/c06935df-0fb0-4f34-92d5-9df16a5488bb.__CR0,0,1464,600_PT0_SX1464_V1___.png\">                                               <\/p>\n<p>                                                                                                                    <img decoding=\"async\" alt=\"Lenovo Legion R34w-30 Imagen frontal monitor con logo Legion astronauta\" src=\"https:\/\/m.media-amazon.com\/images\/S\/aplus-media-library-service-media\/cd319b66-8dd0-4848-a1ec-9fe95e1816e1.__CR0,0,1464,600_PT0_SX1464_V1___.png\">                                                    <img decoding=\"async\" alt=\"Lenovo Legion R34w-30, imagen monitor con videojuego, motocicleta, avi\u00f3n, sol\" src=\"https:\/\/m.media-amazon.com\/images\/S\/aplus-media-library-service-media\/a9bb4b87-b849-43d8-b29b-6d022e954bf5.__CR0,0,1464,600_PT0_SX1464_V1___.png\">                                                    <img decoding=\"async\" alt=\"Lenovo Legion R34w-30, imagen soporte adicional para c\u00e1mara \" src=\"https:\/\/m.media-amazon.com\/images\/S\/aplus-media-library-service-media\/4ec4687c-ff96-4ca5-b89d-a728b670cb46.__CR0,0,1464,600_PT0_SX1464_V1___.png\">                                                    <img decoding=\"async\" alt=\"Lenovo Legion R34w-30, imagen videojuego referencia color 99% sRGB\" src=\"https:\/\/m.media-amazon.com\/images\/S\/aplus-media-library-service-media\/63667714-1318-41e9-85f7-787844a6c5fc.__CR0,0,1464,600_PT0_SX1464_V1___.png\">                                                    <img decoding=\"async\" alt=\"Lenovo Legion R34w-30, imagen dimensiones de la pantalla\" src=\"https:\/\/m.media-amazon.com\/images\/S\/aplus-media-library-service-media\/de189ec7-7b64-415b-990f-6808f2591787.__CR0,0,1464,600_PT0_SX1464_V1___.png\"><br \/>\n                            1 Pantalla curva de 1500 R <\/p>\n<p>                            2 Tasa de refresco 180 Hz <\/p>\n<p>                            3 Soporte opcional c\u00e1mara <\/p>\n<p>                            4 AMD FreeSync <\/p>\n<p>                            5 3 Lados NearEdgeless <\/p>\n<p>                                                                                                              <img decoding=\"async\" alt=\"Lenovo Legion R34w-30, imagen soporte ajustable - \u00e1ngulos\" src=\"https:\/\/m.media-amazon.com\/images\/S\/aplus-media-library-service-media\/b0de3337-213c-4b34-96bc-e9afe0e4af1b.__CR0,0,1464,600_PT0_SX1464_V1___.png\">                                                    <img decoding=\"async\" alt=\"Lenovo Legion R34w-30 imagen ciudad con filtro de protecci\u00f3n visual\" src=\"https:\/\/m.media-amazon.com\/images\/S\/aplus-media-library-service-media\/08c8dc35-b75f-4fc5-b849-e36064ab4c70.__CR0,0,1464,600_PT0_SX1464_V1___.png\"><br \/>\n                            1 Soporte ajustable <\/p>\n<p>                            2 Protecci\u00f3n visual <\/p>\n<p>                                                                                                       <img decoding=\"async\" alt=\"Lenovo Legion R34w-30 imagen descripci\u00f3n de puertos y ranuras\" src=\"https:\/\/images-na.ssl-images-amazon.com\/images\/G\/01\/x-locale\/common\/grey-pixel.gif\" class=\"a-lazy-loaded\" data-src=\"https:\/\/m.media-amazon.com\/images\/S\/aplus-media-library-service-media\/17fd4a61-cd98-4b9d-be17-75c415ebb461.__CR0,0,1464,600_PT0_SX1464_V1___.png\"><img decoding=\"async\" alt=\"Lenovo Legion R34w-30 imagen descripci\u00f3n de puertos y ranuras\" src=\"https:\/\/m.media-amazon.com\/images\/S\/aplus-media-library-service-media\/17fd4a61-cd98-4b9d-be17-75c415ebb461.__CR0,0,1464,600_PT0_SX1464_V1___.png\">                                               <\/p>\n<h3 class=\"a-size-extra-large a-spacing-base a-text-center\"> Especificaciones especiales <\/h3>\n<p>                                                        Tama\u00f1o de la pantalla                                     34&#8243;                                        \u00c1rea de visualizaci\u00f3n                                     797,2 x 333,7 mm                                        Relaci\u00f3n de aspecto                                     21:9                                        Resoluci\u00f3n                                     3440 x 1440 px                                        Puntos\/p\u00edxeles por pulgada                                     110 ppp                                        \u00c1ngulo de visi\u00f3n (H\/V)                                     178\u00b0 \/ 178\u00b0                                        Tiempo de respuesta                                     0,5 ms (MPRT) \/ 1 ms (Nivel 4) \/ 2 ms (Nivel 3) \/ 3 ms (Nivel 2) \/ 4 ms (Nivel 1) \/ 5 ms (G a G)                                        Tasa de refresco                                    48 Hz &#8211; 180 Hz                                                         Brillo                                    350 cd\/m\u00b2                                        Relaci\u00f3n de contraste                                     3000:1                                        Gama de colores                                     99 % sRGB, 90 % DCI-P3                                        C\u00e1mara                                    Soporte para Lenovo LC 50                                        Altavoces                                    x2 3W                                        Soporte                                    Inclinaci\u00f3n, giro y ajuste de altura                                        Montaje                                    Admite montaje VESA 100 x 100 mm                                        Curvatura                                    1500 R                     <\/p>\n<p> Batteries                                            \u200f                                            :                                            \u200e                                            1 AAAA batteries required.   <br \/> Is discontinued by manufacturer                                            \u200f                                            :                                            \u200e                                            No   <br \/> Language                                            \u200f                                            :                                            \u200e                                            Spanish   <br \/> Product Dimensions                                            \u200f                                            :                                            \u200e                                            80.78 x 32.16 x 44.27 cm; 8.1 kg   <br \/> Manufacturer                                            \u200f                                            :                                            \u200e                                            Lenovo   <br \/> ASIN                                            \u200f                                            :                                            \u200e                                            B0DN6P5W4Z   <br \/> Item model number                                            \u200f                                            :                                            \u200e                                            67C7GACBEU   <br \/> Country of origin                                            \u200f                                            :                                            \u200e                                            China   <br \/> Guaranteed software updates until                                            \u200f                                            :                                            \u200e                                            unknown   <br \/>  Customer reviews:                                                                                            4.4               4.4 out of 5 stars                                  (241)                                              var dpAcrHasRegisteredArcLinkClickAction;                    P.when(&#8216;A&#8217;, &#8216;ready&#8217;).execute(function(A) {                        if (dpAcrHasRegisteredArcLinkClickAction !== true) {                            dpAcrHasRegisteredArcLinkClickAction = true;                            A.declarative(                                &#8216;acrLink-click-metrics&#8217;, &#8216;click&#8217;,                                { \u00aballowLinkDefault\u00bb: true },                                function (event) {                                    if (window.ue) {                                        ue.count(\u00abacrLinkClickCount\u00bb, (ue.count(\u00abacrLinkClickCount\u00bb) || 0) + 1);                                    }                                }                            );                        }                    });                                             P.when(&#8216;A&#8217;, &#8216;cf&#8217;).execute(function(A) {                A.declarative(&#8216;acrStarsLink-click-metrics&#8217;, &#8216;click&#8217;, { \u00aballowLinkDefault\u00bb : true },  function(event){                    if(window.ue) {                        ue.count(\u00abacrStarsLinkWithPopoverClickCount\u00bb, (ue.count(\u00abacrStarsLinkWithPopoverClickCount\u00bb) || 0) + 1);                    }                });            });                          <\/p>\n<p>Expand your viewing experience with the ultra-wide 21:9 WQHD format, which transports you to new dimensions of space and quality for gaming and multitasking<br \/>Its 1500R curvature provides an immersive field of view that reduces distortion and improves depth perception, increasing your interaction<br \/>The fast 180Hz refresh rate and amazing 0.5ms MPRT provide you with added fluidity, translating into high playability and edge in the game arena<br \/>Whether playing or creating, enjoy more vibrant, accurate colors as well as hyper-realistic images, thanks to the color gamut of 99% sRGB and 90% DCI-P3<br \/>Forget eye fatigue and eye strain on long days with the ergonomic adjustable stand and Eyesafe 2.0 certification, including flicker-free technology<\/p>\n\n","protected":false},"excerpt":{"rendered":"<p> From the manufacturer Monitor Lenovo Legion R34w-30 &#8211; Emoci\u00f3n gaming 1 Pantalla curva de 1500<\/p>","protected":false},"featured_media":39956,"comment_status":"open","ping_status":"closed","template":"","meta":[],"product_brand":[],"product_cat":[54],"product_tag":[2336,1791,1778,1815,530,1789,307,754,1787,1788,1792,1784,1786,1783,1790,1922,617,1664,5271,1054,844,1923,2267,1033,1035,11891,11099,1785,2342],"class_list":{"0":"post-39955","1":"product","2":"type-product","3":"status-publish","4":"has-post-thumbnail","6":"product_cat-curved-monitors","7":"product_tag-0-5ms","8":"product_tag-144hz-curved-monitor","9":"product_tag-180hz","10":"product_tag-adjustment","11":"product_tag-amd","12":"product_tag-best-curved-monitor","13":"product_tag-black","14":"product_tag-curved","15":"product_tag-curved-27-inch-monitor","16":"product_tag-curved-32-inch-monitor","17":"product_tag-curved-computer-monitor","18":"product_tag-curved-gaming-monitor","19":"product_tag-curved-led-monitor","20":"product_tag-curved-monitor","21":"product_tag-curved-monitor-price","22":"product_tag-freesync","23":"product_tag-gaming","24":"product_tag-hdmidp","25":"product_tag-legion","26":"product_tag-lenovo","27":"product_tag-monitor","28":"product_tag-mount","29":"product_tag-mprt","30":"product_tag-panel","31":"product_tag-premium","32":"product_tag-r34w30","33":"product_tag-tiltheightswivel","34":"product_tag-ultrawide-curved-monitor","35":"product_tag-vesa","37":"first","38":"instock","39":"sale","40":"shipping-taxable","41":"product-type-external"},"_links":{"self":[{"href":"https:\/\/comprasyconsejos.store\/en\/wp-json\/wp\/v2\/product\/39955","targetHints":{"allow":["GET"]}}],"collection":[{"href":"https:\/\/comprasyconsejos.store\/en\/wp-json\/wp\/v2\/product"}],"about":[{"href":"https:\/\/comprasyconsejos.store\/en\/wp-json\/wp\/v2\/types\/product"}],"replies":[{"embeddable":true,"href":"https:\/\/comprasyconsejos.store\/en\/wp-json\/wp\/v2\/comments?post=39955"}],"version-history":[{"count":0,"href":"https:\/\/comprasyconsejos.store\/en\/wp-json\/wp\/v2\/product\/39955\/revisions"}],"wp:featuredmedia":[{"embeddable":true,"href":"https:\/\/comprasyconsejos.store\/en\/wp-json\/wp\/v2\/media\/39956"}],"wp:attachment":[{"href":"https:\/\/comprasyconsejos.store\/en\/wp-json\/wp\/v2\/media?parent=39955"}],"wp:term":[{"taxonomy":"product_brand","embeddable":true,"href":"https:\/\/comprasyconsejos.store\/en\/wp-json\/wp\/v2\/product_brand?post=39955"},{"taxonomy":"product_cat","embeddable":true,"href":"https:\/\/comprasyconsejos.store\/en\/wp-json\/wp\/v2\/product_cat?post=39955"},{"taxonomy":"product_tag","embeddable":true,"href":"https:\/\/comprasyconsejos.store\/en\/wp-json\/wp\/v2\/product_tag?post=39955"}],"curies":[{"name":"wp","href":"https:\/\/api.w.org\/{rel}","templated":true}]}}