{"id":39976,"date":"2026-03-09T06:36:20","date_gmt":"2026-03-09T06:36:20","guid":{"rendered":"https:\/\/comprasyconsejos.store\/product\/kefeya-2k-portable-monitor-14-2160-x-1440p-qhd-ips-laptop-screen-extender-hdmi-usb-a-type-c-laptop-screen-extender-plug-and-play-windows-mac-chrome-switch-ps5-for-13-3-17\/"},"modified":"2026-03-09T06:36:28","modified_gmt":"2026-03-09T06:36:28","slug":"kefeya-2k-portable-monitor-14-2160-x-1440p-qhd-ips-laptop-screen-extender-hdmi-usb-a-type-c-laptop-screen-extender-plug-and-play-windows-mac-chrome-switch-ps5-for-13-3-17","status":"publish","type":"product","link":"https:\/\/comprasyconsejos.store\/en\/product\/kefeya-2k-portable-monitor-14-2160-x-1440p-qhd-ips-laptop-screen-extender-hdmi-usb-a-type-c-laptop-screen-extender-plug-and-play-windows-mac-chrome-switch-ps5-for-13-3-17\/","title":{"rendered":"KEFEYA 2K Portable Monitor, 14&#8243; 2160 x 1440P QHD IPS Laptop Screen Extender, HDMI\/USB-A\/Type-C Laptop Screen Extender Plug and Play Windows, Mac, Chrome, Switch, PS5 for 13.3&#8243;-17&#8243;"},"content":{"rendered":"<p>Price: <span style=\"color:#b12704\">\u20ac239.99<\/span><br \/><i><small>(as of Mar 09, 2026 06:36:20 UTC &#8211; <span class=\"wp_automatic_amazon_disclaimer\" title=\"Product prices and availability are accurate as of the date\/time indicated and are subject to change. Any price and availability information displayed on [relevant Amazon Site(s), as applicable] at the time of purchase will apply to the purchase of this product.\">Details<\/span>)<\/small><\/i><\/p>\n<p><a href=\"https:\/\/amazon.es\/dp\/B0F481R2ZJ?tag=man008-21\"><img decoding=\"async\" src=\"https:\/\/valvepress.s3.amazonaws.com\/imgs\/buy_now.png\"><\/a><br \/>\n<\/p>\n<p>                                             From the brand   <\/p>\n<p>                                              <img decoding=\"async\" alt=\"\" src=\"https:\/\/images-na.ssl-images-amazon.com\/images\/G\/01\/x-locale\/common\/grey-pixel.gif\" class=\"a-lazy-loaded\" data-src=\"https:\/\/m.media-amazon.com\/images\/S\/aplus-media-library-service-media\/d631a2e6-6d86-400a-89f4-4c8aae668d1b.__CR0,0,1464,625_PT0_SX1464_V1___.jpg\"><img decoding=\"async\" alt=\"\" src=\"https:\/\/m.media-amazon.com\/images\/S\/aplus-media-library-service-media\/d631a2e6-6d86-400a-89f4-4c8aae668d1b.__CR0,0,1464,625_PT0_SX1464_V1___.jpg\">  <\/p>\n<h3> KEFEYA <\/h3>\n<p> Extensor Pantalla Portatil <\/p>\n<p>                                              <img decoding=\"async\" alt=\"\" src=\"https:\/\/images-na.ssl-images-amazon.com\/images\/G\/01\/x-locale\/common\/grey-pixel.gif\" class=\"a-lazy-loaded\" data-src=\"https:\/\/m.media-amazon.com\/images\/S\/aplus-media-library-service-media\/e2d85fa8-d130-48dc-a391-8c80b11aaa21.__CR0,206,463,213_PT0_SX315_V1___.jpg\"><img decoding=\"async\" alt=\"\" src=\"https:\/\/m.media-amazon.com\/images\/S\/aplus-media-library-service-media\/e2d85fa8-d130-48dc-a391-8c80b11aaa21.__CR0,206,463,213_PT0_SX315_V1___.jpg\">  <\/p>\n<p>KEFEYA insiste en la innovaci\u00f3n continua para producir extensores de pantalla de ordenador port\u00e1til de calidad fiable. Construir una marca f\u00e1cil de usar.La expansi\u00f3n multipantalla aumenta la productividad remota, permite a los usuarios trabajar\/estudiar\/entretenimiento m\u00faltiples tareas en l\u00ednea al mismo tiempo.     <\/p>\n<h3> 2K QHD 14\u00bb Monitor Port\u00e1til <\/h3>\n<p>                                              <img decoding=\"async\" alt=\"\" src=\"https:\/\/images-na.ssl-images-amazon.com\/images\/G\/01\/x-locale\/common\/grey-pixel.gif\" class=\"a-lazy-loaded\" data-src=\"https:\/\/m.media-amazon.com\/images\/S\/aplus-media-library-service-media\/08902373-53b3-4d8c-98cb-3b300c7d155e.__CR0,0,362,453_PT0_SX362_V1___.jpg\"><img decoding=\"async\" alt=\"\" src=\"https:\/\/m.media-amazon.com\/images\/S\/aplus-media-library-service-media\/08902373-53b3-4d8c-98cb-3b300c7d155e.__CR0,0,362,453_PT0_SX362_V1___.jpg\">  <\/p>\n<p> Resoluci\u00f3n cristalina 2K QHD (2160x1440p) <\/p>\n<p>                                              <img decoding=\"async\" alt=\"aplus content image\" src=\"https:\/\/images-na.ssl-images-amazon.com\/images\/G\/01\/x-locale\/common\/grey-pixel.gif\" class=\"a-lazy-loaded\" data-src=\"https:\/\/m.media-amazon.com\/images\/S\/aplus-media-library-service-media\/ae3873fa-2d09-461e-8f7e-99809f670ff4.__CR0,0,362,453_PT0_SX362_V1___.jpg\"><img decoding=\"async\" alt=\"aplus content image\" src=\"https:\/\/m.media-amazon.com\/images\/S\/aplus-media-library-service-media\/ae3873fa-2d09-461e-8f7e-99809f670ff4.__CR0,0,362,453_PT0_SX362_V1___.jpg\">  <\/p>\n<p>                                              <img decoding=\"async\" alt=\"Vestimenta profesional de negocios que trabaja en varias pantallas de visualizaci\u00f3n en lo que parece ser la cabina de un avi\u00f3n o una cabina de vuelo.\" src=\"https:\/\/images-na.ssl-images-amazon.com\/images\/G\/01\/x-locale\/common\/grey-pixel.gif\" class=\"a-lazy-loaded\" data-src=\"https:\/\/m.media-amazon.com\/images\/S\/aplus-media-library-service-media\/4b2c0457-70e6-4dab-b91f-a9a7949956b2.__CR0,0,362,453_PT0_SX362_V1___.jpg\"><img decoding=\"async\" alt=\"Vestimenta profesional de negocios que trabaja en varias pantallas de visualizaci\u00f3n en lo que parece ser la cabina de un avi\u00f3n o una cabina de vuelo.\" src=\"https:\/\/m.media-amazon.com\/images\/S\/aplus-media-library-service-media\/4b2c0457-70e6-4dab-b91f-a9a7949956b2.__CR0,0,362,453_PT0_SX362_V1___.jpg\">  <\/p>\n<p>                                              <img decoding=\"async\" alt=\"aplus content image\" src=\"https:\/\/images-na.ssl-images-amazon.com\/images\/G\/01\/x-locale\/common\/grey-pixel.gif\" class=\"a-lazy-loaded\" data-src=\"https:\/\/m.media-amazon.com\/images\/S\/aplus-media-library-service-media\/918b316b-5249-4c45-a65c-7a981906942d.__CR0,0,362,453_PT0_SX362_V1___.jpg\"><img decoding=\"async\" alt=\"aplus content image\" src=\"https:\/\/m.media-amazon.com\/images\/S\/aplus-media-library-service-media\/918b316b-5249-4c45-a65c-7a981906942d.__CR0,0,362,453_PT0_SX362_V1___.jpg\">  <\/p>\n<p>                                              <img decoding=\"async\" alt=\"Configuraci\u00f3n de trabajo remoto con pantalla de doble monitor que muestra software de edici\u00f3n o an\u00e1lisis de datos, con texto superpuesto \u00abTrabaja desde casa\u00bb.\" src=\"https:\/\/images-na.ssl-images-amazon.com\/images\/G\/01\/x-locale\/common\/grey-pixel.gif\" class=\"a-lazy-loaded\" data-src=\"https:\/\/m.media-amazon.com\/images\/S\/aplus-media-library-service-media\/b1904d15-143c-4fd1-aaae-a509e64db95d.__CR0,0,362,453_PT0_SX362_V1___.jpg\"><img decoding=\"async\" alt=\"Configuraci\u00f3n de trabajo remoto con pantalla de doble monitor que muestra software de edici\u00f3n o an\u00e1lisis de datos, con texto superpuesto \u00abTrabaja desde casa\u00bb.\" src=\"https:\/\/m.media-amazon.com\/images\/S\/aplus-media-library-service-media\/b1904d15-143c-4fd1-aaae-a509e64db95d.__CR0,0,362,453_PT0_SX362_V1___.jpg\">  <\/p>\n<p>                                              <img decoding=\"async\" alt=\"aplus content image\" src=\"https:\/\/images-na.ssl-images-amazon.com\/images\/G\/01\/x-locale\/common\/grey-pixel.gif\" class=\"a-lazy-loaded\" data-src=\"https:\/\/m.media-amazon.com\/images\/S\/aplus-media-library-service-media\/729845d9-405f-4b65-956d-cf5df69daf2e.__CR0,0,362,453_PT0_SX362_V1___.jpg\"><img decoding=\"async\" alt=\"aplus content image\" src=\"https:\/\/m.media-amazon.com\/images\/S\/aplus-media-library-service-media\/729845d9-405f-4b65-956d-cf5df69daf2e.__CR0,0,362,453_PT0_SX362_V1___.jpg\">  <\/p>\n<p>                                              <img decoding=\"async\" alt=\"Persona que usa una computadora port\u00e1til para videoconferencias en un entorno de oficina con plantas e iluminaci\u00f3n colgante visibles en segundo plano.\" src=\"https:\/\/images-na.ssl-images-amazon.com\/images\/G\/01\/x-locale\/common\/grey-pixel.gif\" class=\"a-lazy-loaded\" data-src=\"https:\/\/m.media-amazon.com\/images\/S\/aplus-media-library-service-media\/3321e957-5a06-4599-8c07-ad003a277286.__CR0,0,362,453_PT0_SX362_V1___.jpg\"><img decoding=\"async\" alt=\"Persona que usa una computadora port\u00e1til para videoconferencias en un entorno de oficina con plantas e iluminaci\u00f3n colgante visibles en segundo plano.\" src=\"https:\/\/m.media-amazon.com\/images\/S\/aplus-media-library-service-media\/3321e957-5a06-4599-8c07-ad003a277286.__CR0,0,362,453_PT0_SX362_V1___.jpg\">  <\/p>\n<p>                                              <img decoding=\"async\" alt=\"aplus content image\" src=\"https:\/\/images-na.ssl-images-amazon.com\/images\/G\/01\/x-locale\/common\/grey-pixel.gif\" class=\"a-lazy-loaded\" data-src=\"https:\/\/m.media-amazon.com\/images\/S\/aplus-media-library-service-media\/3ed115c2-83a4-4469-996c-7ec3995f17f8.__CR0,0,362,453_PT0_SX362_V1___.jpg\"><img decoding=\"async\" alt=\"aplus content image\" src=\"https:\/\/m.media-amazon.com\/images\/S\/aplus-media-library-service-media\/3ed115c2-83a4-4469-996c-7ec3995f17f8.__CR0,0,362,453_PT0_SX362_V1___.jpg\">  <\/p>\n<p> Product Dimensions                                            \u200f                                            :                                            \u200e                                            26.9 x 38.55 x 8.75 cm; 1.66 kg   <br \/> Manufacturer                                            \u200f                                            :                                            \u200e                                            KEFEYA   <br \/> ASIN                                            \u200f                                            :                                            \u200e                                            B0F481R2ZJ   <br \/> Item model number                                            \u200f                                            :                                            \u200e                                            S2 PRO MAX   <br \/> Country\/Region of Origin                                            \u200f                                            :                                            \u200e                                            China   <br \/> Guaranteed software updates until                                            \u200f                                            :                                            \u200e                                            unknown   <br \/>  Customer reviews:                                                                                            4.5               4.5 out of 5 stars                                  (198)                                              var dpAcrHasRegisteredArcLinkClickAction;                    P.when(&#8216;A&#8217;, &#8216;ready&#8217;).execute(function(A) {                        if (dpAcrHasRegisteredArcLinkClickAction !== true) {                            dpAcrHasRegisteredArcLinkClickAction = true;                            A.declarative(                                &#8216;acrLink-click-metrics&#8217;, &#8216;click&#8217;,                                { \u00aballowLinkDefault\u00bb: true },                                function (event) {                                    if (window.ue) {                                        ue.count(\u00abacrLinkClickCount\u00bb, (ue.count(\u00abacrLinkClickCount\u00bb) || 0) + 1);                                    }                                }                            );                        }                    });                                             P.when(&#8216;A&#8217;, &#8216;cf&#8217;).execute(function(A) {                A.declarative(&#8216;acrStarsLink-click-metrics&#8217;, &#8216;click&#8217;, { \u00aballowLinkDefault\u00bb : true },  function(event){                    if(window.ue) {                        ue.count(\u00abacrStarsLinkWithPopoverClickCount\u00bb, (ue.count(\u00abacrStarsLinkWithPopoverClickCount\u00bb) || 0) + 1);                    }                });            });                          <\/p>\n<p>\u30102K REAL CLARITY FOR ELITE PROFESSIONALS\u3011The laptop screen extender offers a resolution of 2160\u00d71440 pixels (77% sharper than 1080 pixels) and a 1500:1 contrast ratio for vivid, distortion-free colors. Perfect for video editors, graphic designers, gamers and professionals who need accurate images in creative work, gaming or streaming content.<br \/>\u3010Secure Hook Design for Any 13&#8243;-17&#8243; Laptop\u3011: Top hook design ensures vibration free stability, while the adjustable stand with rubber pads protects your device. Ideal for frequent travelers, remote workers and on-the-go professionals who need a portable, space-saving setup.<br \/>\u30103X Screen Efficiency Motor\u3011: The laptop monitor with mirroring, extended and mirror modes and a 16:10 aspect ratio, allow you to multitask without interruption, no need to change windows. Designed for programmers, merchants, designers, and office users who demand 300% more productivity in coding, commerce or multi-application workflows.<br \/>\u3010Professional Color Accuracy &#038; Portability\u3011The triple portable monitor with 300 nits brightness, 100% sRGB and 16.7 million colors delivers realistic images even outdoors. The included carry bag makes it perfect for photographers, color correctors, and business travelers who need studio clarity anywhere.<br \/>\u3010Universal Plug &#038; Play Compatibility\u3011The portable laptop screen works with Windows\/ Mac\/ Chrome\/ Xbox via HDMI\/ USB-C. (*For M1\/M2\/M3 Macs, a docking station is required. *) Includes 1-year warranty and 24\/7 support for hybrid workers, gamers and IT teams facing compatibility issues such as \u00abNo Signal\u00bb or dual display setups.<\/p>\n\n","protected":false},"excerpt":{"rendered":"<p> From the brand KEFEYA Extensor Pantalla Portatil KEFEYA insiste en la innovaci\u00f3n continua para producir<\/p>","protected":false},"featured_media":39977,"comment_status":"open","ping_status":"closed","template":"","meta":[],"product_brand":[],"product_cat":[52,54],"product_tag":[1295,1817,1822,1819,1821,1816,1824,1823,2809,1825,843,846,703,1820,11893,159,774,844,1139,324,290,2469,1243,1818,842,1062,537],"class_list":{"0":"post-39976","1":"product","2":"type-product","3":"status-publish","4":"has-post-thumbnail","6":"product_cat-2k-monitors","7":"product_cat-curved-monitors","8":"product_tag-1440p","9":"product_tag-1440p-monitor","10":"product_tag-144hz-2k-monitor","11":"product_tag-27-inch-2k-monitor","12":"product_tag-2k-gaming-monitor","13":"product_tag-2k-monitor","14":"product_tag-2k-monitor-price","15":"product_tag-best-2k-monitor","16":"product_tag-chrome","17":"product_tag-curved-2k-monitor","18":"product_tag-extender","19":"product_tag-hdmiusbatypec","20":"product_tag-ips","21":"product_tag-ips-2k-monitor","22":"product_tag-kefeya","23":"product_tag-laptop","24":"product_tag-mac","25":"product_tag-monitor","26":"product_tag-play","27":"product_tag-plug","28":"product_tag-portable","29":"product_tag-ps5","30":"product_tag-qhd","31":"product_tag-qhd-monitor","32":"product_tag-screen","33":"product_tag-switch","34":"product_tag-windows","36":"first","37":"instock","38":"shipping-taxable","39":"product-type-external"},"_links":{"self":[{"href":"https:\/\/comprasyconsejos.store\/en\/wp-json\/wp\/v2\/product\/39976","targetHints":{"allow":["GET"]}}],"collection":[{"href":"https:\/\/comprasyconsejos.store\/en\/wp-json\/wp\/v2\/product"}],"about":[{"href":"https:\/\/comprasyconsejos.store\/en\/wp-json\/wp\/v2\/types\/product"}],"replies":[{"embeddable":true,"href":"https:\/\/comprasyconsejos.store\/en\/wp-json\/wp\/v2\/comments?post=39976"}],"version-history":[{"count":0,"href":"https:\/\/comprasyconsejos.store\/en\/wp-json\/wp\/v2\/product\/39976\/revisions"}],"wp:featuredmedia":[{"embeddable":true,"href":"https:\/\/comprasyconsejos.store\/en\/wp-json\/wp\/v2\/media\/39977"}],"wp:attachment":[{"href":"https:\/\/comprasyconsejos.store\/en\/wp-json\/wp\/v2\/media?parent=39976"}],"wp:term":[{"taxonomy":"product_brand","embeddable":true,"href":"https:\/\/comprasyconsejos.store\/en\/wp-json\/wp\/v2\/product_brand?post=39976"},{"taxonomy":"product_cat","embeddable":true,"href":"https:\/\/comprasyconsejos.store\/en\/wp-json\/wp\/v2\/product_cat?post=39976"},{"taxonomy":"product_tag","embeddable":true,"href":"https:\/\/comprasyconsejos.store\/en\/wp-json\/wp\/v2\/product_tag?post=39976"}],"curies":[{"name":"wp","href":"https:\/\/api.w.org\/{rel}","templated":true}]}}