{"id":39986,"date":"2026-03-09T10:08:58","date_gmt":"2026-03-09T10:08:58","guid":{"rendered":"https:\/\/comprasyconsejos.store\/product\/thermalright-assassin-king-120-se-argbcpu-air-cooler-ak120-se-arb-5-heat-pipes-tl-c12c-s-pwm-silent-fan-cpu-cooler-with-s-fdb-bearing-lga1700-pc-cooler\/"},"modified":"2026-03-09T10:09:05","modified_gmt":"2026-03-09T10:09:05","slug":"thermalright-assassin-king-120-se-argbcpu-air-cooler-ak120-se-arb-5-heat-pipes-tl-c12c-s-pwm-silent-fan-cpu-cooler-with-s-fdb-bearing-lga1700-pc-cooler","status":"publish","type":"product","link":"https:\/\/comprasyconsejos.store\/en\/product\/thermalright-assassin-king-120-se-argbcpu-air-cooler-ak120-se-arb-5-heat-pipes-tl-c12c-s-pwm-silent-fan-cpu-cooler-with-s-fdb-bearing-lga1700-pc-cooler\/","title":{"rendered":"Thermalright Assassin King 120 SE ARGB,CPU Air Cooler, AK120 SE ARB, 5 Heat Pipes, TL-C12C-S PWM Silent Fan CPU Cooler with S-FDB Bearing, LGA1700, PC Cooler"},"content":{"rendered":"<p>Price: <span style=\"color:#b12704\">\u20ac28.30<\/span><br \/><i><small>(as of Mar 09, 2026 10:08:59 UTC &#8211; <span class=\"wp_automatic_amazon_disclaimer\" title=\"Product prices and availability are accurate as of the date\/time indicated and are subject to change. Any price and availability information displayed on [relevant Amazon Site(s), as applicable] at the time of purchase will apply to the purchase of this product.\">Details<\/span>)<\/small><\/i><\/p>\n<p><a href=\"https:\/\/amazon.es\/dp\/B0B8ZCD2VX?tag=man008-21\"><img decoding=\"async\" src=\"https:\/\/valvepress.s3.amazonaws.com\/imgs\/buy_now.png\"><\/a><br \/>\n<\/p>\n<p>                                             Product Description   <\/p>\n<p>                                                  <img decoding=\"async\" alt=\"AK120 SE ARGB-CPU enfriador\" src=\"https:\/\/images-na.ssl-images-amazon.com\/images\/G\/01\/x-locale\/common\/grey-pixel.gif\" class=\"a-lazy-loaded\" data-src=\"https:\/\/m.media-amazon.com\/images\/S\/aplus-media-library-service-media\/e1aa6d2e-e73f-441a-98af-7f12e9e63c3d.__CR0,0,970,300_PT0_SX970_V1___.jpg\"><img decoding=\"async\" alt=\"AK120 SE ARGB-CPU enfriador\" src=\"https:\/\/m.media-amazon.com\/images\/S\/aplus-media-library-service-media\/e1aa6d2e-e73f-441a-98af-7f12e9e63c3d.__CR0,0,970,300_PT0_SX970_V1___.jpg\">  <\/p>\n<p>                                                                             <img decoding=\"async\" alt=\"AK120 SE ARGB-CPU enfriador\" src=\"https:\/\/images-na.ssl-images-amazon.com\/images\/G\/01\/x-locale\/common\/grey-pixel.gif\" class=\"a-spacing-base a-lazy-loaded\" data-src=\"https:\/\/m.media-amazon.com\/images\/S\/aplus-media-library-service-media\/3161d947-f618-4ed6-b969-93a3789abdcb.__CR0,0,970,600_PT0_SX970_V1___.jpg\"><img decoding=\"async\" alt=\"AK120 SE ARGB-CPU enfriador\" src=\"https:\/\/m.media-amazon.com\/images\/S\/aplus-media-library-service-media\/3161d947-f618-4ed6-b969-93a3789abdcb.__CR0,0,970,600_PT0_SX970_V1___.jpg\">                                                                    <\/p>\n<p class=\"apm-text-center\">\n                                                      <img decoding=\"async\" alt=\"AK120 SE ARGB-CPU enfriador\" src=\"https:\/\/images-na.ssl-images-amazon.com\/images\/G\/01\/x-locale\/common\/grey-pixel.gif\" class=\"a-spacing-mini a-lazy-loaded\" data-src=\"https:\/\/m.media-amazon.com\/images\/S\/aplus-media-library-service-media\/854ebf76-f48b-430c-ab63-d5bca3140642.__CR0,0,300,300_PT0_SX300_V1___.jpg\"><img decoding=\"async\" alt=\"AK120 SE ARGB-CPU enfriador\" src=\"https:\/\/m.media-amazon.com\/images\/S\/aplus-media-library-service-media\/854ebf76-f48b-430c-ab63-d5bca3140642.__CR0,0,300,300_PT0_SX300_V1___.jpg\">  <\/p>\n<p>                                                    5 tubos de calor con tecnolog\u00eda AGHP (antigravedad)                                       <\/p>\n<p> Los tubos de calor comunes dependen en gran medida de la gravedad para lograr un rendimiento \u00f3ptimo. <\/p>\n<p> Disipador de calor equipado con tubos de calor AGHP de dise\u00f1o especial THERMALRIGHT no se ve afectado por la direcci\u00f3n de montaje. Esto garantiza una experiencia m\u00e1s fresca del usuario en diferentes dise\u00f1os de carcasas de computadora. <\/p>\n<p class=\"apm-text-center\">\n                                                      <img decoding=\"async\" alt=\"AK120 SE ARGB-CPU enfriador\" src=\"https:\/\/images-na.ssl-images-amazon.com\/images\/G\/01\/x-locale\/common\/grey-pixel.gif\" class=\"a-spacing-mini a-lazy-loaded\" data-src=\"https:\/\/m.media-amazon.com\/images\/S\/aplus-media-library-service-media\/39e0f265-ce6e-4b44-92cf-81ceb39385ea.__CR0,0,300,300_PT0_SX300_V1___.jpg\"><img decoding=\"async\" alt=\"AK120 SE ARGB-CPU enfriador\" src=\"https:\/\/m.media-amazon.com\/images\/S\/aplus-media-library-service-media\/39e0f265-ce6e-4b44-92cf-81ceb39385ea.__CR0,0,300,300_PT0_SX300_V1___.jpg\">  <\/p>\n<p>                                                    EXPERIENCIA DE USUARIO EXCELENCIA                                       <\/p>\n<p> La pasta t\u00e9rmica Thermalright TF-4 de alta calidad tambi\u00e9n se incluye con el enfriador de CPU para el mejor rendimiento fuera de la caja. El sistema de montaje Thermalright SS2 redise\u00f1ado ofrece un proceso de instalaci\u00f3n f\u00e1cil y una presi\u00f3n de montaje \u00f3ptima. <\/p>\n<p class=\"apm-text-center\">\n                                                      <img decoding=\"async\" alt=\"AK120 SE ARGB-CPU enfriador\" src=\"https:\/\/images-na.ssl-images-amazon.com\/images\/G\/01\/x-locale\/common\/grey-pixel.gif\" class=\"a-spacing-mini a-lazy-loaded\" data-src=\"https:\/\/m.media-amazon.com\/images\/S\/aplus-media-library-service-media\/6fd57fd8-e91b-498b-b654-e48f37285fd6.__CR0,0,300,300_PT0_SX300_V1___.jpg\"><img decoding=\"async\" alt=\"AK120 SE ARGB-CPU enfriador\" src=\"https:\/\/m.media-amazon.com\/images\/S\/aplus-media-library-service-media\/6fd57fd8-e91b-498b-b654-e48f37285fd6.__CR0,0,300,300_PT0_SX300_V1___.jpg\">  <\/p>\n<p>                                                    Ventilador TL-C12C-S de rendimiento equilibrado                                        <\/p>\n<p> Basado en el dise\u00f1o del ventilador TL-C12, la serie de ventiladores TL-C12C-S logra un equilibrio \u00f3ptimo entre rendimiento y salida de ruido, por lo que son ventiladores completos para escenarios de uso del disipador de calor o radiador. El motor est\u00e1 equipado con rodamientos S-FDB para un funcionamiento suave y una larga vida \u00fatil. <\/p>\n<p> El modelo S viene con iluminaci\u00f3n RGB direccionable para un rendimiento est\u00e9tico. <\/p>\n<p>                                                  <img decoding=\"async\" alt=\"AK120 SE ARGB-CPU enfriador\" src=\"https:\/\/images-na.ssl-images-amazon.com\/images\/G\/01\/x-locale\/common\/grey-pixel.gif\" class=\"a-lazy-loaded\" data-src=\"https:\/\/m.media-amazon.com\/images\/S\/aplus-media-library-service-media\/79ae3adf-5ade-4bb8-9ddc-49f69431b67f.__CR0,0,970,300_PT0_SX970_V1___.jpg\"><img decoding=\"async\" alt=\"AK120 SE ARGB-CPU enfriador\" src=\"https:\/\/m.media-amazon.com\/images\/S\/aplus-media-library-service-media\/79ae3adf-5ade-4bb8-9ddc-49f69431b67f.__CR0,0,970,300_PT0_SX970_V1___.jpg\">  <\/p>\n<p>                                                         <img decoding=\"async\" alt=\"LGA 17XX-BCF-NEGRO\" src=\"https:\/\/images-na.ssl-images-amazon.com\/images\/G\/01\/x-locale\/common\/grey-pixel.gif\" class=\"a-lazy-loaded\" data-src=\"https:\/\/m.media-amazon.com\/images\/S\/aplus-media-library-service-media\/59a28fa5-a545-4602-a60c-b44550c98483.__CR0,0,600,180_PT0_SX600_V1___.jpg\"><img decoding=\"async\" alt=\"LGA 17XX-BCF-NEGRO\" src=\"https:\/\/m.media-amazon.com\/images\/S\/aplus-media-library-service-media\/59a28fa5-a545-4602-a60c-b44550c98483.__CR0,0,600,180_PT0_SX600_V1___.jpg\">      <\/p>\n<p>                         Add To Basket  <\/p>\n<p>                         Add To Basket  <\/p>\n<p>                             Customer Reviews  <\/p>\n<p>                    4.8 out of 5 stars  54  <\/p>\n<p>                    4.8 out of 5 stars  134  <\/p>\n<p>                    4.8 out of 5 stars  188  <\/p>\n<p>                    4.6 out of 5 stars  6  <\/p>\n<p>                    4.9 out of 5 stars  54  <\/p>\n<p>                             Price  <\/p>\n<p>                                    \u20ac44.10\u20ac44.10                  \u20ac31.13\u20ac31.13<br \/>\n                                            \u2014 no data<\/p>\n<p>                                            \u2014 no data<\/p>\n<p>                                            \u2014 no data<\/p>\n<p>                             Tubo de calor<br \/>\n                                Tubos de calor de 6 x 6 mm               5 tubos de calor               6 tubos de calor               6 tubos de calor                 no data<\/p>\n<p>                             Ranura para CPU<br \/>\n                                Intel: LGA1150, LGA1151, LGA1155, LGA1156, LGA1200, LGA2011, LGA2066, LGA1700; AMD: AM4 AM5               Intel: LGA1150, LGA1151, LGA1155, LGA1156, LGA1200, LGA1700; AMD: AM4 AM5               Intel: LGA1150, LGA1151, LGA1155, LGA1156, LGA1200, LGA1700; AMD: AM4 AM5               Intel: LGA1150, LGA1151, LGA1155, LGA1156, LGA1200, LGA2011, LGA2066, LGA1700; AMD: AM4 AM5               Intel: LGA17XX           <\/p>\n<p>                             Velocidad del ventilador<br \/>\n                                1800 \u00b1 10% rpm               1550 \u00b1 10% rpm               1550 \u00b1 10% rpm               1850 \u00b1 10% rpm                 no data<\/p>\n<p>                             Altura total<br \/>\n                                67 mm               148 mm               155 mm               135 mm                 no data<\/p>\n<p>                             Tipo<br \/>\n                                Tipo de presi\u00f3n hacia abajo               Torre individual               Torre doble               Torre doble                 no data<\/p>\n<p> Product Dimensions                                            \u200f                                            :                                            \u200e                                            12 x 7.3 x 14.8 cm; 840 g   <br \/> Date First Available                                            \u200f                                            :                                            \u200e                                            7 Dec. 2022   <br \/> Manufacturer                                            \u200f                                            :                                            \u200e                                            Thermalright   <br \/> ASIN                                            \u200f                                            :                                            \u200e                                            B0B8ZCD2VX   <br \/> Manufacturer reference                                            \u200f                                            :                                            \u200e                                            AK120 SE ARGB-Ying-D5   <br \/>       Best Sellers Rank:  51,888 in Computers (See Top 100 in Computers)    2,130 in CPU Fans      <br \/>  Customer reviews:                                                                                            4.8               4.8 out of 5 stars                                  (134)                                              var dpAcrHasRegisteredArcLinkClickAction;                    P.when(&#8216;A&#8217;, &#8216;ready&#8217;).execute(function(A) {                        if (dpAcrHasRegisteredArcLinkClickAction !== true) {                            dpAcrHasRegisteredArcLinkClickAction = true;                            A.declarative(                                &#8216;acrLink-click-metrics&#8217;, &#8216;click&#8217;,                                { \u00aballowLinkDefault\u00bb: true },                                function (event) {                                    if (window.ue) {                                        ue.count(\u00abacrLinkClickCount\u00bb, (ue.count(\u00abacrLinkClickCount\u00bb) || 0) + 1);                                    }                                }                            );                        }                    });                                             P.when(&#8216;A&#8217;, &#8216;cf&#8217;).execute(function(A) {                A.declarative(&#8216;acrStarsLink-click-metrics&#8217;, &#8216;click&#8217;, { \u00aballowLinkDefault\u00bb : true },  function(event){                    if(window.ue) {                        ue.count(\u00abacrStarsLinkWithPopoverClickCount\u00bb, (ue.count(\u00abacrStarsLinkWithPopoverClickCount\u00bb) || 0) + 1);                    }                });            });                          <\/p>\n<p>Brand Overview: Thermalright is a brand from Taiwan with more than 20 years of development. It has some popularity in domestic and foreign markets and has a fundamental influence on the player market. We have focused on research and development of computer accessories. R&#038;D product lines include: CPU air-cooled radiator, case fan, thermal silicone pad, thermal silicone grease, CPU fan controller, anti-fall mounting bracket, bracket mounting bracket and other products.<br \/>Product Specifications: Thermalright AK120 SE ARGB; CPU Cooler Dimensions:120(L) x 73(W) x 148(H) mm\/(4.9 x 2.8 x 5.8 inches); Product Weight: 0.5 kg); Heat Sink Material: Aluminum, CPU Cooler is equipped with metal fasteners of Intel and AMD platform to achieve better installation.<br \/>PWM Fan: Model: TL-C12C-S; Colorful and beautiful ARGB light effects; Standard size PWM fan: 120 x 120 x 25mm; Fan speed(RPM):1550 rpm \u00b1 10%; Power port: 4 pins; Voltage: 12V; Airflow: 66 CFCFCF(Max Max);Noise level \u226425.6dB(A), the fan combines efficient cooling with low noise, providing you with an environment with efficient coolness and true silence.<br \/>AGHP Technique: 5x6mm heat pipes apply AGHP III technique, solve the reverse gravity effect caused by vertical\/horizontal orientation, TDP CPU cooler is 125-235W. Up to 20,000 hours industrial lifespan, S-FDB bearings ensure long service life of the radiators coolers air. UL A class safety insulation, industrial material white PBT + PC to create high quality products for you. The height is 148mm, suitable for medium sized computer cases.<br \/>Compatibility The CPU cooler plug supports Intel:1150\/1151\/1155\/1156\/1200\/1700\/17XX, AMD: AM4 AM5; For different CPU socket platforms, corresponding mounting plate or fixing parts are provided.<\/p>\n\n","protected":false},"excerpt":{"rendered":"<p> Product Description 5 tubos de calor con tecnolog\u00eda AGHP (antigravedad) Los tubos de calor comunes<\/p>","protected":false},"featured_media":39987,"comment_status":"open","ping_status":"closed","template":"","meta":[],"product_brand":[],"product_cat":[66],"product_tag":[216,7362,2008,11895,11894,2020,2026,2010,1668,598,2002,2014,1997,2016,910,1123,2006,3680,8300,2022,1999,2023,2012,2004,2025,1010,2017,2293],"class_list":{"0":"post-39986","1":"product","2":"type-product","3":"status-publish","4":"has-post-thumbnail","6":"product_cat-cpu-fan","7":"product_tag-air","8":"product_tag-ak120","9":"product_tag-amd-cpu-cooler","10":"product_tag-arb","11":"product_tag-argbcpu","12":"product_tag-assassin","13":"product_tag-bearing","14":"product_tag-best-cpu-fan","15":"product_tag-cooler","16":"product_tag-cpu","17":"product_tag-cpu-air-cooler","18":"product_tag-cpu-cooling-fan","19":"product_tag-cpu-fan","20":"product_tag-cpu-fan-price","21":"product_tag-fan","22":"product_tag-heat","23":"product_tag-intel-cpu-fan","24":"product_tag-king","25":"product_tag-lga1700","26":"product_tag-pipes","27":"product_tag-processor-fan","28":"product_tag-pwm","29":"product_tag-quiet-cpu-cooler","30":"product_tag-rgb-cpu-cooler","31":"product_tag-sfdb","32":"product_tag-silent","33":"product_tag-thermalright","34":"product_tag-tlc12cs","36":"first","37":"instock","38":"shipping-taxable","39":"product-type-external"},"_links":{"self":[{"href":"https:\/\/comprasyconsejos.store\/en\/wp-json\/wp\/v2\/product\/39986","targetHints":{"allow":["GET"]}}],"collection":[{"href":"https:\/\/comprasyconsejos.store\/en\/wp-json\/wp\/v2\/product"}],"about":[{"href":"https:\/\/comprasyconsejos.store\/en\/wp-json\/wp\/v2\/types\/product"}],"replies":[{"embeddable":true,"href":"https:\/\/comprasyconsejos.store\/en\/wp-json\/wp\/v2\/comments?post=39986"}],"version-history":[{"count":0,"href":"https:\/\/comprasyconsejos.store\/en\/wp-json\/wp\/v2\/product\/39986\/revisions"}],"wp:featuredmedia":[{"embeddable":true,"href":"https:\/\/comprasyconsejos.store\/en\/wp-json\/wp\/v2\/media\/39987"}],"wp:attachment":[{"href":"https:\/\/comprasyconsejos.store\/en\/wp-json\/wp\/v2\/media?parent=39986"}],"wp:term":[{"taxonomy":"product_brand","embeddable":true,"href":"https:\/\/comprasyconsejos.store\/en\/wp-json\/wp\/v2\/product_brand?post=39986"},{"taxonomy":"product_cat","embeddable":true,"href":"https:\/\/comprasyconsejos.store\/en\/wp-json\/wp\/v2\/product_cat?post=39986"},{"taxonomy":"product_tag","embeddable":true,"href":"https:\/\/comprasyconsejos.store\/en\/wp-json\/wp\/v2\/product_tag?post=39986"}],"curies":[{"name":"wp","href":"https:\/\/api.w.org\/{rel}","templated":true}]}}