{"id":40009,"date":"2026-03-09T10:30:21","date_gmt":"2026-03-09T10:30:21","guid":{"rendered":"https:\/\/comprasyconsejos.store\/product\/canon-maxify-mb2750-4-in-1-multifunction-compact-printer-inkjet-system-wifi-touch-lcd-display-50-sheet-adf-high-speed-printing-500-sheet-capacity-black\/"},"modified":"2026-03-09T10:30:27","modified_gmt":"2026-03-09T10:30:27","slug":"canon-maxify-mb2750-4-in-1-multifunction-compact-printer-inkjet-system-wifi-touch-lcd-display-50-sheet-adf-high-speed-printing-500-sheet-capacity-black","status":"publish","type":"product","link":"https:\/\/comprasyconsejos.store\/en\/product\/canon-maxify-mb2750-4-in-1-multifunction-compact-printer-inkjet-system-wifi-touch-lcd-display-50-sheet-adf-high-speed-printing-500-sheet-capacity-black\/","title":{"rendered":"Canon Maxify MB2750 4-in-1 Multifunction Compact Printer, Inkjet System, WiFi, Touch LCD Display, 50-Sheet ADF, High Speed Printing, 500 Sheet Capacity, Black"},"content":{"rendered":"<p>Price: <span style=\"color:#b12704\">\u20ac135.00<\/span><br \/><i><small>(as of Mar 09, 2026 10:30:21 UTC &#8211; <span class=\"wp_automatic_amazon_disclaimer\" title=\"Product prices and availability are accurate as of the date\/time indicated and are subject to change. Any price and availability information displayed on [relevant Amazon Site(s), as applicable] at the time of purchase will apply to the purchase of this product.\">Details<\/span>)<\/small><\/i><\/p>\n<p><a href=\"https:\/\/amazon.es\/dp\/B01GZ1TINM?tag=man008-21\"><img decoding=\"async\" src=\"https:\/\/valvepress.s3.amazonaws.com\/imgs\/buy_now.png\"><\/a><br \/>\n<\/p>\n<p>                                             From the manufacturer   <\/p>\n<p>                                                                                                       <img decoding=\"async\" alt=\"El texto dice \u00abCanon\u00bb. Serie de im\u00e1genes que muestran la configuraci\u00f3n de una impresora Canon con botellas de tinta y una demostraci\u00f3n de impresi\u00f3n en papel blanco.\" src=\"https:\/\/images-na.ssl-images-amazon.com\/images\/G\/01\/x-locale\/common\/grey-pixel.gif\" class=\"a-lazy-loaded\" data-src=\"https:\/\/m.media-amazon.com\/images\/S\/aplus-media-library-service-media\/fb6a91d2-d8ef-4746-ae0e-2576ecd7c5d6.__CR0,0,3000,1230_PT0_SX1464_V1___.jpg\"><img decoding=\"async\" alt=\"El texto dice \u00abCanon\u00bb. Serie de im\u00e1genes que muestran la configuraci\u00f3n de una impresora Canon con botellas de tinta y una demostraci\u00f3n de impresi\u00f3n en papel blanco.\" src=\"https:\/\/m.media-amazon.com\/images\/S\/aplus-media-library-service-media\/fb6a91d2-d8ef-4746-ae0e-2576ecd7c5d6.__CR0,0,3000,1230_PT0_SX1464_V1___.jpg\">                                               <\/p>\n<p>                                                                                                       <img decoding=\"async\" alt=\"El texto dice \u00abIMPRESI\u00d3N EN COLOR DE CALIDAD PROFESIONAL\u00bb. M\u00faltiples planos arquitect\u00f3nicos y dibujos t\u00e9cnicos dispuestos sobre una superficie de madera clara.\" src=\"https:\/\/images-na.ssl-images-amazon.com\/images\/G\/01\/x-locale\/common\/grey-pixel.gif\" class=\"a-lazy-loaded\" data-src=\"https:\/\/m.media-amazon.com\/images\/S\/aplus-media-library-service-media\/48e76a8c-47e7-4d8a-9c18-a37a00eda2f3.__CR0,0,3000,1230_PT0_SX1464_V1___.jpg\"><img decoding=\"async\" alt=\"El texto dice \u00abIMPRESI\u00d3N EN COLOR DE CALIDAD PROFESIONAL\u00bb. M\u00faltiples planos arquitect\u00f3nicos y dibujos t\u00e9cnicos dispuestos sobre una superficie de madera clara.\" src=\"https:\/\/m.media-amazon.com\/images\/S\/aplus-media-library-service-media\/48e76a8c-47e7-4d8a-9c18-a37a00eda2f3.__CR0,0,3000,1230_PT0_SX1464_V1___.jpg\">                                               <\/p>\n<p>                                                                                  <img decoding=\"async\" alt=\"El texto dice \u00abIDEAL PARA TU D\u00cdA\u00bb y \u00abUN D\u00cdA EN LA OFICINA\u00bb. Serie de im\u00e1genes sobre el estilo de vida de los productos que muestran una impresora o un esc\u00e1ner en entornos de oficina con pancartas blancas y rojas.\" src=\"https:\/\/m.media-amazon.com\/images\/S\/aplus-media-library-service-media\/9d2a3fe3-c405-478a-a6c1-6bb70ba0c2f9.__CR0,0,3000,1230_PT0_SX1464_V1___.jpg\">       <\/p>\n<p>                                                                                  <img decoding=\"async\" alt=\"aplus content image\" src=\"https:\/\/m.media-amazon.com\/images\/S\/aplus-media-library-service-media\/e8497f25-5e96-4387-a4b5-d0eff94d17de.__CR0,0,3000,1230_PT0_SX1464_V1___.jpg\">       <\/p>\n<p>                                                                                  <img decoding=\"async\" alt=\"El texto dice \u00abIMPRESI\u00d3N PARA PEQUE\u00d1AS OFICINAS\u00bb. Ambiente de oficina moderno que muestra a personas trabajando en escritorios con computadoras y documentos.\" src=\"https:\/\/m.media-amazon.com\/images\/S\/aplus-media-library-service-media\/d28abdbf-fb8a-4452-bc00-7a0042a28cb5.__CR0,0,3000,1230_PT0_SX1464_V1___.jpg\">       <\/p>\n<p>                                                                                                       <img decoding=\"async\" alt=\"El texto dice \u00abDEPOSITOS DE TINTA INTEGRADOS\u00bb. La configuraci\u00f3n de la impresora de escritorio muestra dep\u00f3sitos de tinta integrados con una visibilidad clara de los niveles de tinta.\" src=\"https:\/\/images-na.ssl-images-amazon.com\/images\/G\/01\/x-locale\/common\/grey-pixel.gif\" class=\"a-lazy-loaded\" data-src=\"https:\/\/m.media-amazon.com\/images\/S\/aplus-media-library-service-media\/ba217fb5-c55a-4814-94e4-7b8b9395a1e0.__CR0,0,3000,1230_PT0_SX1464_V1___.jpg\"><img decoding=\"async\" alt=\"El texto dice \u00abDEPOSITOS DE TINTA INTEGRADOS\u00bb. La configuraci\u00f3n de la impresora de escritorio muestra dep\u00f3sitos de tinta integrados con una visibilidad clara de los niveles de tinta.\" src=\"https:\/\/m.media-amazon.com\/images\/S\/aplus-media-library-service-media\/ba217fb5-c55a-4814-94e4-7b8b9395a1e0.__CR0,0,3000,1230_PT0_SX1464_V1___.jpg\">                                               <\/p>\n<p>                                                                                                       <img decoding=\"async\" alt=\"El texto dice \u00abIMPRESI\u00d3N INALM\u00c1MBRICA\u00bb. Serie de im\u00e1genes de demostraci\u00f3n del producto que muestran la configuraci\u00f3n y el uso de la impresi\u00f3n inal\u00e1mbrica en un entorno de oficina.\" src=\"https:\/\/images-na.ssl-images-amazon.com\/images\/G\/01\/x-locale\/common\/grey-pixel.gif\" class=\"a-lazy-loaded\" data-src=\"https:\/\/m.media-amazon.com\/images\/S\/aplus-media-library-service-media\/4d790390-fbab-4fb2-a4a8-503c22b9a556.__CR0,0,3000,1230_PT0_SX1464_V1___.jpg\"><img decoding=\"async\" alt=\"El texto dice \u00abIMPRESI\u00d3N INALM\u00c1MBRICA\u00bb. Serie de im\u00e1genes de demostraci\u00f3n del producto que muestran la configuraci\u00f3n y el uso de la impresi\u00f3n inal\u00e1mbrica en un entorno de oficina.\" src=\"https:\/\/m.media-amazon.com\/images\/S\/aplus-media-library-service-media\/4d790390-fbab-4fb2-a4a8-503c22b9a556.__CR0,0,3000,1230_PT0_SX1464_V1___.jpg\">                                               <\/p>\n<p>                                                                                                       <img decoding=\"async\" alt=\"Texto visible: \u00abAPPS PARA TU IMPHESURA\u00bb. Visualizaci\u00f3n de lo que parece ser una impresora o un equipo de procesamiento de im\u00e1genes con pantallas de interfaz digital.\" src=\"https:\/\/images-na.ssl-images-amazon.com\/images\/G\/01\/x-locale\/common\/grey-pixel.gif\" class=\"a-lazy-loaded\" data-src=\"https:\/\/m.media-amazon.com\/images\/S\/aplus-media-library-service-media\/a7fe363f-0084-4b25-b456-255c1ca4fabb.__CR0,0,3000,1230_PT0_SX1464_V1___.jpg\"><img decoding=\"async\" alt=\"Texto visible: \u00abAPPS PARA TU IMPHESURA\u00bb. Visualizaci\u00f3n de lo que parece ser una impresora o un equipo de procesamiento de im\u00e1genes con pantallas de interfaz digital.\" src=\"https:\/\/m.media-amazon.com\/images\/S\/aplus-media-library-service-media\/a7fe363f-0084-4b25-b456-255c1ca4fabb.__CR0,0,3000,1230_PT0_SX1464_V1___.jpg\">                                               <\/p>\n<p> Is discontinued by manufacturer                                            \u200f                                            :                                            \u200e                                            No   <br \/> Product Dimensions                                            \u200f                                            :                                            \u200e                                            46.3 x 38.9 x 32 cm; 12.1 kg   <br \/> Manufacturer                                            \u200f                                            :                                            \u200e                                            Canon   <br \/> ASIN                                            \u200f                                            :                                            \u200e                                            B01GZ1TINM   <br \/> Item model number                                            \u200f                                            :                                            \u200e                                            0958C006   <br \/> Guaranteed software updates until                                            \u200f                                            :                                            \u200e                                            unknown   <br \/>  Customer reviews:                                                                                            4.3               4.3 out of 5 stars                                  (1,307)                                              var dpAcrHasRegisteredArcLinkClickAction;                    P.when(&#8216;A&#8217;, &#8216;ready&#8217;).execute(function(A) {                        if (dpAcrHasRegisteredArcLinkClickAction !== true) {                            dpAcrHasRegisteredArcLinkClickAction = true;                            A.declarative(                                &#8216;acrLink-click-metrics&#8217;, &#8216;click&#8217;,                                { \u00aballowLinkDefault\u00bb: true },                                function (event) {                                    if (window.ue) {                                        ue.count(\u00abacrLinkClickCount\u00bb, (ue.count(\u00abacrLinkClickCount\u00bb) || 0) + 1);                                    }                                }                            );                        }                    });                                             P.when(&#8216;A&#8217;, &#8216;cf&#8217;).execute(function(A) {                A.declarative(&#8216;acrStarsLink-click-metrics&#8217;, &#8216;click&#8217;, { \u00aballowLinkDefault\u00bb : true },  function(event){                    if(window.ue) {                        ue.count(\u00abacrStarsLinkWithPopoverClickCount\u00bb, (ue.count(\u00abacrStarsLinkWithPopoverClickCount\u00bb) || 0) + 1);                    }                });            });                          <\/p>\n<p>Canon 4-in-1 Multifunction Printer &#8211; Fits your needs. Ideal for office use with features such as high quality printing, copying, fax and scanning.<br \/>High performance for business: Fast printing at 24ipm black and 15.5ipm color, first page output in just 6 seconds.<br \/>High yield with low cost: 1,200 black and white and 900 colour pages ink yields.<br \/>Print large volumes of documents: without having to refill paper, plus you can check paper levels quickly and easily. A 50-sheet ADF simplifies managing multi-page documents.<br \/>\u3010Connected Printer\u3011Support AirPrint(iOS) and Mopria (Android), besides scanning you can control the printer functions and print and scan directly.<\/p>\n\n","protected":false},"excerpt":{"rendered":"<p> From the manufacturer Is discontinued by manufacturer \u200f : \u200e No Product Dimensions \u200f :<\/p>","protected":false},"featured_media":40010,"comment_status":"open","ping_status":"closed","template":"","meta":[],"product_brand":[],"product_cat":[57],"product_tag":[1585,5650,5078,2140,307,2184,2700,2134,2126,1004,561,197,2129,1953,1961,2145,2142,1186,5860,8066,2189,2143,2132,1962,2276,5862,198,1578,515,543,2136],"class_list":{"0":"post-40009","1":"product","2":"type-product","3":"status-publish","4":"has-post-thumbnail","6":"product_cat-inkjet-printers","7":"product_tag-4in1","8":"product_tag-50sheet","9":"product_tag-adf","10":"product_tag-best-inkjet-printer","11":"product_tag-black","12":"product_tag-canon","13":"product_tag-capacity","14":"product_tag-cheap-inkjet-printer","15":"product_tag-color-inkjet-printer","16":"product_tag-compact","17":"product_tag-display","18":"product_tag-high","19":"product_tag-home-inkjet-printer","20":"product_tag-ink-tank-printer","21":"product_tag-inkjet","22":"product_tag-inkjet-printer","23":"product_tag-inkjet-printer-price","24":"product_tag-lcd","25":"product_tag-maxify","26":"product_tag-mb2750","27":"product_tag-multifunction","28":"product_tag-office-inkjet-printer","29":"product_tag-photo-inkjet-printer","30":"product_tag-printer","31":"product_tag-printing","32":"product_tag-sheet","33":"product_tag-speed","34":"product_tag-system","35":"product_tag-touch","36":"product_tag-wifi","37":"product_tag-wireless-inkjet-printer","39":"first","40":"instock","41":"shipping-taxable","42":"product-type-external"},"_links":{"self":[{"href":"https:\/\/comprasyconsejos.store\/en\/wp-json\/wp\/v2\/product\/40009","targetHints":{"allow":["GET"]}}],"collection":[{"href":"https:\/\/comprasyconsejos.store\/en\/wp-json\/wp\/v2\/product"}],"about":[{"href":"https:\/\/comprasyconsejos.store\/en\/wp-json\/wp\/v2\/types\/product"}],"replies":[{"embeddable":true,"href":"https:\/\/comprasyconsejos.store\/en\/wp-json\/wp\/v2\/comments?post=40009"}],"version-history":[{"count":0,"href":"https:\/\/comprasyconsejos.store\/en\/wp-json\/wp\/v2\/product\/40009\/revisions"}],"wp:featuredmedia":[{"embeddable":true,"href":"https:\/\/comprasyconsejos.store\/en\/wp-json\/wp\/v2\/media\/40010"}],"wp:attachment":[{"href":"https:\/\/comprasyconsejos.store\/en\/wp-json\/wp\/v2\/media?parent=40009"}],"wp:term":[{"taxonomy":"product_brand","embeddable":true,"href":"https:\/\/comprasyconsejos.store\/en\/wp-json\/wp\/v2\/product_brand?post=40009"},{"taxonomy":"product_cat","embeddable":true,"href":"https:\/\/comprasyconsejos.store\/en\/wp-json\/wp\/v2\/product_cat?post=40009"},{"taxonomy":"product_tag","embeddable":true,"href":"https:\/\/comprasyconsejos.store\/en\/wp-json\/wp\/v2\/product_tag?post=40009"}],"curies":[{"name":"wp","href":"https:\/\/api.w.org\/{rel}","templated":true}]}}