{"id":40048,"date":"2026-03-09T11:03:45","date_gmt":"2026-03-09T11:03:45","guid":{"rendered":"https:\/\/comprasyconsejos.store\/product\/aoc-cu34g4z-gaming-monitor-34-wqhd-curved-240hz-fast-va-1ms-gtg-hdr400-freesync-prem-height-adjustable-3440x1440-2x-hdmi-2-1-1x-dp-1-4-usb-hub-black-red\/"},"modified":"2026-03-09T11:03:46","modified_gmt":"2026-03-09T11:03:46","slug":"aoc-cu34g4z-gaming-monitor-34-wqhd-curved-240hz-fast-va-1ms-gtg-hdr400-freesync-prem-height-adjustable-3440x1440-2x-hdmi-2-1-1x-dp-1-4-usb-hub-black-red","status":"publish","type":"product","link":"https:\/\/comprasyconsejos.store\/en\/product\/aoc-cu34g4z-gaming-monitor-34-wqhd-curved-240hz-fast-va-1ms-gtg-hdr400-freesync-prem-height-adjustable-3440x1440-2x-hdmi-2-1-1x-dp-1-4-usb-hub-black-red\/","title":{"rendered":"AOC CU34G4Z Gaming Monitor 34&#8243; WQHD Curved, 240Hz, Fast VA, 1ms GtG, HDR400, FreeSync Prem., Height Adjustable (3440&#215;1440, 2X HDMI 2.1, 1x DP 1.4, USB-Hub) Black\/Red"},"content":{"rendered":"<p>Price: <span style=\"color:#b12704\">\u20ac339.99<\/span><br \/><i><small>(as of Mar 09, 2026 11:03:45 UTC &#8211; <span class=\"wp_automatic_amazon_disclaimer\" title=\"Product prices and availability are accurate as of the date\/time indicated and are subject to change. Any price and availability information displayed on [relevant Amazon Site(s), as applicable] at the time of purchase will apply to the purchase of this product.\">Details<\/span>)<\/small><\/i><\/p>\n<p><a href=\"https:\/\/amazon.es\/dp\/B0DXFLVDT9?tag=man008-21\"><img decoding=\"async\" src=\"https:\/\/valvepress.s3.amazonaws.com\/imgs\/buy_now.png\"><\/a><br \/>\n<\/p>\n<p>                                             From the manufacturer   <\/p>\n<p>                                                  <img decoding=\"async\" alt=\"altTextForImage\" src=\"https:\/\/images-na.ssl-images-amazon.com\/images\/G\/01\/x-locale\/common\/grey-pixel.gif\" class=\"a-lazy-loaded\" data-src=\"https:\/\/m.media-amazon.com\/images\/S\/aplus-media-library-service-media\/d596bcd7-83a9-424b-99fc-c7f7049ffbea.__CR0,0,970,300_PT0_SX970_V1___.jpg\"><img decoding=\"async\" alt=\"altTextForImage\" src=\"https:\/\/m.media-amazon.com\/images\/S\/aplus-media-library-service-media\/d596bcd7-83a9-424b-99fc-c7f7049ffbea.__CR0,0,970,300_PT0_SX970_V1___.jpg\">  <\/p>\n<h3> MONITOR CU34G4 <\/h3>\n<p> ULTIMATE GAMING EXPERIENCE <\/p>\n<p>                                                      <img decoding=\"async\" alt=\"altTextForImage\" src=\"https:\/\/images-na.ssl-images-amazon.com\/images\/G\/01\/x-locale\/common\/grey-pixel.gif\" class=\"a-spacing-mini a-lazy-loaded\" data-src=\"https:\/\/m.media-amazon.com\/images\/S\/aplus-media-library-service-media\/2806b213-88e2-4d3f-8b5f-38873bc329a2.__CR0,0,300,400_PT0_SX300_V1___.jpg\"><img decoding=\"async\" alt=\"altTextForImage\" src=\"https:\/\/m.media-amazon.com\/images\/S\/aplus-media-library-service-media\/2806b213-88e2-4d3f-8b5f-38873bc329a2.__CR0,0,300,400_PT0_SX300_V1___.jpg\">  <\/p>\n<p>                                                              <img decoding=\"async\" alt=\"altTextForImage\" src=\"https:\/\/images-na.ssl-images-amazon.com\/images\/G\/01\/x-locale\/common\/grey-pixel.gif\" class=\"a-spacing-mini a-lazy-loaded\" data-src=\"https:\/\/m.media-amazon.com\/images\/S\/aplus-media-library-service-media\/bb9078ea-10a6-4740-99c4-6cfeb5412d3f.__CR0,0,350,175_PT0_SX350_V1___.jpg\"><img decoding=\"async\" alt=\"altTextForImage\" src=\"https:\/\/m.media-amazon.com\/images\/S\/aplus-media-library-service-media\/bb9078ea-10a6-4740-99c4-6cfeb5412d3f.__CR0,0,350,175_PT0_SX350_V1___.jpg\">                                                                                                   Tama\u00f1o de la pantalla (pulgadas): 34       Resoluci\u00f3n del panel: 3440\u00d71440       Frecuencia de actualizaci\u00f3n: 240 Hz       HDR (High Dynamic Range): VESA Certified DisplayHDR 400       Plano \/ Curvo: Curvatura 1500R       <\/p>\n<p>                                                                                         Dominieren Sie mit dem CU34G4Z 34\u201d WQHD Curved Monitor mit einer Aufl\u00f6sung von 3440&#215;1440, HDR400 und einer Bildwiederholfrequenz von 240 Hz.                                     <\/p>\n<p class=\"a-spacing-base\"> Lleva tus juegos al siguiente nivel con el monitor curvo WQHD de 34&#8243; CU34G4Z. Disfruta de una jugabilidad ultra fluida con una frecuencia de actualizaci\u00f3n de 240 Hz y un tiempo de respuesta GtG de 1 ms. El panel Fast VA curvo 1500R ofrece im\u00e1genes envolventes, mientras que HDR400 mejora el color y el contraste. Equipado con un soporte ergon\u00f3mico, un concentrador USB y el software G-Menu para configuraciones personalizables. <\/p>\n<p class=\"apm-text-center\">\n                                                      <img decoding=\"async\" alt=\"altTextForImage\" src=\"https:\/\/images-na.ssl-images-amazon.com\/images\/G\/01\/x-locale\/common\/grey-pixel.gif\" class=\"a-spacing-mini a-lazy-loaded\" data-src=\"https:\/\/m.media-amazon.com\/images\/S\/aplus-media-library-service-media\/bb4d2fbe-5f7a-4503-8bd4-e691ee6ce15d.__CR0,0,860,860_PT0_SX300_V1___.jpg\"><img decoding=\"async\" alt=\"altTextForImage\" src=\"https:\/\/m.media-amazon.com\/images\/S\/aplus-media-library-service-media\/bb4d2fbe-5f7a-4503-8bd4-e691ee6ce15d.__CR0,0,860,860_PT0_SX300_V1___.jpg\">  <\/p>\n<p>                                                    Resoluci\u00f3n Wide QHD (WQHD)                                       <\/p>\n<p> Con una resoluci\u00f3n de 3440 x 1440, la pantalla Wide Quad HD (WQHD) ofrece una calidad superior de imagen e im\u00e1genes n\u00edtidas que muestran todos los detalles. La relaci\u00f3n de aspecto de gran pantalla de 21:9 es perfecta para ver pel\u00edculas en un formato amplio o para sumergirte en el juego m\u00e1s novedoso, adem\u00e1s de ofrecer m\u00e1s espacio cuando se tiene que trabajar. El color aut\u00e9ntico de 8 bits proporciona una amplia gama de colores, para unas im\u00e1genes radiantes y naturales. <\/p>\n<p class=\"apm-text-center\">\n                                                      <img decoding=\"async\" alt=\"altTextForImage\" src=\"https:\/\/images-na.ssl-images-amazon.com\/images\/G\/01\/x-locale\/common\/grey-pixel.gif\" class=\"a-spacing-mini a-lazy-loaded\" data-src=\"https:\/\/m.media-amazon.com\/images\/S\/aplus-media-library-service-media\/8abe697e-0424-440c-afaf-311da520f3df.__CR0,0,860,860_PT0_SX300_V1___.jpg\"><img decoding=\"async\" alt=\"altTextForImage\" src=\"https:\/\/m.media-amazon.com\/images\/S\/aplus-media-library-service-media\/8abe697e-0424-440c-afaf-311da520f3df.__CR0,0,860,860_PT0_SX300_V1___.jpg\">  <\/p>\n<p>                                                    Curvatura 1500R                                       <\/p>\n<p> El dise\u00f1o curvo te rodea y te sit\u00faa en el centro de la acci\u00f3n: una experiencia de juego envolvente. <\/p>\n<p class=\"apm-text-center\">\n                                                      <img decoding=\"async\" alt=\"altTextForImage\" src=\"https:\/\/images-na.ssl-images-amazon.com\/images\/G\/01\/x-locale\/common\/grey-pixel.gif\" class=\"a-spacing-mini a-lazy-loaded\" data-src=\"https:\/\/m.media-amazon.com\/images\/S\/aplus-media-library-service-media\/aa0f8941-e3db-4cd7-a2ce-55e01acf714c.__CR0,0,860,860_PT0_SX300_V1___.jpg\"><img decoding=\"async\" alt=\"altTextForImage\" src=\"https:\/\/m.media-amazon.com\/images\/S\/aplus-media-library-service-media\/aa0f8941-e3db-4cd7-a2ce-55e01acf714c.__CR0,0,860,860_PT0_SX300_V1___.jpg\">  <\/p>\n<p>                                                    240Hz Tasa de Refresco                                       <\/p>\n<p> 240 Hz aprovechan en su totalidad las GPU de gama alta, proporcionando una fluidez sin rival a tu pantalla. Con cada detalle enfocado n\u00edtidamente y cada movimiento demostrado con un claridad cristalina, sentir\u00e1s c\u00f3mo tus reacciones se introducen en el juego elevando al m\u00e1ximo tu experiencia en el mismo. <\/p>\n<p class=\"apm-text-center\">\n                                                      <img decoding=\"async\" alt=\"altTextForImage\" src=\"https:\/\/images-na.ssl-images-amazon.com\/images\/G\/01\/x-locale\/common\/grey-pixel.gif\" class=\"a-spacing-mini a-lazy-loaded\" data-src=\"https:\/\/m.media-amazon.com\/images\/S\/aplus-media-library-service-media\/5c088e76-2c2f-46a0-acfb-ffe7876621c7.__CR0,0,860,860_PT0_SX300_V1___.jpg\"><img decoding=\"async\" alt=\"altTextForImage\" src=\"https:\/\/m.media-amazon.com\/images\/S\/aplus-media-library-service-media\/5c088e76-2c2f-46a0-acfb-ffe7876621c7.__CR0,0,860,860_PT0_SX300_V1___.jpg\">  <\/p>\n<p>                                                    VA r\u00e1pido                                       <\/p>\n<p> Experimente las im\u00e1genes como nunca antes con el monitor AGON BY AOC. Sus negros profundos y sus altas relaciones de contraste hacen que las im\u00e1genes destaquen, especialmente en escenas de juegos m\u00e1s oscuras. El VA r\u00e1pido no se trata s\u00f3lo de im\u00e1genes, sino tambi\u00e9n de precisi\u00f3n. Con sus r\u00e1pidos tiempos de respuesta, la acci\u00f3n sigue siendo fluida y clara, incluso durante el juego m\u00e1s intenso, dej\u00e1ndote impresionado y satisfecho. Desde juegos de acci\u00f3n FPS hasta mundos inmersivos de juegos de rol atmosf\u00e9ricos, el monitor AGON by AOC es su puerta de entrada a una experiencia de juego mejorada. El r\u00e1pido rendimiento y los ricos colores del monitor mejorar\u00e1n tu juego. <\/p>\n<p class=\"apm-text-center\">\n                                                      <img decoding=\"async\" alt=\"altTextForImage\" src=\"https:\/\/images-na.ssl-images-amazon.com\/images\/G\/01\/x-locale\/common\/grey-pixel.gif\" class=\"a-spacing-mini a-lazy-loaded\" data-src=\"https:\/\/m.media-amazon.com\/images\/S\/aplus-media-library-service-media\/4792c196-5766-4507-9051-0d4367ea2eb6.__CR0,0,860,860_PT0_SX300_V1___.jpg\"><img decoding=\"async\" alt=\"altTextForImage\" src=\"https:\/\/m.media-amazon.com\/images\/S\/aplus-media-library-service-media\/4792c196-5766-4507-9051-0d4367ea2eb6.__CR0,0,860,860_PT0_SX300_V1___.jpg\">  <\/p>\n<p>                                                    1ms tiempo de respuesta GTG &#8211; Grey-to-Grey                                       <\/p>\n<p> GtG significa Grey-To-Grey y representa el tiempo que toma a un pixel cambiar desde un nivel de gris al pr\u00f3ximo nivel de gris. En el \u00e1rea de juegos cada milisegundo cuenta y puede ser un diferenciador entre acertar o fallar un disparo. Una respuesta r\u00e1pida en tiempo elimina efectos fantasma y de movimiento. <\/p>\n<p class=\"apm-text-center\">\n                                                      <img decoding=\"async\" alt=\"altTextForImage\" src=\"https:\/\/images-na.ssl-images-amazon.com\/images\/G\/01\/x-locale\/common\/grey-pixel.gif\" class=\"a-spacing-mini a-lazy-loaded\" data-src=\"https:\/\/m.media-amazon.com\/images\/S\/aplus-media-library-service-media\/d58b8253-48a7-4130-bf79-76293dd13fb5.__CR0,0,860,860_PT0_SX300_V1___.jpg\"><img decoding=\"async\" alt=\"altTextForImage\" src=\"https:\/\/m.media-amazon.com\/images\/S\/aplus-media-library-service-media\/d58b8253-48a7-4130-bf79-76293dd13fb5.__CR0,0,860,860_PT0_SX300_V1___.jpg\">  <\/p>\n<p>                                                    HDMI 2.1                                       <\/p>\n<p> El \u00faltimo est\u00e1ndar en la tecnolog\u00eda HDMIviene con tasas de refresco m\u00e1s r\u00e1pidas y mejores resoluciones, por lo que no solo abre nuevas posibilidades a la hora de ver contenidos, tambi\u00e9n para los gamers: con el HDMI 2.1, las consolas de \u00faltima generaci\u00f3n ofrecen todo su potencial. <\/p>\n<p>                                                                      <img decoding=\"async\" alt=\"altTextForImage\" src=\"https:\/\/images-na.ssl-images-amazon.com\/images\/G\/01\/x-locale\/common\/grey-pixel.gif\" class=\"a-spacing-mini a-lazy-loaded\" data-src=\"https:\/\/m.media-amazon.com\/images\/S\/aplus-media-library-service-media\/d7a5b08f-4919-4679-b0c1-6dcbccc2834e.__CR0,0,860,860_PT0_SX300_V1___.jpg\"><img decoding=\"async\" alt=\"altTextForImage\" src=\"https:\/\/m.media-amazon.com\/images\/S\/aplus-media-library-service-media\/d7a5b08f-4919-4679-b0c1-6dcbccc2834e.__CR0,0,860,860_PT0_SX300_V1___.jpg\">  <\/p>\n<h3 class=\"a-spacing-mini\"> VESA Certified DisplayHDR 400 <\/h3>\n<p class=\"a-spacing-base\"> VESA Certified DisplayHDR 400 <\/p>\n<p>                                                                      <img decoding=\"async\" alt=\"altTextForImage\" src=\"https:\/\/images-na.ssl-images-amazon.com\/images\/G\/01\/x-locale\/common\/grey-pixel.gif\" class=\"a-spacing-mini a-lazy-loaded\" data-src=\"https:\/\/m.media-amazon.com\/images\/S\/aplus-media-library-service-media\/27a00041-9a65-4353-ad81-508535fa3bd1.__CR0,0,860,860_PT0_SX300_V1___.jpg\"><img decoding=\"async\" alt=\"altTextForImage\" src=\"https:\/\/m.media-amazon.com\/images\/S\/aplus-media-library-service-media\/27a00041-9a65-4353-ad81-508535fa3bd1.__CR0,0,860,860_PT0_SX300_V1___.jpg\">  <\/p>\n<h3 class=\"a-spacing-mini\"> Tiempo de respuesta MPRT de 0,3 ms <\/h3>\n<p class=\"a-spacing-base\"> Siente la experiencia de juego verdaderamente inmersiva. Ya sea que est\u00e9s navegando en un juego de carreras de ritmo r\u00e1pido o participando en una batalla de alto riesgo, \u00a1cada milisegundo cuenta! El monitor MPRT de 0,3 ms podr\u00eda ser su boleto hacia la excelencia en los juegos, con tiempos de reacci\u00f3n r\u00e1pidos y una jugabilidad fluida. <\/p>\n<p>                                                                      <img decoding=\"async\" alt=\"altTextForImage\" src=\"https:\/\/images-na.ssl-images-amazon.com\/images\/G\/01\/x-locale\/common\/grey-pixel.gif\" class=\"a-spacing-mini a-lazy-loaded\" data-src=\"https:\/\/m.media-amazon.com\/images\/S\/aplus-media-library-service-media\/dcc48237-73fa-4c5a-9f43-4f5c209dee3c.__CR0,0,860,860_PT0_SX300_V1___.jpg\"><img decoding=\"async\" alt=\"altTextForImage\" src=\"https:\/\/m.media-amazon.com\/images\/S\/aplus-media-library-service-media\/dcc48237-73fa-4c5a-9f43-4f5c209dee3c.__CR0,0,860,860_PT0_SX300_V1___.jpg\">  <\/p>\n<h3 class=\"a-spacing-mini\"> Puertos USB <\/h3>\n<p class=\"a-spacing-base\"> Los puertos USB integrados en los monitores de AOC dotan a tu escritorio de un funcionamiento pr\u00e1ctico y sencillo. Los puertos montados en los laterales se alcanzan con facilidad sin necesidad de mirarlos. \u00a1Olv\u00eddate de volver a perder el tiempo buscando un puerto libre en la parte de atr\u00e1s del ordenador. <\/p>\n<p>                                                                      <img decoding=\"async\" alt=\"altTextForImage\" src=\"https:\/\/images-na.ssl-images-amazon.com\/images\/G\/01\/x-locale\/common\/grey-pixel.gif\" class=\"a-spacing-mini a-lazy-loaded\" data-src=\"https:\/\/m.media-amazon.com\/images\/S\/aplus-media-library-service-media\/148f7542-3241-4fe4-b762-afce20e990f2.__CR0,0,860,860_PT0_SX300_V1___.jpg\"><img decoding=\"async\" alt=\"altTextForImage\" src=\"https:\/\/m.media-amazon.com\/images\/S\/aplus-media-library-service-media\/148f7542-3241-4fe4-b762-afce20e990f2.__CR0,0,860,860_PT0_SX300_V1___.jpg\">  <\/p>\n<h3 class=\"a-spacing-mini\"> G-MENU <\/h3>\n<p class=\"a-spacing-base\"> AOC G-Menu es una aplicaci\u00f3n complementaria que puedes instalar en tu ordenador para personalizar tu producto y hacerlo m\u00e1s pr\u00e1ctico todav\u00eda. <\/p>\n<p>                                                                    <img decoding=\"async\" alt=\"\" src=\"https:\/\/images-na.ssl-images-amazon.com\/images\/G\/01\/x-locale\/common\/grey-pixel.gif\" class=\"a-lazy-loaded\" data-src=\"https:\/\/m.media-amazon.com\/images\/S\/aplus-media-library-service-media\/d7a5b08f-4919-4679-b0c1-6dcbccc2834e.__CR0,0,860,860_PT0_SX300_V1___.jpg\"><img decoding=\"async\" alt=\"\" src=\"https:\/\/m.media-amazon.com\/images\/S\/aplus-media-library-service-media\/d7a5b08f-4919-4679-b0c1-6dcbccc2834e.__CR0,0,860,860_PT0_SX300_V1___.jpg\">   <\/p>\n<p>                                                                    <img decoding=\"async\" alt=\"\" src=\"https:\/\/images-na.ssl-images-amazon.com\/images\/G\/01\/x-locale\/common\/grey-pixel.gif\" class=\"a-lazy-loaded\" data-src=\"https:\/\/m.media-amazon.com\/images\/S\/aplus-media-library-service-media\/27a00041-9a65-4353-ad81-508535fa3bd1.__CR0,0,860,860_PT0_SX300_V1___.jpg\"><img decoding=\"async\" alt=\"\" src=\"https:\/\/m.media-amazon.com\/images\/S\/aplus-media-library-service-media\/27a00041-9a65-4353-ad81-508535fa3bd1.__CR0,0,860,860_PT0_SX300_V1___.jpg\">   <\/p>\n<p>                                                                    <img decoding=\"async\" alt=\"\" src=\"https:\/\/images-na.ssl-images-amazon.com\/images\/G\/01\/x-locale\/common\/grey-pixel.gif\" class=\"a-lazy-loaded\" data-src=\"https:\/\/m.media-amazon.com\/images\/S\/aplus-media-library-service-media\/dcc48237-73fa-4c5a-9f43-4f5c209dee3c.__CR0,0,860,860_PT0_SX300_V1___.jpg\"><img decoding=\"async\" alt=\"\" src=\"https:\/\/m.media-amazon.com\/images\/S\/aplus-media-library-service-media\/dcc48237-73fa-4c5a-9f43-4f5c209dee3c.__CR0,0,860,860_PT0_SX300_V1___.jpg\">   <\/p>\n<p>                                                                    <img decoding=\"async\" alt=\"\" src=\"https:\/\/images-na.ssl-images-amazon.com\/images\/G\/01\/x-locale\/common\/grey-pixel.gif\" class=\"a-lazy-loaded\" data-src=\"https:\/\/m.media-amazon.com\/images\/S\/aplus-media-library-service-media\/148f7542-3241-4fe4-b762-afce20e990f2.__CR0,0,860,860_PT0_SX300_V1___.jpg\"><img decoding=\"async\" alt=\"\" src=\"https:\/\/m.media-amazon.com\/images\/S\/aplus-media-library-service-media\/148f7542-3241-4fe4-b762-afce20e990f2.__CR0,0,860,860_PT0_SX300_V1___.jpg\">   <\/p>\n<p> Product Dimensions                                            \u200f                                            :                                            \u200e                                            26.94 x 80.81 x 53.47 cm; 10 kg   <br \/> Manufacturer                                            \u200f                                            :                                            \u200e                                            AOC International   <br \/> ASIN                                            \u200f                                            :                                            \u200e                                            B0DXFLVDT9   <br \/> Item model number                                            \u200f                                            :                                            \u200e                                            CU34G4Z   <br \/> Country of origin                                            \u200f                                            :                                            \u200e                                            China   <br \/> Guaranteed software updates until                                            \u200f                                            :                                            \u200e                                            unknown   <br \/>  Customer reviews:                                                                                            4.5               4.5 out of 5 stars                                  (8,311)                                              var dpAcrHasRegisteredArcLinkClickAction;                    P.when(&#8216;A&#8217;, &#8216;ready&#8217;).execute(function(A) {                        if (dpAcrHasRegisteredArcLinkClickAction !== true) {                            dpAcrHasRegisteredArcLinkClickAction = true;                            A.declarative(                                &#8216;acrLink-click-metrics&#8217;, &#8216;click&#8217;,                                { \u00aballowLinkDefault\u00bb: true },                                function (event) {                                    if (window.ue) {                                        ue.count(\u00abacrLinkClickCount\u00bb, (ue.count(\u00abacrLinkClickCount\u00bb) || 0) + 1);                                    }                                }                            );                        }                    });                                             P.when(&#8216;A&#8217;, &#8216;cf&#8217;).execute(function(A) {                A.declarative(&#8216;acrStarsLink-click-metrics&#8217;, &#8216;click&#8217;, { \u00aballowLinkDefault\u00bb : true },  function(event){                    if(window.ue) {                        ue.count(\u00abacrStarsLinkWithPopoverClickCount\u00bb, (ue.count(\u00abacrStarsLinkWithPopoverClickCount\u00bb) || 0) + 1);                    }                });            });                          <\/p>\n<p>Curved screen design for a more immersive experience<br \/>240Hz refresh rates for bright, ultra-smooth images<br \/>HDR400: High dynamic range for enhanced color and contrast, bringing a more vivid viewing experience.<br \/>AMD FreeSync Premium; Smooth, tear-free and stutter-free gameplay<br \/>Fast 0.3ms response (MPRT) for crisp image and smooth gameplay<\/p>\n\n","protected":false},"excerpt":{"rendered":"<p> From the manufacturer MONITOR CU34G4 ULTIMATE GAMING EXPERIENCE Tama\u00f1o de la pantalla (pulgadas): 34 Resoluci\u00f3n<\/p>","protected":false},"featured_media":40049,"comment_status":"open","ping_status":"closed","template":"","meta":[],"product_brand":[],"product_cat":[53],"product_tag":[1918,1298,1804,2923,1801,1802,1805,1803,1799,1807,876,2263,1806,11908,11907,754,137,1922,617,6067,544,5533,1569,844,6597,1808,1800,6599,2099],"class_list":{"0":"post-40048","1":"product","2":"type-product","3":"status-publish","4":"has-post-thumbnail","6":"product_cat-4k-monitors","7":"product_tag-1ms","8":"product_tag-240hz","9":"product_tag-32-inch-4k-monitor","10":"product_tag-3440x1440","11":"product_tag-3840x2160-monitor","12":"product_tag-4k-gaming-monitor","13":"product_tag-4k-hdr-monitor","14":"product_tag-4k-ips-monitor","15":"product_tag-4k-monitor","16":"product_tag-4k-monitor-price","17":"product_tag-adjustable","18":"product_tag-aoc","19":"product_tag-best-4k-monitor","20":"product_tag-blackred","21":"product_tag-cu34g4z","22":"product_tag-curved","23":"product_tag-fast","24":"product_tag-freesync","25":"product_tag-gaming","26":"product_tag-gtg","27":"product_tag-hdmi","28":"product_tag-hdr400","29":"product_tag-height","30":"product_tag-monitor","31":"product_tag-prem","32":"product_tag-professional-4k-monitor","33":"product_tag-uhd-monitor","34":"product_tag-usbhub","35":"product_tag-wqhd","37":"first","38":"instock","39":"shipping-taxable","40":"product-type-external"},"_links":{"self":[{"href":"https:\/\/comprasyconsejos.store\/en\/wp-json\/wp\/v2\/product\/40048","targetHints":{"allow":["GET"]}}],"collection":[{"href":"https:\/\/comprasyconsejos.store\/en\/wp-json\/wp\/v2\/product"}],"about":[{"href":"https:\/\/comprasyconsejos.store\/en\/wp-json\/wp\/v2\/types\/product"}],"replies":[{"embeddable":true,"href":"https:\/\/comprasyconsejos.store\/en\/wp-json\/wp\/v2\/comments?post=40048"}],"version-history":[{"count":0,"href":"https:\/\/comprasyconsejos.store\/en\/wp-json\/wp\/v2\/product\/40048\/revisions"}],"wp:featuredmedia":[{"embeddable":true,"href":"https:\/\/comprasyconsejos.store\/en\/wp-json\/wp\/v2\/media\/40049"}],"wp:attachment":[{"href":"https:\/\/comprasyconsejos.store\/en\/wp-json\/wp\/v2\/media?parent=40048"}],"wp:term":[{"taxonomy":"product_brand","embeddable":true,"href":"https:\/\/comprasyconsejos.store\/en\/wp-json\/wp\/v2\/product_brand?post=40048"},{"taxonomy":"product_cat","embeddable":true,"href":"https:\/\/comprasyconsejos.store\/en\/wp-json\/wp\/v2\/product_cat?post=40048"},{"taxonomy":"product_tag","embeddable":true,"href":"https:\/\/comprasyconsejos.store\/en\/wp-json\/wp\/v2\/product_tag?post=40048"}],"curies":[{"name":"wp","href":"https:\/\/api.w.org\/{rel}","templated":true}]}}