{"id":40052,"date":"2026-03-09T11:05:17","date_gmt":"2026-03-09T11:05:17","guid":{"rendered":"https:\/\/comprasyconsejos.store\/product\/msi-mag-275cqrf-qd-monitor-curvo-gaming-de-27-wqhd-2560-x-1440-rapid-va-panel-170hz-1ms-gtg-amd-freesync-premium-hdr-ready-quantum-dot-curvatura-1000r-color\/"},"modified":"2026-03-09T11:05:20","modified_gmt":"2026-03-09T11:05:20","slug":"msi-mag-275cqrf-qd-monitor-curvo-gaming-de-27-wqhd-2560-x-1440-rapid-va-panel-170hz-1ms-gtg-amd-freesync-premium-hdr-ready-quantum-dot-curvatura-1000r-color","status":"publish","type":"product","link":"https:\/\/comprasyconsejos.store\/en\/product\/msi-mag-275cqrf-qd-monitor-curvo-gaming-de-27-wqhd-2560-x-1440-rapid-va-panel-170hz-1ms-gtg-amd-freesync-premium-hdr-ready-quantum-dot-curvatura-1000r-color\/","title":{"rendered":"MSI mag 275CQRF-QD &#8211; Monitor Curvo Gaming de 27&#8243; WQHD 2560 x 1440, Rapid VA Panel, 170Hz \/ 1ms GTG, AMD FreeSync Premium, HDR Ready, Quantum Dot, Curvatura 1000R, Color"},"content":{"rendered":"<p>Price: <span style=\"color:#b12704\">\u20ac259.00<\/span><br \/><i><small>(as of Mar 09, 2026 11:05:17 UTC &#8211; <span class=\"wp_automatic_amazon_disclaimer\" title=\"Product prices and availability are accurate as of the date\/time indicated and are subject to change. Any price and availability information displayed on [relevant Amazon Site(s), as applicable] at the time of purchase will apply to the purchase of this product.\">Details<\/span>)<\/small><\/i><\/p>\n<p><a href=\"https:\/\/amazon.es\/dp\/B0C7MRVDG5?tag=man008-21\"><img decoding=\"async\" src=\"https:\/\/valvepress.s3.amazonaws.com\/imgs\/buy_now.png\"><\/a><br \/>\n<\/p>\n<p>                                             From the manufacturer   <\/p>\n<p>                                                  <img decoding=\"async\" alt=\"MAG 275CQRF QD \" src=\"https:\/\/images-na.ssl-images-amazon.com\/images\/G\/01\/x-locale\/common\/grey-pixel.gif\" class=\"a-lazy-loaded\" data-src=\"https:\/\/m.media-amazon.com\/images\/S\/aplus-media-library-service-media\/8b9b7672-0f32-4fbd-beb9-14483087d2e7.__CR0,0,1940,600_PT0_SX970_V1___.jpg\"><img decoding=\"async\" alt=\"MAG 275CQRF QD \" src=\"https:\/\/m.media-amazon.com\/images\/S\/aplus-media-library-service-media\/8b9b7672-0f32-4fbd-beb9-14483087d2e7.__CR0,0,1940,600_PT0_SX970_V1___.jpg\">  <\/p>\n<p>                                                      <img decoding=\"async\" alt=\"MAG 275CQRF QD \" src=\"https:\/\/images-na.ssl-images-amazon.com\/images\/G\/01\/x-locale\/common\/grey-pixel.gif\" class=\"a-spacing-mini a-lazy-loaded\" data-src=\"https:\/\/m.media-amazon.com\/images\/S\/aplus-media-library-service-media\/a5b19ca7-7172-4bfc-bd5e-846293237d05.__CR133,219,886,1182_PT0_SX300_V1___.jpg\"><img decoding=\"async\" alt=\"MAG 275CQRF QD \" src=\"https:\/\/m.media-amazon.com\/images\/S\/aplus-media-library-service-media\/a5b19ca7-7172-4bfc-bd5e-846293237d05.__CR133,219,886,1182_PT0_SX300_V1___.jpg\">  <\/p>\n<p>                                                              <img decoding=\"async\" alt=\"logo\" src=\"https:\/\/images-na.ssl-images-amazon.com\/images\/G\/01\/x-locale\/common\/grey-pixel.gif\" class=\"a-spacing-mini a-lazy-loaded\" data-src=\"https:\/\/m.media-amazon.com\/images\/S\/aplus-media\/vc\/e5bbe67d-3976-4142-a056-4ae93c65864c.__CR6,0,2598,1299_PT0_SX350_V1___.png\"><img decoding=\"async\" alt=\"logo\" src=\"https:\/\/m.media-amazon.com\/images\/S\/aplus-media\/vc\/e5bbe67d-3976-4142-a056-4ae93c65864c.__CR6,0,2598,1299_PT0_SX350_V1___.png\">                                          MSI: Para Gamers y Creators                                 <\/p>\n<p class=\"a-spacing-small a-size-small a-color-secondary\"> MSI es el nombre m\u00e1s reconocido en el gaming y los eSports. Hemos dedicado incontables horas y comprometido numerosos recursos para apoyar tanto a los gamers principiantes como a los profesionales y a cambio utilizar sus conocimientos y experiencias en nuestros productos. MSI integra todas las ambiciones de los gamers en sus plataformas de juego y lleva el rendimiento m\u00e1s all\u00e1 de los l\u00edmites. <\/p>\n<h3 class=\"a-spacing-mini\"> MAG 275CQRF QD  <\/h3>\n<p>                                          See Beyond the Game                                     <\/p>\n<p class=\"a-spacing-base\"> Equipado con un envolvente panel WQHD (2560&#215;1440) Rapid VA (1000R) curvo de 27&#8243; con tasa de refresco de 170 Hz y tiempo de respuesta de 1 ms, el monitor curvo gaming MAG 275CQRF-QD proporciona una ventaja competitiva sobre la mayor\u00eda de los rivales. El MAG 275CQRF-QD incorpora la tecnolog\u00eda AMD FreeSync Premium, que iguala las frecuencias de actualizaci\u00f3n de la pantalla y la GPU para ofrecer un gameplay muy fluido, y contraste din\u00e1mico HDR Ready. <\/p>\n<p>                                                          Curvatura de pantalla Inmersiva 1000R       Panel Rapid VA de 31,5&#8243; WQHD (2560&#215;1440)       Frecuencia de actualizaci\u00f3n extrema de 250 Hz y tiempo de respuesta ultrabajo de 1 ms (GtG) para juegos competitivos de alta velocidad       1.07 billones de colores (8 bits + FRC) con amplia gama (sRGB 115%, DCI-P3 91%)       Tecnolog\u00eda Quantum Dot        AMD FreeSync Premium certified       Visi\u00f3n nocturna      <\/p>\n<p class=\"apm-text-center\">\n                                                      <img decoding=\"async\" alt=\"msi-mag_325cqrxf-e_tailer_page-feature_1\" src=\"https:\/\/images-na.ssl-images-amazon.com\/images\/G\/01\/x-locale\/common\/grey-pixel.gif\" class=\"a-lazy-loaded\" data-src=\"https:\/\/m.media-amazon.com\/images\/S\/aplus-media-library-service-media\/f8bccb71-09ef-4758-8632-f7d0dc380592.__CR0,0,2000,2000_PT0_SX220_V1___.jpg\"><img decoding=\"async\" alt=\"msi-mag_325cqrxf-e_tailer_page-feature_1\" src=\"https:\/\/m.media-amazon.com\/images\/S\/aplus-media-library-service-media\/f8bccb71-09ef-4758-8632-f7d0dc380592.__CR0,0,2000,2000_PT0_SX220_V1___.jpg\">  <\/p>\n<p>                                                    Panel RAPID VA                                     <\/p>\n<p class=\"a-size-small\"> No produce distorsi\u00f3n de la imagen y los cambios de color son m\u00ednimos cuando se ve desde diferentes \u00e1ngulos. Adem\u00e1s, el tiempo de respuesta de la pantalla Rapid VA se acorta a 1 ms GTG para eliminar el desenfoque del monitor. <\/p>\n<p class=\"apm-text-center\">\n                                                      <img decoding=\"async\" alt=\"170Hz\" src=\"https:\/\/images-na.ssl-images-amazon.com\/images\/G\/01\/x-locale\/common\/grey-pixel.gif\" class=\"a-lazy-loaded\" data-src=\"https:\/\/m.media-amazon.com\/images\/S\/aplus-media-library-service-media\/03dd97cd-ae8c-4776-9e90-ef01f9183182.__CR0,0,2000,2000_PT0_SX220_V1___.jpg\"><img decoding=\"async\" alt=\"170Hz\" src=\"https:\/\/m.media-amazon.com\/images\/S\/aplus-media-library-service-media\/03dd97cd-ae8c-4776-9e90-ef01f9183182.__CR0,0,2000,2000_PT0_SX220_V1___.jpg\">  <\/p>\n<p>                                                    Tasa de refresco de 170Hz                                     <\/p>\n<p class=\"a-size-small\"> Disfruta de una mayor fluidez de movimiento y seguimiento con una frecuencia de actualizaci\u00f3n de 170 Hz y aprovecha todo el potencial del hardware de memoria y GPU de primera calidad. <\/p>\n<p class=\"a-size-small\"> El bajo tiempo de respuesta de 1 ms (GTG) reduce dr\u00e1sticamente el desenfoque del monitor y es esencial para los juegos de ritmo r\u00e1pido. <\/p>\n<p class=\"apm-text-center\">\n                                                      <img decoding=\"async\" alt=\"1000R\" src=\"https:\/\/images-na.ssl-images-amazon.com\/images\/G\/01\/x-locale\/common\/grey-pixel.gif\" class=\"a-lazy-loaded\" data-src=\"https:\/\/m.media-amazon.com\/images\/S\/aplus-media-library-service-media\/20b0b393-d016-4a41-b0e4-21c9e8bf1917.__CR0,0,2000,2000_PT0_SX220_V1___.jpg\"><img decoding=\"async\" alt=\"1000R\" src=\"https:\/\/m.media-amazon.com\/images\/S\/aplus-media-library-service-media\/20b0b393-d016-4a41-b0e4-21c9e8bf1917.__CR0,0,2000,2000_PT0_SX220_V1___.jpg\">  <\/p>\n<p>                                                    Curvatura inmersiva 1000R                                     <\/p>\n<p class=\"a-size-small\"> Dise\u00f1ado para juegos inmersivos y competitivos, el monitor cuenta con una incre\u00edble curvatura de 1000R (1000 mm de radio) para ofrecer la experiencia WQHD (2560 x 1440) de 27 pulgadas m\u00e1s envolvente a una distancia de visualizaci\u00f3n est\u00e1ndar. <\/p>\n<p class=\"apm-text-center\">\n                                                      <img decoding=\"async\" alt=\"msi-mag_325cqrxf-e_tailer_page-feature_4\" src=\"https:\/\/images-na.ssl-images-amazon.com\/images\/G\/01\/x-locale\/common\/grey-pixel.gif\" class=\"a-lazy-loaded\" data-src=\"https:\/\/m.media-amazon.com\/images\/S\/aplus-media-library-service-media\/9a1fd4b3-2820-4430-8fc9-7ca1108afafc.__CR0,0,2000,2000_PT0_SX220_V1___.jpg\"><img decoding=\"async\" alt=\"msi-mag_325cqrxf-e_tailer_page-feature_4\" src=\"https:\/\/m.media-amazon.com\/images\/S\/aplus-media-library-service-media\/9a1fd4b3-2820-4430-8fc9-7ca1108afafc.__CR0,0,2000,2000_PT0_SX220_V1___.jpg\">  <\/p>\n<p>                                                    Amplia Gama de Colores                                     <\/p>\n<p class=\"a-size-small\"> Los monitores MSI cubren una gama colores m\u00e1s amplia en comparaci\u00f3n con los monitores gen\u00e9ricos. Los colores y detalles parecen m\u00e1s realistas, lo que mejora la inmersi\u00f3n en el juego. <\/p>\n<p class=\"a-size-small\">\n<p>Colores de pantalla: 1.07 billones (8 bits + profundidad de color FRC)DCI-P3 \/ sRGB*: 91% \/ 115%         <\/p>\n<p class=\"a-size-small\"> *sRGB and DCI-P3 follow CIE1976 standard <\/p>\n<p class=\"apm-text-center\">\n                                                      <img decoding=\"async\" alt=\"HDR ready\" src=\"https:\/\/images-na.ssl-images-amazon.com\/images\/G\/01\/x-locale\/common\/grey-pixel.gif\" class=\"a-lazy-loaded\" data-src=\"https:\/\/m.media-amazon.com\/images\/S\/aplus-media-library-service-media\/30a577f0-3c85-4998-ba80-e603936302d1.__CR0,0,600,600_PT0_SX220_V1___.jpg\"><img decoding=\"async\" alt=\"HDR ready\" src=\"https:\/\/m.media-amazon.com\/images\/S\/aplus-media-library-service-media\/30a577f0-3c85-4998-ba80-e603936302d1.__CR0,0,600,600_PT0_SX220_V1___.jpg\">  <\/p>\n<p>                                                    HDR Ready                                     <\/p>\n<p class=\"a-size-small\"> Los monitores HDR Ready producen detalles superiores en las regiones m\u00e1s oscuras con un contraste din\u00e1mico realista que imita el ojo humano en el mundo real. <\/p>\n<p class=\"a-size-small\"> Relaci\u00f3n de contraste: 4000:1 <\/p>\n<p class=\"a-size-small\"> DCR: 100000000:1 <\/p>\n<p class=\"apm-text-center\">\n                                                      <img decoding=\"async\" alt=\"Freesync\" src=\"https:\/\/images-na.ssl-images-amazon.com\/images\/G\/01\/x-locale\/common\/grey-pixel.gif\" class=\"a-lazy-loaded\" data-src=\"https:\/\/m.media-amazon.com\/images\/S\/aplus-media-library-service-media\/4a9b13a5-5b4c-45d3-847a-f88a987104be.__CR0,0,2000,2000_PT0_SX220_V1___.jpg\"><img decoding=\"async\" alt=\"Freesync\" src=\"https:\/\/m.media-amazon.com\/images\/S\/aplus-media-library-service-media\/4a9b13a5-5b4c-45d3-847a-f88a987104be.__CR0,0,2000,2000_PT0_SX220_V1___.jpg\">  <\/p>\n<p>                                                    AMD FreeSync Premium                                     <\/p>\n<p class=\"a-size-small\"> AMD FreeSync Premium se suma al nivel b\u00e1sico de la tecnolog\u00eda FreeSync con una experiencia de juego fluida y sin tearing al m\u00e1ximo rendimiento. <\/p>\n<p class=\"a-size-small\"> Compensaci\u00f3n de framerate bajo <\/p>\n<p class=\"a-size-small\"> Baja latencia <\/p>\n<p class=\"apm-text-center\">\n                                                      <img decoding=\"async\" alt=\"Quantum Dot\" src=\"https:\/\/images-na.ssl-images-amazon.com\/images\/G\/01\/x-locale\/common\/grey-pixel.gif\" class=\"a-lazy-loaded\" data-src=\"https:\/\/m.media-amazon.com\/images\/S\/aplus-media-library-service-media\/f5535820-e912-4bc3-8f8c-12ddd9cff3ec.__CR0,0,2000,2000_PT0_SX220_V1___.jpg\"><img decoding=\"async\" alt=\"Quantum Dot\" src=\"https:\/\/m.media-amazon.com\/images\/S\/aplus-media-library-service-media\/f5535820-e912-4bc3-8f8c-12ddd9cff3ec.__CR0,0,2000,2000_PT0_SX220_V1___.jpg\">  <\/p>\n<p>                                                    Quantum Dot                                     <\/p>\n<p class=\"a-size-small\"> Colores cautivadores dise\u00f1ados en torno a necesidades y deseos reales, que enriquecen la forma en que ves realmente. Utilizando una capa de nanopart\u00edculas dise\u00f1adas din\u00e1micamente que dan como resultado colores y luminancia distintos en su pantalla. <\/p>\n<p class=\"a-size-small\"> Compensaci\u00f3n de baja frecuencia de imagen <\/p>\n<p class=\"a-size-small\"> Baja latencia <\/p>\n<p class=\"apm-text-center\">\n                                                      <img decoding=\"async\" alt=\"Night vision\" src=\"https:\/\/images-na.ssl-images-amazon.com\/images\/G\/01\/x-locale\/common\/grey-pixel.gif\" class=\"a-lazy-loaded\" data-src=\"https:\/\/m.media-amazon.com\/images\/S\/aplus-media-library-service-media\/17a2e445-6812-463f-b53e-7728cbfba577.__CR0,0,2000,2000_PT0_SX220_V1___.jpg\"><img decoding=\"async\" alt=\"Night vision\" src=\"https:\/\/m.media-amazon.com\/images\/S\/aplus-media-library-service-media\/17a2e445-6812-463f-b53e-7728cbfba577.__CR0,0,2000,2000_PT0_SX220_V1___.jpg\">  <\/p>\n<p>                                                    Visi\u00f3n nocturna                                     <\/p>\n<p class=\"a-size-small\"> MSI Night Vision, el primer sintonizador de color negro inteligente, puede realzar detalles cruciales y proporcionar un destello de luz durante las horas m\u00e1s oscuras. <\/p>\n<p class=\"a-size-small\"> Conectividad E\/S: <\/p>\n<p class=\"a-size-small\"> DisplayPort 1.2a: 2560 x 1440 (170 Hz m\u00e1x. mediante overclocking DisplayPort) <\/p>\n<p class=\"a-size-small\"> 2 x HDMI 2.0b: 2560 x 1440 (144 Hz m\u00e1x.) <\/p>\n<p> Batteries                                            \u200f                                            :                                            \u200e                                            1 A batteries required.   <br \/> Is discontinued by manufacturer                                            \u200f                                            :                                            \u200e                                            No   <br \/> Language                                            \u200f                                            :                                            \u200e                                            Spanish   <br \/> Product Dimensions                                            \u200f                                            :                                            \u200e                                            15.7 x 46.3 x 68.3 cm; 6.2 kg   <br \/> Manufacturer                                            \u200f                                            :                                            \u200e                                            MSI   <br \/> ASIN                                            \u200f                                            :                                            \u200e                                            B0C7MRVDG5   <br \/> Item model number                                            \u200f                                            :                                            \u200e                                            9S6-3CD24T-001   <br \/> Country of origin                                            \u200f                                            :                                            \u200e                                            Spain   <br \/> Guaranteed software updates until                                            \u200f                                            :                                            \u200e                                            unknown   <br \/>  Customer reviews:                                                                                            4.3               4.3 out of 5 stars                                  (29)                                              var dpAcrHasRegisteredArcLinkClickAction;                    P.when(&#8216;A&#8217;, &#8216;ready&#8217;).execute(function(A) {                        if (dpAcrHasRegisteredArcLinkClickAction !== true) {                            dpAcrHasRegisteredArcLinkClickAction = true;                            A.declarative(                                &#8216;acrLink-click-metrics&#8217;, &#8216;click&#8217;,                                { \u00aballowLinkDefault\u00bb: true },                                function (event) {                                    if (window.ue) {                                        ue.count(\u00abacrLinkClickCount\u00bb, (ue.count(\u00abacrLinkClickCount\u00bb) || 0) + 1);                                    }                                }                            );                        }                    });                                             P.when(&#8216;A&#8217;, &#8216;cf&#8217;).execute(function(A) {                A.declarative(&#8216;acrStarsLink-click-metrics&#8217;, &#8216;click&#8217;, { \u00aballowLinkDefault\u00bb : true },  function(event){                    if(window.ue) {                        ue.count(\u00abacrStarsLinkWithPopoverClickCount\u00bb, (ue.count(\u00abacrStarsLinkWithPopoverClickCount\u00bb) || 0) + 1);                    }                });            });                          <\/p>\n<p>EXTREME DIP, FRAMELESS GAMING &#8211; MSI curved monitors deliver an immersive gaming experience with a curvature of 1500R (1500mm radius) and a \u00abframeless\u00bb design, reducing bezel lines between displays<br \/>27&#8243; WQHD, 170HZ VA &#8211; High Definition 2560 x 1440 VA panel (16:9 aspect ratio) features a high refresh rate of 170Hz; a very low response time of 1ms is optimal for esports events<br \/>Wide Color Gamut &#8211; The G27C4X supports up to 1.07 billion colors (10 bits deep) with 113% sRGB for amazing color accuracy; less blue light to reduce eye strain<br \/>Optimal dynamic range with HDR Ready; Equipped with HDR technology that can produce visuals with details in dark areas with realistic dynamic contrast you can benefit from what the human eye sees in the real world<br \/>VERSATILE CONNECTIVITY &#8211; Interface options for PC, Mac, consoles and laptops include DisplayPort 1.4a (4K\/60Hz) and HDMI 2.0 (4K\/60Hz) ports and 5-way joystick navigator on the back<\/p>\n\n","protected":false},"excerpt":{"rendered":"<p> From the manufacturer MSI: Para Gamers y Creators MSI es el nombre m\u00e1s reconocido en<\/p>","protected":false},"featured_media":40053,"comment_status":"open","ping_status":"closed","template":"","meta":[],"product_brand":[],"product_cat":[52,54],"product_tag":[2917,1817,1822,3755,1918,1819,11909,1821,1816,1824,530,1823,312,5212,1825,9976,5872,1922,617,6067,1813,1820,429,844,1262,1033,1035,1818,5871,878,625,2099],"class_list":{"0":"post-40052","1":"product","2":"type-product","3":"status-publish","4":"has-post-thumbnail","6":"product_cat-2k-monitors","7":"product_cat-curved-monitors","8":"product_tag-1000r","9":"product_tag-1440p-monitor","10":"product_tag-144hz-2k-monitor","11":"product_tag-170hz","12":"product_tag-1ms","13":"product_tag-27-inch-2k-monitor","14":"product_tag-275cqrfqd","15":"product_tag-2k-gaming-monitor","16":"product_tag-2k-monitor","17":"product_tag-2k-monitor-price","18":"product_tag-amd","19":"product_tag-best-2k-monitor","20":"product_tag-color","21":"product_tag-curvatura","22":"product_tag-curved-2k-monitor","23":"product_tag-curvo","24":"product_tag-dot","25":"product_tag-freesync","26":"product_tag-gaming","27":"product_tag-gtg","28":"product_tag-hdr","29":"product_tag-ips-2k-monitor","30":"product_tag-mag","31":"product_tag-monitor","32":"product_tag-msi","33":"product_tag-panel","34":"product_tag-premium","35":"product_tag-qhd-monitor","36":"product_tag-quantum","37":"product_tag-rapid","38":"product_tag-ready","39":"product_tag-wqhd","41":"first","42":"instock","43":"shipping-taxable","44":"product-type-external"},"_links":{"self":[{"href":"https:\/\/comprasyconsejos.store\/en\/wp-json\/wp\/v2\/product\/40052","targetHints":{"allow":["GET"]}}],"collection":[{"href":"https:\/\/comprasyconsejos.store\/en\/wp-json\/wp\/v2\/product"}],"about":[{"href":"https:\/\/comprasyconsejos.store\/en\/wp-json\/wp\/v2\/types\/product"}],"replies":[{"embeddable":true,"href":"https:\/\/comprasyconsejos.store\/en\/wp-json\/wp\/v2\/comments?post=40052"}],"version-history":[{"count":0,"href":"https:\/\/comprasyconsejos.store\/en\/wp-json\/wp\/v2\/product\/40052\/revisions"}],"wp:featuredmedia":[{"embeddable":true,"href":"https:\/\/comprasyconsejos.store\/en\/wp-json\/wp\/v2\/media\/40053"}],"wp:attachment":[{"href":"https:\/\/comprasyconsejos.store\/en\/wp-json\/wp\/v2\/media?parent=40052"}],"wp:term":[{"taxonomy":"product_brand","embeddable":true,"href":"https:\/\/comprasyconsejos.store\/en\/wp-json\/wp\/v2\/product_brand?post=40052"},{"taxonomy":"product_cat","embeddable":true,"href":"https:\/\/comprasyconsejos.store\/en\/wp-json\/wp\/v2\/product_cat?post=40052"},{"taxonomy":"product_tag","embeddable":true,"href":"https:\/\/comprasyconsejos.store\/en\/wp-json\/wp\/v2\/product_tag?post=40052"}],"curies":[{"name":"wp","href":"https:\/\/api.w.org\/{rel}","templated":true}]}}