{"id":40058,"date":"2026-03-09T14:59:46","date_gmt":"2026-03-09T14:59:46","guid":{"rendered":"https:\/\/comprasyconsejos.store\/product\/limpiador-ultrasonidos-dental-con-uv-para-esterilizacionalta-frecuencia-de-45-khz-ultrasonic-cleaner4-modos-para-brackets-retenedores-protectores-nocturnos-alineadores-etc-200-mlblanco\/"},"modified":"2026-03-09T14:59:46","modified_gmt":"2026-03-09T14:59:46","slug":"limpiador-ultrasonidos-dental-con-uv-para-esterilizacionalta-frecuencia-de-45-khz-ultrasonic-cleaner4-modos-para-brackets-retenedores-protectores-nocturnos-alineadores-etc-200-mlblanco","status":"publish","type":"product","link":"https:\/\/comprasyconsejos.store\/en\/product\/limpiador-ultrasonidos-dental-con-uv-para-esterilizacionalta-frecuencia-de-45-khz-ultrasonic-cleaner4-modos-para-brackets-retenedores-protectores-nocturnos-alineadores-etc-200-mlblanco\/","title":{"rendered":"Limpiador Ultrasonidos Dental con UV para Esterilizaci\u00f3n,Alta Frecuencia de 45 kHz Ultrasonic Cleaner,4 Modos para Brackets, Retenedores, Protectores Nocturnos, Alineadores etc.,200 ml,Blanco"},"content":{"rendered":"<p>&#8211; Limpieza ultras\u00f3nica de grado cl\u00ednico: Su tecnolog\u00eda ultras\u00f3nica de alta frecuencia ofrece hasta 45.000 Hz para generar millones de peque\u00f1as burbujas que penetran profundamente en los espacios y surcos, eliminando eficazmente las manchas dif\u00edciles y la placa sin desgastar sus aparatos dentales. Con este limpiador ultras\u00f3nico profesional para retenedores, logre una limpieza profunda de sus art\u00edculos bucales en casa. Apto para brackets, retenedores, protectores nocturnos, alineadores, protectores bucales, joyas, etc.<br \/>\n&#8211; Equipado con l\u00e1mparas UV-C mejoradas de alta eficiencia para la desinfecci\u00f3n: 360\u00b0 eliminan las bacterias. El limpiador ultras\u00f3nico de retenedores no solo ofrece un efecto de limpieza incre\u00edble, sino que tambi\u00e9n elimina eficazmente el olor, proporcionando una tasa de limpieza m\u00e1s completa de hasta el 99.9%, manteniendo los art\u00edculos como nuevos con el paso del tiempo.<br \/>\n&#8211; 4 modos de limpieza profesionales \u00fanicos: Ajuste con un solo bot\u00f3n: \u2160, limpieza ultras\u00f3nica &#8211; 5 min; \u2161, limpieza profunda UVC 360\u00b0 &#8211; 5 min; \u2162, Ultras\u00f3nico + UVC &#8211; 5 min; \u2163, Temporizador de espera de 10 min (con pastillas en remojo) y Ultras\u00f3nico + UVC &#8211; 5 min; diferentes procesos de limpieza para satisfacer las necesidades de su dentadura postiza, con pastillas de limpieza (incluidas) o enjuague bucal para mejorar la limpieza.<br \/>\n&#8211; Gran capacidad de 200 ml: Dep\u00f3sito interior de limpieza de acero inoxidable S30408 de grado alimenticio, higi\u00e9nico y seguro. La mayor\u00eda de los art\u00edculos bucales tambi\u00e9n se pueden sumergir y limpiar completamente, desodorizando profundamente y manteniendo una frescura bucal duradera.<br \/>\n&#8211; Bajo nivel de ruido: La tecnolog\u00eda ultras\u00f3nica m\u00e1s avanzada alcanza el nivel de ruido ideal (\u226440 dB(A)). Su cubierta completamente sellada y base antideslizante garantizan un uso silencioso y una experiencia de uso excepcional y segura. Su dise\u00f1o aerodin\u00e1mico, suave, compacto y compacto no ocupa espacio en la encimera y permite una limpieza profunda de instrumentos de diversos tama\u00f1os.<br \/>\n&#8211; Detalles f\u00e1ciles de usar: 3 ventanas visibles para controlar el proceso de trabajo; base antideslizante para mayor seguridad; cubierta antipolvo completamente sellada para mayor higiene; tapa con borde para facilitar su uso; dep\u00f3sito interior apto para uso alimentario.<br \/>\n&#8211; Contenido: I, limpiador ultras\u00f3nico HYCHIKA; II, adaptador de corriente est\u00e1ndar espa\u00f1ol; III, manual de instrucciones; III, 1 pinza.<\/p>","protected":false},"excerpt":{"rendered":"<p>&#8211; Limpieza ultras\u00f3nica de grado cl\u00ednico: Su tecnolog\u00eda ultras\u00f3nica de alta frecuencia ofrece hasta 45.000 Hz para generar millones de<\/p>","protected":false},"featured_media":0,"comment_status":"open","ping_status":"closed","template":"","meta":[],"product_brand":[],"product_cat":[101],"product_tag":[],"class_list":{"0":"post-40058","1":"product","2":"type-product","3":"status-publish","5":"product_cat-accessories","7":"first","8":"instock","9":"shipping-taxable","10":"product-type-external"},"_links":{"self":[{"href":"https:\/\/comprasyconsejos.store\/en\/wp-json\/wp\/v2\/product\/40058","targetHints":{"allow":["GET"]}}],"collection":[{"href":"https:\/\/comprasyconsejos.store\/en\/wp-json\/wp\/v2\/product"}],"about":[{"href":"https:\/\/comprasyconsejos.store\/en\/wp-json\/wp\/v2\/types\/product"}],"replies":[{"embeddable":true,"href":"https:\/\/comprasyconsejos.store\/en\/wp-json\/wp\/v2\/comments?post=40058"}],"version-history":[{"count":0,"href":"https:\/\/comprasyconsejos.store\/en\/wp-json\/wp\/v2\/product\/40058\/revisions"}],"wp:attachment":[{"href":"https:\/\/comprasyconsejos.store\/en\/wp-json\/wp\/v2\/media?parent=40058"}],"wp:term":[{"taxonomy":"product_brand","embeddable":true,"href":"https:\/\/comprasyconsejos.store\/en\/wp-json\/wp\/v2\/product_brand?post=40058"},{"taxonomy":"product_cat","embeddable":true,"href":"https:\/\/comprasyconsejos.store\/en\/wp-json\/wp\/v2\/product_cat?post=40058"},{"taxonomy":"product_tag","embeddable":true,"href":"https:\/\/comprasyconsejos.store\/en\/wp-json\/wp\/v2\/product_tag?post=40058"}],"curies":[{"name":"wp","href":"https:\/\/api.w.org\/{rel}","templated":true}]}}