{"id":40109,"date":"2026-03-09T16:15:23","date_gmt":"2026-03-09T16:15:23","guid":{"rendered":"https:\/\/comprasyconsejos.store\/product\/philips-32b1u3900-monitor-32-uhd-wled-60hz-va-4-ms-gtg-tuv-eye-comfort-speakers-height-adjustable-3840x2160-2x-hdmi-2-0-1x-dp-1-4-usb-c-black\/"},"modified":"2026-03-09T16:15:28","modified_gmt":"2026-03-09T16:15:28","slug":"philips-32b1u3900-monitor-32-uhd-wled-60hz-va-4-ms-gtg-tuv-eye-comfort-speakers-height-adjustable-3840x2160-2x-hdmi-2-0-1x-dp-1-4-usb-c-black","status":"publish","type":"product","link":"https:\/\/comprasyconsejos.store\/en\/product\/philips-32b1u3900-monitor-32-uhd-wled-60hz-va-4-ms-gtg-tuv-eye-comfort-speakers-height-adjustable-3840x2160-2x-hdmi-2-0-1x-dp-1-4-usb-c-black\/","title":{"rendered":"Philips 32B1U3900 Monitor 32&#8243; UHD, WLED, 60Hz, VA, 4 ms GtG, TUV Eye Comfort, Speakers, Height Adjustable (3840&#215;2160, 2X HDMI 2.0, 1x DP 1.4, USB-C) Black"},"content":{"rendered":"<p>Price: <span style=\"color:#b12704\"><del>\u20ac399.00<\/del> - \u20ac366.48<\/span><br \/><i><small>(as of Mar 09, 2026 16:15:23 UTC &#8211; <span class=\"wp_automatic_amazon_disclaimer\" title=\"Product prices and availability are accurate as of the date\/time indicated and are subject to change. Any price and availability information displayed on [relevant Amazon Site(s), as applicable] at the time of purchase will apply to the purchase of this product.\">Details<\/span>)<\/small><\/i><\/p>\n<p><a href=\"https:\/\/amazon.es\/dp\/B0DLGQJ5YC?tag=man008-21\"><img decoding=\"async\" src=\"https:\/\/valvepress.s3.amazonaws.com\/imgs\/buy_now.png\"><\/a><br \/>\n<\/p>\n<p>                                             From the brand   <\/p>\n<p>                                              <img decoding=\"async\" alt=\"aplus content image\" src=\"https:\/\/images-na.ssl-images-amazon.com\/images\/G\/01\/x-locale\/common\/grey-pixel.gif\" class=\"a-lazy-loaded\" data-src=\"https:\/\/m.media-amazon.com\/images\/S\/aplus-media-library-service-media\/f8c95a3f-774f-4d59-8383-8c7f3514e6cf.__CR12,0,1476,630_PT0_SX1464_V1___.jpg\"><img decoding=\"async\" alt=\"aplus content image\" src=\"https:\/\/m.media-amazon.com\/images\/S\/aplus-media-library-service-media\/f8c95a3f-774f-4d59-8383-8c7f3514e6cf.__CR12,0,1476,630_PT0_SX1464_V1___.jpg\">  <\/p>\n<p>                                              <img decoding=\"async\" alt=\"aplus content image\" src=\"https:\/\/images-na.ssl-images-amazon.com\/images\/G\/01\/x-locale\/common\/grey-pixel.gif\" class=\"a-lazy-loaded\" data-src=\"https:\/\/m.media-amazon.com\/images\/S\/aplus-media-library-service-media\/1df33e20-5a0e-4d5a-936f-9cfcd1fee762.__CR0,0,362,453_PT0_SX362_V1___.jpg\"><img decoding=\"async\" alt=\"aplus content image\" src=\"https:\/\/m.media-amazon.com\/images\/S\/aplus-media-library-service-media\/1df33e20-5a0e-4d5a-936f-9cfcd1fee762.__CR0,0,362,453_PT0_SX362_V1___.jpg\">  <\/p>\n<h3> USO Profesional <\/h3>\n<p class=\"apm-brand-story-stores-link\">\n<h3> USE DOMESTICO <\/h3>\n<p class=\"apm-brand-story-stores-link\">\n<p>                                              <img decoding=\"async\" alt=\"El texto dice \u00abAcerca de nosotros\u00bb seguido de \u00abLos monitores Philips est\u00e1n dise\u00f1ados para hacer que la vida cotidiana sea m\u00e1s f\u00e1cil y m\u00e1s inteligente y m\u00e1s inspiradora\u00bb. Ya sea que est\u00e1 trabajando, creando, estudiando.\" src=\"https:\/\/images-na.ssl-images-amazon.com\/images\/G\/01\/x-locale\/common\/grey-pixel.gif\" class=\"a-lazy-loaded\" data-src=\"https:\/\/m.media-amazon.com\/images\/S\/aplus-media-library-service-media\/59805462-1f57-4b24-89c2-d7df1894e5ef.__CR0,0,362,453_PT0_SX362_V1___.jpg\"><img decoding=\"async\" alt=\"El texto dice \u00abAcerca de nosotros\u00bb seguido de \u00abLos monitores Philips est\u00e1n dise\u00f1ados para hacer que la vida cotidiana sea m\u00e1s f\u00e1cil y m\u00e1s inteligente y m\u00e1s inspiradora\u00bb. Ya sea que est\u00e1 trabajando, creando, estudiando.\" src=\"https:\/\/m.media-amazon.com\/images\/S\/aplus-media-library-service-media\/59805462-1f57-4b24-89c2-d7df1894e5ef.__CR0,0,362,453_PT0_SX362_V1___.jpg\">  <\/p>\n<p> Product Dimensions                                            \u200f                                            :                                            \u200e                                            28 x 71.4 x 63.1 cm; 11.47 kg   <br \/> Manufacturer                                            \u200f                                            :                                            \u200e                                            Philips   <br \/> ASIN                                            \u200f                                            :                                            \u200e                                            B0DLGQJ5YC   <br \/> Item model number                                            \u200f                                            :                                            \u200e                                            32B1U3900\/00   <br \/> Guaranteed software updates until                                            \u200f                                            :                                            \u200e                                            unknown   <br \/>  Customer reviews:                                                                                            4.4               4.4 out of 5 stars                                  (8)                                              var dpAcrHasRegisteredArcLinkClickAction;                    P.when(&#8216;A&#8217;, &#8216;ready&#8217;).execute(function(A) {                        if (dpAcrHasRegisteredArcLinkClickAction !== true) {                            dpAcrHasRegisteredArcLinkClickAction = true;                            A.declarative(                                &#8216;acrLink-click-metrics&#8217;, &#8216;click&#8217;,                                { \u00aballowLinkDefault\u00bb: true },                                function (event) {                                    if (window.ue) {                                        ue.count(\u00abacrLinkClickCount\u00bb, (ue.count(\u00abacrLinkClickCount\u00bb) || 0) + 1);                                    }                                }                            );                        }                    });                                             P.when(&#8216;A&#8217;, &#8216;cf&#8217;).execute(function(A) {                A.declarative(&#8216;acrStarsLink-click-metrics&#8217;, &#8216;click&#8217;, { \u00aballowLinkDefault\u00bb : true },  function(event){                    if(window.ue) {                        ue.count(\u00abacrStarsLinkWithPopoverClickCount\u00bb, (ue.count(\u00abacrStarsLinkWithPopoverClickCount\u00bb) || 0) + 1);                    }                });            });                          <\/p>\n<p>Built-in stereo speakers for multimedia<br \/>SmartErgoBase allows easy to use ergonomic adjustments<br \/>LowBlue mode for eye-pleasing productivity<br \/>EasyRead mode for paper-like reading experience<br \/>Less eye strain with Flicker-Free technology<\/p>\n\n","protected":false},"excerpt":{"rendered":"<p> From the brand USO Profesional USE DOMESTICO Product Dimensions \u200f : \u200e 28 x 71.4<\/p>","protected":false},"featured_media":40110,"comment_status":"open","ping_status":"closed","template":"","meta":[],"product_brand":[],"product_cat":[52,54],"product_tag":[1817,1822,1819,1821,1816,1824,11920,3145,1812,876,1823,307,3627,1825,1796,6067,544,1569,1820,844,7195,1818,1039,8813,684,188,7101],"class_list":{"0":"post-40109","1":"product","2":"type-product","3":"status-publish","4":"has-post-thumbnail","6":"product_cat-2k-monitors","7":"product_cat-curved-monitors","8":"product_tag-1440p-monitor","9":"product_tag-144hz-2k-monitor","10":"product_tag-27-inch-2k-monitor","11":"product_tag-2k-gaming-monitor","12":"product_tag-2k-monitor","13":"product_tag-2k-monitor-price","14":"product_tag-32b1u3900","15":"product_tag-3840x2160","16":"product_tag-60hz","17":"product_tag-adjustable","18":"product_tag-best-2k-monitor","19":"product_tag-black","20":"product_tag-comfort","21":"product_tag-curved-2k-monitor","22":"product_tag-eye","23":"product_tag-gtg","24":"product_tag-hdmi","25":"product_tag-height","26":"product_tag-ips-2k-monitor","27":"product_tag-monitor","28":"product_tag-philips","29":"product_tag-qhd-monitor","30":"product_tag-speakers","31":"product_tag-tuv","32":"product_tag-uhd","33":"product_tag-usbc","34":"product_tag-wled","36":"first","37":"instock","38":"sale","39":"shipping-taxable","40":"product-type-external"},"_links":{"self":[{"href":"https:\/\/comprasyconsejos.store\/en\/wp-json\/wp\/v2\/product\/40109","targetHints":{"allow":["GET"]}}],"collection":[{"href":"https:\/\/comprasyconsejos.store\/en\/wp-json\/wp\/v2\/product"}],"about":[{"href":"https:\/\/comprasyconsejos.store\/en\/wp-json\/wp\/v2\/types\/product"}],"replies":[{"embeddable":true,"href":"https:\/\/comprasyconsejos.store\/en\/wp-json\/wp\/v2\/comments?post=40109"}],"version-history":[{"count":0,"href":"https:\/\/comprasyconsejos.store\/en\/wp-json\/wp\/v2\/product\/40109\/revisions"}],"wp:featuredmedia":[{"embeddable":true,"href":"https:\/\/comprasyconsejos.store\/en\/wp-json\/wp\/v2\/media\/40110"}],"wp:attachment":[{"href":"https:\/\/comprasyconsejos.store\/en\/wp-json\/wp\/v2\/media?parent=40109"}],"wp:term":[{"taxonomy":"product_brand","embeddable":true,"href":"https:\/\/comprasyconsejos.store\/en\/wp-json\/wp\/v2\/product_brand?post=40109"},{"taxonomy":"product_cat","embeddable":true,"href":"https:\/\/comprasyconsejos.store\/en\/wp-json\/wp\/v2\/product_cat?post=40109"},{"taxonomy":"product_tag","embeddable":true,"href":"https:\/\/comprasyconsejos.store\/en\/wp-json\/wp\/v2\/product_tag?post=40109"}],"curies":[{"name":"wp","href":"https:\/\/api.w.org\/{rel}","templated":true}]}}