{"id":40164,"date":"2026-03-10T07:19:32","date_gmt":"2026-03-10T07:19:32","guid":{"rendered":"https:\/\/comprasyconsejos.store\/product\/canon-cl-561-original-ink-cartridges-xl-size-1-independent-multicolor-ink-cartridge-quality-printing-sustainable-packaging-compatible-with-pixma-inkjet-printers\/"},"modified":"2026-03-10T07:19:34","modified_gmt":"2026-03-10T07:19:34","slug":"canon-cl-561-original-ink-cartridges-xl-size-1-independent-multicolor-ink-cartridge-quality-printing-sustainable-packaging-compatible-with-pixma-inkjet-printers","status":"publish","type":"product","link":"https:\/\/comprasyconsejos.store\/en\/product\/canon-cl-561-original-ink-cartridges-xl-size-1-independent-multicolor-ink-cartridge-quality-printing-sustainable-packaging-compatible-with-pixma-inkjet-printers\/","title":{"rendered":"Canon CL-561, Original Ink Cartridges, XL Size, 1 Independent Multicolor Ink Cartridge, Quality Printing, Sustainable Packaging, Compatible with PIXMA Inkjet Printers"},"content":{"rendered":"<p>Price: <span style=\"color:#b12704\"><del>\u20ac28.99<\/del> - \u20ac25.99<\/span><br \/><i><small>(as of Mar 10, 2026 07:19:32 UTC &#8211; <span class=\"wp_automatic_amazon_disclaimer\" title=\"Product prices and availability are accurate as of the date\/time indicated and are subject to change. Any price and availability information displayed on [relevant Amazon Site(s), as applicable] at the time of purchase will apply to the purchase of this product.\">Details<\/span>)<\/small><\/i><\/p>\n<p><a href=\"https:\/\/amazon.es\/dp\/B07X61B1Z9?tag=man008-21\"><img decoding=\"async\" src=\"https:\/\/valvepress.s3.amazonaws.com\/imgs\/buy_now.png\"><\/a><br \/>\n<\/p>\n<p>                                             From the manufacturer   <\/p>\n<p>                                                                             <img decoding=\"async\" alt=\"CANON\" src=\"https:\/\/images-na.ssl-images-amazon.com\/images\/G\/01\/x-locale\/common\/grey-pixel.gif\" class=\"a-spacing-base a-lazy-loaded\" data-src=\"https:\/\/m.media-amazon.com\/images\/S\/aplus-media\/sota\/f6f57999-e50c-45c4-a04c-2128e32be6fe.__CR0,0,970,600_PT0_SX970_V1___.jpg\"><img decoding=\"async\" alt=\"CANON\" src=\"https:\/\/m.media-amazon.com\/images\/S\/aplus-media\/sota\/f6f57999-e50c-45c4-a04c-2128e32be6fe.__CR0,0,970,600_PT0_SX970_V1___.jpg\">                                                                     <\/p>\n<p class=\"a-spacing-base\"> Fundada en 1937, Canon es una empresa de tecnolog\u00eda dedicada a ayudar a las personas a reinventar y ampliar los l\u00edmites de lo que es posible a trav\u00e9s de la imagen. <\/p>\n<p class=\"a-spacing-base\"> La innovaci\u00f3n continua de Canon los ha mantenido a la vanguardia de la excelencia en im\u00e1genes a lo largo de sus 80 a\u00f1os de historia, lo que les ha permitido desarrollar tecnolog\u00eda l\u00edder en la industria para satisfacer las demandas futuras de fot\u00f3grafos, camar\u00f3grafos, trabajadores de oficina, impresores profesionales, expertos en im\u00e1genes m\u00e9dicas y mucho m\u00e1s. <\/p>\n<p class=\"a-spacing-base\"> Utilizan sus tecnolog\u00edas de imagen para ir m\u00e1s all\u00e1 de su gama completa de productos existentes y cultivar nuevas \u00e1reas comerciales donde su tecnolog\u00eda de imagen puede ampliar los l\u00edmites de lo que es posible. Esta filosof\u00eda se aplica a \u00e1reas como el desarrollo de sat\u00e9lites, los avances en medicina y las crecientes posibilidades de impresi\u00f3n, equipos industriales y c\u00e1maras de video en red, su contribuci\u00f3n a la creaci\u00f3n de ciudades inteligentes. Las principales tecnolog\u00edas \u00f3pticas y de im\u00e1genes de Canon tambi\u00e9n contribuyen a los avances en astronom\u00eda. <\/p>\n<p>                                                                             <img decoding=\"async\" alt=\"CANON\" src=\"https:\/\/images-na.ssl-images-amazon.com\/images\/G\/01\/x-locale\/common\/grey-pixel.gif\" class=\"a-spacing-base a-lazy-loaded\" data-src=\"https:\/\/m.media-amazon.com\/images\/S\/aplus-media\/sota\/f82edcb8-fd84-4862-89f5-3b1ed09d2387.__CR0,0,970,600_PT0_SX970_V1___.jpg\"><img decoding=\"async\" alt=\"CANON\" src=\"https:\/\/m.media-amazon.com\/images\/S\/aplus-media\/sota\/f82edcb8-fd84-4862-89f5-3b1ed09d2387.__CR0,0,970,600_PT0_SX970_V1___.jpg\">                                                                       <\/p>\n<p>                                                                             <img decoding=\"async\" alt=\"CANON\" src=\"https:\/\/images-na.ssl-images-amazon.com\/images\/G\/01\/x-locale\/common\/grey-pixel.gif\" class=\"a-spacing-base a-lazy-loaded\" data-src=\"https:\/\/m.media-amazon.com\/images\/S\/aplus-media\/sota\/1038a5f1-b6b8-46e8-a4fd-ea58f8355a31.__CR0,0,970,600_PT0_SX970_V1___.jpg\"><img decoding=\"async\" alt=\"CANON\" src=\"https:\/\/m.media-amazon.com\/images\/S\/aplus-media\/sota\/1038a5f1-b6b8-46e8-a4fd-ea58f8355a31.__CR0,0,970,600_PT0_SX970_V1___.jpg\">                                                                    <\/p>\n<p> Batteries                                            \u200f                                            :                                            \u200e                                            1 Lithium Ion batteries required.   <br \/> Is discontinued by manufacturer                                            \u200f                                            :                                            \u200e                                            No   <br \/> Product Dimensions                                            \u200f                                            :                                            \u200e                                            2.54 x 2.54 x 2.54 cm; 76 g   <br \/> Manufacturer                                            \u200f                                            :                                            \u200e                                            Canon   <br \/> ASIN                                            \u200f                                            :                                            \u200e                                            B07X61B1Z9   <br \/> Item model number                                            \u200f                                            :                                            \u200e                                            CLI-561   <br \/> Country of origin                                            \u200f                                            :                                            \u200e                                            China   <br \/>  Customer reviews:                                                                                            4.8               4.8 out of 5 stars                                  (2,742)                                              var dpAcrHasRegisteredArcLinkClickAction;                    P.when(&#8216;A&#8217;, &#8216;ready&#8217;).execute(function(A) {                        if (dpAcrHasRegisteredArcLinkClickAction !== true) {                            dpAcrHasRegisteredArcLinkClickAction = true;                            A.declarative(                                &#8216;acrLink-click-metrics&#8217;, &#8216;click&#8217;,                                { \u00aballowLinkDefault\u00bb: true },                                function (event) {                                    if (window.ue) {                                        ue.count(\u00abacrLinkClickCount\u00bb, (ue.count(\u00abacrLinkClickCount\u00bb) || 0) + 1);                                    }                                }                            );                        }                    });                                             P.when(&#8216;A&#8217;, &#8216;cf&#8217;).execute(function(A) {                A.declarative(&#8216;acrStarsLink-click-metrics&#8217;, &#8216;click&#8217;, { \u00aballowLinkDefault\u00bb : true },  function(event){                    if(window.ue) {                        ue.count(\u00abacrStarsLinkWithPopoverClickCount\u00bb, (ue.count(\u00abacrStarsLinkWithPopoverClickCount\u00bb) || 0) + 1);                    }                });            });                          <\/p>\n<p>Original Canon ink cartridges deliver consistent, reliable and exceptionally long-lasting results that, on average, produce 35% more quality prints than those from other manufacturers.<br \/>XL cartridges: XL cartridge format allows you to print more and replace your cartridge less frequently.<br \/>ENVIRONMENTALLY CONCERNED &#8211; This product is made with 100% recyclable packaging.<br \/>Environmental awareness: You can recycle or reuse all Canon ink and toner cartridges. It&#8217;s free, easy and environmentally friendly.<br \/>Compatible with the following Canon PIXMA Printer Models: PIXMA TS5350, PIXMA TS5351, PIXMA TS5352, PIXMA TS5353, PIXMA TS7450, PIXMA TS7451, PIXMA TS5351a, PIXMA TS7450a, PIXMA TS5350a, PIXMA TS5350a, PIXMA TS5350a, PIXMA TS5350a, PIXMA TS5350a, PIXMA TS53 52a, PIXMA TS7451a, PIXMA TS5350i, PIXMA TS5351i, PIXMA TS7450i, PIXMA TS7451i<\/p>\n\n","protected":false},"excerpt":{"rendered":"<p> From the manufacturer Fundada en 1937, Canon es una empresa de tecnolog\u00eda dedicada a ayudar<\/p>","protected":false},"featured_media":40165,"comment_status":"open","ping_status":"closed","template":"","meta":[],"product_brand":[],"product_cat":[57],"product_tag":[2140,2184,2903,2290,2134,11933,2126,201,2129,5654,1980,1953,1961,2145,2142,4133,2143,457,3182,2132,2185,2906,2276,1270,1359,8415,2136],"class_list":{"0":"post-40164","1":"product","2":"type-product","3":"status-publish","4":"has-post-thumbnail","6":"product_cat-inkjet-printers","7":"product_tag-best-inkjet-printer","8":"product_tag-canon","9":"product_tag-cartridge","10":"product_tag-cartridges","11":"product_tag-cheap-inkjet-printer","12":"product_tag-cl561","13":"product_tag-color-inkjet-printer","14":"product_tag-compatible","15":"product_tag-home-inkjet-printer","16":"product_tag-independent","17":"product_tag-ink","18":"product_tag-ink-tank-printer","19":"product_tag-inkjet","20":"product_tag-inkjet-printer","21":"product_tag-inkjet-printer-price","22":"product_tag-multicolor","23":"product_tag-office-inkjet-printer","24":"product_tag-original","25":"product_tag-packaging","26":"product_tag-photo-inkjet-printer","27":"product_tag-pixma","28":"product_tag-printers","29":"product_tag-printing","30":"product_tag-quality","31":"product_tag-size","32":"product_tag-sustainable","33":"product_tag-wireless-inkjet-printer","35":"first","36":"instock","37":"sale","38":"shipping-taxable","39":"product-type-external"},"_links":{"self":[{"href":"https:\/\/comprasyconsejos.store\/en\/wp-json\/wp\/v2\/product\/40164","targetHints":{"allow":["GET"]}}],"collection":[{"href":"https:\/\/comprasyconsejos.store\/en\/wp-json\/wp\/v2\/product"}],"about":[{"href":"https:\/\/comprasyconsejos.store\/en\/wp-json\/wp\/v2\/types\/product"}],"replies":[{"embeddable":true,"href":"https:\/\/comprasyconsejos.store\/en\/wp-json\/wp\/v2\/comments?post=40164"}],"version-history":[{"count":0,"href":"https:\/\/comprasyconsejos.store\/en\/wp-json\/wp\/v2\/product\/40164\/revisions"}],"wp:featuredmedia":[{"embeddable":true,"href":"https:\/\/comprasyconsejos.store\/en\/wp-json\/wp\/v2\/media\/40165"}],"wp:attachment":[{"href":"https:\/\/comprasyconsejos.store\/en\/wp-json\/wp\/v2\/media?parent=40164"}],"wp:term":[{"taxonomy":"product_brand","embeddable":true,"href":"https:\/\/comprasyconsejos.store\/en\/wp-json\/wp\/v2\/product_brand?post=40164"},{"taxonomy":"product_cat","embeddable":true,"href":"https:\/\/comprasyconsejos.store\/en\/wp-json\/wp\/v2\/product_cat?post=40164"},{"taxonomy":"product_tag","embeddable":true,"href":"https:\/\/comprasyconsejos.store\/en\/wp-json\/wp\/v2\/product_tag?post=40164"}],"curies":[{"name":"wp","href":"https:\/\/api.w.org\/{rel}","templated":true}]}}