{"id":40215,"date":"2026-03-10T12:05:01","date_gmt":"2026-03-10T12:05:01","guid":{"rendered":"https:\/\/comprasyconsejos.store\/product\/upgraded-portable-inkjet-printer-12-7mm-inkjet-printing-machine-quick-dry-portable-inkjet-printer-printing-or\/"},"modified":"2026-03-10T12:05:07","modified_gmt":"2026-03-10T12:05:07","slug":"upgraded-portable-inkjet-printer-12-7mm-inkjet-printing-machine-quick-dry-portable-inkjet-printer-printing-or","status":"publish","type":"product","link":"https:\/\/comprasyconsejos.store\/en\/product\/upgraded-portable-inkjet-printer-12-7mm-inkjet-printing-machine-quick-dry-portable-inkjet-printer-printing-or\/","title":{"rendered":"Upgraded Portable Inkjet Printer, 12.7mm Inkjet Printing Machine, Quick Dry Portable Inkjet Printer Printing or"},"content":{"rendered":"<p>Price: <span style=\"color:#b12704\">\u20ac85.09<\/span><br \/><i><small>(as of Mar 10, 2026 12:05:01 UTC &#8211; <span class=\"wp_automatic_amazon_disclaimer\" title=\"Product prices and availability are accurate as of the date\/time indicated and are subject to change. Any price and availability information displayed on [relevant Amazon Site(s), as applicable] at the time of purchase will apply to the purchase of this product.\">Details<\/span>)<\/small><\/i><\/p>\n<p><a href=\"https:\/\/amazon.es\/dp\/B0DQ8R492K?tag=man008-21\"><img decoding=\"async\" src=\"https:\/\/valvepress.s3.amazonaws.com\/imgs\/buy_now.png\"><\/a><br \/>\n<\/p>\n<p>                                             Product Description   <\/p>\n<p>                                                                             <img decoding=\"async\" alt=\"Handheld Printer 12.7mm Inkjet Printing Machine\" src=\"https:\/\/images-na.ssl-images-amazon.com\/images\/G\/01\/x-locale\/common\/grey-pixel.gif\" class=\"a-spacing-base a-lazy-loaded\" data-src=\"https:\/\/m.media-amazon.com\/images\/S\/aplus-media-library-service-media\/0d57279f-1994-4d9b-afcc-0041efa9a5af.__CR0,0,970,600_PT0_SX970_V1___.jpg\"><img decoding=\"async\" alt=\"Handheld Printer 12.7mm Inkjet Printing Machine\" src=\"https:\/\/m.media-amazon.com\/images\/S\/aplus-media-library-service-media\/0d57279f-1994-4d9b-afcc-0041efa9a5af.__CR0,0,970,600_PT0_SX970_V1___.jpg\">                                                                    <\/p>\n<p>                                                                             <img decoding=\"async\" alt=\"Handheld Printer 12.7mm Inkjet Printing Machine\" src=\"https:\/\/images-na.ssl-images-amazon.com\/images\/G\/01\/x-locale\/common\/grey-pixel.gif\" class=\"a-spacing-base a-lazy-loaded\" data-src=\"https:\/\/m.media-amazon.com\/images\/S\/aplus-media-library-service-media\/0b91d3a6-f425-47da-8498-181245376053.__CR0,0,970,600_PT0_SX970_V1___.jpg\"><img decoding=\"async\" alt=\"Handheld Printer 12.7mm Inkjet Printing Machine\" src=\"https:\/\/m.media-amazon.com\/images\/S\/aplus-media-library-service-media\/0b91d3a6-f425-47da-8498-181245376053.__CR0,0,970,600_PT0_SX970_V1___.jpg\">                                                                    <\/p>\n<p>                                                                             <img decoding=\"async\" alt=\"Handheld Printer 12.7mm Inkjet Printing Machine\" src=\"https:\/\/images-na.ssl-images-amazon.com\/images\/G\/01\/x-locale\/common\/grey-pixel.gif\" class=\"a-spacing-base a-lazy-loaded\" data-src=\"https:\/\/m.media-amazon.com\/images\/S\/aplus-media-library-service-media\/e9f1f3be-7422-4cb9-9148-29f76b55e5eb.__CR0,0,970,600_PT0_SX970_V1___.jpg\"><img decoding=\"async\" alt=\"Handheld Printer 12.7mm Inkjet Printing Machine\" src=\"https:\/\/m.media-amazon.com\/images\/S\/aplus-media-library-service-media\/e9f1f3be-7422-4cb9-9148-29f76b55e5eb.__CR0,0,970,600_PT0_SX970_V1___.jpg\">                                                                    <\/p>\n<p>                                                                             <img decoding=\"async\" alt=\"Handheld Printer 12.7mm Inkjet Printing Machine\" src=\"https:\/\/images-na.ssl-images-amazon.com\/images\/G\/01\/x-locale\/common\/grey-pixel.gif\" class=\"a-spacing-base a-lazy-loaded\" data-src=\"https:\/\/m.media-amazon.com\/images\/S\/aplus-media-library-service-media\/78ce9164-c68e-4405-9ca6-65beb1bd333a.__CR0,0,970,600_PT0_SX970_V1___.jpg\"><img decoding=\"async\" alt=\"Handheld Printer 12.7mm Inkjet Printing Machine\" src=\"https:\/\/m.media-amazon.com\/images\/S\/aplus-media-library-service-media\/78ce9164-c68e-4405-9ca6-65beb1bd333a.__CR0,0,970,600_PT0_SX970_V1___.jpg\">                                                                    <\/p>\n<p>                                                                             <img decoding=\"async\" alt=\"Handheld Printer 12.7mm Inkjet Printing Machine\" src=\"https:\/\/images-na.ssl-images-amazon.com\/images\/G\/01\/x-locale\/common\/grey-pixel.gif\" class=\"a-spacing-base a-lazy-loaded\" data-src=\"https:\/\/m.media-amazon.com\/images\/S\/aplus-media-library-service-media\/753b2b2d-6146-490d-95aa-780361c442b8.__CR0,0,970,600_PT0_SX970_V1___.jpg\"><img decoding=\"async\" alt=\"Handheld Printer 12.7mm Inkjet Printing Machine\" src=\"https:\/\/m.media-amazon.com\/images\/S\/aplus-media-library-service-media\/753b2b2d-6146-490d-95aa-780361c442b8.__CR0,0,970,600_PT0_SX970_V1___.jpg\">                                                                    <\/p>\n<p>                                                                             <img decoding=\"async\" alt=\"Handheld Printer 12.7mm Inkjet Printing Machine\" src=\"https:\/\/images-na.ssl-images-amazon.com\/images\/G\/01\/x-locale\/common\/grey-pixel.gif\" class=\"a-spacing-base a-lazy-loaded\" data-src=\"https:\/\/m.media-amazon.com\/images\/S\/aplus-media-library-service-media\/7c0cf5f7-1fca-4d6f-8e4f-bbf4540f46f9.__CR0,0,970,600_PT0_SX970_V1___.jpg\"><img decoding=\"async\" alt=\"Handheld Printer 12.7mm Inkjet Printing Machine\" src=\"https:\/\/m.media-amazon.com\/images\/S\/aplus-media-library-service-media\/7c0cf5f7-1fca-4d6f-8e4f-bbf4540f46f9.__CR0,0,970,600_PT0_SX970_V1___.jpg\">                                                                    <\/p>\n<p>                                                                             <img decoding=\"async\" alt=\"Handheld Printer 12.7mm Inkjet Printing Machine\" src=\"https:\/\/images-na.ssl-images-amazon.com\/images\/G\/01\/x-locale\/common\/grey-pixel.gif\" class=\"a-spacing-base a-lazy-loaded\" data-src=\"https:\/\/m.media-amazon.com\/images\/S\/aplus-media-library-service-media\/bc4353a2-2622-494c-9b01-c0d784b0d45b.__CR0,0,970,600_PT0_SX970_V1___.jpg\"><img decoding=\"async\" alt=\"Handheld Printer 12.7mm Inkjet Printing Machine\" src=\"https:\/\/m.media-amazon.com\/images\/S\/aplus-media-library-service-media\/bc4353a2-2622-494c-9b01-c0d784b0d45b.__CR0,0,970,600_PT0_SX970_V1___.jpg\">                                                                     <\/p>\n<p class=\"a-spacing-base\">\n<p> Especificaciones  Bater\u00eda: 1 x litio-1500 mah (integrado)  interfaz externa: interfaz type c, interfaz fotoel\u00e9ctrica  patr\u00f3n de tinta: ninguno debe comprarse separadamente  Contenido de la impresi\u00f3n, dat. serial number, image, etc.  Technology series number: 1-9 as variable serial number  print lines: 1-3 lines adjustable  printing ratio: 5 mm (between print head and the object to be printed)  print height: 2-12,7 mm adjustable  pressure accuracy: 300-600 dpi adjustable  Language: Simplified Chinese, traditional Chinese, Russian, Thai, German, German, German, German, German, French Japanese, Korean, Arabic, Turkish, Italian, Portuguese, Vietnamese, Bulgarian, Ukrainian, Polish, Hebrew, Hungarian, Greek, Indonesian, Dutch, Serbian, Malaysian, Filipino, Persian -External interface: USB, 3.5 mm interface  Operating system: For RTOS operating system  tintent type: water-based, oil-based, UV ante, 42 ml intentration cartridge  2D code, barcode, graphics, serial number, Fecha, base de datos variable, etc.  Materiales de impresi\u00f3n: cart\u00f3n, pl\u00e1stico, madera, tuber\u00eda, piedra, cable, embalaje industrial, etc. Stylus 7 x Accesorios 1 x Manual del usuario 1 x mango      <\/p>\n<p> Product Dimensions                                            \u200f                                            :                                            \u200e                                            26 x 16 x 10 cm; 470 g   <br \/> Manufacturer                                            \u200f                                            :                                            \u200e                                            Topiky   <br \/> ASIN                                            \u200f                                            :                                            \u200e                                            B0DQ8R492K   <br \/> Item model number                                            \u200f                                            :                                            \u200e                                            Topiky5d0gxypqbk   <br \/> Country\/Region of Origin                                            \u200f                                            :                                            \u200e                                            China   <br \/> Guaranteed software updates until                                            \u200f                                            :                                            \u200e                                            unknown   <br \/>  Customer reviews:                                                                                            1.0               1.0 out of 5 stars                                  (1)                                              var dpAcrHasRegisteredArcLinkClickAction;                    P.when(&#8216;A&#8217;, &#8216;ready&#8217;).execute(function(A) {                        if (dpAcrHasRegisteredArcLinkClickAction !== true) {                            dpAcrHasRegisteredArcLinkClickAction = true;                            A.declarative(                                &#8216;acrLink-click-metrics&#8217;, &#8216;click&#8217;,                                { \u00aballowLinkDefault\u00bb: true },                                function (event) {                                    if (window.ue) {                                        ue.count(\u00abacrLinkClickCount\u00bb, (ue.count(\u00abacrLinkClickCount\u00bb) || 0) + 1);                                    }                                }                            );                        }                    });                                             P.when(&#8216;A&#8217;, &#8216;cf&#8217;).execute(function(A) {                A.declarative(&#8216;acrStarsLink-click-metrics&#8217;, &#8216;click&#8217;, { \u00aballowLinkDefault\u00bb : true },  function(event){                    if(window.ue) {                        ue.count(\u00abacrStarsLinkWithPopoverClickCount\u00bb, (ue.count(\u00abacrStarsLinkWithPopoverClickCount\u00bb) || 0) + 1);                    }                });            });                          <\/p>\n<p>Friendly experience: this printer provides HD touch screen and simple user interface, bringing you a mobile phone-like user experience; 4-core smart CPU ensures smoother and more continuous operation of the<br \/>Touch Screen This portable printer adopts a full-adjustment and full view capacitive touch screen, which can be dragged, zoomed and edited with the touch of a finger; Supports multiple languages and has a wide range of applications.<br \/>Functions &#038; Features: External type C and photoelectric interface, built-in 1500MAH battery, providing long-lasting strength; 5mm printing distance, 2-12.7mm adjustable printing height, 300-600dpi adjustable accuracy<br \/>Applicable Range This portable inkjet printer is suitable for printing text, numbers, symbols, 2D codes, barcodes, pictures, time, date, labels, etc.It is suitable for wood, plastic, fabric, paper, leather and others. Materials<br \/>Flexible and Practical This portable printer is easy to operate and carry, has flexible coding, and can print various curved and irregular surfaces. It is suitable for cardboard boxes, plastic, wood, pipes, stone, cables and other surfaces.<\/p>\n\n","protected":false},"excerpt":{"rendered":"<p> Product Description Especificaciones Bater\u00eda: 1 x litio-1500 mah (integrado) interfaz externa: interfaz type c, interfaz<\/p>","protected":false},"featured_media":40216,"comment_status":"open","ping_status":"closed","template":"","meta":[],"product_brand":[],"product_cat":[57],"product_tag":[6463,2140,2134,2126,7747,2129,1953,1961,2145,2142,1909,2143,2132,290,1962,2276,301,900,2136],"class_list":{"0":"post-40215","1":"product","2":"type-product","3":"status-publish","4":"has-post-thumbnail","6":"product_cat-inkjet-printers","7":"product_tag-12-7mm","8":"product_tag-best-inkjet-printer","9":"product_tag-cheap-inkjet-printer","10":"product_tag-color-inkjet-printer","11":"product_tag-dry","12":"product_tag-home-inkjet-printer","13":"product_tag-ink-tank-printer","14":"product_tag-inkjet","15":"product_tag-inkjet-printer","16":"product_tag-inkjet-printer-price","17":"product_tag-machine","18":"product_tag-office-inkjet-printer","19":"product_tag-photo-inkjet-printer","20":"product_tag-portable","21":"product_tag-printer","22":"product_tag-printing","23":"product_tag-quick","24":"product_tag-upgraded","25":"product_tag-wireless-inkjet-printer","27":"first","28":"instock","29":"shipping-taxable","30":"product-type-external"},"_links":{"self":[{"href":"https:\/\/comprasyconsejos.store\/en\/wp-json\/wp\/v2\/product\/40215","targetHints":{"allow":["GET"]}}],"collection":[{"href":"https:\/\/comprasyconsejos.store\/en\/wp-json\/wp\/v2\/product"}],"about":[{"href":"https:\/\/comprasyconsejos.store\/en\/wp-json\/wp\/v2\/types\/product"}],"replies":[{"embeddable":true,"href":"https:\/\/comprasyconsejos.store\/en\/wp-json\/wp\/v2\/comments?post=40215"}],"version-history":[{"count":0,"href":"https:\/\/comprasyconsejos.store\/en\/wp-json\/wp\/v2\/product\/40215\/revisions"}],"wp:featuredmedia":[{"embeddable":true,"href":"https:\/\/comprasyconsejos.store\/en\/wp-json\/wp\/v2\/media\/40216"}],"wp:attachment":[{"href":"https:\/\/comprasyconsejos.store\/en\/wp-json\/wp\/v2\/media?parent=40215"}],"wp:term":[{"taxonomy":"product_brand","embeddable":true,"href":"https:\/\/comprasyconsejos.store\/en\/wp-json\/wp\/v2\/product_brand?post=40215"},{"taxonomy":"product_cat","embeddable":true,"href":"https:\/\/comprasyconsejos.store\/en\/wp-json\/wp\/v2\/product_cat?post=40215"},{"taxonomy":"product_tag","embeddable":true,"href":"https:\/\/comprasyconsejos.store\/en\/wp-json\/wp\/v2\/product_tag?post=40215"}],"curies":[{"name":"wp","href":"https:\/\/api.w.org\/{rel}","templated":true}]}}