{"id":40248,"date":"2026-03-10T18:31:33","date_gmt":"2026-03-10T18:31:33","guid":{"rendered":"https:\/\/comprasyconsejos.store\/product\/hychika-tijeras-cortasetos-telescopico-manual-111cm-tijeras-de-podar-cortasetos-cuchillas-de-acero-templado-hoja-de-214-mm-tijeras-jardin-para-podar-setos-y-arbustos\/"},"modified":"2026-03-10T18:31:33","modified_gmt":"2026-03-10T18:31:33","slug":"hychika-tijeras-cortasetos-telescopico-manual-111cm-tijeras-de-podar-cortasetos-cuchillas-de-acero-templado-hoja-de-214-mm-tijeras-jardin-para-podar-setos-y-arbustos","status":"publish","type":"product","link":"https:\/\/comprasyconsejos.store\/en\/product\/hychika-tijeras-cortasetos-telescopico-manual-111cm-tijeras-de-podar-cortasetos-cuchillas-de-acero-templado-hoja-de-214-mm-tijeras-jardin-para-podar-setos-y-arbustos\/","title":{"rendered":"HYCHIKA Tijeras Cortasetos Telescopico Manual 111CM, Tijeras de Podar Cortasetos, Cuchillas de Acero Templado, Hoja de 214 MM, Tijeras Jardin Para Podar Setos y Arbustos"},"content":{"rendered":"<p>&#8211; Cuchillas de acero al carbono de alta calidad: Hychika Cortasetos Telescopico Manual dise\u00f1adas para la poda de precisi\u00f3n, cuchillas afiladas de acero al carbono endurecido de larga duraci\u00f3n, longitud de la cuchilla 214MM, dise\u00f1o ondulado hace que el corte sea suave y f\u00e1cil, puede evitar que las ramas se deslicen en el proceso de poda, corte limpio y m\u00e1s propicio para el crecimiento de las plantas.<br \/>\n&#8211; Funci\u00f3n Telesc\u00f3pica: Las Tijeras de Cortasetos tienen funci\u00f3n telesc\u00f3pica, con 5 posiciones ajustables, puede ajustar y bloquear f\u00e1cilmente la longitud del mango, el m\u00e1s largo se puede ajustar hasta 111 CM, con lo que puede lograr la poda a larga distancia y la poda alta, para que pueda podar ramas altas sin necesidad de utilizar una escalera.<br \/>\n&#8211; Amortiguador: Las Tijeras Jardin est\u00e1n equipadas con un amortiguador y un ajustador de tuerca de flor, que reduce el impacto de las paradas repentinas durante la poda, alivia la presi\u00f3n sobre las mu\u00f1ecas y los hombros y garantiza que pueda podar durante largos periodos de tiempo sin fatiga, para que pueda disfrutar de una poda perfecta en todo momento.<br \/>\n&#8211; Dise\u00f1o ergon\u00f3mico: El mango de aluminio ligero con empu\u00f1adura de confort es ligero, antideslizante y proporciona mayor comodidad, control y seguridad durante el trabajo. La distribuci\u00f3n uniforme del peso entre la hoja y el mango facilita el levantamiento durante largos periodos de poda de \u00e1rboles, haci\u00e9ndole m\u00e1s eficiente y c\u00f3modo al podar plantas.<br \/>\n&#8211; AMPLIA APLICACI\u00d3N: Las Tijeras Cortasetos Telescopicas tienen un corte afilado y limpio y son port\u00e1tiles sobre la marcha, adecuadas para escenarios de poda de setos, arbustos, malas hierbas, ramas, paisajismo y jard\u00edn. Las Tijeras Jardineria de mango largo ofrecen un excelente rendimiento de corte y una larga durabilidad, ideales para el dise\u00f1o de jardines y paisajismo.<\/p>","protected":false},"excerpt":{"rendered":"<p>&#8211; Cuchillas de acero al carbono de alta calidad: Hychika Cortasetos Telescopico Manual dise\u00f1adas para la poda de precisi\u00f3n, cuchillas<\/p>","protected":false},"featured_media":0,"comment_status":"open","ping_status":"closed","template":"","meta":[],"product_brand":[],"product_cat":[101],"product_tag":[],"class_list":{"0":"post-40248","1":"product","2":"type-product","3":"status-publish","5":"product_cat-accessories","7":"first","8":"instock","9":"sale","10":"shipping-taxable","11":"product-type-external"},"_links":{"self":[{"href":"https:\/\/comprasyconsejos.store\/en\/wp-json\/wp\/v2\/product\/40248","targetHints":{"allow":["GET"]}}],"collection":[{"href":"https:\/\/comprasyconsejos.store\/en\/wp-json\/wp\/v2\/product"}],"about":[{"href":"https:\/\/comprasyconsejos.store\/en\/wp-json\/wp\/v2\/types\/product"}],"replies":[{"embeddable":true,"href":"https:\/\/comprasyconsejos.store\/en\/wp-json\/wp\/v2\/comments?post=40248"}],"version-history":[{"count":0,"href":"https:\/\/comprasyconsejos.store\/en\/wp-json\/wp\/v2\/product\/40248\/revisions"}],"wp:attachment":[{"href":"https:\/\/comprasyconsejos.store\/en\/wp-json\/wp\/v2\/media?parent=40248"}],"wp:term":[{"taxonomy":"product_brand","embeddable":true,"href":"https:\/\/comprasyconsejos.store\/en\/wp-json\/wp\/v2\/product_brand?post=40248"},{"taxonomy":"product_cat","embeddable":true,"href":"https:\/\/comprasyconsejos.store\/en\/wp-json\/wp\/v2\/product_cat?post=40248"},{"taxonomy":"product_tag","embeddable":true,"href":"https:\/\/comprasyconsejos.store\/en\/wp-json\/wp\/v2\/product_tag?post=40248"}],"curies":[{"name":"wp","href":"https:\/\/api.w.org\/{rel}","templated":true}]}}