{"id":40249,"date":"2026-03-11T08:22:45","date_gmt":"2026-03-11T08:22:45","guid":{"rendered":"https:\/\/comprasyconsejos.store\/product\/auriculares-bluetooth-inalambricos-audifonos-de-oreja-abierta-clip-para-orejas-45g-ultraligerosbluetooth-5-49-audio-direccional45h-autonomia-ios-y-androidideal-para-llamadasoficina-y-deporte-2\/"},"modified":"2026-03-11T08:22:45","modified_gmt":"2026-03-11T08:22:45","slug":"auriculares-bluetooth-inalambricos-audifonos-de-oreja-abierta-clip-para-orejas-45g-ultraligerosbluetooth-5-49-audio-direccional45h-autonomia-ios-y-androidideal-para-llamadasoficina-y-deporte-2","status":"publish","type":"product","link":"https:\/\/comprasyconsejos.store\/en\/product\/auriculares-bluetooth-inalambricos-audifonos-de-oreja-abierta-clip-para-orejas-45g-ultraligerosbluetooth-5-49-audio-direccional45h-autonomia-ios-y-androidideal-para-llamadasoficina-y-deporte-2\/","title":{"rendered":"Auriculares Bluetooth Inal\u00e1mbricos, Aud\u00edfonos de Oreja Abierta, Clip para Orejas, 4,5g Ultraligeros,Bluetooth 5.49, Audio Direccional,45h Autonom\u00eda, iOS y Android,Ideal para Llamadas,Oficina y Deporte"},"content":{"rendered":"<p>&#8211; Auriculares open ear que no requieren insertarse en el canal auditivo y ofrecen un sonido n\u00edtido para usar en la oficina, en casa o mientras se monta en bicicleta o se conduce. Su dise\u00f1o ergon\u00f3mico se adapta al contorno de la oreja, minimizando el movimiento y garantizando la comodidad durante un uso prolongado. Estos auriculares de clip combinan comodidad y seguridad.<br \/>\n&#8211; Los auricular inal\u00e1mbrico deportivo proporcionan aproximadamente entre 6 y 8 horas de reproducci\u00f3n continua con una sola carga, y el estuche de carga prolonga la duraci\u00f3n de la bater\u00eda hasta un m\u00e1ximo de 45-60 horas. El estuche de los auriculares cuenta con una pantalla LED que muestra claramente la carga restante tanto de los auriculares como del propio estuche de carga. Estos fiables auriculares inalambricos clip permiten disfrutar sin interrupciones de la m\u00fasica y las llamadas desde el amanecer hasta bien entrada la noche.<br \/>\n&#8211; Los auriculares inalambricos open ear violeta cuentan con el \u00faltimo chip Bluetooth 5.49 para una conectividad m\u00e1s r\u00e1pida y estable. Esto minimiza eficazmente los cortes y la latencia del audio, lo que garantiza una experiencia de audio perfecta al ver v\u00eddeos o jugar. Se emparejan autom\u00e1ticamente al retirarlos y se vuelven a conectar sin problemas una vez conectados. Compatibles con smartphones, ordenadores, tabletas y otros dispositivos Bluetooth.<br \/>\n&#8211; Los auriculares open ear bluetooth para la oreja cuentan con controladores din\u00e1micos de 11 mm, que ofrecen una reproducci\u00f3n de sonido equilibrada desde las frecuencias bajas hasta las altas con precisi\u00f3n. La tecnolog\u00eda exclusiva de transmisi\u00f3n de sonido direccional suprime eficazmente las fugas de sonido, lo que le permite disfrutar de una escucha de alta calidad sin molestar a los dem\u00e1s. Un micr\u00f3fono ENC integrado de alto rendimiento cancela con precisi\u00f3n el ruido ambiental.<br \/>\n&#8211; Los bluetooth headphones la sensaci\u00f3n de aislamiento de los modelos intraauriculares, ni las vibraciones y la presi\u00f3n de los dispositivos de conducci\u00f3n \u00f3sea. Tambi\u00e9n eliminan las limitaciones de la banda para el cuello t\u00edpicas de los auriculares Bluetooth de conducci\u00f3n \u00f3sea. Con una experiencia de uso ligera como una pluma, cada auricular Bluetooth unilateral pesa solo 4,5 gramos, por lo que son tan c\u00f3modos que apenas notar\u00e1s que los llevas puestos. Siguen siendo c\u00f3modos para llevarlos puestos todo el d\u00eda, incluso durante entrenamientos de alta intensidad.<\/p>","protected":false},"excerpt":{"rendered":"<p>&#8211; Auriculares open ear que no requieren insertarse en el canal auditivo y ofrecen un sonido n\u00edtido para usar en<\/p>","protected":false},"featured_media":0,"comment_status":"open","ping_status":"closed","template":"","meta":[],"product_brand":[],"product_cat":[101],"product_tag":[],"class_list":{"0":"post-40249","1":"product","2":"type-product","3":"status-publish","5":"product_cat-accessories","7":"first","8":"instock","9":"sale","10":"shipping-taxable","11":"product-type-external"},"_links":{"self":[{"href":"https:\/\/comprasyconsejos.store\/en\/wp-json\/wp\/v2\/product\/40249","targetHints":{"allow":["GET"]}}],"collection":[{"href":"https:\/\/comprasyconsejos.store\/en\/wp-json\/wp\/v2\/product"}],"about":[{"href":"https:\/\/comprasyconsejos.store\/en\/wp-json\/wp\/v2\/types\/product"}],"replies":[{"embeddable":true,"href":"https:\/\/comprasyconsejos.store\/en\/wp-json\/wp\/v2\/comments?post=40249"}],"version-history":[{"count":0,"href":"https:\/\/comprasyconsejos.store\/en\/wp-json\/wp\/v2\/product\/40249\/revisions"}],"wp:attachment":[{"href":"https:\/\/comprasyconsejos.store\/en\/wp-json\/wp\/v2\/media?parent=40249"}],"wp:term":[{"taxonomy":"product_brand","embeddable":true,"href":"https:\/\/comprasyconsejos.store\/en\/wp-json\/wp\/v2\/product_brand?post=40249"},{"taxonomy":"product_cat","embeddable":true,"href":"https:\/\/comprasyconsejos.store\/en\/wp-json\/wp\/v2\/product_cat?post=40249"},{"taxonomy":"product_tag","embeddable":true,"href":"https:\/\/comprasyconsejos.store\/en\/wp-json\/wp\/v2\/product_tag?post=40249"}],"curies":[{"name":"wp","href":"https:\/\/api.w.org\/{rel}","templated":true}]}}