{"id":40250,"date":"2026-03-11T12:21:52","date_gmt":"2026-03-11T12:21:52","guid":{"rendered":"https:\/\/comprasyconsejos.store\/product\/outigo-desbrozadora-a-bateria-desbrozadora-electrica-a-bateria-equipada-con-2-baterias-y-4-cuchillas-cortacesped-plegable-de-800-w-adecuado-para-cortar-el-cesped-de-jardines-y-arbustos\/"},"modified":"2026-03-11T12:21:52","modified_gmt":"2026-03-11T12:21:52","slug":"outigo-desbrozadora-a-bateria-desbrozadora-electrica-a-bateria-equipada-con-2-baterias-y-4-cuchillas-cortacesped-plegable-de-800-w-adecuado-para-cortar-el-cesped-de-jardines-y-arbustos","status":"publish","type":"product","link":"https:\/\/comprasyconsejos.store\/en\/product\/outigo-desbrozadora-a-bateria-desbrozadora-electrica-a-bateria-equipada-con-2-baterias-y-4-cuchillas-cortacesped-plegable-de-800-w-adecuado-para-cortar-el-cesped-de-jardines-y-arbustos\/","title":{"rendered":"OUTIGO Desbrozadora a bater\u00eda, desbrozadora el\u00e9ctrica a bater\u00eda, Equipada con 2 bater\u00edas y 4 Cuchillas, cortac\u00e9sped Plegable de 800 W, Adecuado para Cortar el c\u00e9sped de Jardines y arbustos"},"content":{"rendered":"<p>&#8211; \u3010Cuerpo delgado y ligero para un almacenamiento sin esfuerzo\u3011Con un peso de solo 0,95 kg, su perfil delgado garantiza un manejo c\u00f3modo para usuarios de todas las edades y sexos. El cabezal de corte ajustable gira 90\u00b0 en todas las direcciones, llegando f\u00e1cilmente a las esquinas estrechas y los bordes de los parterres. El innovador dise\u00f1o plegable en tres partes reduce significativamente el espacio de almacenamiento cuando se compacta.<br \/>\n&#8211; \u3010Accesorios completos para un uso inmediato, asistencia posventa sin preocupaciones\u3011 El conjunto incluye: 1 cortac\u00e9sped inal\u00e1mbrico, 2 bater\u00edas, 1 cargador, 2 hojas de sierra de diamante de aleaci\u00f3n, 4 hojas rectas, 10 hojas de pl\u00e1stico, 4 hilos de corte de c\u00e9sped, 1 par de tijeras de mano, 1 par de guantes, 1 par de gafas de seguridad y 1 llave inglesa. Con todos los accesorios incluidos, est\u00e1 listo para usar nada m\u00e1s sacarlo de la caja.<\/p>","protected":false},"excerpt":{"rendered":"<p>&#8211; \u3010Cuerpo delgado y ligero para un almacenamiento sin esfuerzo\u3011Con un peso de solo 0,95 kg, su perfil delgado garantiza<\/p>","protected":false},"featured_media":0,"comment_status":"open","ping_status":"closed","template":"","meta":[],"product_brand":[],"product_cat":[101],"product_tag":[],"class_list":{"0":"post-40250","1":"product","2":"type-product","3":"status-publish","5":"product_cat-accessories","7":"first","8":"instock","9":"shipping-taxable","10":"product-type-external"},"_links":{"self":[{"href":"https:\/\/comprasyconsejos.store\/en\/wp-json\/wp\/v2\/product\/40250","targetHints":{"allow":["GET"]}}],"collection":[{"href":"https:\/\/comprasyconsejos.store\/en\/wp-json\/wp\/v2\/product"}],"about":[{"href":"https:\/\/comprasyconsejos.store\/en\/wp-json\/wp\/v2\/types\/product"}],"replies":[{"embeddable":true,"href":"https:\/\/comprasyconsejos.store\/en\/wp-json\/wp\/v2\/comments?post=40250"}],"version-history":[{"count":0,"href":"https:\/\/comprasyconsejos.store\/en\/wp-json\/wp\/v2\/product\/40250\/revisions"}],"wp:attachment":[{"href":"https:\/\/comprasyconsejos.store\/en\/wp-json\/wp\/v2\/media?parent=40250"}],"wp:term":[{"taxonomy":"product_brand","embeddable":true,"href":"https:\/\/comprasyconsejos.store\/en\/wp-json\/wp\/v2\/product_brand?post=40250"},{"taxonomy":"product_cat","embeddable":true,"href":"https:\/\/comprasyconsejos.store\/en\/wp-json\/wp\/v2\/product_cat?post=40250"},{"taxonomy":"product_tag","embeddable":true,"href":"https:\/\/comprasyconsejos.store\/en\/wp-json\/wp\/v2\/product_tag?post=40250"}],"curies":[{"name":"wp","href":"https:\/\/api.w.org\/{rel}","templated":true}]}}