{"id":40252,"date":"2026-03-13T12:14:35","date_gmt":"2026-03-13T12:14:35","guid":{"rendered":"https:\/\/comprasyconsejos.store\/product\/outigo-cortadora-de-cesped-electrica-inalambrica-desbrozadora-inalambrica-con-2-baterias-y-4-cuchillas-recortar-malas-hierbas-cesped-exterior-y-ramas-pequenas-decespugliatore-elettrico\/"},"modified":"2026-03-13T12:14:35","modified_gmt":"2026-03-13T12:14:35","slug":"outigo-cortadora-de-cesped-electrica-inalambrica-desbrozadora-inalambrica-con-2-baterias-y-4-cuchillas-recortar-malas-hierbas-cesped-exterior-y-ramas-pequenas-decespugliatore-elettrico","status":"publish","type":"product","link":"https:\/\/comprasyconsejos.store\/en\/product\/outigo-cortadora-de-cesped-electrica-inalambrica-desbrozadora-inalambrica-con-2-baterias-y-4-cuchillas-recortar-malas-hierbas-cesped-exterior-y-ramas-pequenas-decespugliatore-elettrico\/","title":{"rendered":"OUTIGO Cortadora de c\u00e9sped el\u00e9ctrica inal\u00e1mbrica, desbrozadora inal\u00e1mbrica con 2 bater\u00edas y 4 Cuchillas, Recortar Malas Hierbas, c\u00e9sped Exterior y Ramas peque\u00f1as, Decespugliatore Elettrico"},"content":{"rendered":"<p>&#8211; \u3010Cortabordes a bater\u00eda\u3011 Este cortabordes a bater\u00eda cuenta con un motor de cobre puro de alto rendimiento. Corta sin esfuerzo las malas hierbas y las ramas sobrantes de tu jard\u00edn. Equipado con dos bater\u00edas para satisfacer todas tus necesidades diarias de limpieza, permite un desbroce eficiente y sin complicaciones del c\u00e9sped del jard\u00edn.<br \/>\n&#8211; \u3010Ligero y seguro\u3011 Con un peso de solo 1,6 kg con las bater\u00edas, este cortac\u00e9sped inal\u00e1mbrico es f\u00e1cil de manejar incluso para usuarios mayores o mujeres. Incorpora dos interruptores de seguridad y una cubierta deflectora de maleza para evitar el arranque accidental y las lesiones por proyectiles. Un mecanismo resistente a los impactos protege contra colisiones con piedras, lo que garantiza la m\u00e1xima seguridad.<br \/>\n&#8211; \u3010Longitud y \u00e1ngulo ajustables\u3011 El eje telesc\u00f3pico de esta cortadora inal\u00e1mbrica se puede ajustar libremente entre 71 cm y 106 cm, lo que permite que sus manos encuentren la posici\u00f3n m\u00e1s c\u00f3moda para una mayor comodidad y control. El cabezal de corte se puede inclinar seg\u00fan sea necesario (0-90\u00b0), lo que permite un funcionamiento sin esfuerzo en superficies inclinadas.<br \/>\n&#8211; \u3010Combinaci\u00f3n de 4 cuchillas\u3011 La cortadora inal\u00e1mbrica viene equipada con cuatro cuchillas de alta eficiencia: cuchillas de pl\u00e1stico y hilo cortac\u00e9sped para cortar hierba joven muy tierna; cuchillas en \u00e1ngulo recto para cortar malas hierbas, peque\u00f1os arbustos y ramas; cuchillas de sierra circular para abordar arbustos y \u00e1rboles m\u00e1s gruesos.<br \/>\n&#8211; \u3010Contenido del paquete\u3011 El kit de cortabordes inal\u00e1mbrico incluye: 1 cortabordes inal\u00e1mbrico, 2 bater\u00edas, 1 cargador, 2 cuchillas de aleaci\u00f3n, 4 cuchillas rectas, 10 cuchillas de pl\u00e1stico, 4 hilos para cortabordes, 1 par de tijeras manuales, 1 par de guantes, gafas de seguridad, llave inglesa y kit de herramientas. Si tiene alguna pregunta sobre el producto, p\u00f3ngase en contacto con nosotros a trav\u00e9s de Amazon.<\/p>","protected":false},"excerpt":{"rendered":"<p>&#8211; \u3010Cortabordes a bater\u00eda\u3011 Este cortabordes a bater\u00eda cuenta con un motor de cobre puro de alto rendimiento. Corta sin<\/p>","protected":false},"featured_media":0,"comment_status":"open","ping_status":"closed","template":"","meta":[],"product_brand":[],"product_cat":[101],"product_tag":[],"class_list":{"0":"post-40252","1":"product","2":"type-product","3":"status-publish","5":"product_cat-accessories","7":"first","8":"instock","9":"shipping-taxable","10":"product-type-external"},"_links":{"self":[{"href":"https:\/\/comprasyconsejos.store\/en\/wp-json\/wp\/v2\/product\/40252","targetHints":{"allow":["GET"]}}],"collection":[{"href":"https:\/\/comprasyconsejos.store\/en\/wp-json\/wp\/v2\/product"}],"about":[{"href":"https:\/\/comprasyconsejos.store\/en\/wp-json\/wp\/v2\/types\/product"}],"replies":[{"embeddable":true,"href":"https:\/\/comprasyconsejos.store\/en\/wp-json\/wp\/v2\/comments?post=40252"}],"version-history":[{"count":0,"href":"https:\/\/comprasyconsejos.store\/en\/wp-json\/wp\/v2\/product\/40252\/revisions"}],"wp:attachment":[{"href":"https:\/\/comprasyconsejos.store\/en\/wp-json\/wp\/v2\/media?parent=40252"}],"wp:term":[{"taxonomy":"product_brand","embeddable":true,"href":"https:\/\/comprasyconsejos.store\/en\/wp-json\/wp\/v2\/product_brand?post=40252"},{"taxonomy":"product_cat","embeddable":true,"href":"https:\/\/comprasyconsejos.store\/en\/wp-json\/wp\/v2\/product_cat?post=40252"},{"taxonomy":"product_tag","embeddable":true,"href":"https:\/\/comprasyconsejos.store\/en\/wp-json\/wp\/v2\/product_tag?post=40252"}],"curies":[{"name":"wp","href":"https:\/\/api.w.org\/{rel}","templated":true}]}}