{"id":40253,"date":"2026-03-13T13:37:40","date_gmt":"2026-03-13T13:37:40","guid":{"rendered":"https:\/\/comprasyconsejos.store\/product\/ukuu-camara-subacuatica-infantil-20mp-resistente-al-agua-3m-1080p-hd-pantalla-2-4-sd-32gb-ideal-para-selfies-natacion-y-playas-rosa\/"},"modified":"2026-03-13T13:37:40","modified_gmt":"2026-03-13T13:37:40","slug":"ukuu-camara-subacuatica-infantil-20mp-resistente-al-agua-3m-1080p-hd-pantalla-2-4-sd-32gb-ideal-para-selfies-natacion-y-playas-rosa","status":"publish","type":"product","link":"https:\/\/comprasyconsejos.store\/en\/product\/ukuu-camara-subacuatica-infantil-20mp-resistente-al-agua-3m-1080p-hd-pantalla-2-4-sd-32gb-ideal-para-selfies-natacion-y-playas-rosa\/","title":{"rendered":"Ukuu C\u00e1mara Subacu\u00e1tica Infantil 20MP &#8211; Resistente al Agua 3m, 1080p HD, Pantalla 2.4&#8243; + SD 32GB | Ideal para Selfies, Nataci\u00f3n y Playas (Rosa)"},"content":{"rendered":"<p>&#8211; 1. Fotos y v\u00eddeos en alta calidad: 20MP + v\u00eddeo 1080p HD con zoom digital 10x.Captura im\u00e1genes n\u00edtidas de 48MP y v\u00eddeos 2K bajo el agua, perfecta para selfies acu\u00e1ticos y paisajes vibrantes.<br \/>\n&#8211; 2. Resistente 3m sin carcasa: Ideal para piscina y playa. Enfoque autom\u00e1tico r\u00e1pido para fotos claras al instante, aguanta 1 hora continua bajo el mar\/sin filtros.<br \/>\n&#8211; 3. Pantalla intuitiva 2.4&#8243; + 32GB gratis: Equipada con una pantalla IPS de 2.4 pulgadas, lente HD 1080P, zoom digital de 10x, 30 divertidos marcos de fotos y 7 filtros, permitiendo a los ni\u00f1os experimentar una variedad de modos de disparo. La pantalla HD IPS tiene un rango de colores m\u00e1s amplio para reducir la fatiga visual y proteger la vista de los ni\u00f1os.<br \/>\n&#8211; 4. Bater\u00eda de alto rendimiento: bater\u00eda de 600 mAh para m\u00e1s de 70 minutos de tiempo de grabaci\u00f3n. El regalo ideal para peque\u00f1os fot\u00f3grafos y exploradores<br \/>\n&#8211; 5. F\u00e1cil de Usar y Port\u00e1til para Ni\u00f1os: Dise\u00f1ada especialmente para ni\u00f1os, esta camara para ni\u00f1os es compacta y ligera. Con solo 6 botones de operaci\u00f3n, es conveniente para que los ni\u00f1os tomen fotos y videos. Tus hijos pueden llevar la c\u00e1mara digital bajo el agua y su resistencia a la presi\u00f3n del agua hace que las tomas sean m\u00e1s claras. La correa incluida es muy f\u00e1cil de llevar, los ni\u00f1os pueden jugar y grabar su vida en cualquier lugar. Es un regalo perfecto para ni\u00f1os y ni\u00f1as de 3 a 12 a\u00f1os.<\/p>","protected":false},"excerpt":{"rendered":"<p>&#8211; 1. Fotos y v\u00eddeos en alta calidad: 20MP + v\u00eddeo 1080p HD con zoom digital 10x.Captura im\u00e1genes n\u00edtidas de<\/p>","protected":false},"featured_media":0,"comment_status":"open","ping_status":"closed","template":"","meta":[],"product_brand":[],"product_cat":[101],"product_tag":[],"class_list":{"0":"post-40253","1":"product","2":"type-product","3":"status-publish","5":"product_cat-accessories","7":"first","8":"instock","9":"shipping-taxable","10":"product-type-external"},"_links":{"self":[{"href":"https:\/\/comprasyconsejos.store\/en\/wp-json\/wp\/v2\/product\/40253","targetHints":{"allow":["GET"]}}],"collection":[{"href":"https:\/\/comprasyconsejos.store\/en\/wp-json\/wp\/v2\/product"}],"about":[{"href":"https:\/\/comprasyconsejos.store\/en\/wp-json\/wp\/v2\/types\/product"}],"replies":[{"embeddable":true,"href":"https:\/\/comprasyconsejos.store\/en\/wp-json\/wp\/v2\/comments?post=40253"}],"version-history":[{"count":0,"href":"https:\/\/comprasyconsejos.store\/en\/wp-json\/wp\/v2\/product\/40253\/revisions"}],"wp:attachment":[{"href":"https:\/\/comprasyconsejos.store\/en\/wp-json\/wp\/v2\/media?parent=40253"}],"wp:term":[{"taxonomy":"product_brand","embeddable":true,"href":"https:\/\/comprasyconsejos.store\/en\/wp-json\/wp\/v2\/product_brand?post=40253"},{"taxonomy":"product_cat","embeddable":true,"href":"https:\/\/comprasyconsejos.store\/en\/wp-json\/wp\/v2\/product_cat?post=40253"},{"taxonomy":"product_tag","embeddable":true,"href":"https:\/\/comprasyconsejos.store\/en\/wp-json\/wp\/v2\/product_tag?post=40253"}],"curies":[{"name":"wp","href":"https:\/\/api.w.org\/{rel}","templated":true}]}}