{"id":40257,"date":"2026-03-15T13:26:34","date_gmt":"2026-03-15T13:26:34","guid":{"rendered":"https:\/\/comprasyconsejos.store\/product\/catching-sticks-game-juguete-de-entrenamiento-de-reaccion-juegos-de-atrapar-palos-drop-sticks-game-juego-de-desafio-de-reflejos-3-adjustable-speed-juegos-desafio-reflejos-para-ninos-adultos\/"},"modified":"2026-03-15T13:26:34","modified_gmt":"2026-03-15T13:26:34","slug":"catching-sticks-game-juguete-de-entrenamiento-de-reaccion-juegos-de-atrapar-palos-drop-sticks-game-juego-de-desafio-de-reflejos-3-adjustable-speed-juegos-desafio-reflejos-para-ninos-adultos","status":"publish","type":"product","link":"https:\/\/comprasyconsejos.store\/en\/product\/catching-sticks-game-juguete-de-entrenamiento-de-reaccion-juegos-de-atrapar-palos-drop-sticks-game-juego-de-desafio-de-reflejos-3-adjustable-speed-juegos-desafio-reflejos-para-ninos-adultos\/","title":{"rendered":"Catching Sticks Game, Juguete de Entrenamiento de Reacci\u00f3n, Juegos de Atrapar Palos, Drop Sticks Game, Juego De Desaf\u00edo De Reflejos, 3 Adjustable Speed, Juegos desaf\u00edo Reflejos, para Ni\u00f1os Adultos"},"content":{"rendered":"<p>&#8211; \u3010Materiales de alta calidad\u3011Este Catching Sticks Game est\u00e1 hecho de pl\u00e1stico y esponja, y es resistente a ca\u00eddas y al desgaste. No solo es divertido y emocionante, sino que tambi\u00e9n puede entrenar eficazmente tu velocidad de reacci\u00f3n y coordinaci\u00f3n ojo-mano. Est\u00e1n dise\u00f1ados para durar y son la opci\u00f3n perfecta para familias que buscan diversi\u00f3n y un juego significativo.<br \/>\n&#8211; \u3010Control remoto y asistente de voz para un juego inteligente\u3011\u00a1Toma el control total del juego de reacci\u00f3n con el control remoto incluido! Personaliza los patrones de ca\u00edda de los palos, establece el ritmo y disfruta de las indicaciones de voz en ingl\u00e9s. Perfecto para arbitrar duelos intensos o gestionar desaf\u00edos individuales sin esfuerzo. Esta funci\u00f3n hace que jugar al desaf\u00edo de los palos que caen sea f\u00e1cil y conveniente.<br \/>\n&#8211; \u3010Ajuste de 3 velocidades\u3011Nuestro Juegos de Atrapar Palos con 3 velocidades ajustables, 1 marcha cuando se enciende y 2 y 3 marchas para velocidades lentas, medias y r\u00e1pidas, para que pueda ajustar la velocidad en cualquier momento. Las m\u00faltiples velocidades lo hacen adecuado para ni\u00f1os de todas las edades y niveles de habilidad.<br \/>\n&#8211; \u3010Entrena la coordinaci\u00f3n ojo-mano\u3011Nuestro juguete de entrenamiento de concentraci\u00f3n ayuda a mejorar las habilidades cognitivas, incluyendo la coordinaci\u00f3n ojo-mano, la percepci\u00f3n auditiva y la concentraci\u00f3n. Con el juego de atrapar palos para entrenar la reacci\u00f3n, no solo puedes entrenar la coordinaci\u00f3n f\u00edsica, sino tambi\u00e9n mejorar la atenci\u00f3n y la concentraci\u00f3n, y desarrollar el potencial cerebral.<br \/>\n&#8211; \u3010Regalo ideal\u3011Este juego de coordinaci\u00f3n ojo-mano es perfecto para eventos festivos como cumplea\u00f1os, Navidad o Pascua, y es muy divertido para las noches de fiesta, adem\u00e1s de ser un excelente regalo deportivo para ni\u00f1os. Es perfecto para actividades al aire libre, f\u00e1cil de transportar y la opci\u00f3n ideal para quienes buscan mejorar sus habilidades.<\/p>","protected":false},"excerpt":{"rendered":"<p>&#8211; \u3010Materiales de alta calidad\u3011Este Catching Sticks Game est\u00e1 hecho de pl\u00e1stico y esponja, y es resistente a ca\u00eddas y<\/p>","protected":false},"featured_media":0,"comment_status":"open","ping_status":"closed","template":"","meta":[],"product_brand":[],"product_cat":[101],"product_tag":[],"class_list":{"0":"post-40257","1":"product","2":"type-product","3":"status-publish","5":"product_cat-accessories","7":"first","8":"instock","9":"shipping-taxable","10":"product-type-external"},"_links":{"self":[{"href":"https:\/\/comprasyconsejos.store\/en\/wp-json\/wp\/v2\/product\/40257","targetHints":{"allow":["GET"]}}],"collection":[{"href":"https:\/\/comprasyconsejos.store\/en\/wp-json\/wp\/v2\/product"}],"about":[{"href":"https:\/\/comprasyconsejos.store\/en\/wp-json\/wp\/v2\/types\/product"}],"replies":[{"embeddable":true,"href":"https:\/\/comprasyconsejos.store\/en\/wp-json\/wp\/v2\/comments?post=40257"}],"version-history":[{"count":0,"href":"https:\/\/comprasyconsejos.store\/en\/wp-json\/wp\/v2\/product\/40257\/revisions"}],"wp:attachment":[{"href":"https:\/\/comprasyconsejos.store\/en\/wp-json\/wp\/v2\/media?parent=40257"}],"wp:term":[{"taxonomy":"product_brand","embeddable":true,"href":"https:\/\/comprasyconsejos.store\/en\/wp-json\/wp\/v2\/product_brand?post=40257"},{"taxonomy":"product_cat","embeddable":true,"href":"https:\/\/comprasyconsejos.store\/en\/wp-json\/wp\/v2\/product_cat?post=40257"},{"taxonomy":"product_tag","embeddable":true,"href":"https:\/\/comprasyconsejos.store\/en\/wp-json\/wp\/v2\/product_tag?post=40257"}],"curies":[{"name":"wp","href":"https:\/\/api.w.org\/{rel}","templated":true}]}}