{"id":40261,"date":"2026-03-15T14:14:38","date_gmt":"2026-03-15T14:14:38","guid":{"rendered":"https:\/\/comprasyconsejos.store\/product\/luz-nocturna-de-anime-anime-luces-nocturnas-personajes-de-cine-con-luces-nocturnas-colgadas-en-la-pared-anime-3d-led-night-light-anime-lampara-nocturna-decoracion-de-la-habitacion-para-ninos\/"},"modified":"2026-03-15T14:14:38","modified_gmt":"2026-03-15T14:14:38","slug":"luz-nocturna-de-anime-anime-luces-nocturnas-personajes-de-cine-con-luces-nocturnas-colgadas-en-la-pared-anime-3d-led-night-light-anime-lampara-nocturna-decoracion-de-la-habitacion-para-ninos","status":"publish","type":"product","link":"https:\/\/comprasyconsejos.store\/en\/product\/luz-nocturna-de-anime-anime-luces-nocturnas-personajes-de-cine-con-luces-nocturnas-colgadas-en-la-pared-anime-3d-led-night-light-anime-lampara-nocturna-decoracion-de-la-habitacion-para-ninos\/","title":{"rendered":"Luz Nocturna de Anime, Anime Luces Nocturnas, Personajes de Cine con Luces Nocturnas Colgadas en la Pared, Anime 3d Led Night Light, Anime L\u00e1mpara Nocturna, Decoraci\u00f3n de la Habitaci\u00f3n para Ni\u00f1os"},"content":{"rendered":"<p>&#8211; \u3010Material de alta calidad\u3011 La luz nocturna colgante de estilo retro de Anime est\u00e1 hecha de metal de alta calidad, pesa alrededor de 450 gramos, tiene un di\u00e1metro mayor de 24 cm, tiene una larga vida \u00fatil, es duradera y confiable, y es adecuada Para a\u00f1adir un ambiente rom\u00e1ntico a tu habitaci\u00f3n. NOTA: La luz que recibe no contiene pilas.<br \/>\n&#8211; \u3010Luz suave y protecci\u00f3n para los ojos\u3011 La c\u00e1lida luz amarilla es suave y no pica, ayuda a eliminar el miedo a la oscuridad, se convierte en el duende guardi\u00e1n de la hora de dormir de su hijo, ayuda a aliviar el miedo y promueve un sue\u00f1o reparador. Esto significa que su hijo no s\u00f3lo disfrutar\u00e1 de este dise\u00f1o de car\u00e1cter especial, sino que tambi\u00e9n obtendr\u00e1 una buena noche de sue\u00f1o.<br \/>\n&#8211; \u3010Luz nocturna creativa\u3011Este fant\u00e1stico and\u00e9n imita el cartel de pared de la estaci\u00f3n Anime y permite subir al tren expreso. \u00a1Esta l\u00e1mpara emite una luz c\u00e1lida que es perfecta para agregar una atm\u00f3sfera suave a tu habitaci\u00f3n y cuelga en la pared en una forma negra que puedes colgar o perforar si es necesario!<br \/>\n&#8211; \u3010Luces decorativas vintage\u3011 Las luces artificiales retro son perfectas para jardines, patios, porches, entradas de veh\u00edculos, garajes y cobertizos para una apariencia cl\u00e1sica. Ya sea como fondo de una sala de estar, un \u00e1rea de visualizaci\u00f3n de estudio o una decoraci\u00f3n de entrada, esta luz nocturna de harry puede ser el toque final. Textura met\u00e1lica + elementos de pel\u00edcula retro, f\u00e1cil de crear una sensaci\u00f3n de clase alta, \u00a1tarjeta fotogr\u00e1fica super fotog\u00e9nica!<br \/>\n&#8211; \u3010Regalo para los amantes del cine\u3011Esta luz nocturna colgante de Anime es un gran regalo para cualquier fan\u00e1tico, especialmente aquellos que extra\u00f1an la sensaci\u00f3n nost\u00e1lgica de viajar en un tren expreso por primera vez. Tambi\u00e9n es un gran regalo para cumplea\u00f1os, Navidad, Nochevieja, Halloween y otras ocasiones.<\/p>","protected":false},"excerpt":{"rendered":"<p>&#8211; \u3010Material de alta calidad\u3011 La luz nocturna colgante de estilo retro de Anime est\u00e1 hecha de metal de alta<\/p>","protected":false},"featured_media":0,"comment_status":"open","ping_status":"closed","template":"","meta":[],"product_brand":[],"product_cat":[101],"product_tag":[],"class_list":{"0":"post-40261","1":"product","2":"type-product","3":"status-publish","5":"product_cat-accessories","7":"first","8":"instock","9":"shipping-taxable","10":"product-type-external"},"_links":{"self":[{"href":"https:\/\/comprasyconsejos.store\/en\/wp-json\/wp\/v2\/product\/40261","targetHints":{"allow":["GET"]}}],"collection":[{"href":"https:\/\/comprasyconsejos.store\/en\/wp-json\/wp\/v2\/product"}],"about":[{"href":"https:\/\/comprasyconsejos.store\/en\/wp-json\/wp\/v2\/types\/product"}],"replies":[{"embeddable":true,"href":"https:\/\/comprasyconsejos.store\/en\/wp-json\/wp\/v2\/comments?post=40261"}],"version-history":[{"count":0,"href":"https:\/\/comprasyconsejos.store\/en\/wp-json\/wp\/v2\/product\/40261\/revisions"}],"wp:attachment":[{"href":"https:\/\/comprasyconsejos.store\/en\/wp-json\/wp\/v2\/media?parent=40261"}],"wp:term":[{"taxonomy":"product_brand","embeddable":true,"href":"https:\/\/comprasyconsejos.store\/en\/wp-json\/wp\/v2\/product_brand?post=40261"},{"taxonomy":"product_cat","embeddable":true,"href":"https:\/\/comprasyconsejos.store\/en\/wp-json\/wp\/v2\/product_cat?post=40261"},{"taxonomy":"product_tag","embeddable":true,"href":"https:\/\/comprasyconsejos.store\/en\/wp-json\/wp\/v2\/product_tag?post=40261"}],"curies":[{"name":"wp","href":"https:\/\/api.w.org\/{rel}","templated":true}]}}