{"id":40262,"date":"2026-03-15T14:14:50","date_gmt":"2026-03-15T14:14:50","guid":{"rendered":"https:\/\/comprasyconsejos.store\/product\/2-pcs-luces-led-decorativas-de-pascua-para-ventana-luces-led-para-ventana-de-conejo-de-pascua-luces-de-ventana-de-pascua-luces-de-ventana-con-ventosa-y-temporizador-para-decoracion-de-pascu-a-m3\/"},"modified":"2026-03-15T14:14:50","modified_gmt":"2026-03-15T14:14:50","slug":"2-pcs-luces-led-decorativas-de-pascua-para-ventana-luces-led-para-ventana-de-conejo-de-pascua-luces-de-ventana-de-pascua-luces-de-ventana-con-ventosa-y-temporizador-para-decoracion-de-pascu-a-m3","status":"publish","type":"product","link":"https:\/\/comprasyconsejos.store\/en\/product\/2-pcs-luces-led-decorativas-de-pascua-para-ventana-luces-led-para-ventana-de-conejo-de-pascua-luces-de-ventana-de-pascua-luces-de-ventana-con-ventosa-y-temporizador-para-decoracion-de-pascu-a-m3\/","title":{"rendered":"2 PCS Luces LED decorativas de Pascua para ventana, Luces LED para ventana de conejo de Pascua, Luces de ventana de Pascua, luces de ventana con ventosa y temporizador, para decoraci\u00f3n de Pascu-a (M3)"},"content":{"rendered":"<p>&#8211; \u3010Materiales de alta calidad\u3011Fabricadas en metal de alta calidad, nuestras luces de Pascua son adecuadas tanto para interiores como para exteriores. Son resistentes a la intemperie y soportan los elementos, lo que los hace ideales para ventanas, puertas, jardines y terrazas.<br \/>\n&#8211; \u3010Decoraci\u00f3n de Pascua\u3011Luz LED para ventana de Pascua con 2 bonitos motivos de conejo, bonitos motivos de conejo, desprende un ambiente de Pascua vivo, primaveral. Ya sea para decorar puertas y ventanas o como un elegante accesorio para salas de estar como el sal\u00f3n, se integra armoniosamente en la habitaci\u00f3n y crea un ambiente de Pascua alegre y elegante.<br \/>\n&#8211; \u3010Funci\u00f3n de temporizador\u3011Decoraci\u00f3n de Pascua LED est\u00e1n equipados con una funci\u00f3n de temporizador de bajo consumo. Simplemente configure que se ejecuten autom\u00e1ticamente en el ciclo de 6 horas encendido\/18 horas cada d\u00eda. As\u00ed ahorrar\u00e1s electricidad y no tendr\u00e1s que reajustar manualmente todos los d\u00edas. Simplemente active la funci\u00f3n de temporizador y disfrute de la comodidad del ahorro de energ\u00eda.<br \/>\n&#8211; \u3010F\u00e1cil instalaci\u00f3n\u3011 La guirnalda de luces de Pascua para colgar est\u00e1 equipada con una ventosa. No requiere herramientas. Inst\u00e1lelos f\u00e1cilmente en vidrio, puertas, armarios y m\u00e1s. Para que se pueda colgar de forma segura, limpia la ventana u otra superficie lisa antes de la instalaci\u00f3n.<br \/>\n&#8211; \u3010Uso decorativo vers\u00e1til\u3011Esta luz LED para ventana de Pascua se puede colgar en dormitorios, ventanas, paredes, puertas, balcones, terrazas, porches y armarios y crean un ambiente festivo. Regala las luces a amigos o familiares y comparte la alegr\u00eda de Pascua con ellos.<\/p>","protected":false},"excerpt":{"rendered":"<p>&#8211; \u3010Materiales de alta calidad\u3011Fabricadas en metal de alta calidad, nuestras luces de Pascua son adecuadas tanto para interiores como<\/p>","protected":false},"featured_media":0,"comment_status":"open","ping_status":"closed","template":"","meta":[],"product_brand":[],"product_cat":[101],"product_tag":[],"class_list":{"0":"post-40262","1":"product","2":"type-product","3":"status-publish","5":"product_cat-accessories","7":"first","8":"instock","9":"shipping-taxable","10":"product-type-external"},"_links":{"self":[{"href":"https:\/\/comprasyconsejos.store\/en\/wp-json\/wp\/v2\/product\/40262","targetHints":{"allow":["GET"]}}],"collection":[{"href":"https:\/\/comprasyconsejos.store\/en\/wp-json\/wp\/v2\/product"}],"about":[{"href":"https:\/\/comprasyconsejos.store\/en\/wp-json\/wp\/v2\/types\/product"}],"replies":[{"embeddable":true,"href":"https:\/\/comprasyconsejos.store\/en\/wp-json\/wp\/v2\/comments?post=40262"}],"version-history":[{"count":0,"href":"https:\/\/comprasyconsejos.store\/en\/wp-json\/wp\/v2\/product\/40262\/revisions"}],"wp:attachment":[{"href":"https:\/\/comprasyconsejos.store\/en\/wp-json\/wp\/v2\/media?parent=40262"}],"wp:term":[{"taxonomy":"product_brand","embeddable":true,"href":"https:\/\/comprasyconsejos.store\/en\/wp-json\/wp\/v2\/product_brand?post=40262"},{"taxonomy":"product_cat","embeddable":true,"href":"https:\/\/comprasyconsejos.store\/en\/wp-json\/wp\/v2\/product_cat?post=40262"},{"taxonomy":"product_tag","embeddable":true,"href":"https:\/\/comprasyconsejos.store\/en\/wp-json\/wp\/v2\/product_tag?post=40262"}],"curies":[{"name":"wp","href":"https:\/\/api.w.org\/{rel}","templated":true}]}}