{"id":40264,"date":"2026-03-16T10:28:40","date_gmt":"2026-03-16T10:28:40","guid":{"rendered":"https:\/\/comprasyconsejos.store\/product\/ceiband-caja-de-relojes-de-madera-con-3-compartimentos-tapa-de-cristal-cierre-metalico-almohadas-extraibles-organizador-para-hombres-y-mujeres-estuche-de-almacenamiento-marron-rojo\/"},"modified":"2026-03-16T10:28:40","modified_gmt":"2026-03-16T10:28:40","slug":"ceiband-caja-de-relojes-de-madera-con-3-compartimentos-tapa-de-cristal-cierre-metalico-almohadas-extraibles-organizador-para-hombres-y-mujeres-estuche-de-almacenamiento-marron-rojo","status":"publish","type":"product","link":"https:\/\/comprasyconsejos.store\/en\/product\/ceiband-caja-de-relojes-de-madera-con-3-compartimentos-tapa-de-cristal-cierre-metalico-almohadas-extraibles-organizador-para-hombres-y-mujeres-estuche-de-almacenamiento-marron-rojo\/","title":{"rendered":"CeiBand Caja de Relojes de Madera con 3 Compartimentos, Tapa de Cristal, Cierre Met\u00e1lico, Almohadas Extra\u00edbles, Organizador para Hombres y Mujeres, Estuche de Almacenamiento &#8211; (Marr\u00f3n Rojo)"},"content":{"rendered":"<p>&#8211; \u3010Caja Reloj Premium de Superficie Brillante\u3011 Cada caja de exhibici\u00f3n de reloj de 3 ranuras est\u00e1 fabricada con madera maciza fina de sandalwood rojo (hongmu), cuidadosamente seleccionada y elaborada con tecnolog\u00eda avanzada de alto nivel. Se trata de una caja \u00fanica y hermosa, con una superficie lisa y brillante que no tiene comparaci\u00f3n. Dale a tus relojes el hogar que se merecen con esta caja de relojes premium.<br \/>\n&#8211; \u3010Estructura y Dise\u00f1o\u3011Materiales utilizados = sandalwood rojo (hongmu) duradero, vidrio, cierre de acero inoxidable, cojines hechos a mano de alta calidad. La caja para reloj est\u00e1 hecha de sandalwood rojo macizo y cuenta con una parte superior de cristal; cada coj\u00edn est\u00e1 dise\u00f1ado para sostener seguros tanto relojes peque\u00f1os como grandes en su lugar. Adem\u00e1s, hay un amplio espacio entre los cojines y la tapa, lo que permite acomodar relojes de todos los tama\u00f1os.<br \/>\n&#8211; \u3010Ventajas Funcionales\u3011El cierre de acero inoxidable es f\u00e1cil de abrir y cerrar, garantizando un almacenamiento ordenado de los relojes, evitando su p\u00e9rdida y manteniendo el escritorio limpio. Las ventanas de vidrio permiten exhibir tu colecci\u00f3n de relojes, protegi\u00e9ndolos del polvo y los ara\u00f1azos, y te permiten encontrar tu reloj favorito de un vistazo, ahorrando tiempo. Por ello, se trata de un regalo perfecto para entusiastas de los relojes, como padres, novios, maridos, hijos, jefes o amigos.<br \/>\n&#8211; \u3010Dimensiones del Producto\u3011Consulta las medidas antes de comprar. Dimensiones del producto: longitud = 31,5 cm\/12,4&#8243;, ancho = 12,5 cm\/4,9&#8243;, altura = 6,5 cm\/2,6&#8243;. Dimensi\u00f3n de la ranura = longitud = 8,5 cm, ancho = 5,1 cm, profundidad = 3 cm.<br \/>\n&#8211; \u3010Garant\u00eda de Calidad\u3011Contamos con un equipo de inspecci\u00f3n de calidad y mejoramos constantemente los indicadores de detecci\u00f3n, los materiales del producto y el proceso de producci\u00f3n mediante un control riguroso. Nos aseguramos de que cada cliente reciba un producto de mayor calidad. Creemos firmemente que LA CALIDAD DEL PRODUCTO ES VITAL. Rechazamos los productos baratos de baja gama.<\/p>","protected":false},"excerpt":{"rendered":"<p>&#8211; \u3010Caja Reloj Premium de Superficie Brillante\u3011 Cada caja de exhibici\u00f3n de reloj de 3 ranuras est\u00e1 fabricada con madera<\/p>","protected":false},"featured_media":0,"comment_status":"open","ping_status":"closed","template":"","meta":[],"product_brand":[],"product_cat":[101],"product_tag":[],"class_list":{"0":"post-40264","1":"product","2":"type-product","3":"status-publish","5":"product_cat-accessories","7":"first","8":"instock","9":"sale","10":"shipping-taxable","11":"product-type-external"},"_links":{"self":[{"href":"https:\/\/comprasyconsejos.store\/en\/wp-json\/wp\/v2\/product\/40264","targetHints":{"allow":["GET"]}}],"collection":[{"href":"https:\/\/comprasyconsejos.store\/en\/wp-json\/wp\/v2\/product"}],"about":[{"href":"https:\/\/comprasyconsejos.store\/en\/wp-json\/wp\/v2\/types\/product"}],"replies":[{"embeddable":true,"href":"https:\/\/comprasyconsejos.store\/en\/wp-json\/wp\/v2\/comments?post=40264"}],"version-history":[{"count":0,"href":"https:\/\/comprasyconsejos.store\/en\/wp-json\/wp\/v2\/product\/40264\/revisions"}],"wp:attachment":[{"href":"https:\/\/comprasyconsejos.store\/en\/wp-json\/wp\/v2\/media?parent=40264"}],"wp:term":[{"taxonomy":"product_brand","embeddable":true,"href":"https:\/\/comprasyconsejos.store\/en\/wp-json\/wp\/v2\/product_brand?post=40264"},{"taxonomy":"product_cat","embeddable":true,"href":"https:\/\/comprasyconsejos.store\/en\/wp-json\/wp\/v2\/product_cat?post=40264"},{"taxonomy":"product_tag","embeddable":true,"href":"https:\/\/comprasyconsejos.store\/en\/wp-json\/wp\/v2\/product_tag?post=40264"}],"curies":[{"name":"wp","href":"https:\/\/api.w.org\/{rel}","templated":true}]}}