{"id":40267,"date":"2026-03-16T11:12:55","date_gmt":"2026-03-16T11:12:55","guid":{"rendered":"https:\/\/comprasyconsejos.store\/product\/vibradorador-mujer-juguetes-eroticos-para-pareja-sexuales-con-app-9-modos-vibrador-mando-distancia-juguetes-sexuales-vibradores-consoladores-control-remoto-bolas-chinas-vibradorador-clitoris\/"},"modified":"2026-03-16T11:12:55","modified_gmt":"2026-03-16T11:12:55","slug":"vibradorador-mujer-juguetes-eroticos-para-pareja-sexuales-con-app-9-modos-vibrador-mando-distancia-juguetes-sexuales-vibradores-consoladores-control-remoto-bolas-chinas-vibradorador-clitoris","status":"publish","type":"product","link":"https:\/\/comprasyconsejos.store\/en\/product\/vibradorador-mujer-juguetes-eroticos-para-pareja-sexuales-con-app-9-modos-vibrador-mando-distancia-juguetes-sexuales-vibradores-consoladores-control-remoto-bolas-chinas-vibradorador-clitoris\/","title":{"rendered":"Vibradorador Mujer Juguetes Er\u00f3ticos para Pareja Sexuales con APP 9 Modos Vibrador Mando Distancia Juguetes Sexuales Vibradores Consoladores Control Remoto Bolas Chinas Vibradorador Cl\u00edtoris"},"content":{"rendered":"<p>&#8211; Vibrador Mando Distancia con APP 9 Modos: El vibradorador mujer hombre juguetes er\u00f3ticos se puede controlar mediante control remoto inal\u00e1mbrico o aplicaci\u00f3n. Puedes administrarlo t\u00fa mismo o dejar que tu pareja lo controle para obtener orgasmos interactivos. La distancia del control remoto puede alcanzar los 10 metros y la distancia de control de la aplicaci\u00f3n es ilimitada.<br \/>\n&#8211; A\u00f1ade Diversi\u00f3n a Tu Vida Sexual: El huevo vibrador con control remoto para mujeres y hombres cuenta con 9 modos de vibraci\u00f3n que estimulan con precisi\u00f3n el cl\u00edtoris, el punto G o el ano, permiti\u00e9ndote disfrutar plenamente del orgasmo. La aplicaci\u00f3n ofrece 7 funciones interesantes que le permiten a usted y a su pareja interactuar de forma remota, y hay m\u00e1s formas de jugar que esperan que usted y su pareja exploren.<br \/>\n&#8211; Juguete Sexual de Silicona Seguro: La superficie del vibrador est\u00e1 hecha de silicona suave y segura, que se adapta a la piel y te brinda una experiencia segura y c\u00f3moda. Este juguete sexual para hombres y mujeres se puede usar como vibrador, consolador, estimulador de cl\u00edtoris y tap\u00f3n anal para la masturbaci\u00f3n femenina y masculina, y para cualquier pareja que busque un nuevo placer en su vida sexual.<br \/>\n&#8211; F\u00e1cil de Cargar y Transportar: El huevo vibrador de control remoto que usa el m\u00e9todo de carga USB, se puede cargar f\u00e1cilmente a trav\u00e9s del enchufe de tel\u00e9fono m\u00f3vil, banco de energ\u00eda, computadora port\u00e1til o computadora. La vibraci\u00f3n es inferior a 50dB, puedes disfrutarla en cualquier lugar de forma segura. El peque\u00f1o tama\u00f1o del juguete sexual para mujeres y hombres hace que sea f\u00e1cil de transportar.<br \/>\n&#8211; Entrega Privada y Servicio Confiable: El juguete para adultos con manual de instrucciones se entrega en un embalaje privado. Durante el env\u00edo, nadie sabr\u00e1 qu\u00e9 contiene. Si tiene alguna pregunta sobre nuestros productos, cont\u00e1ctenos y resolveremos su problema lo antes posible.<\/p>","protected":false},"excerpt":{"rendered":"<p>&#8211; Vibrador Mando Distancia con APP 9 Modos: El vibradorador mujer hombre juguetes er\u00f3ticos se puede controlar mediante control remoto<\/p>","protected":false},"featured_media":0,"comment_status":"open","ping_status":"closed","template":"","meta":[],"product_brand":[],"product_cat":[101],"product_tag":[],"class_list":{"0":"post-40267","1":"product","2":"type-product","3":"status-publish","5":"product_cat-accessories","7":"first","8":"instock","9":"shipping-taxable","10":"product-type-external"},"_links":{"self":[{"href":"https:\/\/comprasyconsejos.store\/en\/wp-json\/wp\/v2\/product\/40267","targetHints":{"allow":["GET"]}}],"collection":[{"href":"https:\/\/comprasyconsejos.store\/en\/wp-json\/wp\/v2\/product"}],"about":[{"href":"https:\/\/comprasyconsejos.store\/en\/wp-json\/wp\/v2\/types\/product"}],"replies":[{"embeddable":true,"href":"https:\/\/comprasyconsejos.store\/en\/wp-json\/wp\/v2\/comments?post=40267"}],"version-history":[{"count":0,"href":"https:\/\/comprasyconsejos.store\/en\/wp-json\/wp\/v2\/product\/40267\/revisions"}],"wp:attachment":[{"href":"https:\/\/comprasyconsejos.store\/en\/wp-json\/wp\/v2\/media?parent=40267"}],"wp:term":[{"taxonomy":"product_brand","embeddable":true,"href":"https:\/\/comprasyconsejos.store\/en\/wp-json\/wp\/v2\/product_brand?post=40267"},{"taxonomy":"product_cat","embeddable":true,"href":"https:\/\/comprasyconsejos.store\/en\/wp-json\/wp\/v2\/product_cat?post=40267"},{"taxonomy":"product_tag","embeddable":true,"href":"https:\/\/comprasyconsejos.store\/en\/wp-json\/wp\/v2\/product_tag?post=40267"}],"curies":[{"name":"wp","href":"https:\/\/api.w.org\/{rel}","templated":true}]}}