{"id":40269,"date":"2026-03-17T12:18:31","date_gmt":"2026-03-17T12:18:31","guid":{"rendered":"https:\/\/comprasyconsejos.store\/product\/outigo-cortacesped-inalambrico-desbrozadora-bateria-bateria-de-21-v-4-ah-2x-21v-4ah-cortabordes-electrico-3-en-1-mango-telescopico-plegable-desbrozadora-de-jardin-a-bateria\/"},"modified":"2026-03-17T12:18:31","modified_gmt":"2026-03-17T12:18:31","slug":"outigo-cortacesped-inalambrico-desbrozadora-bateria-bateria-de-21-v-4-ah-2x-21v-4ah-cortabordes-electrico-3-en-1-mango-telescopico-plegable-desbrozadora-de-jardin-a-bateria","status":"publish","type":"product","link":"https:\/\/comprasyconsejos.store\/en\/product\/outigo-cortacesped-inalambrico-desbrozadora-bateria-bateria-de-21-v-4-ah-2x-21v-4ah-cortabordes-electrico-3-en-1-mango-telescopico-plegable-desbrozadora-de-jardin-a-bateria\/","title":{"rendered":"OUTIGO Cortac\u00e9sped inal\u00e1mbrico, Desbrozadora Bateria, bater\u00eda de 21 V (4 Ah)\/2\u00d7 21V &#8211; 4Ah, Cortabordes electrico 3 en 1, Mango telesc\u00f3pico Plegable, desbrozadora de jard\u00edn a bater\u00eda"},"content":{"rendered":"<p>&#8211; \u30103-in-1-Multifunktions Rasentrimmer\u3011\uff1aDer Akku Rasentrimmer ist mit 3 Schnittarten und einem vergr\u00f6\u00dferten Schnittbereich von bis zu 12 Zoll ausgestattet, um die Bed\u00fcrfnisse der meisten Menschen zu erf\u00fcllen. Kreiss\u00e4geblatt: wird zum Schneiden von B\u00fcschen und Baumst\u00e4mmen verwendet,Vierkantmesser: eignet sich zum Entfernen von Unkraut und Zweigen, Spule: schneidet zartes Gras. Geeignet f\u00fcr Rasenfl\u00e4chen, Stra\u00dfen, Parks, H\u00f6fe und viele andere Orte<br \/>\n&#8211; \u3010Effizienter und leistungsstarker Motor\u3011\uff1aDer Rasentrimmer verf\u00fcgt \u00fcber einen hochwertigen Motor mit einer Drehzahl von bis zu 100.000 Umdrehungen pro Minute, der weniger Energie verbraucht, effizienter und stabiler in der Anwendung ist und die Lebensdauer des M\u00e4hers verl\u00e4ngert<br \/>\n&#8211; \u3010Verstellbares Design\u3011: 90\u00b0 schwenkbarer Kopf f\u00fcr alle schwierigen M\u00e4harbeiten; der teleskopische Bedienhebel passt sich allen K\u00f6rpertypen an und erm\u00f6glicht eine bequeme Arbeitsposition; die mitgelieferten R\u00e4der helfen beim M\u00e4hen von Rasen- oder Stra\u00dfenkanten und dienen auch als St\u00fctze, um Ihre Schultern und Ihren K\u00f6rper zu entlasten<br \/>\n&#8211; \u3010Leicht und sicher\u3011: Der Rasentrimmer wiegt nur 2.8kg, so dass er auch von Frauen und \u00e4lteren Menschen leicht bedient werden kann; er ist mit einem doppelten Sicherheitsschalter ausgestattet, der nur durch gleichzeitiges Dr\u00fccken des Schalters bet\u00e4tigt werden kann, um unn\u00f6tige Gefahren zu vermeiden; der Grasschutz verhindert, dass Unkraut verspritzt wird, und der Aufpralldraht verhindert, dass die Maschine beim Aufprall besch\u00e4digt wird<\/p>","protected":false},"excerpt":{"rendered":"<p>&#8211; \u30103-in-1-Multifunktions Rasentrimmer\u3011\uff1aDer Akku Rasentrimmer ist mit 3 Schnittarten und einem vergr\u00f6\u00dferten Schnittbereich von bis zu 12 Zoll ausgestattet, um<\/p>","protected":false},"featured_media":0,"comment_status":"open","ping_status":"closed","template":"","meta":[],"product_brand":[],"product_cat":[101],"product_tag":[],"class_list":{"0":"post-40269","1":"product","2":"type-product","3":"status-publish","5":"product_cat-accessories","7":"first","8":"instock","9":"shipping-taxable","10":"product-type-external"},"_links":{"self":[{"href":"https:\/\/comprasyconsejos.store\/en\/wp-json\/wp\/v2\/product\/40269","targetHints":{"allow":["GET"]}}],"collection":[{"href":"https:\/\/comprasyconsejos.store\/en\/wp-json\/wp\/v2\/product"}],"about":[{"href":"https:\/\/comprasyconsejos.store\/en\/wp-json\/wp\/v2\/types\/product"}],"replies":[{"embeddable":true,"href":"https:\/\/comprasyconsejos.store\/en\/wp-json\/wp\/v2\/comments?post=40269"}],"version-history":[{"count":0,"href":"https:\/\/comprasyconsejos.store\/en\/wp-json\/wp\/v2\/product\/40269\/revisions"}],"wp:attachment":[{"href":"https:\/\/comprasyconsejos.store\/en\/wp-json\/wp\/v2\/media?parent=40269"}],"wp:term":[{"taxonomy":"product_brand","embeddable":true,"href":"https:\/\/comprasyconsejos.store\/en\/wp-json\/wp\/v2\/product_brand?post=40269"},{"taxonomy":"product_cat","embeddable":true,"href":"https:\/\/comprasyconsejos.store\/en\/wp-json\/wp\/v2\/product_cat?post=40269"},{"taxonomy":"product_tag","embeddable":true,"href":"https:\/\/comprasyconsejos.store\/en\/wp-json\/wp\/v2\/product_tag?post=40269"}],"curies":[{"name":"wp","href":"https:\/\/api.w.org\/{rel}","templated":true}]}}