{"id":40273,"date":"2026-03-18T10:48:47","date_gmt":"2026-03-18T10:48:47","guid":{"rendered":"https:\/\/comprasyconsejos.store\/product\/juego-de-dados-de-futbol-juguete-de-estrategia-con-tablero-de-puntuacion-borrable-3-dados-marcadores-y-fichasjuego-de-dados-de-futbol-americano-ideal-para-noches-en-familia-rompehielos-y-fiestas\/"},"modified":"2026-03-18T10:48:47","modified_gmt":"2026-03-18T10:48:47","slug":"juego-de-dados-de-futbol-juguete-de-estrategia-con-tablero-de-puntuacion-borrable-3-dados-marcadores-y-fichasjuego-de-dados-de-futbol-americano-ideal-para-noches-en-familia-rompehielos-y-fiestas","status":"publish","type":"product","link":"https:\/\/comprasyconsejos.store\/en\/product\/juego-de-dados-de-futbol-juguete-de-estrategia-con-tablero-de-puntuacion-borrable-3-dados-marcadores-y-fichasjuego-de-dados-de-futbol-americano-ideal-para-noches-en-familia-rompehielos-y-fiestas\/","title":{"rendered":"Juego de dados de F\u00fatbol, Juguete de Estrategia con Tablero de Puntuaci\u00f3n Borrable, 3 Dados, marcadores y fichasJuego de Dados de F\u00fatbol Americano, Ideal para Noches en Familia, Rompehielos y Fiestas"},"content":{"rendered":"<p>&#8211; \ud83c\udfc8\u3010Juego apto para viajes\u3011Dise\u00f1ado como un juego de materiales pl\u00e1sticos, este Juego de Dados de F\u00fatbol Americano convence por su excelente portabilidad. Simplemente ll\u00e9velo a la noche de juegos con la familia, al picnic o a cualquier otra ocasi\u00f3n que requiera diversi\u00f3n interactiva.<br \/>\n&#8211; \ud83c\udfb2\u3010Paquete de juego integral\u3011Con una configuraci\u00f3n completa de componentes, este Juegos de Mesa Deportivos de F\u00fatbol ofrece una experiencia de juego desde el primer momento. Mejora la diversi\u00f3n durante vacaciones o eventos de team building.<br \/>\n&#8211; \ud83c\udfc8\u3010C\u00f3modo de usar\u3011Este Juego de dados de F\u00fatbol est\u00e1 dise\u00f1ado para combinar una jugabilidad f\u00e1cil de aprender con m\u00faltiples niveles de estrategia. Asegura que tanto los jugadores casuales como los \u00e1vidos puedan sumergirse en juegos emocionantes y fomenta el compa\u00f1erismo y la alegr\u00eda compartida.<br \/>\n&#8211; \ud83c\udfb2\u3010Acci\u00f3n r\u00e1pida\u3011El Juegos de Mesa Deportivos de F\u00fatbol est\u00e1 dise\u00f1ado para un entretenimiento r\u00e1pido y crea emoci\u00f3n con dados r\u00e1pidos. Combina planificaci\u00f3n estrat\u00e9gica con resultados impredecibles y es ideal para alimentar cualquier sesi\u00f3n casual o competitiva.<br \/>\n&#8211; \ud83c\udfc8\u3010Entretenimiento perfecto para cualquier ocasi\u00f3n\u3011F\u00fatbol Dice Board Games ideal para noches de juegos en familia, fiestas de f\u00fatbol americano, juegos de viaje y actividades para romper el hielo. Diversi\u00f3n para todas las edades (de 8 a\u00f1os en adelante) dondequiera que vayas.<\/p>","protected":false},"excerpt":{"rendered":"<p>&#8211; \ud83c\udfc8\u3010Juego apto para viajes\u3011Dise\u00f1ado como un juego de materiales pl\u00e1sticos, este Juego de Dados de F\u00fatbol Americano convence por<\/p>","protected":false},"featured_media":0,"comment_status":"open","ping_status":"closed","template":"","meta":[],"product_brand":[],"product_cat":[101],"product_tag":[],"class_list":{"0":"post-40273","1":"product","2":"type-product","3":"status-publish","5":"product_cat-accessories","7":"first","8":"instock","9":"shipping-taxable","10":"product-type-external"},"_links":{"self":[{"href":"https:\/\/comprasyconsejos.store\/en\/wp-json\/wp\/v2\/product\/40273","targetHints":{"allow":["GET"]}}],"collection":[{"href":"https:\/\/comprasyconsejos.store\/en\/wp-json\/wp\/v2\/product"}],"about":[{"href":"https:\/\/comprasyconsejos.store\/en\/wp-json\/wp\/v2\/types\/product"}],"replies":[{"embeddable":true,"href":"https:\/\/comprasyconsejos.store\/en\/wp-json\/wp\/v2\/comments?post=40273"}],"version-history":[{"count":0,"href":"https:\/\/comprasyconsejos.store\/en\/wp-json\/wp\/v2\/product\/40273\/revisions"}],"wp:attachment":[{"href":"https:\/\/comprasyconsejos.store\/en\/wp-json\/wp\/v2\/media?parent=40273"}],"wp:term":[{"taxonomy":"product_brand","embeddable":true,"href":"https:\/\/comprasyconsejos.store\/en\/wp-json\/wp\/v2\/product_brand?post=40273"},{"taxonomy":"product_cat","embeddable":true,"href":"https:\/\/comprasyconsejos.store\/en\/wp-json\/wp\/v2\/product_cat?post=40273"},{"taxonomy":"product_tag","embeddable":true,"href":"https:\/\/comprasyconsejos.store\/en\/wp-json\/wp\/v2\/product_tag?post=40273"}],"curies":[{"name":"wp","href":"https:\/\/api.w.org\/{rel}","templated":true}]}}