{"id":40274,"date":"2026-03-18T12:04:16","date_gmt":"2026-03-18T12:04:16","guid":{"rendered":"https:\/\/comprasyconsejos.store\/product\/tonfary-silla-ergonomica-para-oficina-silla-de-escritorio-respaldo-alto-de-malla-soporte-lumbar-ajustable-reposabrazos-abatible-reposacabezas-desmontable-silla-giratoria-para-juegos-150-kg-2\/"},"modified":"2026-03-18T12:04:16","modified_gmt":"2026-03-18T12:04:16","slug":"tonfary-silla-ergonomica-para-oficina-silla-de-escritorio-respaldo-alto-de-malla-soporte-lumbar-ajustable-reposabrazos-abatible-reposacabezas-desmontable-silla-giratoria-para-juegos-150-kg-2","status":"publish","type":"product","link":"https:\/\/comprasyconsejos.store\/en\/product\/tonfary-silla-ergonomica-para-oficina-silla-de-escritorio-respaldo-alto-de-malla-soporte-lumbar-ajustable-reposabrazos-abatible-reposacabezas-desmontable-silla-giratoria-para-juegos-150-kg-2\/","title":{"rendered":"TONFARY Silla Ergon\u00f3mica para Oficina, Silla de Escritorio Respaldo Alto de Malla, Soporte Lumbar Ajustable, Reposabrazos Abatible, Reposacabezas Desmontable, Silla Giratoria para Juegos, 150 KG"},"content":{"rendered":"<p>&#8211; Transpirable &#8211; C\u00f3moda &#8211; Est\u00e9tica: El respaldo de malla el\u00e1stica y transpirable, el soporte lumbar y el reposacabezas mantienen la espalda fresca y c\u00f3moda incluso durante un uso prolongado. El coj\u00edn del asiento de espuma de alta densidad es duradero, ofrece un rebote r\u00e1pido y proporciona una firmeza media para una experiencia de asiento agradable. El dise\u00f1o es visualmente atractivo y complementa f\u00e1cilmente varios estilos de decoraci\u00f3n.<br \/>\n&#8211; Ajustabilidad Multifuncional: Dise\u00f1ada ergon\u00f3micamente, la silla cuenta con un reposacabezas 2D desmontable, soporte lumbar 2D flexible, reposabrazos 3D abatibles, altura del asiento ajustable y ruedas de 360\u00b0, lo que la hace adecuada para personas de diferentes alturas para encontrar un soporte \u00f3ptimo. El respaldo ofrece una funci\u00f3n de inclinaci\u00f3n de 90\u00b0-106\u00b0 y se puede bloquear en la posici\u00f3n vertical. Esta ajustabilidad personalizada mejora la comodidad durante el trabajo y ayuda a mantener una buena postura.<br \/>\n&#8211; Soporte Lumbar Flexible: Gire la perilla detr\u00e1s del respaldo en el sentido de las agujas del reloj para mover el soporte lumbar hacia atr\u00e1s y en sentido contrario para moverlo hacia adelante. El soporte lumbar se ajusta verticalmente con 4 posiciones bloqueables; cuando se mueve a la parte superior (por encima de la 4\u00aa posici\u00f3n), se desbloquea y desliza hacia abajo hasta la posici\u00f3n m\u00e1s baja. Es sencillo de operar.<br \/>\n&#8211; Reposabrazos Abatibles: Fabricados con espuma de alta densidad y malla el\u00e1stica, los reposabrazos ofrecen un coj\u00edn suave para los brazos. El dise\u00f1o abatible permite que los reposabrazos se plieguen cuando no se utilizan, permitiendo que la silla se deslice f\u00e1cilmente debajo del escritorio, ahorrando espacio en la oficina, especialmente \u00fatil en espacios limitados. Los reposabrazos abatibles dan a la silla un efecto sin reposabrazos cuando se necesita.<br \/>\n&#8211; Robusta &#8211; F\u00e1cil de Montar: Los marcos del respaldo y de los reposabrazos est\u00e1n hechos de pl\u00e1stico de nailon de alta resistencia, con una base de metal que garantiza estabilidad y capacidad de carga. Soporta hasta 150 kg, adecuada para personas de 155-185 cm de altura. El paquete incluye todas las piezas y herramientas necesarias, lo que facilita el montaje de la silla con la ayuda del video de instalaci\u00f3n.<\/p>","protected":false},"excerpt":{"rendered":"<p>&#8211; Transpirable &#8211; C\u00f3moda &#8211; Est\u00e9tica: El respaldo de malla el\u00e1stica y transpirable, el soporte lumbar y el reposacabezas mantienen<\/p>","protected":false},"featured_media":0,"comment_status":"open","ping_status":"closed","template":"","meta":[],"product_brand":[],"product_cat":[101],"product_tag":[],"class_list":{"0":"post-40274","1":"product","2":"type-product","3":"status-publish","5":"product_cat-accessories","7":"first","8":"instock","9":"shipping-taxable","10":"product-type-external"},"_links":{"self":[{"href":"https:\/\/comprasyconsejos.store\/en\/wp-json\/wp\/v2\/product\/40274","targetHints":{"allow":["GET"]}}],"collection":[{"href":"https:\/\/comprasyconsejos.store\/en\/wp-json\/wp\/v2\/product"}],"about":[{"href":"https:\/\/comprasyconsejos.store\/en\/wp-json\/wp\/v2\/types\/product"}],"replies":[{"embeddable":true,"href":"https:\/\/comprasyconsejos.store\/en\/wp-json\/wp\/v2\/comments?post=40274"}],"version-history":[{"count":0,"href":"https:\/\/comprasyconsejos.store\/en\/wp-json\/wp\/v2\/product\/40274\/revisions"}],"wp:attachment":[{"href":"https:\/\/comprasyconsejos.store\/en\/wp-json\/wp\/v2\/media?parent=40274"}],"wp:term":[{"taxonomy":"product_brand","embeddable":true,"href":"https:\/\/comprasyconsejos.store\/en\/wp-json\/wp\/v2\/product_brand?post=40274"},{"taxonomy":"product_cat","embeddable":true,"href":"https:\/\/comprasyconsejos.store\/en\/wp-json\/wp\/v2\/product_cat?post=40274"},{"taxonomy":"product_tag","embeddable":true,"href":"https:\/\/comprasyconsejos.store\/en\/wp-json\/wp\/v2\/product_tag?post=40274"}],"curies":[{"name":"wp","href":"https:\/\/api.w.org\/{rel}","templated":true}]}}