{"id":40276,"date":"2026-03-18T12:17:10","date_gmt":"2026-03-18T12:17:10","guid":{"rendered":"https:\/\/comprasyconsejos.store\/product\/torno-para-unas-profesional-45000-rpm-lima-electrica-unas-profesional-kit-11-fresas-brocas-56-tiras-abrasivas-pantalla-tactil-lcd-quitar-acrilico-gel-esmalte-callos-para-uso-domestico-salones\/"},"modified":"2026-03-18T12:17:10","modified_gmt":"2026-03-18T12:17:10","slug":"torno-para-unas-profesional-45000-rpm-lima-electrica-unas-profesional-kit-11-fresas-brocas-56-tiras-abrasivas-pantalla-tactil-lcd-quitar-acrilico-gel-esmalte-callos-para-uso-domestico-salones","status":"publish","type":"product","link":"https:\/\/comprasyconsejos.store\/en\/product\/torno-para-unas-profesional-45000-rpm-lima-electrica-unas-profesional-kit-11-fresas-brocas-56-tiras-abrasivas-pantalla-tactil-lcd-quitar-acrilico-gel-esmalte-callos-para-uso-domestico-salones\/","title":{"rendered":"Torno para U\u00f1as Profesional, 45,000 RPM Lima Electrica U\u00f1as Profesional, Kit 11 Fresas Brocas, 56 Tiras Abrasivas, Pantalla t\u00e1ctil LCD, Quitar Acr\u00edlico Gel\/Esmalte\/Callos, para Uso Dom\u00e9stico Salones"},"content":{"rendered":"<p>&#8211; Motor profesional de 50 W y ajuste continuo de velocidad: el potente motor permite un control continuo de la velocidad de 0 a 45 000 rpm con un bajo nivel de ruido. F\u00e1cil cambio de direcci\u00f3n de rotaci\u00f3n (delantero\/trasero) para trabajos precisos de manicura y pedicura.<br \/>\n&#8211; Pantalla LCD clara e iluminaci\u00f3n elegante: la gran pantalla LCD muestra claramente la velocidad y la direcci\u00f3n de rotaci\u00f3n. Con un efecto luminoso din\u00e1mico decorativo y un bot\u00f3n giratorio luminoso para una experiencia de trabajo profesional.<br \/>\n&#8211; Kit de accesorios completo (m\u00e1s de 70 piezas): incluye 3 limas de u\u00f1as, 56 bandas abrasivas con soporte y 11 brocas de fresado diferentes. Ideal para pulir, quitar u\u00f1as acr\u00edlicas, callos y u\u00f1as engrosadas. Almacenamiento integrado para m\u00e1s orden.<br \/>\n&#8211; Puerto de carga USB como estaci\u00f3n de carga pr\u00e1ctica: el dispositivo alimentado por cable de alimentaci\u00f3n cuenta con una salida USB para recargar dispositivos externos (por ejemplo, un smartphone) durante el cuidado de las u\u00f1as, para una m\u00e1xima eficiencia en el lugar de trabajo.<br \/>\n&#8211; Profesional para uso en sal\u00f3n y hogar: ideal para salones de manicura y usuarios privados. Su uso sencillo lo convierte en el regalo ideal para los amantes de la belleza en fiestas como el D\u00eda de la Madre o Navidad.<\/p>","protected":false},"excerpt":{"rendered":"<p>&#8211; Motor profesional de 50 W y ajuste continuo de velocidad: el potente motor permite un control continuo de la<\/p>","protected":false},"featured_media":0,"comment_status":"open","ping_status":"closed","template":"","meta":[],"product_brand":[],"product_cat":[101],"product_tag":[],"class_list":{"0":"post-40276","1":"product","2":"type-product","3":"status-publish","5":"product_cat-accessories","7":"first","8":"instock","9":"shipping-taxable","10":"product-type-external"},"_links":{"self":[{"href":"https:\/\/comprasyconsejos.store\/en\/wp-json\/wp\/v2\/product\/40276","targetHints":{"allow":["GET"]}}],"collection":[{"href":"https:\/\/comprasyconsejos.store\/en\/wp-json\/wp\/v2\/product"}],"about":[{"href":"https:\/\/comprasyconsejos.store\/en\/wp-json\/wp\/v2\/types\/product"}],"replies":[{"embeddable":true,"href":"https:\/\/comprasyconsejos.store\/en\/wp-json\/wp\/v2\/comments?post=40276"}],"version-history":[{"count":0,"href":"https:\/\/comprasyconsejos.store\/en\/wp-json\/wp\/v2\/product\/40276\/revisions"}],"wp:attachment":[{"href":"https:\/\/comprasyconsejos.store\/en\/wp-json\/wp\/v2\/media?parent=40276"}],"wp:term":[{"taxonomy":"product_brand","embeddable":true,"href":"https:\/\/comprasyconsejos.store\/en\/wp-json\/wp\/v2\/product_brand?post=40276"},{"taxonomy":"product_cat","embeddable":true,"href":"https:\/\/comprasyconsejos.store\/en\/wp-json\/wp\/v2\/product_cat?post=40276"},{"taxonomy":"product_tag","embeddable":true,"href":"https:\/\/comprasyconsejos.store\/en\/wp-json\/wp\/v2\/product_tag?post=40276"}],"curies":[{"name":"wp","href":"https:\/\/api.w.org\/{rel}","templated":true}]}}